{"id":215,"date":"2017-03-24T15:07:04","date_gmt":"2017-03-24T14:07:04","guid":{"rendered":"http:\/\/jp2doc.pl\/?page_id=215"},"modified":"2017-04-02T20:31:23","modified_gmt":"2017-04-02T18:31:23","slug":"publikacje","status":"publish","type":"page","link":"https:\/\/jp2doc.pl\/en\/studium\/publikacje\/","title":{"rendered":"Publications"},"content":{"rendered":"<p>The publications are divided into the following sections: sources, bibliography, studies on the pontificate, and studies on Christian culture.<\/p>\n<p><b>Literary sources<\/b><\/p>\n<ul>\n<li>Nauczyciel i Pasterz. Listy pasterskie \u2013 Komunikaty \u2013 Zarz\u0105dzenia 1959-1978, t. I (red. M. Jagosz), Rzym 1987.<\/li>\n<li>Nauczyciel i Pasterz. Memoria\u0142y i pisma do Rz\u0105du i W\u0142adz Administracyjnych 1959-1978, t. II, (red. M. Jagosz), Rzym-Krak\u00f3w 1998.<\/li>\n<li>Nauczyciel i Pasterz. Listy pasterskie \u2013 Komunikaty \u2013 Zarz\u0105dzenia 1959-1978. Uzupe\u0142nienie, (red. M. Jagosz), Rzym-Krak\u00f3w 1999.<\/li>\n<li>Przem\u00f3wienia i wywiady w Radio Watyka\u0144skim, (red. M. Jagosz), Rzym 1987.<\/li>\n<li>Cz\u0142owiek w polu odpowiedzialno\u015bci, (red. A. Szostek), Rzym-Lublin 1991.<\/li>\n<li>Cz\u0142owiek drog\u0105 Ko\u015bcio\u0142a, (red. K. Czajkowska), Rzym 1992.<\/li>\n<li>Nauczanie spo\u0142eczne Ko\u015bcio\u0142a integraln\u0105 cz\u0119\u015bci\u0105 Jego misji, (red. M. Jagosz, S. Pamu\u0142a), Rzym 1996.<\/li>\n<li>O \u015awi\u0119tej Jadwidze Kr\u00f3lowej m\u00f3wi\u0105&#8230;, (red. M. Jagosz), Rzym-Krak\u00f3w 1997.<\/li>\n<li>Apostolstwo \u015bwieckich, (red. M. Jagosz), Rzym-Krak\u00f3w 1999.<\/li>\n<li>W s\u0142u\u017cbie Polonii i Ko\u015bcio\u0142owi powszechnemu, (red. M. Jagosz), Rzym-Krak\u00f3w 1999.<\/li>\n<li>Rozwa\u017cania majowe, (red. A. Dobrzy\u0144ski), Wyd. \u015bw. Stanis\u0142awa, Krak\u00f3w 2009.<\/li>\n<li>La notte della luce. Pagine e omelie di Natale. (red. V. Rossi, A. Dobrzy\u0144ski), Navara 2010.<\/li>\n<li>Odnowa Ko\u015bcio\u0142a i \u015bwiata. Refleksje soborowe, (red. A. Dobrzy\u0144ski), wyd. \u015bw. Stanis\u0142awa, Krak\u00f3w-Rzym 2011.<\/li>\n<li>Ewangelia a sztuka. Rekolekcje dla artyst\u00f3w, (red. A. Dobrzy\u0144ski), wyd. Instytut Dialogu Mi\u0119dzykulturowego, Krak\u00f3w 2011.<\/li>\n<li>\u0179r\u00f3d\u0142a nadziei. Jan Pawe\u0142 II \u2013 mieszka\u0144com wielickiej ziemi. Nasza wdzi\u0119czno\u015b\u0107 i zobowi\u0105zanie., (red. A. Dobrzy\u0144ski), Wieliczka 2011.<\/li>\n<li>La Mia Croce. Wyb\u00f3r tekst\u00f3w bpa Karola Wojty\u0142y \u2013 Jana Paw\u0142a II o krzy\u017cu, Novara 2012.<\/li>\n<li>Budowa\u0107 dom na skale. Rekolekcje dla narzeczonych, (red. A. Dobrzy\u0144ski), Krak\u00f3w-Rzym 2012<\/li>\n<li>L&#8217;Evangile et l&#8217;Art\u00a0 par Karol Wojtyla (Jean-Paul II), Paris 2012.<\/li>\n<li>K. Wojty\u0142a, Ko\u015bci\u00f3\u0142 w tajemnicy odkupienia, (oprac. A. Dobrzy\u0144ski), Rzym 2012.<\/li>\n<li>Il Vangelo e l\u2019arte. Esercizi spirituali per gli artisti, Citt\u00e0 del Vaticano 2013.<\/li>\n<li>Jan Pawe\u0142 II\/ Benedykt XVI, Poursuivez cette grande \u0153uvre. Discours pontificaux adress\u00e9s \u00e0 la Fondation Jean-Paul II, (red. A. Dobrzy\u0144ski), Rzym 2013.<\/li>\n<li>Non cessate in questa buona opera. Discorsi pontifici alla Fondazione Giovanni Paolo II, (red. A. Dobrzy\u0144ski), Rzym 2013.<\/li>\n<li>Costruire la casa sulla roccia. Esercizi spirituali per fidanzati, t\u0142um. V. Nosilia, (red. A. Dobrzy\u0144ski), Angri 2013.<\/li>\n<li>Jan Pawe\u0142 II, B\u00f3g si\u0119 rodzi, moc truchleje. Refleksje i \u017cyczenia dla Rodak\u00f3w, (oprac. T. Makowska, A. Dobrzy\u0144ski), Rzym 2013.<\/li>\n<li>K. Wojty\u0142a, Odnowa Ko\u015bcio\u0142a i \u015bwiata. Refleksje soborowe, (oprac. A. Dobrzy\u0144ski), wyd. 2., Rzym 2014.<\/li>\n<li>K. Wojty\u0142a-Juan Pablo II, El Evangelio y el arte. Ejercicios espirituales para artistas, Ciudad Nueva, Madrid 2014.<\/li>\n<li>K. Wojty\u0142a, Il rinnovamento della Chiesa e del mondo. Riflessioni sul Vaticano II: 1962-1966, (red. G. Marengo, A. Dobrzy\u0144ski), Watykan 2014.<\/li>\n<li>Jean-Paul II. Une pens\u00e9e actuelle pour l\u2019homme, l\u2019\u00e9ducation et la culture, Parole e Silence, Pary\u017c 2014.<\/li>\n<li>Jan Pawe\u0142 II, Wyzwanie dla Polski i Europy. Refleksje o bitwie pod Monte Cassino, (red. A. Krupka, A. Dobrzy\u0144ski), Rzym 2014.<\/li>\n<li>K. Wojty\u0142a,\u00a0Vaticanum II: czas tw\u00f3rczego my\u015blenia. Wypowiedzi soborowe, (red. A. Dobrzy\u0144ski), Rzym 2014.<\/li>\n<li>\n<div>K. Wojty\u0142a-Jan Pawe\u0142 II,\u00a0Narodziny wyznawc\u00f3w. Refleksje o bierzmowaniu,\u00a0(red. A. Dobrzy\u0144ski),\u00a0Rzym 2014.<\/div>\n<\/li>\n<\/ul>\n<p><b>Bibliography<\/b><\/p>\n<ul>\n<li>W. Gramatowski SJ, Z. Wili\u0144ska, Karol Wojty\u0142a w \u015bwietle publikacji. Karol Wojty\u0142a negli scritti. Bibliografia, Watykan 1980.<\/li>\n<li>W. Gramatowski SJ, Z. Wili\u0144ska, Jan Pawe\u0142 II. Bibliografia polska 1978-1983, Rzym 1987.<\/li>\n<li>W. Gramatowski SJ, Z. Wili\u0144ska, D. Gu\u0142ajewska, Jan Pawe\u0142 II. Bibliografia polska 1983-1986, Rzym 1991.<\/li>\n<li>Z. Wili\u0144ska, D. Gu\u0142ajewska, Jan Pawe\u0142 II. Bibliografia polska 1987-1989, Rzym 1998.<\/li>\n<li>Z. Wili\u0144ska, D. Gu\u0142ajewska, Jan Pawe\u0142 II. Bibliografia polska 1990-1991, Rzym 2001.<\/li>\n<li>Z. Wili\u0144ska, D. Gu\u0142ajewska, Jan Pawe\u0142 II. Bibliografia polska 1992-1993, Rzym 2003.<\/li>\n<li>Z. Wili\u0144ska, D. Gu\u0142ajewska, W. Gramatowski SJ, Jan Pawe\u0142 II. Bibliografia polska 1994-1995, Rzym 2007.<\/li>\n<li>Z. Wili\u0144ska, D. Gu\u0142ajewska, Jan Pawe\u0142 II. Bibliografia polska 1996, Rzym 2012.<\/li>\n<li>Z. Wili\u0144ska, D. Gu\u0142ajewska, Jan Pawe\u0142 II. Bibliografia polska 1997, Rzym 2014.<\/li>\n<li>K. Bielska, Jan Pawe\u0142 II w utworach muzycznych. Bibliografia, Rzym 1987.<\/li>\n<li>K. Bielska, Jan Pawe\u0142 II w dokumentach d\u017awi\u0119kowych 1978-1988. Bibliografia, Rzym 1990.<\/li>\n<li>K. Bielska, Jan Pawe\u0142 II w utworach muzycznych. Bibliografia, Rzym 1993.<\/li>\n<li>A. Sitarska, S. Skwirowska, Jan Pawe\u0142 II poza cenzur\u0105 PRL: bibliografia 1976-1989, Rzym 1996.<\/li>\n<li>K. Maci\u0144ska, La Papo Johanno Pa\u016dlo II en esperantaj publika\u0135oj. Bibliografio 1978-1986, Rzym 1988.<\/li>\n<li>K. Maci\u0144ska, La Papo Johano Pa\u016dlo II en esperantaj publika\u0135oj. Bibliografio 1987-1991. Suplemento al la jaroj 1978-1986, Rzym 1994.<\/li>\n<li>K. Maci\u0144ska, La Papo Johano Pa\u016dlo II en esperantaj publika\u0135oj. Bibliografio 1992-1996, Rzym 1998.<\/li>\n<li>K. Maci\u0144ska, La Papo Johano Pa\u016dlo II, en esperantaj publika\u0135oj. Bibliografio 1997-2001, Rzym 2003.<\/li>\n<li>K. Maci\u0144ska, Esperanckie \u015bcie\u017cki spotykaj\u0105 si\u0119 w Rzymie. Impresje \u2013 Esperantaj vojetoj renkontig\u00e2s en Roma. Impresoj, Rzym 2001.<\/li>\n<li>J.T. Czosnyka, Ekslibrisy Jana Paw\u0142a II, Gliwice 2001.<\/li>\n<\/ul>\n<p><b>Studies on the Pontificate<\/b><\/p>\n<ul>\n<li>R. Dzwonkowski, S. Kowalczyk, E. Walewander (red.), Papie\u017c Jan Pawe\u0142 II a Emigracja i Polonia 1987-1988, Lublin 1991.<\/li>\n<li>J. Makselon, Fascynacja a wezwanie. Ostatni pobyt Ojca \u015awi\u0119tego w PRL, Rzym-Warszawa 1992.<\/li>\n<li>J. Jaworska, M. Nowi\u0144ski, Arty\u015bci polscy o Papie\u017cu, Kielce 1996.<\/li>\n<li>J. Makselon, Wezwanie i op\u00f3r. Polacy a Jan Pawe\u0142 II, Rzym 1997.<\/li>\n<li>A. J. Nowobilski, Pontyfikat prze\u0142omu tysi\u0105cleci. 25 lat Jana Paw\u0142a II na stolicy \u015bw. Piotra, Rzym-Krak\u00f3w 2003.<\/li>\n<li>Cristo, Chiesa, Uomo. Il Vaticano II nel pontificato di Giovanni Paolo II. Materia\u0142y z sympozjum w Rzymie (red. A. Dobrzy\u0144ski, Z. Kijas), Rzym 2010.<\/li>\n<li>Wolno\u015b\u0107 religijna sercem ludzkiej wolno\u015bci. Materia\u0142y z sympozjum w Krakowie, (red. A. Dobrzy\u0144ski), Krak\u00f3w 2010.<\/li>\n<li>Christ-Church-Mankind. The spirit of Vatican II according to Pope John Paul II, (red. Z. Kijas, A. Dobrzy\u0144ski). New York\u00a0 2012.<\/li>\n<li>Pi\u0119knie jest s\u0142u\u017cy\u0107. Dziedzictwo duchowe Jana Paw\u0142a II, ( red. A. Dobrzy\u0144ski), Rzym 2013.<\/li>\n<li>Moc i pi\u0119kno wiary, (red. Andrzej Dobrzy\u0144ski), Rzym 2014.<\/li>\n<li>\u00a0L. Gerosa, Diritti e popoli in Giovanni Paolo II. Principi fondamentali e prospettive future, Lugano-Venezia 2013.<\/li>\n<\/ul>\n<p><b>Christian Culture<\/b><\/p>\n<ul>\n<li>M. Ro\u017cek, Polonica w ko\u015bcio\u0142ach Rzymu, Rzym-Warszawa 1991.<\/li>\n<li>K. Czajkowska (red.), Nieznana karta brulionu Pana Tadeusza Adama Mickiewicza, Rzym 1992.<\/li>\n<li>M. Jagosz (red.), Materia\u0142y XV sesji Sta\u0142ej Konferencji Archiw\u00f3w, Bibliotek i Muze\u00f3w Polskich na Zachodzie (23-26.09.1993 r.), Rzym 1994.<\/li>\n<li>M. Jagosz (red.), Materia\u0142y XXI Sesji Sta\u0142ej Konferencji Muze\u00f3w, Archiw\u00f3w i Bibliotek Polskich na Zachodzie (23-26.09.1999 r.), Rzym-Krak\u00f3w 1999.<\/li>\n<li>K. Czajkowska, M. Jagosz (red.), Ksi\u0119ga pami\u0105tkowa. Dziesi\u0119ciolecie Fundacji Jana Paw\u0142a II, Rzym 1991.<\/li>\n<li>M. Jagosz (red.), Tablice pami\u0105tkowe Dobroczy\u0144c\u00f3w Domu Polskiego i Fundacji Jana Paw\u0142a II, Rzym 1991.<\/li>\n<li>M. Jagosz (red.), Tablice pami\u0105tkowe Dobroczy\u0144c\u00f3w Domu Polskiego i Fundacji Jana Paw\u0142a II, Rzym 1995.<\/li>\n<li>J. G\u0142\u00f3wczyk, M. Skrabska (red.), Papieskie Medale J\u00f3zefa Stasi\u0144skiego w zbiorach Rzymskiego O\u015brodka Dokumentacji i Studium Pontyfikatu Jana Paw\u0142a II, Rzym 2004.<\/li>\n<li>H. Kupiszewska, R. Sawicka, Mi\u0142o\u015b\u0107 jest darem. \u015aw. Maksymilian w zbiorach O\u015brodka Dokumentacji i Studium Pontyfikatu Jana Paw\u0142a II, Rzym 2012.<\/li>\n<\/ul>\n","protected":false},"excerpt":{"rendered":"<p>The publications are divided into the following sections: sources, bibliography, studies on the pontificate, and studies on Christian culture. Literary sources Nauczyciel i Pasterz. Listy pasterskie \u2013 Komunikaty \u2013 Zarz\u0105dzenia 1959-1978, t. I (red. M. Jagosz), Rzym 1987. Nauczyciel i Pasterz. Memoria\u0142y i pisma do Rz\u0105du i W\u0142adz Administracyjnych 1959-1978, t. II, (red. M. Jagosz), [&hellip;]<\/p>\n","protected":false},"author":2,"featured_media":0,"parent":211,"menu_order":0,"comment_status":"closed","ping_status":"closed","template":"","meta":{"_acf_changed":false,"_exactmetrics_skip_tracking":false,"_exactmetrics_sitenote_active":false,"_exactmetrics_sitenote_note":"","_exactmetrics_sitenote_category":0,"footnotes":""},"class_list":["post-215","page","type-page","status-publish","hentry"],"acf":[],"yoast_head":"<!-- This site is optimized with the Yoast SEO plugin v26.2 - https:\/\/yoast.com\/wordpress\/plugins\/seo\/ -->\n<title>Publications - Center for Documentation<\/title>\n<meta name=\"robots\" content=\"index, follow, max-snippet:-1, max-image-preview:large, max-video-preview:-1\" \/>\n<link rel=\"canonical\" href=\"https:\/\/jp2doc.pl\/en\/studium\/publikacje\/\" \/>\n<meta property=\"og:locale\" content=\"en_US\" \/>\n<meta property=\"og:type\" content=\"article\" \/>\n<meta property=\"og:title\" content=\"Publications - Center for Documentation\" \/>\n<meta property=\"og:description\" content=\"The publications are divided into the following sections: sources, bibliography, studies on the pontificate, and studies on Christian culture. Literary sources Nauczyciel i Pasterz. Listy pasterskie \u2013 Komunikaty \u2013 Zarz\u0105dzenia 1959-1978, t. I (red. M. Jagosz), Rzym 1987. Nauczyciel i Pasterz. Memoria\u0142y i pisma do Rz\u0105du i W\u0142adz Administracyjnych 1959-1978, t. II, (red. M. Jagosz), [&hellip;]\" \/>\n<meta property=\"og:url\" content=\"https:\/\/jp2doc.pl\/en\/studium\/publikacje\/\" \/>\n<meta property=\"og:site_name\" content=\"Center for Documentation\" \/>\n<meta property=\"article:modified_time\" content=\"2017-04-02T18:31:23+00:00\" \/>\n<meta name=\"twitter:card\" content=\"summary_large_image\" \/>\n<meta name=\"twitter:label1\" content=\"Est. reading time\" \/>\n\t<meta name=\"twitter:data1\" content=\"6 minutes\" \/>\n<script type=\"application\/ld+json\" class=\"yoast-schema-graph\">{\"@context\":\"https:\/\/schema.org\",\"@graph\":[{\"@type\":\"WebPage\",\"@id\":\"https:\/\/jp2doc.pl\/en\/studium\/publikacje\/\",\"url\":\"https:\/\/jp2doc.pl\/en\/studium\/publikacje\/\",\"name\":\"Publications - Center for Documentation\",\"isPartOf\":{\"@id\":\"https:\/\/jp2doc.pl\/en\/#website\"},\"datePublished\":\"2017-03-24T14:07:04+00:00\",\"dateModified\":\"2017-04-02T18:31:23+00:00\",\"breadcrumb\":{\"@id\":\"https:\/\/jp2doc.pl\/en\/studium\/publikacje\/#breadcrumb\"},\"inLanguage\":\"en-US\",\"potentialAction\":[{\"@type\":\"ReadAction\",\"target\":[\"https:\/\/jp2doc.pl\/en\/studium\/publikacje\/\"]}]},{\"@type\":\"BreadcrumbList\",\"@id\":\"https:\/\/jp2doc.pl\/en\/studium\/publikacje\/#breadcrumb\",\"itemListElement\":[{\"@type\":\"ListItem\",\"position\":1,\"name\":\"Home\",\"item\":\"https:\/\/jp2doc.pl\/en\/\"},{\"@type\":\"ListItem\",\"position\":2,\"name\":\"Research\",\"item\":\"https:\/\/jp2doc.pl\/en\/studium\/\"},{\"@type\":\"ListItem\",\"position\":3,\"name\":\"Publications\"}]},{\"@type\":\"WebSite\",\"@id\":\"https:\/\/jp2doc.pl\/en\/#website\",\"url\":\"https:\/\/jp2doc.pl\/en\/\",\"name\":\"Center for Documentation\",\"description\":\"and Research of the Pontificate of John Paul II in Rome\",\"publisher\":{\"@id\":\"https:\/\/jp2doc.pl\/en\/#organization\"},\"potentialAction\":[{\"@type\":\"SearchAction\",\"target\":{\"@type\":\"EntryPoint\",\"urlTemplate\":\"https:\/\/jp2doc.pl\/en\/?s={search_term_string}\"},\"query-input\":{\"@type\":\"PropertyValueSpecification\",\"valueRequired\":true,\"valueName\":\"search_term_string\"}}],\"inLanguage\":\"en-US\"},{\"@type\":\"Organization\",\"@id\":\"https:\/\/jp2doc.pl\/en\/#organization\",\"name\":\"Center for Documentation\",\"url\":\"https:\/\/jp2doc.pl\/en\/\",\"logo\":{\"@type\":\"ImageObject\",\"inLanguage\":\"en-US\",\"@id\":\"https:\/\/jp2doc.pl\/en\/#\/schema\/logo\/image\/\",\"url\":\"https:\/\/jp2doc.pl\/en\/wp-content\/uploads\/sites\/2\/2017\/03\/logo.png\",\"contentUrl\":\"https:\/\/jp2doc.pl\/en\/wp-content\/uploads\/sites\/2\/2017\/03\/logo.png\",\"width\":115,\"height\":115,\"caption\":\"Center for Documentation\"},\"image\":{\"@id\":\"https:\/\/jp2doc.pl\/en\/#\/schema\/logo\/image\/\"}}]}<\/script>\n<!-- \/ Yoast SEO plugin. -->","yoast_head_json":{"title":"Publications - Center for Documentation","robots":{"index":"index","follow":"follow","max-snippet":"max-snippet:-1","max-image-preview":"max-image-preview:large","max-video-preview":"max-video-preview:-1"},"canonical":"https:\/\/jp2doc.pl\/en\/studium\/publikacje\/","og_locale":"en_US","og_type":"article","og_title":"Publications - Center for Documentation","og_description":"The publications are divided into the following sections: sources, bibliography, studies on the pontificate, and studies on Christian culture. Literary sources Nauczyciel i Pasterz. Listy pasterskie \u2013 Komunikaty \u2013 Zarz\u0105dzenia 1959-1978, t. I (red. M. Jagosz), Rzym 1987. Nauczyciel i Pasterz. Memoria\u0142y i pisma do Rz\u0105du i W\u0142adz Administracyjnych 1959-1978, t. II, (red. M. Jagosz), [&hellip;]","og_url":"https:\/\/jp2doc.pl\/en\/studium\/publikacje\/","og_site_name":"Center for Documentation","article_modified_time":"2017-04-02T18:31:23+00:00","twitter_card":"summary_large_image","twitter_misc":{"Est. reading time":"6 minutes"},"schema":{"@context":"https:\/\/schema.org","@graph":[{"@type":"WebPage","@id":"https:\/\/jp2doc.pl\/en\/studium\/publikacje\/","url":"https:\/\/jp2doc.pl\/en\/studium\/publikacje\/","name":"Publications - Center for Documentation","isPartOf":{"@id":"https:\/\/jp2doc.pl\/en\/#website"},"datePublished":"2017-03-24T14:07:04+00:00","dateModified":"2017-04-02T18:31:23+00:00","breadcrumb":{"@id":"https:\/\/jp2doc.pl\/en\/studium\/publikacje\/#breadcrumb"},"inLanguage":"en-US","potentialAction":[{"@type":"ReadAction","target":["https:\/\/jp2doc.pl\/en\/studium\/publikacje\/"]}]},{"@type":"BreadcrumbList","@id":"https:\/\/jp2doc.pl\/en\/studium\/publikacje\/#breadcrumb","itemListElement":[{"@type":"ListItem","position":1,"name":"Home","item":"https:\/\/jp2doc.pl\/en\/"},{"@type":"ListItem","position":2,"name":"Research","item":"https:\/\/jp2doc.pl\/en\/studium\/"},{"@type":"ListItem","position":3,"name":"Publications"}]},{"@type":"WebSite","@id":"https:\/\/jp2doc.pl\/en\/#website","url":"https:\/\/jp2doc.pl\/en\/","name":"Center for Documentation","description":"and Research of the Pontificate of John Paul II in Rome","publisher":{"@id":"https:\/\/jp2doc.pl\/en\/#organization"},"potentialAction":[{"@type":"SearchAction","target":{"@type":"EntryPoint","urlTemplate":"https:\/\/jp2doc.pl\/en\/?s={search_term_string}"},"query-input":{"@type":"PropertyValueSpecification","valueRequired":true,"valueName":"search_term_string"}}],"inLanguage":"en-US"},{"@type":"Organization","@id":"https:\/\/jp2doc.pl\/en\/#organization","name":"Center for Documentation","url":"https:\/\/jp2doc.pl\/en\/","logo":{"@type":"ImageObject","inLanguage":"en-US","@id":"https:\/\/jp2doc.pl\/en\/#\/schema\/logo\/image\/","url":"https:\/\/jp2doc.pl\/en\/wp-content\/uploads\/sites\/2\/2017\/03\/logo.png","contentUrl":"https:\/\/jp2doc.pl\/en\/wp-content\/uploads\/sites\/2\/2017\/03\/logo.png","width":115,"height":115,"caption":"Center for Documentation"},"image":{"@id":"https:\/\/jp2doc.pl\/en\/#\/schema\/logo\/image\/"}}]}},"_links":{"self":[{"href":"https:\/\/jp2doc.pl\/en\/wp-json\/wp\/v2\/pages\/215","targetHints":{"allow":["GET"]}}],"collection":[{"href":"https:\/\/jp2doc.pl\/en\/wp-json\/wp\/v2\/pages"}],"about":[{"href":"https:\/\/jp2doc.pl\/en\/wp-json\/wp\/v2\/types\/page"}],"author":[{"embeddable":true,"href":"https:\/\/jp2doc.pl\/en\/wp-json\/wp\/v2\/users\/2"}],"replies":[{"embeddable":true,"href":"https:\/\/jp2doc.pl\/en\/wp-json\/wp\/v2\/comments?post=215"}],"version-history":[{"count":2,"href":"https:\/\/jp2doc.pl\/en\/wp-json\/wp\/v2\/pages\/215\/revisions"}],"predecessor-version":[{"id":1101,"href":"https:\/\/jp2doc.pl\/en\/wp-json\/wp\/v2\/pages\/215\/revisions\/1101"}],"up":[{"embeddable":true,"href":"https:\/\/jp2doc.pl\/en\/wp-json\/wp\/v2\/pages\/211"}],"wp:attachment":[{"href":"https:\/\/jp2doc.pl\/en\/wp-json\/wp\/v2\/media?parent=215"}],"curies":[{"name":"wp","href":"https:\/\/api.w.org\/{rel}","templated":true}]}}