{"id":117,"date":"2017-03-24T12:36:02","date_gmt":"2017-03-24T11:36:02","guid":{"rendered":"http:\/\/jp2doc.pl\/?page_id=117"},"modified":"2026-03-13T12:01:53","modified_gmt":"2026-03-13T11:01:53","slug":"osrodek","status":"publish","type":"page","link":"https:\/\/jp2doc.pl\/es\/osrodek\/","title":{"rendered":"El Centro"},"content":{"rendered":"<p>El Centro de Documentaci\u00f3n y Estudios del Pontificado de Juan Pablo II es una instituci\u00f3n que pertenece a la Fundaci\u00f3n vaticana de Juan Pablo II, creada el 16 de octubre de 1981 por el Santo Padre.<\/p>\n<p>El objetivo de la actividad del Centro es la documentaci\u00f3n y estudios sobre el pontificado de Juan Pablo II. Los fondos de archivo, biblioteca y museo constituyen un reto para los investigadores contempor\u00e1neos y una herencia para las generaciones futuras.<\/p>\n<p>La documentaci\u00f3n disponible y los estudios ya iniciados, contribuyen a la difusi\u00f3n de la obra de Juan Pablo II, por medio de las publicaciones, simposios, conferencias y exposiciones. La cooperaci\u00f3n con otras instituciones de perfil semejante ayuda a realizar este prop\u00f3sito.<\/p>\n<p>La sede del Centro se encuentra en Roma y su ubicaci\u00f3n geogr\u00e1fica se convierte en un testimonio muy significativo de la presencia de la Iglesia polaca en la Iglesia universal. A la vez, es una plataforma para el di\u00e1logo entre las naciones y culturas acorde con el esp\u00edritu del pontificado de Juan Pablo II.<\/p>\n<p>La documentaci\u00f3n recopilada por el Centro posee no solo un valor de testimonio hist\u00f3rico, sino tambi\u00e9n ayuda a conocer en qu\u00e9 modo el pontificado de Juan Pablo II se haya inscrito en los planes de la Divina Providencia y en la historia humana. Es tambi\u00e9n una expresi\u00f3n de la universalidad de la Iglesia, fruto de un encuentro beneficioso del mensaje del Evangelio y de varias culturas del mundo.<\/p>\n<p>Se puede esperar que los fondos de la biblioteca, del archivo y del mueso del Centro, sean para las generaciones actuales y futuras, no solamente un punto de referencia de suma importancia, sino tambi\u00e9n \u201cun reto\u201d para madurar en la fe.<\/p>\n<p><strong>El responsable del los trabajos del Centro de Documentaci\u00f3n y Estudios del Pontificado es el doctor, padre Miros\u0142aw Cicho\u0144 e la Sra. Izabela G\u00f3rnicka-Smoter.<\/strong><\/p>\n","protected":false},"excerpt":{"rendered":"<p>El Centro de Documentaci\u00f3n y Estudios del Pontificado de Juan Pablo II es una instituci\u00f3n que pertenece a la Fundaci\u00f3n vaticana de Juan Pablo II, creada el 16 de octubre de 1981 por el Santo Padre. El objetivo de la actividad del Centro es la documentaci\u00f3n y estudios sobre el pontificado de Juan Pablo II. [&hellip;]<\/p>\n","protected":false},"author":2,"featured_media":0,"parent":0,"menu_order":0,"comment_status":"closed","ping_status":"closed","template":"","meta":{"_acf_changed":false,"_exactmetrics_skip_tracking":false,"_exactmetrics_sitenote_active":false,"_exactmetrics_sitenote_note":"","_exactmetrics_sitenote_category":0,"footnotes":""},"class_list":["post-117","page","type-page","status-publish","hentry"],"acf":[],"yoast_head":"<!-- This site is optimized with the Yoast SEO plugin v26.2 - https:\/\/yoast.com\/wordpress\/plugins\/seo\/ -->\n<title>El Centro - Centro de Documentaci\u00f3n y Estudios del Pontificado de Juan Pablo II en Roma<\/title>\n<meta name=\"robots\" content=\"index, follow, max-snippet:-1, max-image-preview:large, max-video-preview:-1\" \/>\n<link rel=\"canonical\" href=\"https:\/\/jp2doc.pl\/es\/osrodek\/\" \/>\n<meta property=\"og:locale\" content=\"es_ES\" \/>\n<meta property=\"og:type\" content=\"article\" \/>\n<meta property=\"og:title\" content=\"El Centro - Centro de Documentaci\u00f3n y Estudios del Pontificado de Juan Pablo II en Roma\" \/>\n<meta property=\"og:description\" content=\"El Centro de Documentaci\u00f3n y Estudios del Pontificado de Juan Pablo II es una instituci\u00f3n que pertenece a la Fundaci\u00f3n vaticana de Juan Pablo II, creada el 16 de octubre de 1981 por el Santo Padre. El objetivo de la actividad del Centro es la documentaci\u00f3n y estudios sobre el pontificado de Juan Pablo II. [&hellip;]\" \/>\n<meta property=\"og:url\" content=\"https:\/\/jp2doc.pl\/es\/osrodek\/\" \/>\n<meta property=\"og:site_name\" content=\"Centro de Documentaci\u00f3n y Estudios del Pontificado de Juan Pablo II en Roma\" \/>\n<meta property=\"article:modified_time\" content=\"2026-03-13T11:01:53+00:00\" \/>\n<meta name=\"twitter:card\" content=\"summary_large_image\" \/>\n<meta name=\"twitter:label1\" content=\"Tiempo de lectura\" \/>\n\t<meta name=\"twitter:data1\" content=\"2 minutos\" \/>\n<script type=\"application\/ld+json\" class=\"yoast-schema-graph\">{\"@context\":\"https:\/\/schema.org\",\"@graph\":[{\"@type\":\"WebPage\",\"@id\":\"https:\/\/jp2doc.pl\/es\/osrodek\/\",\"url\":\"https:\/\/jp2doc.pl\/es\/osrodek\/\",\"name\":\"El Centro - Centro de Documentaci\u00f3n y Estudios del Pontificado de Juan Pablo II en Roma\",\"isPartOf\":{\"@id\":\"https:\/\/jp2doc.pl\/es\/#website\"},\"datePublished\":\"2017-03-24T11:36:02+00:00\",\"dateModified\":\"2026-03-13T11:01:53+00:00\",\"breadcrumb\":{\"@id\":\"https:\/\/jp2doc.pl\/es\/osrodek\/#breadcrumb\"},\"inLanguage\":\"es\",\"potentialAction\":[{\"@type\":\"ReadAction\",\"target\":[\"https:\/\/jp2doc.pl\/es\/osrodek\/\"]}]},{\"@type\":\"BreadcrumbList\",\"@id\":\"https:\/\/jp2doc.pl\/es\/osrodek\/#breadcrumb\",\"itemListElement\":[{\"@type\":\"ListItem\",\"position\":1,\"name\":\"Home\",\"item\":\"https:\/\/jp2doc.pl\/es\/\"},{\"@type\":\"ListItem\",\"position\":2,\"name\":\"El Centro\"}]},{\"@type\":\"WebSite\",\"@id\":\"https:\/\/jp2doc.pl\/es\/#website\",\"url\":\"https:\/\/jp2doc.pl\/es\/\",\"name\":\"Centro de Documentaci\u00f3n y Estudios del Pontificado de Juan Pablo II en Roma\",\"description\":\"\",\"publisher\":{\"@id\":\"https:\/\/jp2doc.pl\/es\/#organization\"},\"potentialAction\":[{\"@type\":\"SearchAction\",\"target\":{\"@type\":\"EntryPoint\",\"urlTemplate\":\"https:\/\/jp2doc.pl\/es\/?s={search_term_string}\"},\"query-input\":{\"@type\":\"PropertyValueSpecification\",\"valueRequired\":true,\"valueName\":\"search_term_string\"}}],\"inLanguage\":\"es\"},{\"@type\":\"Organization\",\"@id\":\"https:\/\/jp2doc.pl\/es\/#organization\",\"name\":\"Centro de Documentaci\u00f3n y Estudios del Pontificado de Juan Pablo II en Roma\",\"url\":\"https:\/\/jp2doc.pl\/es\/\",\"logo\":{\"@type\":\"ImageObject\",\"inLanguage\":\"es\",\"@id\":\"https:\/\/jp2doc.pl\/es\/#\/schema\/logo\/image\/\",\"url\":\"https:\/\/jp2doc.pl\/es\/wp-content\/uploads\/sites\/4\/2017\/03\/cropped-logo.png\",\"contentUrl\":\"https:\/\/jp2doc.pl\/es\/wp-content\/uploads\/sites\/4\/2017\/03\/cropped-logo.png\",\"width\":115,\"height\":115,\"caption\":\"Centro de Documentaci\u00f3n y Estudios del Pontificado de Juan Pablo II en Roma\"},\"image\":{\"@id\":\"https:\/\/jp2doc.pl\/es\/#\/schema\/logo\/image\/\"}}]}<\/script>\n<!-- \/ Yoast SEO plugin. -->","yoast_head_json":{"title":"El Centro - Centro de Documentaci\u00f3n y Estudios del Pontificado de Juan Pablo II en Roma","robots":{"index":"index","follow":"follow","max-snippet":"max-snippet:-1","max-image-preview":"max-image-preview:large","max-video-preview":"max-video-preview:-1"},"canonical":"https:\/\/jp2doc.pl\/es\/osrodek\/","og_locale":"es_ES","og_type":"article","og_title":"El Centro - Centro de Documentaci\u00f3n y Estudios del Pontificado de Juan Pablo II en Roma","og_description":"El Centro de Documentaci\u00f3n y Estudios del Pontificado de Juan Pablo II es una instituci\u00f3n que pertenece a la Fundaci\u00f3n vaticana de Juan Pablo II, creada el 16 de octubre de 1981 por el Santo Padre. El objetivo de la actividad del Centro es la documentaci\u00f3n y estudios sobre el pontificado de Juan Pablo II. [&hellip;]","og_url":"https:\/\/jp2doc.pl\/es\/osrodek\/","og_site_name":"Centro de Documentaci\u00f3n y Estudios del Pontificado de Juan Pablo II en Roma","article_modified_time":"2026-03-13T11:01:53+00:00","twitter_card":"summary_large_image","twitter_misc":{"Tiempo de lectura":"2 minutos"},"schema":{"@context":"https:\/\/schema.org","@graph":[{"@type":"WebPage","@id":"https:\/\/jp2doc.pl\/es\/osrodek\/","url":"https:\/\/jp2doc.pl\/es\/osrodek\/","name":"El Centro - Centro de Documentaci\u00f3n y Estudios del Pontificado de Juan Pablo II en Roma","isPartOf":{"@id":"https:\/\/jp2doc.pl\/es\/#website"},"datePublished":"2017-03-24T11:36:02+00:00","dateModified":"2026-03-13T11:01:53+00:00","breadcrumb":{"@id":"https:\/\/jp2doc.pl\/es\/osrodek\/#breadcrumb"},"inLanguage":"es","potentialAction":[{"@type":"ReadAction","target":["https:\/\/jp2doc.pl\/es\/osrodek\/"]}]},{"@type":"BreadcrumbList","@id":"https:\/\/jp2doc.pl\/es\/osrodek\/#breadcrumb","itemListElement":[{"@type":"ListItem","position":1,"name":"Home","item":"https:\/\/jp2doc.pl\/es\/"},{"@type":"ListItem","position":2,"name":"El Centro"}]},{"@type":"WebSite","@id":"https:\/\/jp2doc.pl\/es\/#website","url":"https:\/\/jp2doc.pl\/es\/","name":"Centro de Documentaci\u00f3n y Estudios del Pontificado de Juan Pablo II en Roma","description":"","publisher":{"@id":"https:\/\/jp2doc.pl\/es\/#organization"},"potentialAction":[{"@type":"SearchAction","target":{"@type":"EntryPoint","urlTemplate":"https:\/\/jp2doc.pl\/es\/?s={search_term_string}"},"query-input":{"@type":"PropertyValueSpecification","valueRequired":true,"valueName":"search_term_string"}}],"inLanguage":"es"},{"@type":"Organization","@id":"https:\/\/jp2doc.pl\/es\/#organization","name":"Centro de Documentaci\u00f3n y Estudios del Pontificado de Juan Pablo II en Roma","url":"https:\/\/jp2doc.pl\/es\/","logo":{"@type":"ImageObject","inLanguage":"es","@id":"https:\/\/jp2doc.pl\/es\/#\/schema\/logo\/image\/","url":"https:\/\/jp2doc.pl\/es\/wp-content\/uploads\/sites\/4\/2017\/03\/cropped-logo.png","contentUrl":"https:\/\/jp2doc.pl\/es\/wp-content\/uploads\/sites\/4\/2017\/03\/cropped-logo.png","width":115,"height":115,"caption":"Centro de Documentaci\u00f3n y Estudios del Pontificado de Juan Pablo II en Roma"},"image":{"@id":"https:\/\/jp2doc.pl\/es\/#\/schema\/logo\/image\/"}}]}},"_links":{"self":[{"href":"https:\/\/jp2doc.pl\/es\/wp-json\/wp\/v2\/pages\/117","targetHints":{"allow":["GET"]}}],"collection":[{"href":"https:\/\/jp2doc.pl\/es\/wp-json\/wp\/v2\/pages"}],"about":[{"href":"https:\/\/jp2doc.pl\/es\/wp-json\/wp\/v2\/types\/page"}],"author":[{"embeddable":true,"href":"https:\/\/jp2doc.pl\/es\/wp-json\/wp\/v2\/users\/2"}],"replies":[{"embeddable":true,"href":"https:\/\/jp2doc.pl\/es\/wp-json\/wp\/v2\/comments?post=117"}],"version-history":[{"count":3,"href":"https:\/\/jp2doc.pl\/es\/wp-json\/wp\/v2\/pages\/117\/revisions"}],"predecessor-version":[{"id":1732,"href":"https:\/\/jp2doc.pl\/es\/wp-json\/wp\/v2\/pages\/117\/revisions\/1732"}],"wp:attachment":[{"href":"https:\/\/jp2doc.pl\/es\/wp-json\/wp\/v2\/media?parent=117"}],"curies":[{"name":"wp","href":"https:\/\/api.w.org\/{rel}","templated":true}]}}