{"id":156,"date":"2017-03-24T13:46:22","date_gmt":"2017-03-24T12:46:22","guid":{"rendered":"http:\/\/jp2doc.pl\/?page_id=156"},"modified":"2017-04-24T14:36:06","modified_gmt":"2017-04-24T12:36:06","slug":"krakow-2010","status":"publish","type":"page","link":"https:\/\/jp2doc.pl\/es\/sympozja\/krakow-2010\/","title":{"rendered":"Cracovia 2010"},"content":{"rendered":"<h3 style=\"text-align: center;\">La libertad religiosa, coraz\u00f3n de la libertad humana<\/h3>\n<p>El Centro de Documentaci\u00f3n y Estudios del Pontificado organiz\u00f3, el 4 de noviembre 2010, una sesi\u00f3n cient\u00edfica dedicada a la libertad religiosa, en el marco de la V edici\u00f3n de las Jornadas de Juan Pablo II en Cracovia. El tema alude a las palabras del Pont\u00edfice: \u201cLa libertad religiosa, coraz\u00f3n de la libertad humana\u201d y a una parte, muy importante, de sus ense\u00f1anzas sobre los derechos del hombre y expresa la experiencia de la vida del Papa. El objetivo de la conferencia era destacar el significado del valor de la libertad religiosa en la b\u00fasqueda de las soluciones de cuestiones pol\u00edtico-sociales.<\/p>\n<div align=\"center\"><a href=\"http:\/\/jp2doc.pl\/wp-content\/uploads\/2017\/03\/4fb6c2ba9bff9undefined.jpg\"><img loading=\"lazy\" decoding=\"async\" width=\"540\" height=\"405\" class=\"wp-image-159 size-full aligncenter\" src=\"http:\/\/jp2doc.pl\/wp-content\/uploads\/2017\/03\/4fb6c2ba9bff9undefined.jpg\" alt=\"\" \/><\/a><\/div>\n<p>Tras la bienvenida a los participantes por parte del rector de la Universidad Jaguel\u00f3nica, el profesor Karol Musio\u0142, tom\u00f3 la palabra el cardenal Stefan Dziwisz, subrayando la importancia y la actualidad del tema de la sesi\u00f3n. El siguiente ponente, el arzobispo J\u00f3zef Kowalczyk, introdujo el tema de la libertad religiosa para indicar que las ense\u00f1anzas de Juan Pablo II est\u00e1n enraizadas en la Revelaci\u00f3n y la doctrina del Concilio Vaticano II. El padre, profesor Libero Gerosa de Lugano llam\u00f3 la atenci\u00f3n sobre la experiencia de la identidad que para Juan Pablo II era una fuente original de su preocupaci\u00f3n por los derechos del hombre y de la naci\u00f3n. El profesor Andrzej Zoll de la Universidad Jaguel\u00f3nica disert\u00f3 sobre el derecho a la libertad de conciencia y de religi\u00f3n, inscrito en la Carta de Derechos Fundamentales de la Uni\u00f3n Europea y recalc\u00f3 que la verdad sobre la dignidad humana deber\u00eda constituir un valor absoluto. Para finalizar la primera parte de la sesi\u00f3n, el cardenal Jean Louis Tauran, presidente del Pontificio Consejo para el di\u00e1logo interreligioso, habl\u00f3 de la tem\u00e1tica de la libertad religiosa.<\/p>\n<div align=\"center\"><a href=\"http:\/\/jp2doc.pl\/wp-content\/uploads\/2017\/03\/4fb6c2d1516e9undefined.jpg\"><img loading=\"lazy\" decoding=\"async\" width=\"540\" height=\"405\" class=\"aligncenter wp-image-161 size-full\" src=\"http:\/\/jp2doc.pl\/wp-content\/uploads\/2017\/03\/4fb6c2d1516e9undefined.jpg\" alt=\"\" \/><\/a><\/div>\n<p>A primera hora de la tarde tom\u00f3 la palabra el profesor Francesco D\u00b4Agostino de la Universidad \u201cTor Vergata\u201d, en Roma y consider\u00f3 clave el problema de la libertad religiosa en la \u00e9poca de post secularismo. A continuaci\u00f3n, el profesor Wojciech G\u00f3ralski de la Universidad de Cardenal Stefan Wyszy\u0144ski coment\u00f3 el tema de la ense\u00f1anza de la religi\u00f3n en los acuerdos del concordato concluidos entre la Santa Sede y otros pa\u00edses durante el pontificado de Juan Pablo II, muy preocupado por garantizar a los padres el derecho a la educaci\u00f3n de sus hijos en la fe cat\u00f3lica.<\/p>\n<p>La sesi\u00f3n termin\u00f3 con la presentaci\u00f3n por parte de la Fundaci\u00f3n Juan Pablo II del programa de becas para j\u00f3venes procedentes de los pa\u00edses del Este, considerado por la Fundaci\u00f3n como su aportaci\u00f3n al fomento de la libertad religiosa. En sus intervenciones D\u00f1a. Elena Grigoyeva, becaria de Rusia, el doctor Branislav Kluska de Eslovaquia y D. Andrij Delisandru de Ucrania, los dos ya graduados, contaron a los presentes c\u00f3mo la educaci\u00f3n recibida en la Universidad Cat\u00f3lica de Lublin enriqueci\u00f3 su vida personal y socio-religiosa.<\/p>\n<div align=\"center\"><a href=\"http:\/\/jp2doc.pl\/wp-content\/uploads\/2017\/03\/4fb6c2e45e108undefined.jpg\"><img decoding=\"async\" class=\"aligncenter wp-image-161 size-full\" src=\"http:\/\/jp2doc.pl\/wp-content\/uploads\/2017\/03\/4fb6c2e45e108undefined.jpg\" alt=\"\" \/><\/a><\/div>\n","protected":false},"excerpt":{"rendered":"<p>La libertad religiosa, coraz\u00f3n de la libertad humana El Centro de Documentaci\u00f3n y Estudios del Pontificado organiz\u00f3, el 4 de noviembre 2010, una sesi\u00f3n cient\u00edfica dedicada a la libertad religiosa, en el marco de la V edici\u00f3n de las Jornadas de Juan Pablo II en Cracovia. El tema alude a las palabras del Pont\u00edfice: \u201cLa [&hellip;]<\/p>\n","protected":false},"author":2,"featured_media":0,"parent":78,"menu_order":0,"comment_status":"closed","ping_status":"closed","template":"","meta":{"_acf_changed":false,"_exactmetrics_skip_tracking":false,"_exactmetrics_sitenote_active":false,"_exactmetrics_sitenote_note":"","_exactmetrics_sitenote_category":0,"footnotes":""},"class_list":["post-156","page","type-page","status-publish","hentry"],"acf":[],"yoast_head":"<!-- This site is optimized with the Yoast SEO plugin v26.2 - https:\/\/yoast.com\/wordpress\/plugins\/seo\/ -->\n<title>Cracovia 2010 - Centro de Documentaci\u00f3n y Estudios del Pontificado de Juan Pablo II en Roma<\/title>\n<meta name=\"robots\" content=\"index, follow, max-snippet:-1, max-image-preview:large, max-video-preview:-1\" \/>\n<link rel=\"canonical\" href=\"https:\/\/jp2doc.pl\/es\/sympozja\/krakow-2010\/\" \/>\n<meta property=\"og:locale\" content=\"es_ES\" \/>\n<meta property=\"og:type\" content=\"article\" \/>\n<meta property=\"og:title\" content=\"Cracovia 2010 - Centro de Documentaci\u00f3n y Estudios del Pontificado de Juan Pablo II en Roma\" \/>\n<meta property=\"og:description\" content=\"La libertad religiosa, coraz\u00f3n de la libertad humana El Centro de Documentaci\u00f3n y Estudios del Pontificado organiz\u00f3, el 4 de noviembre 2010, una sesi\u00f3n cient\u00edfica dedicada a la libertad religiosa, en el marco de la V edici\u00f3n de las Jornadas de Juan Pablo II en Cracovia. El tema alude a las palabras del Pont\u00edfice: \u201cLa [&hellip;]\" \/>\n<meta property=\"og:url\" content=\"https:\/\/jp2doc.pl\/es\/sympozja\/krakow-2010\/\" \/>\n<meta property=\"og:site_name\" content=\"Centro de Documentaci\u00f3n y Estudios del Pontificado de Juan Pablo II en Roma\" \/>\n<meta property=\"article:modified_time\" content=\"2017-04-24T12:36:06+00:00\" \/>\n<meta property=\"og:image\" content=\"http:\/\/jp2doc.pl\/wp-content\/uploads\/2017\/03\/4fb6c2ba9bff9undefined.jpg\" \/>\n<meta name=\"twitter:card\" content=\"summary_large_image\" \/>\n<meta name=\"twitter:label1\" content=\"Tiempo de lectura\" \/>\n\t<meta name=\"twitter:data1\" content=\"3 minutos\" \/>\n<script type=\"application\/ld+json\" class=\"yoast-schema-graph\">{\"@context\":\"https:\/\/schema.org\",\"@graph\":[{\"@type\":\"WebPage\",\"@id\":\"https:\/\/jp2doc.pl\/es\/sympozja\/krakow-2010\/\",\"url\":\"https:\/\/jp2doc.pl\/es\/sympozja\/krakow-2010\/\",\"name\":\"Cracovia 2010 - Centro de Documentaci\u00f3n y Estudios del Pontificado de Juan Pablo II en Roma\",\"isPartOf\":{\"@id\":\"https:\/\/jp2doc.pl\/es\/#website\"},\"primaryImageOfPage\":{\"@id\":\"https:\/\/jp2doc.pl\/es\/sympozja\/krakow-2010\/#primaryimage\"},\"image\":{\"@id\":\"https:\/\/jp2doc.pl\/es\/sympozja\/krakow-2010\/#primaryimage\"},\"thumbnailUrl\":\"http:\/\/jp2doc.pl\/wp-content\/uploads\/2017\/03\/4fb6c2ba9bff9undefined.jpg\",\"datePublished\":\"2017-03-24T12:46:22+00:00\",\"dateModified\":\"2017-04-24T12:36:06+00:00\",\"breadcrumb\":{\"@id\":\"https:\/\/jp2doc.pl\/es\/sympozja\/krakow-2010\/#breadcrumb\"},\"inLanguage\":\"es\",\"potentialAction\":[{\"@type\":\"ReadAction\",\"target\":[\"https:\/\/jp2doc.pl\/es\/sympozja\/krakow-2010\/\"]}]},{\"@type\":\"ImageObject\",\"inLanguage\":\"es\",\"@id\":\"https:\/\/jp2doc.pl\/es\/sympozja\/krakow-2010\/#primaryimage\",\"url\":\"http:\/\/jp2doc.pl\/wp-content\/uploads\/2017\/03\/4fb6c2ba9bff9undefined.jpg\",\"contentUrl\":\"http:\/\/jp2doc.pl\/wp-content\/uploads\/2017\/03\/4fb6c2ba9bff9undefined.jpg\"},{\"@type\":\"BreadcrumbList\",\"@id\":\"https:\/\/jp2doc.pl\/es\/sympozja\/krakow-2010\/#breadcrumb\",\"itemListElement\":[{\"@type\":\"ListItem\",\"position\":1,\"name\":\"Home\",\"item\":\"https:\/\/jp2doc.pl\/es\/\"},{\"@type\":\"ListItem\",\"position\":2,\"name\":\"Simposios\",\"item\":\"https:\/\/jp2doc.pl\/es\/sympozja\/\"},{\"@type\":\"ListItem\",\"position\":3,\"name\":\"Cracovia 2010\"}]},{\"@type\":\"WebSite\",\"@id\":\"https:\/\/jp2doc.pl\/es\/#website\",\"url\":\"https:\/\/jp2doc.pl\/es\/\",\"name\":\"Centro de Documentaci\u00f3n y Estudios del Pontificado de Juan Pablo II en Roma\",\"description\":\"\",\"publisher\":{\"@id\":\"https:\/\/jp2doc.pl\/es\/#organization\"},\"potentialAction\":[{\"@type\":\"SearchAction\",\"target\":{\"@type\":\"EntryPoint\",\"urlTemplate\":\"https:\/\/jp2doc.pl\/es\/?s={search_term_string}\"},\"query-input\":{\"@type\":\"PropertyValueSpecification\",\"valueRequired\":true,\"valueName\":\"search_term_string\"}}],\"inLanguage\":\"es\"},{\"@type\":\"Organization\",\"@id\":\"https:\/\/jp2doc.pl\/es\/#organization\",\"name\":\"Centro de Documentaci\u00f3n y Estudios del Pontificado de Juan Pablo II en Roma\",\"url\":\"https:\/\/jp2doc.pl\/es\/\",\"logo\":{\"@type\":\"ImageObject\",\"inLanguage\":\"es\",\"@id\":\"https:\/\/jp2doc.pl\/es\/#\/schema\/logo\/image\/\",\"url\":\"https:\/\/jp2doc.pl\/es\/wp-content\/uploads\/sites\/4\/2017\/03\/cropped-logo.png\",\"contentUrl\":\"https:\/\/jp2doc.pl\/es\/wp-content\/uploads\/sites\/4\/2017\/03\/cropped-logo.png\",\"width\":115,\"height\":115,\"caption\":\"Centro de Documentaci\u00f3n y Estudios del Pontificado de Juan Pablo II en Roma\"},\"image\":{\"@id\":\"https:\/\/jp2doc.pl\/es\/#\/schema\/logo\/image\/\"}}]}<\/script>\n<!-- \/ Yoast SEO plugin. -->","yoast_head_json":{"title":"Cracovia 2010 - Centro de Documentaci\u00f3n y Estudios del Pontificado de Juan Pablo II en Roma","robots":{"index":"index","follow":"follow","max-snippet":"max-snippet:-1","max-image-preview":"max-image-preview:large","max-video-preview":"max-video-preview:-1"},"canonical":"https:\/\/jp2doc.pl\/es\/sympozja\/krakow-2010\/","og_locale":"es_ES","og_type":"article","og_title":"Cracovia 2010 - Centro de Documentaci\u00f3n y Estudios del Pontificado de Juan Pablo II en Roma","og_description":"La libertad religiosa, coraz\u00f3n de la libertad humana El Centro de Documentaci\u00f3n y Estudios del Pontificado organiz\u00f3, el 4 de noviembre 2010, una sesi\u00f3n cient\u00edfica dedicada a la libertad religiosa, en el marco de la V edici\u00f3n de las Jornadas de Juan Pablo II en Cracovia. El tema alude a las palabras del Pont\u00edfice: \u201cLa [&hellip;]","og_url":"https:\/\/jp2doc.pl\/es\/sympozja\/krakow-2010\/","og_site_name":"Centro de Documentaci\u00f3n y Estudios del Pontificado de Juan Pablo II en Roma","article_modified_time":"2017-04-24T12:36:06+00:00","og_image":[{"url":"http:\/\/jp2doc.pl\/wp-content\/uploads\/2017\/03\/4fb6c2ba9bff9undefined.jpg","type":"","width":"","height":""}],"twitter_card":"summary_large_image","twitter_misc":{"Tiempo de lectura":"3 minutos"},"schema":{"@context":"https:\/\/schema.org","@graph":[{"@type":"WebPage","@id":"https:\/\/jp2doc.pl\/es\/sympozja\/krakow-2010\/","url":"https:\/\/jp2doc.pl\/es\/sympozja\/krakow-2010\/","name":"Cracovia 2010 - Centro de Documentaci\u00f3n y Estudios del Pontificado de Juan Pablo II en Roma","isPartOf":{"@id":"https:\/\/jp2doc.pl\/es\/#website"},"primaryImageOfPage":{"@id":"https:\/\/jp2doc.pl\/es\/sympozja\/krakow-2010\/#primaryimage"},"image":{"@id":"https:\/\/jp2doc.pl\/es\/sympozja\/krakow-2010\/#primaryimage"},"thumbnailUrl":"http:\/\/jp2doc.pl\/wp-content\/uploads\/2017\/03\/4fb6c2ba9bff9undefined.jpg","datePublished":"2017-03-24T12:46:22+00:00","dateModified":"2017-04-24T12:36:06+00:00","breadcrumb":{"@id":"https:\/\/jp2doc.pl\/es\/sympozja\/krakow-2010\/#breadcrumb"},"inLanguage":"es","potentialAction":[{"@type":"ReadAction","target":["https:\/\/jp2doc.pl\/es\/sympozja\/krakow-2010\/"]}]},{"@type":"ImageObject","inLanguage":"es","@id":"https:\/\/jp2doc.pl\/es\/sympozja\/krakow-2010\/#primaryimage","url":"http:\/\/jp2doc.pl\/wp-content\/uploads\/2017\/03\/4fb6c2ba9bff9undefined.jpg","contentUrl":"http:\/\/jp2doc.pl\/wp-content\/uploads\/2017\/03\/4fb6c2ba9bff9undefined.jpg"},{"@type":"BreadcrumbList","@id":"https:\/\/jp2doc.pl\/es\/sympozja\/krakow-2010\/#breadcrumb","itemListElement":[{"@type":"ListItem","position":1,"name":"Home","item":"https:\/\/jp2doc.pl\/es\/"},{"@type":"ListItem","position":2,"name":"Simposios","item":"https:\/\/jp2doc.pl\/es\/sympozja\/"},{"@type":"ListItem","position":3,"name":"Cracovia 2010"}]},{"@type":"WebSite","@id":"https:\/\/jp2doc.pl\/es\/#website","url":"https:\/\/jp2doc.pl\/es\/","name":"Centro de Documentaci\u00f3n y Estudios del Pontificado de Juan Pablo II en Roma","description":"","publisher":{"@id":"https:\/\/jp2doc.pl\/es\/#organization"},"potentialAction":[{"@type":"SearchAction","target":{"@type":"EntryPoint","urlTemplate":"https:\/\/jp2doc.pl\/es\/?s={search_term_string}"},"query-input":{"@type":"PropertyValueSpecification","valueRequired":true,"valueName":"search_term_string"}}],"inLanguage":"es"},{"@type":"Organization","@id":"https:\/\/jp2doc.pl\/es\/#organization","name":"Centro de Documentaci\u00f3n y Estudios del Pontificado de Juan Pablo II en Roma","url":"https:\/\/jp2doc.pl\/es\/","logo":{"@type":"ImageObject","inLanguage":"es","@id":"https:\/\/jp2doc.pl\/es\/#\/schema\/logo\/image\/","url":"https:\/\/jp2doc.pl\/es\/wp-content\/uploads\/sites\/4\/2017\/03\/cropped-logo.png","contentUrl":"https:\/\/jp2doc.pl\/es\/wp-content\/uploads\/sites\/4\/2017\/03\/cropped-logo.png","width":115,"height":115,"caption":"Centro de Documentaci\u00f3n y Estudios del Pontificado de Juan Pablo II en Roma"},"image":{"@id":"https:\/\/jp2doc.pl\/es\/#\/schema\/logo\/image\/"}}]}},"_links":{"self":[{"href":"https:\/\/jp2doc.pl\/es\/wp-json\/wp\/v2\/pages\/156","targetHints":{"allow":["GET"]}}],"collection":[{"href":"https:\/\/jp2doc.pl\/es\/wp-json\/wp\/v2\/pages"}],"about":[{"href":"https:\/\/jp2doc.pl\/es\/wp-json\/wp\/v2\/types\/page"}],"author":[{"embeddable":true,"href":"https:\/\/jp2doc.pl\/es\/wp-json\/wp\/v2\/users\/2"}],"replies":[{"embeddable":true,"href":"https:\/\/jp2doc.pl\/es\/wp-json\/wp\/v2\/comments?post=156"}],"version-history":[{"count":3,"href":"https:\/\/jp2doc.pl\/es\/wp-json\/wp\/v2\/pages\/156\/revisions"}],"predecessor-version":[{"id":1150,"href":"https:\/\/jp2doc.pl\/es\/wp-json\/wp\/v2\/pages\/156\/revisions\/1150"}],"up":[{"embeddable":true,"href":"https:\/\/jp2doc.pl\/es\/wp-json\/wp\/v2\/pages\/78"}],"wp:attachment":[{"href":"https:\/\/jp2doc.pl\/es\/wp-json\/wp\/v2\/media?parent=156"}],"curies":[{"name":"wp","href":"https:\/\/api.w.org\/{rel}","templated":true}]}}