{"id":169,"date":"2017-03-24T14:08:17","date_gmt":"2017-03-24T13:08:17","guid":{"rendered":"http:\/\/jp2doc.pl\/?page_id=169"},"modified":"2017-04-19T09:47:11","modified_gmt":"2017-04-19T07:47:11","slug":"lugano-2012","status":"publish","type":"page","link":"https:\/\/jp2doc.pl\/es\/sympozja\/lugano-2012\/","title":{"rendered":"Lugano 2012"},"content":{"rendered":"<h3 style=\"text-align: center;\">Juan Pablo II, legislador de la Iglesia<\/h3>\n<p>El simposio internacional titulado: \u201cJuan Pablo II, legislador de la Iglesia: los fundamentos, innovaciones y perspectivas\u201d, celebrado en la Universidad de la Suiza Italiana, en Lugano, el 22 y 23 de marzo do 2012, fue organizado por la Fundaci\u00f3n Juan Pablo II \u2013 Centro de Documentaci\u00f3n Y Estudios del Pontificado, en Roma y por el Instituto de Derecho Can\u00f3nico y Derecho Comparativo de las religiones perteneciente a la Facultad de Teolog\u00eda en Lugano. La finalidad del simposio era mostrar la contribuci\u00f3n original y el papel de Juan Pablo II en la creaci\u00f3n, comprensi\u00f3n y realizaci\u00f3n del Derecho eclesi\u00e1stico.<\/p>\n<p>El profesor P. Martinoli, rector de la Universidad y el cardenal S. Ry\u0142ko, presidente de la Fundaci\u00f3n Juan Pablo II, tras dar la bienvenida a los asistentes, cedieron la palabra al profesor L. Gerosa, director del Instituto DiReCom, quien habl\u00f3 sobre la nueva hermen\u00e9utica del Derecho Can\u00f3nico seg\u00fan Juan Pablo II.<\/p>\n<p><a href=\"http:\/\/jp2doc.pl\/wp-content\/uploads\/2017\/03\/1-1.jpg\"><img loading=\"lazy\" decoding=\"async\" width=\"540\" height=\"405\" class=\"aligncenter wp-image-171 size-full\" src=\"http:\/\/jp2doc.pl\/wp-content\/uploads\/2017\/03\/1-1.jpg\" alt=\"\" \/><\/a><\/p>\n<p>Durante las tres sesiones del simposio se reflexion\u00f3 sobre los fundamentos antropol\u00f3gicos y eclesiol\u00f3gicos de la labor legislativa de Juan Pablo II; se mostr\u00f3 en qu\u00e9 consist\u00eda la novedad de la actividad concordataria durante su pontificado y recalc\u00f3 la influencia de los c\u00f3digos de Derecho Can\u00f3nico, promulgados, en la aproximaci\u00f3n ecum\u00e9nica de los cristianos. Moderaron las sesiones sucesivamente: el padre, profesor B. Ferme (Venecia), profesor P. Valdrini (Roma), profesor L. Bombin (Roma) y profesor P. de Mortanages (Friburgo suizo).<\/p>\n<p>La ponencia de la primera sesi\u00f3n, abierta por el profesor F. D\u00b4Agostino de la Universidad \u201cTor Vergata\u201d vers\u00f3 sobre \u201cEl hombre en el centro de la leyes promulgadas por Juan Pablo II\u201d.<\/p>\n<p><a href=\"http:\/\/jp2doc.pl\/wp-content\/uploads\/2017\/03\/2-1.jpg\"><img loading=\"lazy\" decoding=\"async\" width=\"540\" height=\"405\" class=\"aligncenter wp-image-173 size-full\" src=\"http:\/\/jp2doc.pl\/wp-content\/uploads\/2017\/03\/2-1.jpg\" alt=\"\" \/><\/a><\/p>\n<p>La segunda sesi\u00f3n comenz\u00f3 con la conferencia del Profesor G. Dalla Torre, rector de la Universidad LUMSA, en Roma y presidente del tribunal de Estado de la Ciudad de Vaticano, dibujando un cuadro general de la actividad concordataria de Juan Pablo II. A continuaci\u00f3n, la conferencia titulada \u201cEl concordato con Polonia seg\u00fan el plan de Juan Pablo II\u201d fue pronunciada por el obispo T. Pieronek de Cracovia, mientras la profesora O. Fumagallo Carulli de la Universidad Sacro Cuore de Mil\u00e1n habl\u00f3 de la \u201cIglesia cat\u00f3lica y la Uni\u00f3n Europea en el magisterio de Juan Pablo II\u201d.<\/p>\n<p>Durante la tercera sesi\u00f3n el profesor A. Roccucci de la Universidad \u201cRoma Tre\u201d expuso el tema \u201cLas innovaciones introducidas por Juan Pablo II y la continuidad confirmada de las relaciones entre Occidente y Oriente\u201d. El obispo Cyril Vasil, secretario de la Congregaci\u00f3n de las Iglesias Orientales, intervino con el tema: \u201cSimilitudes y diversidades entre CIC y CCEO\u201d. El cardenal K. Koch, presidente del Pontificio Consejo para la Promoci\u00f3n de la Unidad de los Cristianos, pronunci\u00f3 una lecci\u00f3n magistral: \u201cLa actividad legislativa de Juan Pablo II y la unidad de los cristianos\u201d.<\/p>\n<p><a href=\"http:\/\/jp2doc.pl\/wp-content\/uploads\/2017\/03\/3-1.jpg\"><img loading=\"lazy\" decoding=\"async\" width=\"540\" height=\"405\" class=\"aligncenter wp-image-174 size-full\" src=\"http:\/\/jp2doc.pl\/wp-content\/uploads\/2017\/03\/3-1.jpg\" alt=\"\" \/><\/a><\/p>\n","protected":false},"excerpt":{"rendered":"<p>Juan Pablo II, legislador de la Iglesia El simposio internacional titulado: \u201cJuan Pablo II, legislador de la Iglesia: los fundamentos, innovaciones y perspectivas\u201d, celebrado en la Universidad de la Suiza Italiana, en Lugano, el 22 y 23 de marzo do 2012, fue organizado por la Fundaci\u00f3n Juan Pablo II \u2013 Centro de Documentaci\u00f3n Y Estudios [&hellip;]<\/p>\n","protected":false},"author":2,"featured_media":0,"parent":78,"menu_order":0,"comment_status":"closed","ping_status":"closed","template":"","meta":{"_acf_changed":false,"_exactmetrics_skip_tracking":false,"_exactmetrics_sitenote_active":false,"_exactmetrics_sitenote_note":"","_exactmetrics_sitenote_category":0,"footnotes":""},"class_list":["post-169","page","type-page","status-publish","hentry"],"acf":[],"yoast_head":"<!-- This site is optimized with the Yoast SEO plugin v26.2 - https:\/\/yoast.com\/wordpress\/plugins\/seo\/ -->\n<title>Lugano 2012 - Centro de Documentaci\u00f3n y Estudios del Pontificado de Juan Pablo II en Roma<\/title>\n<meta name=\"robots\" content=\"index, follow, max-snippet:-1, max-image-preview:large, max-video-preview:-1\" \/>\n<link rel=\"canonical\" href=\"https:\/\/jp2doc.pl\/es\/sympozja\/lugano-2012\/\" \/>\n<meta property=\"og:locale\" content=\"es_ES\" \/>\n<meta property=\"og:type\" content=\"article\" \/>\n<meta property=\"og:title\" content=\"Lugano 2012 - Centro de Documentaci\u00f3n y Estudios del Pontificado de Juan Pablo II en Roma\" \/>\n<meta property=\"og:description\" content=\"Juan Pablo II, legislador de la Iglesia El simposio internacional titulado: \u201cJuan Pablo II, legislador de la Iglesia: los fundamentos, innovaciones y perspectivas\u201d, celebrado en la Universidad de la Suiza Italiana, en Lugano, el 22 y 23 de marzo do 2012, fue organizado por la Fundaci\u00f3n Juan Pablo II \u2013 Centro de Documentaci\u00f3n Y Estudios [&hellip;]\" \/>\n<meta property=\"og:url\" content=\"https:\/\/jp2doc.pl\/es\/sympozja\/lugano-2012\/\" \/>\n<meta property=\"og:site_name\" content=\"Centro de Documentaci\u00f3n y Estudios del Pontificado de Juan Pablo II en Roma\" \/>\n<meta property=\"article:modified_time\" content=\"2017-04-19T07:47:11+00:00\" \/>\n<meta property=\"og:image\" content=\"http:\/\/jp2doc.pl\/wp-content\/uploads\/2017\/03\/1-1.jpg\" \/>\n<meta name=\"twitter:card\" content=\"summary_large_image\" \/>\n<meta name=\"twitter:label1\" content=\"Tiempo de lectura\" \/>\n\t<meta name=\"twitter:data1\" content=\"2 minutos\" \/>\n<script type=\"application\/ld+json\" class=\"yoast-schema-graph\">{\"@context\":\"https:\/\/schema.org\",\"@graph\":[{\"@type\":\"WebPage\",\"@id\":\"https:\/\/jp2doc.pl\/es\/sympozja\/lugano-2012\/\",\"url\":\"https:\/\/jp2doc.pl\/es\/sympozja\/lugano-2012\/\",\"name\":\"Lugano 2012 - Centro de Documentaci\u00f3n y Estudios del Pontificado de Juan Pablo II en Roma\",\"isPartOf\":{\"@id\":\"https:\/\/jp2doc.pl\/es\/#website\"},\"primaryImageOfPage\":{\"@id\":\"https:\/\/jp2doc.pl\/es\/sympozja\/lugano-2012\/#primaryimage\"},\"image\":{\"@id\":\"https:\/\/jp2doc.pl\/es\/sympozja\/lugano-2012\/#primaryimage\"},\"thumbnailUrl\":\"http:\/\/jp2doc.pl\/wp-content\/uploads\/2017\/03\/1-1.jpg\",\"datePublished\":\"2017-03-24T13:08:17+00:00\",\"dateModified\":\"2017-04-19T07:47:11+00:00\",\"breadcrumb\":{\"@id\":\"https:\/\/jp2doc.pl\/es\/sympozja\/lugano-2012\/#breadcrumb\"},\"inLanguage\":\"es\",\"potentialAction\":[{\"@type\":\"ReadAction\",\"target\":[\"https:\/\/jp2doc.pl\/es\/sympozja\/lugano-2012\/\"]}]},{\"@type\":\"ImageObject\",\"inLanguage\":\"es\",\"@id\":\"https:\/\/jp2doc.pl\/es\/sympozja\/lugano-2012\/#primaryimage\",\"url\":\"http:\/\/jp2doc.pl\/wp-content\/uploads\/2017\/03\/1-1.jpg\",\"contentUrl\":\"http:\/\/jp2doc.pl\/wp-content\/uploads\/2017\/03\/1-1.jpg\"},{\"@type\":\"BreadcrumbList\",\"@id\":\"https:\/\/jp2doc.pl\/es\/sympozja\/lugano-2012\/#breadcrumb\",\"itemListElement\":[{\"@type\":\"ListItem\",\"position\":1,\"name\":\"Home\",\"item\":\"https:\/\/jp2doc.pl\/es\/\"},{\"@type\":\"ListItem\",\"position\":2,\"name\":\"Simposios\",\"item\":\"https:\/\/jp2doc.pl\/es\/sympozja\/\"},{\"@type\":\"ListItem\",\"position\":3,\"name\":\"Lugano 2012\"}]},{\"@type\":\"WebSite\",\"@id\":\"https:\/\/jp2doc.pl\/es\/#website\",\"url\":\"https:\/\/jp2doc.pl\/es\/\",\"name\":\"Centro de Documentaci\u00f3n y Estudios del Pontificado de Juan Pablo II en Roma\",\"description\":\"\",\"publisher\":{\"@id\":\"https:\/\/jp2doc.pl\/es\/#organization\"},\"potentialAction\":[{\"@type\":\"SearchAction\",\"target\":{\"@type\":\"EntryPoint\",\"urlTemplate\":\"https:\/\/jp2doc.pl\/es\/?s={search_term_string}\"},\"query-input\":{\"@type\":\"PropertyValueSpecification\",\"valueRequired\":true,\"valueName\":\"search_term_string\"}}],\"inLanguage\":\"es\"},{\"@type\":\"Organization\",\"@id\":\"https:\/\/jp2doc.pl\/es\/#organization\",\"name\":\"Centro de Documentaci\u00f3n y Estudios del Pontificado de Juan Pablo II en Roma\",\"url\":\"https:\/\/jp2doc.pl\/es\/\",\"logo\":{\"@type\":\"ImageObject\",\"inLanguage\":\"es\",\"@id\":\"https:\/\/jp2doc.pl\/es\/#\/schema\/logo\/image\/\",\"url\":\"https:\/\/jp2doc.pl\/es\/wp-content\/uploads\/sites\/4\/2017\/03\/cropped-logo.png\",\"contentUrl\":\"https:\/\/jp2doc.pl\/es\/wp-content\/uploads\/sites\/4\/2017\/03\/cropped-logo.png\",\"width\":115,\"height\":115,\"caption\":\"Centro de Documentaci\u00f3n y Estudios del Pontificado de Juan Pablo II en Roma\"},\"image\":{\"@id\":\"https:\/\/jp2doc.pl\/es\/#\/schema\/logo\/image\/\"}}]}<\/script>\n<!-- \/ Yoast SEO plugin. -->","yoast_head_json":{"title":"Lugano 2012 - Centro de Documentaci\u00f3n y Estudios del Pontificado de Juan Pablo II en Roma","robots":{"index":"index","follow":"follow","max-snippet":"max-snippet:-1","max-image-preview":"max-image-preview:large","max-video-preview":"max-video-preview:-1"},"canonical":"https:\/\/jp2doc.pl\/es\/sympozja\/lugano-2012\/","og_locale":"es_ES","og_type":"article","og_title":"Lugano 2012 - Centro de Documentaci\u00f3n y Estudios del Pontificado de Juan Pablo II en Roma","og_description":"Juan Pablo II, legislador de la Iglesia El simposio internacional titulado: \u201cJuan Pablo II, legislador de la Iglesia: los fundamentos, innovaciones y perspectivas\u201d, celebrado en la Universidad de la Suiza Italiana, en Lugano, el 22 y 23 de marzo do 2012, fue organizado por la Fundaci\u00f3n Juan Pablo II \u2013 Centro de Documentaci\u00f3n Y Estudios [&hellip;]","og_url":"https:\/\/jp2doc.pl\/es\/sympozja\/lugano-2012\/","og_site_name":"Centro de Documentaci\u00f3n y Estudios del Pontificado de Juan Pablo II en Roma","article_modified_time":"2017-04-19T07:47:11+00:00","og_image":[{"url":"http:\/\/jp2doc.pl\/wp-content\/uploads\/2017\/03\/1-1.jpg","type":"","width":"","height":""}],"twitter_card":"summary_large_image","twitter_misc":{"Tiempo de lectura":"2 minutos"},"schema":{"@context":"https:\/\/schema.org","@graph":[{"@type":"WebPage","@id":"https:\/\/jp2doc.pl\/es\/sympozja\/lugano-2012\/","url":"https:\/\/jp2doc.pl\/es\/sympozja\/lugano-2012\/","name":"Lugano 2012 - Centro de Documentaci\u00f3n y Estudios del Pontificado de Juan Pablo II en Roma","isPartOf":{"@id":"https:\/\/jp2doc.pl\/es\/#website"},"primaryImageOfPage":{"@id":"https:\/\/jp2doc.pl\/es\/sympozja\/lugano-2012\/#primaryimage"},"image":{"@id":"https:\/\/jp2doc.pl\/es\/sympozja\/lugano-2012\/#primaryimage"},"thumbnailUrl":"http:\/\/jp2doc.pl\/wp-content\/uploads\/2017\/03\/1-1.jpg","datePublished":"2017-03-24T13:08:17+00:00","dateModified":"2017-04-19T07:47:11+00:00","breadcrumb":{"@id":"https:\/\/jp2doc.pl\/es\/sympozja\/lugano-2012\/#breadcrumb"},"inLanguage":"es","potentialAction":[{"@type":"ReadAction","target":["https:\/\/jp2doc.pl\/es\/sympozja\/lugano-2012\/"]}]},{"@type":"ImageObject","inLanguage":"es","@id":"https:\/\/jp2doc.pl\/es\/sympozja\/lugano-2012\/#primaryimage","url":"http:\/\/jp2doc.pl\/wp-content\/uploads\/2017\/03\/1-1.jpg","contentUrl":"http:\/\/jp2doc.pl\/wp-content\/uploads\/2017\/03\/1-1.jpg"},{"@type":"BreadcrumbList","@id":"https:\/\/jp2doc.pl\/es\/sympozja\/lugano-2012\/#breadcrumb","itemListElement":[{"@type":"ListItem","position":1,"name":"Home","item":"https:\/\/jp2doc.pl\/es\/"},{"@type":"ListItem","position":2,"name":"Simposios","item":"https:\/\/jp2doc.pl\/es\/sympozja\/"},{"@type":"ListItem","position":3,"name":"Lugano 2012"}]},{"@type":"WebSite","@id":"https:\/\/jp2doc.pl\/es\/#website","url":"https:\/\/jp2doc.pl\/es\/","name":"Centro de Documentaci\u00f3n y Estudios del Pontificado de Juan Pablo II en Roma","description":"","publisher":{"@id":"https:\/\/jp2doc.pl\/es\/#organization"},"potentialAction":[{"@type":"SearchAction","target":{"@type":"EntryPoint","urlTemplate":"https:\/\/jp2doc.pl\/es\/?s={search_term_string}"},"query-input":{"@type":"PropertyValueSpecification","valueRequired":true,"valueName":"search_term_string"}}],"inLanguage":"es"},{"@type":"Organization","@id":"https:\/\/jp2doc.pl\/es\/#organization","name":"Centro de Documentaci\u00f3n y Estudios del Pontificado de Juan Pablo II en Roma","url":"https:\/\/jp2doc.pl\/es\/","logo":{"@type":"ImageObject","inLanguage":"es","@id":"https:\/\/jp2doc.pl\/es\/#\/schema\/logo\/image\/","url":"https:\/\/jp2doc.pl\/es\/wp-content\/uploads\/sites\/4\/2017\/03\/cropped-logo.png","contentUrl":"https:\/\/jp2doc.pl\/es\/wp-content\/uploads\/sites\/4\/2017\/03\/cropped-logo.png","width":115,"height":115,"caption":"Centro de Documentaci\u00f3n y Estudios del Pontificado de Juan Pablo II en Roma"},"image":{"@id":"https:\/\/jp2doc.pl\/es\/#\/schema\/logo\/image\/"}}]}},"_links":{"self":[{"href":"https:\/\/jp2doc.pl\/es\/wp-json\/wp\/v2\/pages\/169","targetHints":{"allow":["GET"]}}],"collection":[{"href":"https:\/\/jp2doc.pl\/es\/wp-json\/wp\/v2\/pages"}],"about":[{"href":"https:\/\/jp2doc.pl\/es\/wp-json\/wp\/v2\/types\/page"}],"author":[{"embeddable":true,"href":"https:\/\/jp2doc.pl\/es\/wp-json\/wp\/v2\/users\/2"}],"replies":[{"embeddable":true,"href":"https:\/\/jp2doc.pl\/es\/wp-json\/wp\/v2\/comments?post=169"}],"version-history":[{"count":2,"href":"https:\/\/jp2doc.pl\/es\/wp-json\/wp\/v2\/pages\/169\/revisions"}],"predecessor-version":[{"id":1072,"href":"https:\/\/jp2doc.pl\/es\/wp-json\/wp\/v2\/pages\/169\/revisions\/1072"}],"up":[{"embeddable":true,"href":"https:\/\/jp2doc.pl\/es\/wp-json\/wp\/v2\/pages\/78"}],"wp:attachment":[{"href":"https:\/\/jp2doc.pl\/es\/wp-json\/wp\/v2\/media?parent=169"}],"curies":[{"name":"wp","href":"https:\/\/api.w.org\/{rel}","templated":true}]}}