{"id":177,"date":"2017-03-24T14:13:42","date_gmt":"2017-03-24T13:13:42","guid":{"rendered":"http:\/\/jp2doc.pl\/?page_id=177"},"modified":"2017-04-19T09:51:11","modified_gmt":"2017-04-19T07:51:11","slug":"ludzmierz-2012","status":"publish","type":"page","link":"https:\/\/jp2doc.pl\/es\/sympozja\/ludzmierz-2012\/","title":{"rendered":"Lud\u017amierz 2012"},"content":{"rendered":"<h3 style=\"text-align: center;\">Mar\u00eda en la fe de la Iglesia<\/h3>\n<p>Los d\u00edas 23 y 24 de octubre de 2012, en Lud\u017amierz y Nowy Targ, se celebr\u00f3 un simposio acad\u00e9mico con ocasi\u00f3n del inminente 50 aniversario de la coronaci\u00f3n de la figura de la Virgen de Lud\u017amierz (15 de agosto 1963). El evento bajo lema, \u201cMar\u00eda en la fe de la Iglesia y en la vida de la naci\u00f3n\u201d fue organizado por el Santuario de Nuestra Se\u00f1ora Reina de Podhale en Lud\u017amierz y la Escuela Superior de Formaci\u00f3n Profesional de Nowy Targ (PPWSZ) en colaboraci\u00f3n con la Universidad Pontificia Juan Pablo II de Cracovia (UPJPII), y con la ayuda del Centro de Documentaci\u00f3n y Estudios del Pontificado de Juan Pablo II, en Roma.<\/p>\n<p><a href=\"http:\/\/jp2doc.pl\/wp-content\/uploads\/2017\/03\/50adfe80c571aundefined.jpg\"><img loading=\"lazy\" decoding=\"async\" width=\"450\" height=\"300\" class=\"aligncenter wp-image-178 size-full\" src=\"http:\/\/jp2doc.pl\/wp-content\/uploads\/2017\/03\/50adfe80c571aundefined.jpg\" alt=\"\" \/><\/a><\/p>\n<p>El primer d\u00eda fueron pronunciadas nueve ponencias.<br \/>\nEl arzobispo de Cz\u0119stochowa, W. Depo, habl\u00f3 del significado religioso e hist\u00f3rico de la solemne coronaci\u00f3n, mientras el profesor Z. Kijas OFMConv. (Vaticano) disert\u00f3 sobre la dimensi\u00f3n moral y existencial del acto. El doctor, padre G. Bartosik OFMConv., de la Universidad Cardenal Stefan Wyszy\u0144ski, en Varsovia, hizo notar el contexto del Concilio Vaticano II. El doctor, padre A. Dobrzy\u0144ski de Roma subray\u00f3 el mensaje social incluido en las homil\u00edas pronunciadas por el Primado del Milenio, cardenal Stefan Wyszy\u0144ski y por el arzobispo Karol Wojty\u0142a durante la ceremonia de la coronaci\u00f3n.<br \/>\nEl doctor, padre Kazimierz Pek de la Universidad Cat\u00f3lica de Lublin, recalc\u00f3 la relaci\u00f3n entre la coronaci\u00f3n de la estatua milagrosa y el Voto de ofrecimiento de Polonia a la protecci\u00f3n materna de la Virgen Mar\u00eda, y subray\u00f3 la actualidad de la entrega a Mar\u00eda fomentada por Juan Pablo II.<br \/>\nEl doctor Franciszek Mr\u00f3z de la PPWSZ describi\u00f3 el papel del Santuario de la Reina de Podhale en la red de los centros de peregrinaci\u00f3n en Polonia y en el mundo.<br \/>\nLa doctora, hermana U. \u015aciurka de Zakopane, describi\u00f3 el ministerio del culto de la Reina de Podhale en la vida religiosa de las familias.<br \/>\nEl profesor, padre J. Machniak (UPJPII), llam\u00f3 la atenci\u00f3n sobre las variadas formas de la devoci\u00f3n mariana; el tema de la met\u00e1fora en la arquitectura sacra, en base al ejemplo de Lud\u017amierz, fue presentaci\u00f3n por I. A. Fudali y A. Bentkowska-Mitana, profesoras de arquitectura en la Universidad de Nowy Targ.<\/p>\n<p><a href=\"http:\/\/jp2doc.pl\/wp-content\/uploads\/2017\/03\/50adfe9e13a32undefined.jpg\"><img loading=\"lazy\" decoding=\"async\" width=\"450\" height=\"300\" class=\"aligncenter wp-image-179 size-full\" src=\"http:\/\/jp2doc.pl\/wp-content\/uploads\/2017\/03\/50adfe9e13a32undefined.jpg\" alt=\"\" \/><\/a><\/p>\n<p>El segundo d\u00eda tambi\u00e9n cont\u00f3 con nueve conferencias.<br \/>\nEl doctor P. Sadowski (PPWSZ) record\u00f3 la historia del Santuario y del pueblo de Lud\u017amierz.<br \/>\nEl mayor A. Surmacz y el capit\u00e1n J. Jarz\u0119bski de Rzesz\u00f3w hablaron del culto a la Virgen de Lud\u017amierz entre los militares estacionados en la zona.<br \/>\nEl profesor Karol Olejnik, de la Universidad Adam Mickiewicz de Pozna\u0144, disert\u00f3 sobre la costumbre polaca de colocar los emblemas marianos en los estandartes, golas y piezas de armaduras.<br \/>\nLa doctora S. Trebunia-Staszel, de la Universidad Jaguel\u00f3nica de Cracovia, subray\u00f3 el papel de la veneraci\u00f3n de los monta\u00f1eses por la Virgen de Lud\u017amierz. Cit\u00f3, como ejemplo, la historia de la Asociaci\u00f3n de los habitantes de Podhale.<br \/>\nLa doctora Anna Mlekodaj (PPWSZ) habl\u00f3 de la presencia de la Virgen de Podhale en la poes\u00eda religiosa y la doctora U. Janicka-Krzywda de la Universidad Jaguel\u00f3nica continu\u00f3 el tema, pero en relaci\u00f3n a las leyendas populares de Podhale.<br \/>\nEl doctor, padre T. Pra\u015bkiewicz de la Universidad cat\u00f3lica de Lublin prepar\u00f3 una ponencia sobre el culto a la Virgen de Lud\u017amierz, entre las comunidades polacas en Estados Unidos y Canad\u00e1.<br \/>\nEl padre, profesor A. Baczy\u0144ski (UPJPII) present\u00f3 el tema del culto de la Virgen de Lud\u017amierz en la cultura medi\u00e1tica, haciendo hincapi\u00e9 en que los registros cinematogr\u00e1ficos referentes al Santuario exponen particularmente los testimonios de fe enraizados en la tradici\u00f3n y la vida cotidiana de los lugare\u00f1os, junto con los valores de la naturaleza de la zona de Lud\u017amierz y sus alrededores.<br \/>\nEl obispo G Ry\u015b de Cracovia habl\u00f3 del di\u00e1logo entre la fe y la cultura, subrayando que \u00e9ste deber\u00eda tener su inicio en cada persona y que el Santuario de la Reina de Podhale desempe\u00f1a un importante papel en la nueva evangelizaci\u00f3n.<br \/>\n<a href=\"http:\/\/jp2doc.pl\/wp-content\/uploads\/2017\/03\/50adfeb99c5dbundefined.jpg\"><img loading=\"lazy\" decoding=\"async\" width=\"450\" height=\"300\" class=\"aligncenter wp-image-180 size-full\" src=\"http:\/\/jp2doc.pl\/wp-content\/uploads\/2017\/03\/50adfeb99c5dbundefined.jpg\" alt=\"\" \/><\/a><\/p>\n<p>Las seis sesiones del simposio fueron moderadas por:<br \/>\nEl profesor S. Hodorowicz (PPWSZ), doctor, padre Sz. Dro\u017cd\u017cyk (UPJPII), obispo J. Szkodo\u0144 (Cracovia), doctora A. Mlekodaj (PPWSZ), el alcalde de Nowy Targ M. Fry\u017alewicz y el padre M. Wanat de Nowy Targ.<br \/>\nEl prelado A. Juchas, custodio del Santuario, dio por terminada la conferencia afirmando que el simposio hab\u00eda sido una forma de reflexionar sobre la religiosidad de la zona de Podhale.<\/p>\n","protected":false},"excerpt":{"rendered":"<p>Mar\u00eda en la fe de la Iglesia Los d\u00edas 23 y 24 de octubre de 2012, en Lud\u017amierz y Nowy Targ, se celebr\u00f3 un simposio acad\u00e9mico con ocasi\u00f3n del inminente 50 aniversario de la coronaci\u00f3n de la figura de la Virgen de Lud\u017amierz (15 de agosto 1963). El evento bajo lema, \u201cMar\u00eda en la fe [&hellip;]<\/p>\n","protected":false},"author":2,"featured_media":0,"parent":78,"menu_order":0,"comment_status":"closed","ping_status":"closed","template":"","meta":{"_acf_changed":false,"_exactmetrics_skip_tracking":false,"_exactmetrics_sitenote_active":false,"_exactmetrics_sitenote_note":"","_exactmetrics_sitenote_category":0,"footnotes":""},"class_list":["post-177","page","type-page","status-publish","hentry"],"acf":[],"yoast_head":"<!-- This site is optimized with the Yoast SEO plugin v26.2 - https:\/\/yoast.com\/wordpress\/plugins\/seo\/ -->\n<title>Lud\u017amierz 2012 - Centro de Documentaci\u00f3n y Estudios del Pontificado de Juan Pablo II en Roma<\/title>\n<meta name=\"robots\" content=\"index, follow, max-snippet:-1, max-image-preview:large, max-video-preview:-1\" \/>\n<link rel=\"canonical\" href=\"https:\/\/jp2doc.pl\/es\/sympozja\/ludzmierz-2012\/\" \/>\n<meta property=\"og:locale\" content=\"es_ES\" \/>\n<meta property=\"og:type\" content=\"article\" \/>\n<meta property=\"og:title\" content=\"Lud\u017amierz 2012 - Centro de Documentaci\u00f3n y Estudios del Pontificado de Juan Pablo II en Roma\" \/>\n<meta property=\"og:description\" content=\"Mar\u00eda en la fe de la Iglesia Los d\u00edas 23 y 24 de octubre de 2012, en Lud\u017amierz y Nowy Targ, se celebr\u00f3 un simposio acad\u00e9mico con ocasi\u00f3n del inminente 50 aniversario de la coronaci\u00f3n de la figura de la Virgen de Lud\u017amierz (15 de agosto 1963). El evento bajo lema, \u201cMar\u00eda en la fe [&hellip;]\" \/>\n<meta property=\"og:url\" content=\"https:\/\/jp2doc.pl\/es\/sympozja\/ludzmierz-2012\/\" \/>\n<meta property=\"og:site_name\" content=\"Centro de Documentaci\u00f3n y Estudios del Pontificado de Juan Pablo II en Roma\" \/>\n<meta property=\"article:modified_time\" content=\"2017-04-19T07:51:11+00:00\" \/>\n<meta property=\"og:image\" content=\"http:\/\/jp2doc.pl\/wp-content\/uploads\/2017\/03\/50adfe80c571aundefined.jpg\" \/>\n<meta name=\"twitter:card\" content=\"summary_large_image\" \/>\n<meta name=\"twitter:label1\" content=\"Tiempo de lectura\" \/>\n\t<meta name=\"twitter:data1\" content=\"4 minutos\" \/>\n<script type=\"application\/ld+json\" class=\"yoast-schema-graph\">{\"@context\":\"https:\/\/schema.org\",\"@graph\":[{\"@type\":\"WebPage\",\"@id\":\"https:\/\/jp2doc.pl\/es\/sympozja\/ludzmierz-2012\/\",\"url\":\"https:\/\/jp2doc.pl\/es\/sympozja\/ludzmierz-2012\/\",\"name\":\"Lud\u017amierz 2012 - Centro de Documentaci\u00f3n y Estudios del Pontificado de Juan Pablo II en Roma\",\"isPartOf\":{\"@id\":\"https:\/\/jp2doc.pl\/es\/#website\"},\"primaryImageOfPage\":{\"@id\":\"https:\/\/jp2doc.pl\/es\/sympozja\/ludzmierz-2012\/#primaryimage\"},\"image\":{\"@id\":\"https:\/\/jp2doc.pl\/es\/sympozja\/ludzmierz-2012\/#primaryimage\"},\"thumbnailUrl\":\"http:\/\/jp2doc.pl\/wp-content\/uploads\/2017\/03\/50adfe80c571aundefined.jpg\",\"datePublished\":\"2017-03-24T13:13:42+00:00\",\"dateModified\":\"2017-04-19T07:51:11+00:00\",\"breadcrumb\":{\"@id\":\"https:\/\/jp2doc.pl\/es\/sympozja\/ludzmierz-2012\/#breadcrumb\"},\"inLanguage\":\"es\",\"potentialAction\":[{\"@type\":\"ReadAction\",\"target\":[\"https:\/\/jp2doc.pl\/es\/sympozja\/ludzmierz-2012\/\"]}]},{\"@type\":\"ImageObject\",\"inLanguage\":\"es\",\"@id\":\"https:\/\/jp2doc.pl\/es\/sympozja\/ludzmierz-2012\/#primaryimage\",\"url\":\"http:\/\/jp2doc.pl\/wp-content\/uploads\/2017\/03\/50adfe80c571aundefined.jpg\",\"contentUrl\":\"http:\/\/jp2doc.pl\/wp-content\/uploads\/2017\/03\/50adfe80c571aundefined.jpg\"},{\"@type\":\"BreadcrumbList\",\"@id\":\"https:\/\/jp2doc.pl\/es\/sympozja\/ludzmierz-2012\/#breadcrumb\",\"itemListElement\":[{\"@type\":\"ListItem\",\"position\":1,\"name\":\"Home\",\"item\":\"https:\/\/jp2doc.pl\/es\/\"},{\"@type\":\"ListItem\",\"position\":2,\"name\":\"Simposios\",\"item\":\"https:\/\/jp2doc.pl\/es\/sympozja\/\"},{\"@type\":\"ListItem\",\"position\":3,\"name\":\"Lud\u017amierz 2012\"}]},{\"@type\":\"WebSite\",\"@id\":\"https:\/\/jp2doc.pl\/es\/#website\",\"url\":\"https:\/\/jp2doc.pl\/es\/\",\"name\":\"Centro de Documentaci\u00f3n y Estudios del Pontificado de Juan Pablo II en Roma\",\"description\":\"\",\"publisher\":{\"@id\":\"https:\/\/jp2doc.pl\/es\/#organization\"},\"potentialAction\":[{\"@type\":\"SearchAction\",\"target\":{\"@type\":\"EntryPoint\",\"urlTemplate\":\"https:\/\/jp2doc.pl\/es\/?s={search_term_string}\"},\"query-input\":{\"@type\":\"PropertyValueSpecification\",\"valueRequired\":true,\"valueName\":\"search_term_string\"}}],\"inLanguage\":\"es\"},{\"@type\":\"Organization\",\"@id\":\"https:\/\/jp2doc.pl\/es\/#organization\",\"name\":\"Centro de Documentaci\u00f3n y Estudios del Pontificado de Juan Pablo II en Roma\",\"url\":\"https:\/\/jp2doc.pl\/es\/\",\"logo\":{\"@type\":\"ImageObject\",\"inLanguage\":\"es\",\"@id\":\"https:\/\/jp2doc.pl\/es\/#\/schema\/logo\/image\/\",\"url\":\"https:\/\/jp2doc.pl\/es\/wp-content\/uploads\/sites\/4\/2017\/03\/cropped-logo.png\",\"contentUrl\":\"https:\/\/jp2doc.pl\/es\/wp-content\/uploads\/sites\/4\/2017\/03\/cropped-logo.png\",\"width\":115,\"height\":115,\"caption\":\"Centro de Documentaci\u00f3n y Estudios del Pontificado de Juan Pablo II en Roma\"},\"image\":{\"@id\":\"https:\/\/jp2doc.pl\/es\/#\/schema\/logo\/image\/\"}}]}<\/script>\n<!-- \/ Yoast SEO plugin. -->","yoast_head_json":{"title":"Lud\u017amierz 2012 - Centro de Documentaci\u00f3n y Estudios del Pontificado de Juan Pablo II en Roma","robots":{"index":"index","follow":"follow","max-snippet":"max-snippet:-1","max-image-preview":"max-image-preview:large","max-video-preview":"max-video-preview:-1"},"canonical":"https:\/\/jp2doc.pl\/es\/sympozja\/ludzmierz-2012\/","og_locale":"es_ES","og_type":"article","og_title":"Lud\u017amierz 2012 - Centro de Documentaci\u00f3n y Estudios del Pontificado de Juan Pablo II en Roma","og_description":"Mar\u00eda en la fe de la Iglesia Los d\u00edas 23 y 24 de octubre de 2012, en Lud\u017amierz y Nowy Targ, se celebr\u00f3 un simposio acad\u00e9mico con ocasi\u00f3n del inminente 50 aniversario de la coronaci\u00f3n de la figura de la Virgen de Lud\u017amierz (15 de agosto 1963). El evento bajo lema, \u201cMar\u00eda en la fe [&hellip;]","og_url":"https:\/\/jp2doc.pl\/es\/sympozja\/ludzmierz-2012\/","og_site_name":"Centro de Documentaci\u00f3n y Estudios del Pontificado de Juan Pablo II en Roma","article_modified_time":"2017-04-19T07:51:11+00:00","og_image":[{"url":"http:\/\/jp2doc.pl\/wp-content\/uploads\/2017\/03\/50adfe80c571aundefined.jpg","type":"","width":"","height":""}],"twitter_card":"summary_large_image","twitter_misc":{"Tiempo de lectura":"4 minutos"},"schema":{"@context":"https:\/\/schema.org","@graph":[{"@type":"WebPage","@id":"https:\/\/jp2doc.pl\/es\/sympozja\/ludzmierz-2012\/","url":"https:\/\/jp2doc.pl\/es\/sympozja\/ludzmierz-2012\/","name":"Lud\u017amierz 2012 - Centro de Documentaci\u00f3n y Estudios del Pontificado de Juan Pablo II en Roma","isPartOf":{"@id":"https:\/\/jp2doc.pl\/es\/#website"},"primaryImageOfPage":{"@id":"https:\/\/jp2doc.pl\/es\/sympozja\/ludzmierz-2012\/#primaryimage"},"image":{"@id":"https:\/\/jp2doc.pl\/es\/sympozja\/ludzmierz-2012\/#primaryimage"},"thumbnailUrl":"http:\/\/jp2doc.pl\/wp-content\/uploads\/2017\/03\/50adfe80c571aundefined.jpg","datePublished":"2017-03-24T13:13:42+00:00","dateModified":"2017-04-19T07:51:11+00:00","breadcrumb":{"@id":"https:\/\/jp2doc.pl\/es\/sympozja\/ludzmierz-2012\/#breadcrumb"},"inLanguage":"es","potentialAction":[{"@type":"ReadAction","target":["https:\/\/jp2doc.pl\/es\/sympozja\/ludzmierz-2012\/"]}]},{"@type":"ImageObject","inLanguage":"es","@id":"https:\/\/jp2doc.pl\/es\/sympozja\/ludzmierz-2012\/#primaryimage","url":"http:\/\/jp2doc.pl\/wp-content\/uploads\/2017\/03\/50adfe80c571aundefined.jpg","contentUrl":"http:\/\/jp2doc.pl\/wp-content\/uploads\/2017\/03\/50adfe80c571aundefined.jpg"},{"@type":"BreadcrumbList","@id":"https:\/\/jp2doc.pl\/es\/sympozja\/ludzmierz-2012\/#breadcrumb","itemListElement":[{"@type":"ListItem","position":1,"name":"Home","item":"https:\/\/jp2doc.pl\/es\/"},{"@type":"ListItem","position":2,"name":"Simposios","item":"https:\/\/jp2doc.pl\/es\/sympozja\/"},{"@type":"ListItem","position":3,"name":"Lud\u017amierz 2012"}]},{"@type":"WebSite","@id":"https:\/\/jp2doc.pl\/es\/#website","url":"https:\/\/jp2doc.pl\/es\/","name":"Centro de Documentaci\u00f3n y Estudios del Pontificado de Juan Pablo II en Roma","description":"","publisher":{"@id":"https:\/\/jp2doc.pl\/es\/#organization"},"potentialAction":[{"@type":"SearchAction","target":{"@type":"EntryPoint","urlTemplate":"https:\/\/jp2doc.pl\/es\/?s={search_term_string}"},"query-input":{"@type":"PropertyValueSpecification","valueRequired":true,"valueName":"search_term_string"}}],"inLanguage":"es"},{"@type":"Organization","@id":"https:\/\/jp2doc.pl\/es\/#organization","name":"Centro de Documentaci\u00f3n y Estudios del Pontificado de Juan Pablo II en Roma","url":"https:\/\/jp2doc.pl\/es\/","logo":{"@type":"ImageObject","inLanguage":"es","@id":"https:\/\/jp2doc.pl\/es\/#\/schema\/logo\/image\/","url":"https:\/\/jp2doc.pl\/es\/wp-content\/uploads\/sites\/4\/2017\/03\/cropped-logo.png","contentUrl":"https:\/\/jp2doc.pl\/es\/wp-content\/uploads\/sites\/4\/2017\/03\/cropped-logo.png","width":115,"height":115,"caption":"Centro de Documentaci\u00f3n y Estudios del Pontificado de Juan Pablo II en Roma"},"image":{"@id":"https:\/\/jp2doc.pl\/es\/#\/schema\/logo\/image\/"}}]}},"_links":{"self":[{"href":"https:\/\/jp2doc.pl\/es\/wp-json\/wp\/v2\/pages\/177","targetHints":{"allow":["GET"]}}],"collection":[{"href":"https:\/\/jp2doc.pl\/es\/wp-json\/wp\/v2\/pages"}],"about":[{"href":"https:\/\/jp2doc.pl\/es\/wp-json\/wp\/v2\/types\/page"}],"author":[{"embeddable":true,"href":"https:\/\/jp2doc.pl\/es\/wp-json\/wp\/v2\/users\/2"}],"replies":[{"embeddable":true,"href":"https:\/\/jp2doc.pl\/es\/wp-json\/wp\/v2\/comments?post=177"}],"version-history":[{"count":2,"href":"https:\/\/jp2doc.pl\/es\/wp-json\/wp\/v2\/pages\/177\/revisions"}],"predecessor-version":[{"id":1074,"href":"https:\/\/jp2doc.pl\/es\/wp-json\/wp\/v2\/pages\/177\/revisions\/1074"}],"up":[{"embeddable":true,"href":"https:\/\/jp2doc.pl\/es\/wp-json\/wp\/v2\/pages\/78"}],"wp:attachment":[{"href":"https:\/\/jp2doc.pl\/es\/wp-json\/wp\/v2\/media?parent=177"}],"curies":[{"name":"wp","href":"https:\/\/api.w.org\/{rel}","templated":true}]}}