{"id":228,"date":"2017-03-24T15:42:29","date_gmt":"2017-03-24T14:42:29","guid":{"rendered":"http:\/\/jp2doc.pl\/?page_id=228"},"modified":"2017-04-19T11:06:57","modified_gmt":"2017-04-19T09:06:57","slug":"bibliografia-jpii","status":"publish","type":"page","link":"https:\/\/jp2doc.pl\/es\/studium\/bibliografia-jpii\/","title":{"rendered":"Bibliograf\u00eda"},"content":{"rendered":"<p>La bibliograf\u00eda polaca recoge documentos y discursos de Juan Pablo II y obras publicadas sobre \u00e9l en Polonia; tambi\u00e9n en lenguas extranjeras.<\/p>\n<p>Esta base de datos no contempla los Polonica, a excepci\u00f3n de los trabajos cuyas cr\u00edticas hayan sido publicadas en Polonia. Registra los escritos independientemente de sus caracter\u00edsticas formales y editoriales (publicaciones compactas y continuas, obras, fragmentos de textos, fotocopias, calendarios etc.) a excepci\u00f3n de la prensa diaria.<\/p>\n","protected":false},"excerpt":{"rendered":"<p>La bibliograf\u00eda polaca recoge documentos y discursos de Juan Pablo II y obras publicadas sobre \u00e9l en Polonia; tambi\u00e9n en lenguas extranjeras. Esta base de datos no contempla los Polonica, a excepci\u00f3n de los trabajos cuyas cr\u00edticas hayan sido publicadas en Polonia. Registra los escritos independientemente de sus caracter\u00edsticas formales y editoriales (publicaciones compactas y [&hellip;]<\/p>\n","protected":false},"author":2,"featured_media":0,"parent":211,"menu_order":0,"comment_status":"closed","ping_status":"closed","template":"","meta":{"_acf_changed":false,"_exactmetrics_skip_tracking":false,"_exactmetrics_sitenote_active":false,"_exactmetrics_sitenote_note":"","_exactmetrics_sitenote_category":0,"footnotes":""},"class_list":["post-228","page","type-page","status-publish","hentry"],"acf":[],"yoast_head":"<!-- This site is optimized with the Yoast SEO plugin v26.2 - https:\/\/yoast.com\/wordpress\/plugins\/seo\/ -->\n<title>Bibliograf\u00eda - Centro de Documentaci\u00f3n y Estudios del Pontificado de Juan Pablo II en Roma<\/title>\n<meta name=\"robots\" content=\"index, follow, max-snippet:-1, max-image-preview:large, max-video-preview:-1\" \/>\n<link rel=\"canonical\" href=\"https:\/\/jp2doc.pl\/es\/studium\/bibliografia-jpii\/\" \/>\n<meta property=\"og:locale\" content=\"es_ES\" \/>\n<meta property=\"og:type\" content=\"article\" \/>\n<meta property=\"og:title\" content=\"Bibliograf\u00eda - Centro de Documentaci\u00f3n y Estudios del Pontificado de Juan Pablo II en Roma\" \/>\n<meta property=\"og:description\" content=\"La bibliograf\u00eda polaca recoge documentos y discursos de Juan Pablo II y obras publicadas sobre \u00e9l en Polonia; tambi\u00e9n en lenguas extranjeras. Esta base de datos no contempla los Polonica, a excepci\u00f3n de los trabajos cuyas cr\u00edticas hayan sido publicadas en Polonia. Registra los escritos independientemente de sus caracter\u00edsticas formales y editoriales (publicaciones compactas y [&hellip;]\" \/>\n<meta property=\"og:url\" content=\"https:\/\/jp2doc.pl\/es\/studium\/bibliografia-jpii\/\" \/>\n<meta property=\"og:site_name\" content=\"Centro de Documentaci\u00f3n y Estudios del Pontificado de Juan Pablo II en Roma\" \/>\n<meta property=\"article:modified_time\" content=\"2017-04-19T09:06:57+00:00\" \/>\n<meta name=\"twitter:card\" content=\"summary_large_image\" \/>\n<script type=\"application\/ld+json\" class=\"yoast-schema-graph\">{\"@context\":\"https:\/\/schema.org\",\"@graph\":[{\"@type\":\"WebPage\",\"@id\":\"https:\/\/jp2doc.pl\/es\/studium\/bibliografia-jpii\/\",\"url\":\"https:\/\/jp2doc.pl\/es\/studium\/bibliografia-jpii\/\",\"name\":\"Bibliograf\u00eda - Centro de Documentaci\u00f3n y Estudios del Pontificado de Juan Pablo II en Roma\",\"isPartOf\":{\"@id\":\"https:\/\/jp2doc.pl\/es\/#website\"},\"datePublished\":\"2017-03-24T14:42:29+00:00\",\"dateModified\":\"2017-04-19T09:06:57+00:00\",\"breadcrumb\":{\"@id\":\"https:\/\/jp2doc.pl\/es\/studium\/bibliografia-jpii\/#breadcrumb\"},\"inLanguage\":\"es\",\"potentialAction\":[{\"@type\":\"ReadAction\",\"target\":[\"https:\/\/jp2doc.pl\/es\/studium\/bibliografia-jpii\/\"]}]},{\"@type\":\"BreadcrumbList\",\"@id\":\"https:\/\/jp2doc.pl\/es\/studium\/bibliografia-jpii\/#breadcrumb\",\"itemListElement\":[{\"@type\":\"ListItem\",\"position\":1,\"name\":\"Home\",\"item\":\"https:\/\/jp2doc.pl\/es\/\"},{\"@type\":\"ListItem\",\"position\":2,\"name\":\"Studium\",\"item\":\"https:\/\/jp2doc.pl\/es\/studium\/\"},{\"@type\":\"ListItem\",\"position\":3,\"name\":\"Bibliograf\u00eda\"}]},{\"@type\":\"WebSite\",\"@id\":\"https:\/\/jp2doc.pl\/es\/#website\",\"url\":\"https:\/\/jp2doc.pl\/es\/\",\"name\":\"Centro de Documentaci\u00f3n y Estudios del Pontificado de Juan Pablo II en Roma\",\"description\":\"\",\"publisher\":{\"@id\":\"https:\/\/jp2doc.pl\/es\/#organization\"},\"potentialAction\":[{\"@type\":\"SearchAction\",\"target\":{\"@type\":\"EntryPoint\",\"urlTemplate\":\"https:\/\/jp2doc.pl\/es\/?s={search_term_string}\"},\"query-input\":{\"@type\":\"PropertyValueSpecification\",\"valueRequired\":true,\"valueName\":\"search_term_string\"}}],\"inLanguage\":\"es\"},{\"@type\":\"Organization\",\"@id\":\"https:\/\/jp2doc.pl\/es\/#organization\",\"name\":\"Centro de Documentaci\u00f3n y Estudios del Pontificado de Juan Pablo II en Roma\",\"url\":\"https:\/\/jp2doc.pl\/es\/\",\"logo\":{\"@type\":\"ImageObject\",\"inLanguage\":\"es\",\"@id\":\"https:\/\/jp2doc.pl\/es\/#\/schema\/logo\/image\/\",\"url\":\"https:\/\/jp2doc.pl\/es\/wp-content\/uploads\/sites\/4\/2017\/03\/cropped-logo.png\",\"contentUrl\":\"https:\/\/jp2doc.pl\/es\/wp-content\/uploads\/sites\/4\/2017\/03\/cropped-logo.png\",\"width\":115,\"height\":115,\"caption\":\"Centro de Documentaci\u00f3n y Estudios del Pontificado de Juan Pablo II en Roma\"},\"image\":{\"@id\":\"https:\/\/jp2doc.pl\/es\/#\/schema\/logo\/image\/\"}}]}<\/script>\n<!-- \/ Yoast SEO plugin. -->","yoast_head_json":{"title":"Bibliograf\u00eda - Centro de Documentaci\u00f3n y Estudios del Pontificado de Juan Pablo II en Roma","robots":{"index":"index","follow":"follow","max-snippet":"max-snippet:-1","max-image-preview":"max-image-preview:large","max-video-preview":"max-video-preview:-1"},"canonical":"https:\/\/jp2doc.pl\/es\/studium\/bibliografia-jpii\/","og_locale":"es_ES","og_type":"article","og_title":"Bibliograf\u00eda - Centro de Documentaci\u00f3n y Estudios del Pontificado de Juan Pablo II en Roma","og_description":"La bibliograf\u00eda polaca recoge documentos y discursos de Juan Pablo II y obras publicadas sobre \u00e9l en Polonia; tambi\u00e9n en lenguas extranjeras. Esta base de datos no contempla los Polonica, a excepci\u00f3n de los trabajos cuyas cr\u00edticas hayan sido publicadas en Polonia. Registra los escritos independientemente de sus caracter\u00edsticas formales y editoriales (publicaciones compactas y [&hellip;]","og_url":"https:\/\/jp2doc.pl\/es\/studium\/bibliografia-jpii\/","og_site_name":"Centro de Documentaci\u00f3n y Estudios del Pontificado de Juan Pablo II en Roma","article_modified_time":"2017-04-19T09:06:57+00:00","twitter_card":"summary_large_image","schema":{"@context":"https:\/\/schema.org","@graph":[{"@type":"WebPage","@id":"https:\/\/jp2doc.pl\/es\/studium\/bibliografia-jpii\/","url":"https:\/\/jp2doc.pl\/es\/studium\/bibliografia-jpii\/","name":"Bibliograf\u00eda - Centro de Documentaci\u00f3n y Estudios del Pontificado de Juan Pablo II en Roma","isPartOf":{"@id":"https:\/\/jp2doc.pl\/es\/#website"},"datePublished":"2017-03-24T14:42:29+00:00","dateModified":"2017-04-19T09:06:57+00:00","breadcrumb":{"@id":"https:\/\/jp2doc.pl\/es\/studium\/bibliografia-jpii\/#breadcrumb"},"inLanguage":"es","potentialAction":[{"@type":"ReadAction","target":["https:\/\/jp2doc.pl\/es\/studium\/bibliografia-jpii\/"]}]},{"@type":"BreadcrumbList","@id":"https:\/\/jp2doc.pl\/es\/studium\/bibliografia-jpii\/#breadcrumb","itemListElement":[{"@type":"ListItem","position":1,"name":"Home","item":"https:\/\/jp2doc.pl\/es\/"},{"@type":"ListItem","position":2,"name":"Studium","item":"https:\/\/jp2doc.pl\/es\/studium\/"},{"@type":"ListItem","position":3,"name":"Bibliograf\u00eda"}]},{"@type":"WebSite","@id":"https:\/\/jp2doc.pl\/es\/#website","url":"https:\/\/jp2doc.pl\/es\/","name":"Centro de Documentaci\u00f3n y Estudios del Pontificado de Juan Pablo II en Roma","description":"","publisher":{"@id":"https:\/\/jp2doc.pl\/es\/#organization"},"potentialAction":[{"@type":"SearchAction","target":{"@type":"EntryPoint","urlTemplate":"https:\/\/jp2doc.pl\/es\/?s={search_term_string}"},"query-input":{"@type":"PropertyValueSpecification","valueRequired":true,"valueName":"search_term_string"}}],"inLanguage":"es"},{"@type":"Organization","@id":"https:\/\/jp2doc.pl\/es\/#organization","name":"Centro de Documentaci\u00f3n y Estudios del Pontificado de Juan Pablo II en Roma","url":"https:\/\/jp2doc.pl\/es\/","logo":{"@type":"ImageObject","inLanguage":"es","@id":"https:\/\/jp2doc.pl\/es\/#\/schema\/logo\/image\/","url":"https:\/\/jp2doc.pl\/es\/wp-content\/uploads\/sites\/4\/2017\/03\/cropped-logo.png","contentUrl":"https:\/\/jp2doc.pl\/es\/wp-content\/uploads\/sites\/4\/2017\/03\/cropped-logo.png","width":115,"height":115,"caption":"Centro de Documentaci\u00f3n y Estudios del Pontificado de Juan Pablo II en Roma"},"image":{"@id":"https:\/\/jp2doc.pl\/es\/#\/schema\/logo\/image\/"}}]}},"_links":{"self":[{"href":"https:\/\/jp2doc.pl\/es\/wp-json\/wp\/v2\/pages\/228","targetHints":{"allow":["GET"]}}],"collection":[{"href":"https:\/\/jp2doc.pl\/es\/wp-json\/wp\/v2\/pages"}],"about":[{"href":"https:\/\/jp2doc.pl\/es\/wp-json\/wp\/v2\/types\/page"}],"author":[{"embeddable":true,"href":"https:\/\/jp2doc.pl\/es\/wp-json\/wp\/v2\/users\/2"}],"replies":[{"embeddable":true,"href":"https:\/\/jp2doc.pl\/es\/wp-json\/wp\/v2\/comments?post=228"}],"version-history":[{"count":1,"href":"https:\/\/jp2doc.pl\/es\/wp-json\/wp\/v2\/pages\/228\/revisions"}],"predecessor-version":[{"id":1062,"href":"https:\/\/jp2doc.pl\/es\/wp-json\/wp\/v2\/pages\/228\/revisions\/1062"}],"up":[{"embeddable":true,"href":"https:\/\/jp2doc.pl\/es\/wp-json\/wp\/v2\/pages\/211"}],"wp:attachment":[{"href":"https:\/\/jp2doc.pl\/es\/wp-json\/wp\/v2\/media?parent=228"}],"curies":[{"name":"wp","href":"https:\/\/api.w.org\/{rel}","templated":true}]}}