{"id":242,"date":"2017-03-27T10:41:47","date_gmt":"2017-03-27T08:41:47","guid":{"rendered":"http:\/\/jp2doc.pl\/?page_id=242"},"modified":"2017-04-26T11:56:13","modified_gmt":"2017-04-26T09:56:13","slug":"katalog-biblioteczny","status":"publish","type":"page","link":"https:\/\/jp2doc.pl\/es\/biblioteca\/katalog-biblioteczny\/","title":{"rendered":"Cat\u00e1logo"},"content":{"rendered":"<p>Se han facilitado dos modos de realizar la b\u00fasqueda:<\/p>\n<p>El primero (a trav\u00e9s del programa ProCite), contiene todos los libros del Centro con una breve descripci\u00f3n bibliogr\u00e1fica.<\/p>\n<p>El segundo (a trav\u00e9s del programa Virtua), no contiene todav\u00eda todos los libros del Centro (el cat\u00e1logo est\u00e1 en proceso de actualizaci\u00f3n)\u00a0 ofrecer\u00e1 una descripci\u00f3n bibliogr\u00e1fica m\u00e1s exhaustiva.<\/p>\n<p><a href=\"http:\/\/jp2doc.pl\/wp-content\/uploads\/2017\/03\/Ksie\u0328gozbio\u0301r1-e1490604068625.jpg\"><img loading=\"lazy\" decoding=\"async\" width=\"1200\" height=\"600\" class=\"alignnone wp-image-243 size-full\" src=\"http:\/\/jp2doc.pl\/wp-content\/uploads\/2017\/03\/Ksie\u0328gozbio\u0301r1-e1490604068625.jpg\" alt=\"\" srcset=\"https:\/\/jp2doc.pl\/es\/wp-content\/uploads\/sites\/4\/2017\/03\/Ksie\u0328gozbio\u0301r1-e1490604068625.jpg 1200w, https:\/\/jp2doc.pl\/es\/wp-content\/uploads\/sites\/4\/2017\/03\/Ksie\u0328gozbio\u0301r1-e1490604068625-640x320.jpg 640w, https:\/\/jp2doc.pl\/es\/wp-content\/uploads\/sites\/4\/2017\/03\/Ksie\u0328gozbio\u0301r1-e1490604068625-768x384.jpg 768w, https:\/\/jp2doc.pl\/es\/wp-content\/uploads\/sites\/4\/2017\/03\/Ksie\u0328gozbio\u0301r1-e1490604068625-1024x512.jpg 1024w\" sizes=\"auto, (max-width: 1200px) 100vw, 1200px\" \/><\/a><\/p>\n","protected":false},"excerpt":{"rendered":"<p>Se han facilitado dos modos de realizar la b\u00fasqueda: El primero (a trav\u00e9s del programa ProCite), contiene todos los libros del Centro con una breve descripci\u00f3n bibliogr\u00e1fica. El segundo (a trav\u00e9s del programa Virtua), no contiene todav\u00eda todos los libros del Centro (el cat\u00e1logo est\u00e1 en proceso de actualizaci\u00f3n)\u00a0 ofrecer\u00e1 una descripci\u00f3n bibliogr\u00e1fica m\u00e1s exhaustiva.<\/p>\n","protected":false},"author":2,"featured_media":0,"parent":234,"menu_order":0,"comment_status":"closed","ping_status":"closed","template":"","meta":{"_acf_changed":false,"_exactmetrics_skip_tracking":false,"_exactmetrics_sitenote_active":false,"_exactmetrics_sitenote_note":"","_exactmetrics_sitenote_category":0,"footnotes":""},"class_list":["post-242","page","type-page","status-publish","hentry"],"acf":[],"yoast_head":"<!-- This site is optimized with the Yoast SEO plugin v26.2 - https:\/\/yoast.com\/wordpress\/plugins\/seo\/ -->\n<title>Cat\u00e1logo - Centro de Documentaci\u00f3n y Estudios del Pontificado de Juan Pablo II en Roma<\/title>\n<meta name=\"robots\" content=\"index, follow, max-snippet:-1, max-image-preview:large, max-video-preview:-1\" \/>\n<link rel=\"canonical\" href=\"https:\/\/jp2doc.pl\/es\/biblioteca\/katalog-biblioteczny\/\" \/>\n<meta property=\"og:locale\" content=\"es_ES\" \/>\n<meta property=\"og:type\" content=\"article\" \/>\n<meta property=\"og:title\" content=\"Cat\u00e1logo - Centro de Documentaci\u00f3n y Estudios del Pontificado de Juan Pablo II en Roma\" \/>\n<meta property=\"og:description\" content=\"Se han facilitado dos modos de realizar la b\u00fasqueda: El primero (a trav\u00e9s del programa ProCite), contiene todos los libros del Centro con una breve descripci\u00f3n bibliogr\u00e1fica. El segundo (a trav\u00e9s del programa Virtua), no contiene todav\u00eda todos los libros del Centro (el cat\u00e1logo est\u00e1 en proceso de actualizaci\u00f3n)\u00a0 ofrecer\u00e1 una descripci\u00f3n bibliogr\u00e1fica m\u00e1s exhaustiva.\" \/>\n<meta property=\"og:url\" content=\"https:\/\/jp2doc.pl\/es\/biblioteca\/katalog-biblioteczny\/\" \/>\n<meta property=\"og:site_name\" content=\"Centro de Documentaci\u00f3n y Estudios del Pontificado de Juan Pablo II en Roma\" \/>\n<meta property=\"article:modified_time\" content=\"2017-04-26T09:56:13+00:00\" \/>\n<meta name=\"twitter:card\" content=\"summary_large_image\" \/>\n<script type=\"application\/ld+json\" class=\"yoast-schema-graph\">{\"@context\":\"https:\/\/schema.org\",\"@graph\":[{\"@type\":\"WebPage\",\"@id\":\"https:\/\/jp2doc.pl\/es\/biblioteca\/katalog-biblioteczny\/\",\"url\":\"https:\/\/jp2doc.pl\/es\/biblioteca\/katalog-biblioteczny\/\",\"name\":\"Cat\u00e1logo - Centro de Documentaci\u00f3n y Estudios del Pontificado de Juan Pablo II en Roma\",\"isPartOf\":{\"@id\":\"https:\/\/jp2doc.pl\/es\/#website\"},\"datePublished\":\"2017-03-27T08:41:47+00:00\",\"dateModified\":\"2017-04-26T09:56:13+00:00\",\"breadcrumb\":{\"@id\":\"https:\/\/jp2doc.pl\/es\/biblioteca\/katalog-biblioteczny\/#breadcrumb\"},\"inLanguage\":\"es\",\"potentialAction\":[{\"@type\":\"ReadAction\",\"target\":[\"https:\/\/jp2doc.pl\/es\/biblioteca\/katalog-biblioteczny\/\"]}]},{\"@type\":\"BreadcrumbList\",\"@id\":\"https:\/\/jp2doc.pl\/es\/biblioteca\/katalog-biblioteczny\/#breadcrumb\",\"itemListElement\":[{\"@type\":\"ListItem\",\"position\":1,\"name\":\"Home\",\"item\":\"https:\/\/jp2doc.pl\/es\/\"},{\"@type\":\"ListItem\",\"position\":2,\"name\":\"La Biblioteca\",\"item\":\"https:\/\/jp2doc.pl\/es\/biblioteca\/\"},{\"@type\":\"ListItem\",\"position\":3,\"name\":\"Cat\u00e1logo\"}]},{\"@type\":\"WebSite\",\"@id\":\"https:\/\/jp2doc.pl\/es\/#website\",\"url\":\"https:\/\/jp2doc.pl\/es\/\",\"name\":\"Centro de Documentaci\u00f3n y Estudios del Pontificado de Juan Pablo II en Roma\",\"description\":\"\",\"publisher\":{\"@id\":\"https:\/\/jp2doc.pl\/es\/#organization\"},\"potentialAction\":[{\"@type\":\"SearchAction\",\"target\":{\"@type\":\"EntryPoint\",\"urlTemplate\":\"https:\/\/jp2doc.pl\/es\/?s={search_term_string}\"},\"query-input\":{\"@type\":\"PropertyValueSpecification\",\"valueRequired\":true,\"valueName\":\"search_term_string\"}}],\"inLanguage\":\"es\"},{\"@type\":\"Organization\",\"@id\":\"https:\/\/jp2doc.pl\/es\/#organization\",\"name\":\"Centro de Documentaci\u00f3n y Estudios del Pontificado de Juan Pablo II en Roma\",\"url\":\"https:\/\/jp2doc.pl\/es\/\",\"logo\":{\"@type\":\"ImageObject\",\"inLanguage\":\"es\",\"@id\":\"https:\/\/jp2doc.pl\/es\/#\/schema\/logo\/image\/\",\"url\":\"https:\/\/jp2doc.pl\/es\/wp-content\/uploads\/sites\/4\/2017\/03\/cropped-logo.png\",\"contentUrl\":\"https:\/\/jp2doc.pl\/es\/wp-content\/uploads\/sites\/4\/2017\/03\/cropped-logo.png\",\"width\":115,\"height\":115,\"caption\":\"Centro de Documentaci\u00f3n y Estudios del Pontificado de Juan Pablo II en Roma\"},\"image\":{\"@id\":\"https:\/\/jp2doc.pl\/es\/#\/schema\/logo\/image\/\"}}]}<\/script>\n<!-- \/ Yoast SEO plugin. -->","yoast_head_json":{"title":"Cat\u00e1logo - Centro de Documentaci\u00f3n y Estudios del Pontificado de Juan Pablo II en Roma","robots":{"index":"index","follow":"follow","max-snippet":"max-snippet:-1","max-image-preview":"max-image-preview:large","max-video-preview":"max-video-preview:-1"},"canonical":"https:\/\/jp2doc.pl\/es\/biblioteca\/katalog-biblioteczny\/","og_locale":"es_ES","og_type":"article","og_title":"Cat\u00e1logo - Centro de Documentaci\u00f3n y Estudios del Pontificado de Juan Pablo II en Roma","og_description":"Se han facilitado dos modos de realizar la b\u00fasqueda: El primero (a trav\u00e9s del programa ProCite), contiene todos los libros del Centro con una breve descripci\u00f3n bibliogr\u00e1fica. El segundo (a trav\u00e9s del programa Virtua), no contiene todav\u00eda todos los libros del Centro (el cat\u00e1logo est\u00e1 en proceso de actualizaci\u00f3n)\u00a0 ofrecer\u00e1 una descripci\u00f3n bibliogr\u00e1fica m\u00e1s exhaustiva.","og_url":"https:\/\/jp2doc.pl\/es\/biblioteca\/katalog-biblioteczny\/","og_site_name":"Centro de Documentaci\u00f3n y Estudios del Pontificado de Juan Pablo II en Roma","article_modified_time":"2017-04-26T09:56:13+00:00","twitter_card":"summary_large_image","schema":{"@context":"https:\/\/schema.org","@graph":[{"@type":"WebPage","@id":"https:\/\/jp2doc.pl\/es\/biblioteca\/katalog-biblioteczny\/","url":"https:\/\/jp2doc.pl\/es\/biblioteca\/katalog-biblioteczny\/","name":"Cat\u00e1logo - Centro de Documentaci\u00f3n y Estudios del Pontificado de Juan Pablo II en Roma","isPartOf":{"@id":"https:\/\/jp2doc.pl\/es\/#website"},"datePublished":"2017-03-27T08:41:47+00:00","dateModified":"2017-04-26T09:56:13+00:00","breadcrumb":{"@id":"https:\/\/jp2doc.pl\/es\/biblioteca\/katalog-biblioteczny\/#breadcrumb"},"inLanguage":"es","potentialAction":[{"@type":"ReadAction","target":["https:\/\/jp2doc.pl\/es\/biblioteca\/katalog-biblioteczny\/"]}]},{"@type":"BreadcrumbList","@id":"https:\/\/jp2doc.pl\/es\/biblioteca\/katalog-biblioteczny\/#breadcrumb","itemListElement":[{"@type":"ListItem","position":1,"name":"Home","item":"https:\/\/jp2doc.pl\/es\/"},{"@type":"ListItem","position":2,"name":"La Biblioteca","item":"https:\/\/jp2doc.pl\/es\/biblioteca\/"},{"@type":"ListItem","position":3,"name":"Cat\u00e1logo"}]},{"@type":"WebSite","@id":"https:\/\/jp2doc.pl\/es\/#website","url":"https:\/\/jp2doc.pl\/es\/","name":"Centro de Documentaci\u00f3n y Estudios del Pontificado de Juan Pablo II en Roma","description":"","publisher":{"@id":"https:\/\/jp2doc.pl\/es\/#organization"},"potentialAction":[{"@type":"SearchAction","target":{"@type":"EntryPoint","urlTemplate":"https:\/\/jp2doc.pl\/es\/?s={search_term_string}"},"query-input":{"@type":"PropertyValueSpecification","valueRequired":true,"valueName":"search_term_string"}}],"inLanguage":"es"},{"@type":"Organization","@id":"https:\/\/jp2doc.pl\/es\/#organization","name":"Centro de Documentaci\u00f3n y Estudios del Pontificado de Juan Pablo II en Roma","url":"https:\/\/jp2doc.pl\/es\/","logo":{"@type":"ImageObject","inLanguage":"es","@id":"https:\/\/jp2doc.pl\/es\/#\/schema\/logo\/image\/","url":"https:\/\/jp2doc.pl\/es\/wp-content\/uploads\/sites\/4\/2017\/03\/cropped-logo.png","contentUrl":"https:\/\/jp2doc.pl\/es\/wp-content\/uploads\/sites\/4\/2017\/03\/cropped-logo.png","width":115,"height":115,"caption":"Centro de Documentaci\u00f3n y Estudios del Pontificado de Juan Pablo II en Roma"},"image":{"@id":"https:\/\/jp2doc.pl\/es\/#\/schema\/logo\/image\/"}}]}},"_links":{"self":[{"href":"https:\/\/jp2doc.pl\/es\/wp-json\/wp\/v2\/pages\/242","targetHints":{"allow":["GET"]}}],"collection":[{"href":"https:\/\/jp2doc.pl\/es\/wp-json\/wp\/v2\/pages"}],"about":[{"href":"https:\/\/jp2doc.pl\/es\/wp-json\/wp\/v2\/types\/page"}],"author":[{"embeddable":true,"href":"https:\/\/jp2doc.pl\/es\/wp-json\/wp\/v2\/users\/2"}],"replies":[{"embeddable":true,"href":"https:\/\/jp2doc.pl\/es\/wp-json\/wp\/v2\/comments?post=242"}],"version-history":[{"count":6,"href":"https:\/\/jp2doc.pl\/es\/wp-json\/wp\/v2\/pages\/242\/revisions"}],"predecessor-version":[{"id":1171,"href":"https:\/\/jp2doc.pl\/es\/wp-json\/wp\/v2\/pages\/242\/revisions\/1171"}],"up":[{"embeddable":true,"href":"https:\/\/jp2doc.pl\/es\/wp-json\/wp\/v2\/pages\/234"}],"wp:attachment":[{"href":"https:\/\/jp2doc.pl\/es\/wp-json\/wp\/v2\/media?parent=242"}],"curies":[{"name":"wp","href":"https:\/\/api.w.org\/{rel}","templated":true}]}}