{"id":263,"date":"2017-03-27T11:29:05","date_gmt":"2017-03-27T09:29:05","guid":{"rendered":"http:\/\/jp2doc.pl\/?page_id=263"},"modified":"2017-04-19T09:26:21","modified_gmt":"2017-04-19T07:26:21","slug":"rassegna-stampa","status":"publish","type":"page","link":"https:\/\/jp2doc.pl\/es\/archiwum\/rassegna-stampa\/","title":{"rendered":"Rassegna Stampa"},"content":{"rendered":"<p>El Centro conserva los res\u00famenes de la prensa diaria preparados por la Secretar\u00eda de Estado para el Santo Padre para su lectura diaria.<br \/>\nLa base de datos, abajo indicada, contiene la relaci\u00f3n de los art\u00edculos preparados para el Santo Padre para la lectura diaria. Los t\u00edtulos han sido introducidos en la base de datos en los idiomas originales.<\/p>\n<p><a href=\"http:\/\/jp2doc.pl\/wp-content\/uploads\/2017\/03\/rassegna-e1490696605537.jpg\"><img loading=\"lazy\" decoding=\"async\" width=\"1200\" height=\"600\" class=\"aligncenter wp-image-518 size-full\" src=\"http:\/\/jp2doc.pl\/wp-content\/uploads\/2017\/03\/rassegna-e1490696605537.jpg\" alt=\"\" srcset=\"https:\/\/jp2doc.pl\/es\/wp-content\/uploads\/sites\/4\/2017\/03\/rassegna-e1490696605537.jpg 1200w, https:\/\/jp2doc.pl\/es\/wp-content\/uploads\/sites\/4\/2017\/03\/rassegna-e1490696605537-640x320.jpg 640w, https:\/\/jp2doc.pl\/es\/wp-content\/uploads\/sites\/4\/2017\/03\/rassegna-e1490696605537-768x384.jpg 768w, https:\/\/jp2doc.pl\/es\/wp-content\/uploads\/sites\/4\/2017\/03\/rassegna-e1490696605537-1024x512.jpg 1024w\" sizes=\"auto, (max-width: 1200px) 100vw, 1200px\" \/><\/a><\/p>\n","protected":false},"excerpt":{"rendered":"<p>El Centro conserva los res\u00famenes de la prensa diaria preparados por la Secretar\u00eda de Estado para el Santo Padre para su lectura diaria. La base de datos, abajo indicada, contiene la relaci\u00f3n de los art\u00edculos preparados para el Santo Padre para la lectura diaria. Los t\u00edtulos han sido introducidos en la base de datos en [&hellip;]<\/p>\n","protected":false},"author":2,"featured_media":0,"parent":249,"menu_order":0,"comment_status":"closed","ping_status":"closed","template":"","meta":{"_acf_changed":false,"_exactmetrics_skip_tracking":false,"_exactmetrics_sitenote_active":false,"_exactmetrics_sitenote_note":"","_exactmetrics_sitenote_category":0,"footnotes":""},"class_list":["post-263","page","type-page","status-publish","hentry"],"acf":[],"yoast_head":"<!-- This site is optimized with the Yoast SEO plugin v26.2 - https:\/\/yoast.com\/wordpress\/plugins\/seo\/ -->\n<title>Rassegna Stampa - Centro de Documentaci\u00f3n y Estudios del Pontificado de Juan Pablo II en Roma<\/title>\n<meta name=\"robots\" content=\"index, follow, max-snippet:-1, max-image-preview:large, max-video-preview:-1\" \/>\n<link rel=\"canonical\" href=\"https:\/\/jp2doc.pl\/es\/archiwum\/rassegna-stampa\/\" \/>\n<meta property=\"og:locale\" content=\"es_ES\" \/>\n<meta property=\"og:type\" content=\"article\" \/>\n<meta property=\"og:title\" content=\"Rassegna Stampa - Centro de Documentaci\u00f3n y Estudios del Pontificado de Juan Pablo II en Roma\" \/>\n<meta property=\"og:description\" content=\"El Centro conserva los res\u00famenes de la prensa diaria preparados por la Secretar\u00eda de Estado para el Santo Padre para su lectura diaria. La base de datos, abajo indicada, contiene la relaci\u00f3n de los art\u00edculos preparados para el Santo Padre para la lectura diaria. Los t\u00edtulos han sido introducidos en la base de datos en [&hellip;]\" \/>\n<meta property=\"og:url\" content=\"https:\/\/jp2doc.pl\/es\/archiwum\/rassegna-stampa\/\" \/>\n<meta property=\"og:site_name\" content=\"Centro de Documentaci\u00f3n y Estudios del Pontificado de Juan Pablo II en Roma\" \/>\n<meta property=\"article:modified_time\" content=\"2017-04-19T07:26:21+00:00\" \/>\n<meta property=\"og:image\" content=\"http:\/\/jp2doc.pl\/wp-content\/uploads\/2017\/03\/rassegna-e1490696605537.jpg\" \/>\n<meta name=\"twitter:card\" content=\"summary_large_image\" \/>\n<script type=\"application\/ld+json\" class=\"yoast-schema-graph\">{\"@context\":\"https:\/\/schema.org\",\"@graph\":[{\"@type\":\"WebPage\",\"@id\":\"https:\/\/jp2doc.pl\/es\/archiwum\/rassegna-stampa\/\",\"url\":\"https:\/\/jp2doc.pl\/es\/archiwum\/rassegna-stampa\/\",\"name\":\"Rassegna Stampa - Centro de Documentaci\u00f3n y Estudios del Pontificado de Juan Pablo II en Roma\",\"isPartOf\":{\"@id\":\"https:\/\/jp2doc.pl\/es\/#website\"},\"primaryImageOfPage\":{\"@id\":\"https:\/\/jp2doc.pl\/es\/archiwum\/rassegna-stampa\/#primaryimage\"},\"image\":{\"@id\":\"https:\/\/jp2doc.pl\/es\/archiwum\/rassegna-stampa\/#primaryimage\"},\"thumbnailUrl\":\"http:\/\/jp2doc.pl\/wp-content\/uploads\/2017\/03\/rassegna-e1490696605537.jpg\",\"datePublished\":\"2017-03-27T09:29:05+00:00\",\"dateModified\":\"2017-04-19T07:26:21+00:00\",\"breadcrumb\":{\"@id\":\"https:\/\/jp2doc.pl\/es\/archiwum\/rassegna-stampa\/#breadcrumb\"},\"inLanguage\":\"es\",\"potentialAction\":[{\"@type\":\"ReadAction\",\"target\":[\"https:\/\/jp2doc.pl\/es\/archiwum\/rassegna-stampa\/\"]}]},{\"@type\":\"ImageObject\",\"inLanguage\":\"es\",\"@id\":\"https:\/\/jp2doc.pl\/es\/archiwum\/rassegna-stampa\/#primaryimage\",\"url\":\"http:\/\/jp2doc.pl\/wp-content\/uploads\/2017\/03\/rassegna-e1490696605537.jpg\",\"contentUrl\":\"http:\/\/jp2doc.pl\/wp-content\/uploads\/2017\/03\/rassegna-e1490696605537.jpg\"},{\"@type\":\"BreadcrumbList\",\"@id\":\"https:\/\/jp2doc.pl\/es\/archiwum\/rassegna-stampa\/#breadcrumb\",\"itemListElement\":[{\"@type\":\"ListItem\",\"position\":1,\"name\":\"Home\",\"item\":\"https:\/\/jp2doc.pl\/es\/\"},{\"@type\":\"ListItem\",\"position\":2,\"name\":\"Archivo\",\"item\":\"https:\/\/jp2doc.pl\/es\/archiwum\/\"},{\"@type\":\"ListItem\",\"position\":3,\"name\":\"Rassegna Stampa\"}]},{\"@type\":\"WebSite\",\"@id\":\"https:\/\/jp2doc.pl\/es\/#website\",\"url\":\"https:\/\/jp2doc.pl\/es\/\",\"name\":\"Centro de Documentaci\u00f3n y Estudios del Pontificado de Juan Pablo II en Roma\",\"description\":\"\",\"publisher\":{\"@id\":\"https:\/\/jp2doc.pl\/es\/#organization\"},\"potentialAction\":[{\"@type\":\"SearchAction\",\"target\":{\"@type\":\"EntryPoint\",\"urlTemplate\":\"https:\/\/jp2doc.pl\/es\/?s={search_term_string}\"},\"query-input\":{\"@type\":\"PropertyValueSpecification\",\"valueRequired\":true,\"valueName\":\"search_term_string\"}}],\"inLanguage\":\"es\"},{\"@type\":\"Organization\",\"@id\":\"https:\/\/jp2doc.pl\/es\/#organization\",\"name\":\"Centro de Documentaci\u00f3n y Estudios del Pontificado de Juan Pablo II en Roma\",\"url\":\"https:\/\/jp2doc.pl\/es\/\",\"logo\":{\"@type\":\"ImageObject\",\"inLanguage\":\"es\",\"@id\":\"https:\/\/jp2doc.pl\/es\/#\/schema\/logo\/image\/\",\"url\":\"https:\/\/jp2doc.pl\/es\/wp-content\/uploads\/sites\/4\/2017\/03\/cropped-logo.png\",\"contentUrl\":\"https:\/\/jp2doc.pl\/es\/wp-content\/uploads\/sites\/4\/2017\/03\/cropped-logo.png\",\"width\":115,\"height\":115,\"caption\":\"Centro de Documentaci\u00f3n y Estudios del Pontificado de Juan Pablo II en Roma\"},\"image\":{\"@id\":\"https:\/\/jp2doc.pl\/es\/#\/schema\/logo\/image\/\"}}]}<\/script>\n<!-- \/ Yoast SEO plugin. -->","yoast_head_json":{"title":"Rassegna Stampa - Centro de Documentaci\u00f3n y Estudios del Pontificado de Juan Pablo II en Roma","robots":{"index":"index","follow":"follow","max-snippet":"max-snippet:-1","max-image-preview":"max-image-preview:large","max-video-preview":"max-video-preview:-1"},"canonical":"https:\/\/jp2doc.pl\/es\/archiwum\/rassegna-stampa\/","og_locale":"es_ES","og_type":"article","og_title":"Rassegna Stampa - Centro de Documentaci\u00f3n y Estudios del Pontificado de Juan Pablo II en Roma","og_description":"El Centro conserva los res\u00famenes de la prensa diaria preparados por la Secretar\u00eda de Estado para el Santo Padre para su lectura diaria. La base de datos, abajo indicada, contiene la relaci\u00f3n de los art\u00edculos preparados para el Santo Padre para la lectura diaria. Los t\u00edtulos han sido introducidos en la base de datos en [&hellip;]","og_url":"https:\/\/jp2doc.pl\/es\/archiwum\/rassegna-stampa\/","og_site_name":"Centro de Documentaci\u00f3n y Estudios del Pontificado de Juan Pablo II en Roma","article_modified_time":"2017-04-19T07:26:21+00:00","og_image":[{"url":"http:\/\/jp2doc.pl\/wp-content\/uploads\/2017\/03\/rassegna-e1490696605537.jpg","type":"","width":"","height":""}],"twitter_card":"summary_large_image","schema":{"@context":"https:\/\/schema.org","@graph":[{"@type":"WebPage","@id":"https:\/\/jp2doc.pl\/es\/archiwum\/rassegna-stampa\/","url":"https:\/\/jp2doc.pl\/es\/archiwum\/rassegna-stampa\/","name":"Rassegna Stampa - Centro de Documentaci\u00f3n y Estudios del Pontificado de Juan Pablo II en Roma","isPartOf":{"@id":"https:\/\/jp2doc.pl\/es\/#website"},"primaryImageOfPage":{"@id":"https:\/\/jp2doc.pl\/es\/archiwum\/rassegna-stampa\/#primaryimage"},"image":{"@id":"https:\/\/jp2doc.pl\/es\/archiwum\/rassegna-stampa\/#primaryimage"},"thumbnailUrl":"http:\/\/jp2doc.pl\/wp-content\/uploads\/2017\/03\/rassegna-e1490696605537.jpg","datePublished":"2017-03-27T09:29:05+00:00","dateModified":"2017-04-19T07:26:21+00:00","breadcrumb":{"@id":"https:\/\/jp2doc.pl\/es\/archiwum\/rassegna-stampa\/#breadcrumb"},"inLanguage":"es","potentialAction":[{"@type":"ReadAction","target":["https:\/\/jp2doc.pl\/es\/archiwum\/rassegna-stampa\/"]}]},{"@type":"ImageObject","inLanguage":"es","@id":"https:\/\/jp2doc.pl\/es\/archiwum\/rassegna-stampa\/#primaryimage","url":"http:\/\/jp2doc.pl\/wp-content\/uploads\/2017\/03\/rassegna-e1490696605537.jpg","contentUrl":"http:\/\/jp2doc.pl\/wp-content\/uploads\/2017\/03\/rassegna-e1490696605537.jpg"},{"@type":"BreadcrumbList","@id":"https:\/\/jp2doc.pl\/es\/archiwum\/rassegna-stampa\/#breadcrumb","itemListElement":[{"@type":"ListItem","position":1,"name":"Home","item":"https:\/\/jp2doc.pl\/es\/"},{"@type":"ListItem","position":2,"name":"Archivo","item":"https:\/\/jp2doc.pl\/es\/archiwum\/"},{"@type":"ListItem","position":3,"name":"Rassegna Stampa"}]},{"@type":"WebSite","@id":"https:\/\/jp2doc.pl\/es\/#website","url":"https:\/\/jp2doc.pl\/es\/","name":"Centro de Documentaci\u00f3n y Estudios del Pontificado de Juan Pablo II en Roma","description":"","publisher":{"@id":"https:\/\/jp2doc.pl\/es\/#organization"},"potentialAction":[{"@type":"SearchAction","target":{"@type":"EntryPoint","urlTemplate":"https:\/\/jp2doc.pl\/es\/?s={search_term_string}"},"query-input":{"@type":"PropertyValueSpecification","valueRequired":true,"valueName":"search_term_string"}}],"inLanguage":"es"},{"@type":"Organization","@id":"https:\/\/jp2doc.pl\/es\/#organization","name":"Centro de Documentaci\u00f3n y Estudios del Pontificado de Juan Pablo II en Roma","url":"https:\/\/jp2doc.pl\/es\/","logo":{"@type":"ImageObject","inLanguage":"es","@id":"https:\/\/jp2doc.pl\/es\/#\/schema\/logo\/image\/","url":"https:\/\/jp2doc.pl\/es\/wp-content\/uploads\/sites\/4\/2017\/03\/cropped-logo.png","contentUrl":"https:\/\/jp2doc.pl\/es\/wp-content\/uploads\/sites\/4\/2017\/03\/cropped-logo.png","width":115,"height":115,"caption":"Centro de Documentaci\u00f3n y Estudios del Pontificado de Juan Pablo II en Roma"},"image":{"@id":"https:\/\/jp2doc.pl\/es\/#\/schema\/logo\/image\/"}}]}},"_links":{"self":[{"href":"https:\/\/jp2doc.pl\/es\/wp-json\/wp\/v2\/pages\/263","targetHints":{"allow":["GET"]}}],"collection":[{"href":"https:\/\/jp2doc.pl\/es\/wp-json\/wp\/v2\/pages"}],"about":[{"href":"https:\/\/jp2doc.pl\/es\/wp-json\/wp\/v2\/types\/page"}],"author":[{"embeddable":true,"href":"https:\/\/jp2doc.pl\/es\/wp-json\/wp\/v2\/users\/2"}],"replies":[{"embeddable":true,"href":"https:\/\/jp2doc.pl\/es\/wp-json\/wp\/v2\/comments?post=263"}],"version-history":[{"count":1,"href":"https:\/\/jp2doc.pl\/es\/wp-json\/wp\/v2\/pages\/263\/revisions"}],"predecessor-version":[{"id":1059,"href":"https:\/\/jp2doc.pl\/es\/wp-json\/wp\/v2\/pages\/263\/revisions\/1059"}],"up":[{"embeddable":true,"href":"https:\/\/jp2doc.pl\/es\/wp-json\/wp\/v2\/pages\/249"}],"wp:attachment":[{"href":"https:\/\/jp2doc.pl\/es\/wp-json\/wp\/v2\/media?parent=263"}],"curies":[{"name":"wp","href":"https:\/\/api.w.org\/{rel}","templated":true}]}}