{"id":278,"date":"2017-03-27T12:07:17","date_gmt":"2017-03-27T10:07:17","guid":{"rendered":"http:\/\/jp2doc.pl\/?page_id=278"},"modified":"2017-04-25T14:20:57","modified_gmt":"2017-04-25T12:20:57","slug":"zbiory-muzealne","status":"publish","type":"page","link":"https:\/\/jp2doc.pl\/es\/zbiory-muzealne\/","title":{"rendered":"Colecciones museales"},"content":{"rendered":"<p>En la parte destinada al Museo se han reunido los objetos ofrecidos por los peregrinos a Juan Pablo II. Estos fondos han sido cedidos al Centro por el Vaticano.<br \/>\nLa colecci\u00f3n da testimonio del bien espiritual que fue aflorando a lo largo de los 27 a\u00f1os del pontificado. Muchas piezas poseen un alto valor hist\u00f3rico y art\u00edstico. Una parte notable de la exposici\u00f3n de cuadros, medallas y de otros recuerdos adorna las paredes de la Casa Polaca y se encuentra a la vista en las vitrinas.<\/p>\n<p>Hasta ahora, se han inventariado unos 20 mil objetos entre fotograf\u00edas, grabados, piezas de marqueter\u00eda, cartograf\u00eda, medallas, pinturas, metalister\u00eda, numism\u00e1tica, condecoraciones, objetos lit\u00fargicos, joyas, dibujos, esculturas, estandartes, tejidos y otros.<\/p>\n<p><a href=\"http:\/\/jp2doc.pl\/wp-content\/uploads\/2017\/03\/muzeum1-e1490609482419.jpg\"><img loading=\"lazy\" decoding=\"async\" width=\"1200\" height=\"600\" class=\"aligncenter wp-image-281 size-full\" src=\"http:\/\/jp2doc.pl\/wp-content\/uploads\/2017\/03\/muzeum1-e1490609482419.jpg\" alt=\"\" srcset=\"https:\/\/jp2doc.pl\/es\/wp-content\/uploads\/sites\/4\/2017\/03\/muzeum1-e1490609482419.jpg 1200w, https:\/\/jp2doc.pl\/es\/wp-content\/uploads\/sites\/4\/2017\/03\/muzeum1-e1490609482419-640x320.jpg 640w, https:\/\/jp2doc.pl\/es\/wp-content\/uploads\/sites\/4\/2017\/03\/muzeum1-e1490609482419-768x384.jpg 768w, https:\/\/jp2doc.pl\/es\/wp-content\/uploads\/sites\/4\/2017\/03\/muzeum1-e1490609482419-1024x512.jpg 1024w\" sizes=\"auto, (max-width: 1200px) 100vw, 1200px\" \/><\/a><\/p>\n<p>Un lugar destacado en la colecci\u00f3n del museo lo ocupan los testimonios del martirio de los polacos en el siglo XX. Son objetos que acompa\u00f1aron a los prisioneros en los campos de concentraci\u00f3n nazis y en los gulags sovi\u00e9ticos o a los soldados que combatieron por la libertad de Polonia.<\/p>\n<p>Representan un valor excepcional para el patrimonio cultural polaco los objetos-recuerdos de los reyes de Polonia y de personalidades relevantes de la cultura polaca. Son particularmente valiosos los libros antiguos, entre ellos, la Biblia Hebrea de 1543 y la segunda edici\u00f3n del Nuevo Testamento, en la traducci\u00f3n del padre Jakub Wujek de 1594; las cartas originales de los reyes Segismundo Augusto y Juan III Sobieski; una hoja extraviada del borrador de <em>Pan Tadeusz<\/em> de Adam Mickiewicz y, el \u00fanico borrador conservado del poema <em>Na sm\u0119tne wie\u015bci z Watykanu<\/em> de Cyprian Kamil Norwid.<\/p>\n<p><strong>Las colecciones est\u00e1n ordenadas y procesadas en formato de cat\u00e1logo electr\u00f3nico.<\/strong><\/p>\n<p>Presentamos algunas de ellas en las categor\u00edas indicadas al lado, Varios de los objetos tienen una historia muy curiosa.<\/p>\n<p>El Museo puede visitarse:<br \/>\nDe lunes a s\u00e1bado:<br \/>\nMa\u00f1ana: 9 -13,30<br \/>\nTarde: 16 -18,30<\/p>\n<p><strong>Existe la posibilidad de acordar otro horario de visita, previa notificaci\u00f3n y de solicitar una visita guiada.<\/strong><\/p>\n","protected":false},"excerpt":{"rendered":"<p>En la parte destinada al Museo se han reunido los objetos ofrecidos por los peregrinos a Juan Pablo II. Estos fondos han sido cedidos al Centro por el Vaticano. La colecci\u00f3n da testimonio del bien espiritual que fue aflorando a lo largo de los 27 a\u00f1os del pontificado. Muchas piezas poseen un alto valor hist\u00f3rico [&hellip;]<\/p>\n","protected":false},"author":2,"featured_media":0,"parent":0,"menu_order":0,"comment_status":"closed","ping_status":"closed","template":"","meta":{"_acf_changed":false,"_exactmetrics_skip_tracking":false,"_exactmetrics_sitenote_active":false,"_exactmetrics_sitenote_note":"","_exactmetrics_sitenote_category":0,"footnotes":""},"class_list":["post-278","page","type-page","status-publish","hentry"],"acf":[],"yoast_head":"<!-- This site is optimized with the Yoast SEO plugin v26.2 - https:\/\/yoast.com\/wordpress\/plugins\/seo\/ -->\n<title>Colecciones museales - Centro de Documentaci\u00f3n y Estudios del Pontificado de Juan Pablo II en Roma<\/title>\n<meta name=\"robots\" content=\"index, follow, max-snippet:-1, max-image-preview:large, max-video-preview:-1\" \/>\n<link rel=\"canonical\" href=\"https:\/\/jp2doc.pl\/es\/zbiory-muzealne\/\" \/>\n<meta property=\"og:locale\" content=\"es_ES\" \/>\n<meta property=\"og:type\" content=\"article\" \/>\n<meta property=\"og:title\" content=\"Colecciones museales - Centro de Documentaci\u00f3n y Estudios del Pontificado de Juan Pablo II en Roma\" \/>\n<meta property=\"og:description\" content=\"En la parte destinada al Museo se han reunido los objetos ofrecidos por los peregrinos a Juan Pablo II. Estos fondos han sido cedidos al Centro por el Vaticano. La colecci\u00f3n da testimonio del bien espiritual que fue aflorando a lo largo de los 27 a\u00f1os del pontificado. Muchas piezas poseen un alto valor hist\u00f3rico [&hellip;]\" \/>\n<meta property=\"og:url\" content=\"https:\/\/jp2doc.pl\/es\/zbiory-muzealne\/\" \/>\n<meta property=\"og:site_name\" content=\"Centro de Documentaci\u00f3n y Estudios del Pontificado de Juan Pablo II en Roma\" \/>\n<meta property=\"article:modified_time\" content=\"2017-04-25T12:20:57+00:00\" \/>\n<meta property=\"og:image\" content=\"http:\/\/jp2doc.pl\/wp-content\/uploads\/2017\/03\/muzeum1-e1490609482419.jpg\" \/>\n<meta name=\"twitter:card\" content=\"summary_large_image\" \/>\n<meta name=\"twitter:label1\" content=\"Tiempo de lectura\" \/>\n\t<meta name=\"twitter:data1\" content=\"2 minutos\" \/>\n<script type=\"application\/ld+json\" class=\"yoast-schema-graph\">{\"@context\":\"https:\/\/schema.org\",\"@graph\":[{\"@type\":\"WebPage\",\"@id\":\"https:\/\/jp2doc.pl\/es\/zbiory-muzealne\/\",\"url\":\"https:\/\/jp2doc.pl\/es\/zbiory-muzealne\/\",\"name\":\"Colecciones museales - Centro de Documentaci\u00f3n y Estudios del Pontificado de Juan Pablo II en Roma\",\"isPartOf\":{\"@id\":\"https:\/\/jp2doc.pl\/es\/#website\"},\"primaryImageOfPage\":{\"@id\":\"https:\/\/jp2doc.pl\/es\/zbiory-muzealne\/#primaryimage\"},\"image\":{\"@id\":\"https:\/\/jp2doc.pl\/es\/zbiory-muzealne\/#primaryimage\"},\"thumbnailUrl\":\"http:\/\/jp2doc.pl\/wp-content\/uploads\/2017\/03\/muzeum1-e1490609482419.jpg\",\"datePublished\":\"2017-03-27T10:07:17+00:00\",\"dateModified\":\"2017-04-25T12:20:57+00:00\",\"breadcrumb\":{\"@id\":\"https:\/\/jp2doc.pl\/es\/zbiory-muzealne\/#breadcrumb\"},\"inLanguage\":\"es\",\"potentialAction\":[{\"@type\":\"ReadAction\",\"target\":[\"https:\/\/jp2doc.pl\/es\/zbiory-muzealne\/\"]}]},{\"@type\":\"ImageObject\",\"inLanguage\":\"es\",\"@id\":\"https:\/\/jp2doc.pl\/es\/zbiory-muzealne\/#primaryimage\",\"url\":\"http:\/\/jp2doc.pl\/wp-content\/uploads\/2017\/03\/muzeum1-e1490609482419.jpg\",\"contentUrl\":\"http:\/\/jp2doc.pl\/wp-content\/uploads\/2017\/03\/muzeum1-e1490609482419.jpg\"},{\"@type\":\"BreadcrumbList\",\"@id\":\"https:\/\/jp2doc.pl\/es\/zbiory-muzealne\/#breadcrumb\",\"itemListElement\":[{\"@type\":\"ListItem\",\"position\":1,\"name\":\"Home\",\"item\":\"https:\/\/jp2doc.pl\/es\/\"},{\"@type\":\"ListItem\",\"position\":2,\"name\":\"Colecciones museales\"}]},{\"@type\":\"WebSite\",\"@id\":\"https:\/\/jp2doc.pl\/es\/#website\",\"url\":\"https:\/\/jp2doc.pl\/es\/\",\"name\":\"Centro de Documentaci\u00f3n y Estudios del Pontificado de Juan Pablo II en Roma\",\"description\":\"\",\"publisher\":{\"@id\":\"https:\/\/jp2doc.pl\/es\/#organization\"},\"potentialAction\":[{\"@type\":\"SearchAction\",\"target\":{\"@type\":\"EntryPoint\",\"urlTemplate\":\"https:\/\/jp2doc.pl\/es\/?s={search_term_string}\"},\"query-input\":{\"@type\":\"PropertyValueSpecification\",\"valueRequired\":true,\"valueName\":\"search_term_string\"}}],\"inLanguage\":\"es\"},{\"@type\":\"Organization\",\"@id\":\"https:\/\/jp2doc.pl\/es\/#organization\",\"name\":\"Centro de Documentaci\u00f3n y Estudios del Pontificado de Juan Pablo II en Roma\",\"url\":\"https:\/\/jp2doc.pl\/es\/\",\"logo\":{\"@type\":\"ImageObject\",\"inLanguage\":\"es\",\"@id\":\"https:\/\/jp2doc.pl\/es\/#\/schema\/logo\/image\/\",\"url\":\"https:\/\/jp2doc.pl\/es\/wp-content\/uploads\/sites\/4\/2017\/03\/cropped-logo.png\",\"contentUrl\":\"https:\/\/jp2doc.pl\/es\/wp-content\/uploads\/sites\/4\/2017\/03\/cropped-logo.png\",\"width\":115,\"height\":115,\"caption\":\"Centro de Documentaci\u00f3n y Estudios del Pontificado de Juan Pablo II en Roma\"},\"image\":{\"@id\":\"https:\/\/jp2doc.pl\/es\/#\/schema\/logo\/image\/\"}}]}<\/script>\n<!-- \/ Yoast SEO plugin. -->","yoast_head_json":{"title":"Colecciones museales - Centro de Documentaci\u00f3n y Estudios del Pontificado de Juan Pablo II en Roma","robots":{"index":"index","follow":"follow","max-snippet":"max-snippet:-1","max-image-preview":"max-image-preview:large","max-video-preview":"max-video-preview:-1"},"canonical":"https:\/\/jp2doc.pl\/es\/zbiory-muzealne\/","og_locale":"es_ES","og_type":"article","og_title":"Colecciones museales - Centro de Documentaci\u00f3n y Estudios del Pontificado de Juan Pablo II en Roma","og_description":"En la parte destinada al Museo se han reunido los objetos ofrecidos por los peregrinos a Juan Pablo II. Estos fondos han sido cedidos al Centro por el Vaticano. La colecci\u00f3n da testimonio del bien espiritual que fue aflorando a lo largo de los 27 a\u00f1os del pontificado. Muchas piezas poseen un alto valor hist\u00f3rico [&hellip;]","og_url":"https:\/\/jp2doc.pl\/es\/zbiory-muzealne\/","og_site_name":"Centro de Documentaci\u00f3n y Estudios del Pontificado de Juan Pablo II en Roma","article_modified_time":"2017-04-25T12:20:57+00:00","og_image":[{"url":"http:\/\/jp2doc.pl\/wp-content\/uploads\/2017\/03\/muzeum1-e1490609482419.jpg","type":"","width":"","height":""}],"twitter_card":"summary_large_image","twitter_misc":{"Tiempo de lectura":"2 minutos"},"schema":{"@context":"https:\/\/schema.org","@graph":[{"@type":"WebPage","@id":"https:\/\/jp2doc.pl\/es\/zbiory-muzealne\/","url":"https:\/\/jp2doc.pl\/es\/zbiory-muzealne\/","name":"Colecciones museales - Centro de Documentaci\u00f3n y Estudios del Pontificado de Juan Pablo II en Roma","isPartOf":{"@id":"https:\/\/jp2doc.pl\/es\/#website"},"primaryImageOfPage":{"@id":"https:\/\/jp2doc.pl\/es\/zbiory-muzealne\/#primaryimage"},"image":{"@id":"https:\/\/jp2doc.pl\/es\/zbiory-muzealne\/#primaryimage"},"thumbnailUrl":"http:\/\/jp2doc.pl\/wp-content\/uploads\/2017\/03\/muzeum1-e1490609482419.jpg","datePublished":"2017-03-27T10:07:17+00:00","dateModified":"2017-04-25T12:20:57+00:00","breadcrumb":{"@id":"https:\/\/jp2doc.pl\/es\/zbiory-muzealne\/#breadcrumb"},"inLanguage":"es","potentialAction":[{"@type":"ReadAction","target":["https:\/\/jp2doc.pl\/es\/zbiory-muzealne\/"]}]},{"@type":"ImageObject","inLanguage":"es","@id":"https:\/\/jp2doc.pl\/es\/zbiory-muzealne\/#primaryimage","url":"http:\/\/jp2doc.pl\/wp-content\/uploads\/2017\/03\/muzeum1-e1490609482419.jpg","contentUrl":"http:\/\/jp2doc.pl\/wp-content\/uploads\/2017\/03\/muzeum1-e1490609482419.jpg"},{"@type":"BreadcrumbList","@id":"https:\/\/jp2doc.pl\/es\/zbiory-muzealne\/#breadcrumb","itemListElement":[{"@type":"ListItem","position":1,"name":"Home","item":"https:\/\/jp2doc.pl\/es\/"},{"@type":"ListItem","position":2,"name":"Colecciones museales"}]},{"@type":"WebSite","@id":"https:\/\/jp2doc.pl\/es\/#website","url":"https:\/\/jp2doc.pl\/es\/","name":"Centro de Documentaci\u00f3n y Estudios del Pontificado de Juan Pablo II en Roma","description":"","publisher":{"@id":"https:\/\/jp2doc.pl\/es\/#organization"},"potentialAction":[{"@type":"SearchAction","target":{"@type":"EntryPoint","urlTemplate":"https:\/\/jp2doc.pl\/es\/?s={search_term_string}"},"query-input":{"@type":"PropertyValueSpecification","valueRequired":true,"valueName":"search_term_string"}}],"inLanguage":"es"},{"@type":"Organization","@id":"https:\/\/jp2doc.pl\/es\/#organization","name":"Centro de Documentaci\u00f3n y Estudios del Pontificado de Juan Pablo II en Roma","url":"https:\/\/jp2doc.pl\/es\/","logo":{"@type":"ImageObject","inLanguage":"es","@id":"https:\/\/jp2doc.pl\/es\/#\/schema\/logo\/image\/","url":"https:\/\/jp2doc.pl\/es\/wp-content\/uploads\/sites\/4\/2017\/03\/cropped-logo.png","contentUrl":"https:\/\/jp2doc.pl\/es\/wp-content\/uploads\/sites\/4\/2017\/03\/cropped-logo.png","width":115,"height":115,"caption":"Centro de Documentaci\u00f3n y Estudios del Pontificado de Juan Pablo II en Roma"},"image":{"@id":"https:\/\/jp2doc.pl\/es\/#\/schema\/logo\/image\/"}}]}},"_links":{"self":[{"href":"https:\/\/jp2doc.pl\/es\/wp-json\/wp\/v2\/pages\/278","targetHints":{"allow":["GET"]}}],"collection":[{"href":"https:\/\/jp2doc.pl\/es\/wp-json\/wp\/v2\/pages"}],"about":[{"href":"https:\/\/jp2doc.pl\/es\/wp-json\/wp\/v2\/types\/page"}],"author":[{"embeddable":true,"href":"https:\/\/jp2doc.pl\/es\/wp-json\/wp\/v2\/users\/2"}],"replies":[{"embeddable":true,"href":"https:\/\/jp2doc.pl\/es\/wp-json\/wp\/v2\/comments?post=278"}],"version-history":[{"count":4,"href":"https:\/\/jp2doc.pl\/es\/wp-json\/wp\/v2\/pages\/278\/revisions"}],"predecessor-version":[{"id":1165,"href":"https:\/\/jp2doc.pl\/es\/wp-json\/wp\/v2\/pages\/278\/revisions\/1165"}],"wp:attachment":[{"href":"https:\/\/jp2doc.pl\/es\/wp-json\/wp\/v2\/media?parent=278"}],"curies":[{"name":"wp","href":"https:\/\/api.w.org\/{rel}","templated":true}]}}