{"id":72,"date":"2017-03-24T10:54:00","date_gmt":"2017-03-24T09:54:00","guid":{"rendered":"http:\/\/jp2doc.pl\/?page_id=72"},"modified":"2017-04-24T14:36:19","modified_gmt":"2017-04-24T12:36:19","slug":"rok-wiary","status":"publish","type":"page","link":"https:\/\/jp2doc.pl\/es\/sympozja\/rok-wiary\/","title":{"rendered":"A\u00f1o de la Fe"},"content":{"rendered":"<h3 style=\"text-align: center;\">\u00abEl poder y la belleza de la fe\u00bb<\/h3>\n<p>En el marco de los preparativos para el A\u00f1o de la Fe y, a iniciativa de la Fundaci\u00f3n Juan Pablo II \u2013 el Centro de Documentaci\u00f3n y Estudios del Pontificado y del Centro Pastoral de la iglesia de San Estanislao, en Roma, fue organizado un ciclo de seis encuentros titulados \u201cEl poder y la belleza de la fe\u201d. Las reuniones se celebraron una vez al mes, de enero a junio 2012, en el aula de Juan Pablo II, en la Via delle Botteghe Oscure 15, en Roma. Las conferencias pronunciadas se inspiraron en las catequesis de Juan Pablo II acerca del Credo. Su objetivo consist\u00eda en acercar a los asistentes las verdades de la fe y dar a conocer la catequesis de Juan Pablo II.<br \/>\n<strong>He aqu\u00ed los t\u00edtulos de algunas conferencias pronunciadas por profesores de Polonia e Italia:<\/strong><\/p>\n<p>Padre Andrzej Dobrzy\u0144ski, doctor en teolog\u00eda y director del Centro de Documentaci\u00f3n y Estudios del Pontificado \u201cWp\u0142y\u0144 na g\u0142\u0119bi\u0119\u201d! Jana Paw\u0142a II teologia wiary\u201d (\u201c\u00a1Boga adentro! La Teolog\u00eda de la Fe seg\u00fan Juan Pablo II). Preparativos para el A\u00f1o de la Fe ver &gt;&gt;&gt;&gt;&gt;&gt;&gt;<\/p>\n<p>Padre Dariusz Kowalczyk SJ, profesor de la Universidad Gregoriana, \u201cB\u00f3g Stworzyciel i mi\u0142osierny Ojciec\u201d (\u201cDios Creador y Padre misericordioso\u201d). Ver &gt;&gt;&gt;&gt;&gt;<\/p>\n<p>Padre profesor Zdzis\u0142aw Kijas OFMConv., supervisor de la Congregaci\u00f3n para las causas de los Santos, \u201cDuch, kt\u00f3ry uwi\u0119ca\u201d (\u201cEl Esp\u00edritu que santifica\u201d). Magisterio sobre el Esp\u00edritu Santo ver &gt;&gt;&gt;&gt;&gt;<\/p>\n<p>Padre \u0141ukasz Kamykowski, profesor de la Universidad Juan Pablo II, en Cracovia \u201cKo\u015bci\u00f3\u0142 Bo\u017cy w katechezach \u015brodowych Jana Paw\u0142a II\u201d (\u201cLa Iglesia de Dios en las catequesis de los mi\u00e9rcoles de Juan Pablo II). Ver &gt;&gt;&gt;&gt;<\/p>\n<p>Padre Salvatore Perella, profesor de la Pontificia Facultad Teol\u00f3gica \u201cMarianum\u201d, en Roma, \u201cMatka Odkupiciela. Maryja w katechezach \u015brodowych Jana Paw\u0142a II\u201d (\u201cMadre del Redentor. Mar\u00eda en las catequesis de los mi\u00e9rcoles de Juan Pablo II\u201d). Ver &gt;&gt;&gt;&gt;<\/p>\n<p>D\u00f1a. Marcia del Bianco, te\u00f3loga del Instituto Pontificio para los estudios de matrimonio y familia. \u201cMa\u0142\u017ce\u0144stwo w katechezach \u015brodowych Jana Paw\u0142a II\u201d (\u201cMatrimonio y familia en las catequesis de los mi\u00e9rcoles de Juan Pablo II\u201d). Ver &gt;&gt;&gt;&gt;<\/p>\n<p>La Fundaci\u00f3n Juan Pablo II &#8211; Centro de Documentaci\u00f3n y Estudios del Pontificado ha publicado los textos de las conferencias en el libro \u201cMoc i pi\u0119kno wiary. Credo w katechezach \u015brodowych Jana Paw\u0142a II\u201d. (\u201cEl poder y la belleza de la fe. El Credo en las catequesis de los mi\u00e9rcoles de Juan Pablo II\u201d). El libro contiene adicionalmente las reflexiones sobre las catequesis papales acerca del matrimonio y la familia.<\/p>\n","protected":false},"excerpt":{"rendered":"<p>\u00abEl poder y la belleza de la fe\u00bb En el marco de los preparativos para el A\u00f1o de la Fe y, a iniciativa de la Fundaci\u00f3n Juan Pablo II \u2013 el Centro de Documentaci\u00f3n y Estudios del Pontificado y del Centro Pastoral de la iglesia de San Estanislao, en Roma, fue organizado un ciclo de [&hellip;]<\/p>\n","protected":false},"author":2,"featured_media":0,"parent":78,"menu_order":0,"comment_status":"closed","ping_status":"closed","template":"","meta":{"_acf_changed":false,"_exactmetrics_skip_tracking":false,"_exactmetrics_sitenote_active":false,"_exactmetrics_sitenote_note":"","_exactmetrics_sitenote_category":0,"footnotes":""},"class_list":["post-72","page","type-page","status-publish","hentry"],"acf":[],"yoast_head":"<!-- This site is optimized with the Yoast SEO plugin v26.2 - https:\/\/yoast.com\/wordpress\/plugins\/seo\/ -->\n<title>A\u00f1o de la Fe - Centro de Documentaci\u00f3n y Estudios del Pontificado de Juan Pablo II en Roma<\/title>\n<meta name=\"robots\" content=\"index, follow, max-snippet:-1, max-image-preview:large, max-video-preview:-1\" \/>\n<link rel=\"canonical\" href=\"https:\/\/jp2doc.pl\/es\/sympozja\/rok-wiary\/\" \/>\n<meta property=\"og:locale\" content=\"es_ES\" \/>\n<meta property=\"og:type\" content=\"article\" \/>\n<meta property=\"og:title\" content=\"A\u00f1o de la Fe - Centro de Documentaci\u00f3n y Estudios del Pontificado de Juan Pablo II en Roma\" \/>\n<meta property=\"og:description\" content=\"\u00abEl poder y la belleza de la fe\u00bb En el marco de los preparativos para el A\u00f1o de la Fe y, a iniciativa de la Fundaci\u00f3n Juan Pablo II \u2013 el Centro de Documentaci\u00f3n y Estudios del Pontificado y del Centro Pastoral de la iglesia de San Estanislao, en Roma, fue organizado un ciclo de [&hellip;]\" \/>\n<meta property=\"og:url\" content=\"https:\/\/jp2doc.pl\/es\/sympozja\/rok-wiary\/\" \/>\n<meta property=\"og:site_name\" content=\"Centro de Documentaci\u00f3n y Estudios del Pontificado de Juan Pablo II en Roma\" \/>\n<meta property=\"article:modified_time\" content=\"2017-04-24T12:36:19+00:00\" \/>\n<meta name=\"twitter:card\" content=\"summary_large_image\" \/>\n<meta name=\"twitter:label1\" content=\"Tiempo de lectura\" \/>\n\t<meta name=\"twitter:data1\" content=\"2 minutos\" \/>\n<script type=\"application\/ld+json\" class=\"yoast-schema-graph\">{\"@context\":\"https:\/\/schema.org\",\"@graph\":[{\"@type\":\"WebPage\",\"@id\":\"https:\/\/jp2doc.pl\/es\/sympozja\/rok-wiary\/\",\"url\":\"https:\/\/jp2doc.pl\/es\/sympozja\/rok-wiary\/\",\"name\":\"A\u00f1o de la Fe - Centro de Documentaci\u00f3n y Estudios del Pontificado de Juan Pablo II en Roma\",\"isPartOf\":{\"@id\":\"https:\/\/jp2doc.pl\/es\/#website\"},\"datePublished\":\"2017-03-24T09:54:00+00:00\",\"dateModified\":\"2017-04-24T12:36:19+00:00\",\"breadcrumb\":{\"@id\":\"https:\/\/jp2doc.pl\/es\/sympozja\/rok-wiary\/#breadcrumb\"},\"inLanguage\":\"es\",\"potentialAction\":[{\"@type\":\"ReadAction\",\"target\":[\"https:\/\/jp2doc.pl\/es\/sympozja\/rok-wiary\/\"]}]},{\"@type\":\"BreadcrumbList\",\"@id\":\"https:\/\/jp2doc.pl\/es\/sympozja\/rok-wiary\/#breadcrumb\",\"itemListElement\":[{\"@type\":\"ListItem\",\"position\":1,\"name\":\"Home\",\"item\":\"https:\/\/jp2doc.pl\/es\/\"},{\"@type\":\"ListItem\",\"position\":2,\"name\":\"Simposios\",\"item\":\"https:\/\/jp2doc.pl\/es\/sympozja\/\"},{\"@type\":\"ListItem\",\"position\":3,\"name\":\"A\u00f1o de la Fe\"}]},{\"@type\":\"WebSite\",\"@id\":\"https:\/\/jp2doc.pl\/es\/#website\",\"url\":\"https:\/\/jp2doc.pl\/es\/\",\"name\":\"Centro de Documentaci\u00f3n y Estudios del Pontificado de Juan Pablo II en Roma\",\"description\":\"\",\"publisher\":{\"@id\":\"https:\/\/jp2doc.pl\/es\/#organization\"},\"potentialAction\":[{\"@type\":\"SearchAction\",\"target\":{\"@type\":\"EntryPoint\",\"urlTemplate\":\"https:\/\/jp2doc.pl\/es\/?s={search_term_string}\"},\"query-input\":{\"@type\":\"PropertyValueSpecification\",\"valueRequired\":true,\"valueName\":\"search_term_string\"}}],\"inLanguage\":\"es\"},{\"@type\":\"Organization\",\"@id\":\"https:\/\/jp2doc.pl\/es\/#organization\",\"name\":\"Centro de Documentaci\u00f3n y Estudios del Pontificado de Juan Pablo II en Roma\",\"url\":\"https:\/\/jp2doc.pl\/es\/\",\"logo\":{\"@type\":\"ImageObject\",\"inLanguage\":\"es\",\"@id\":\"https:\/\/jp2doc.pl\/es\/#\/schema\/logo\/image\/\",\"url\":\"https:\/\/jp2doc.pl\/es\/wp-content\/uploads\/sites\/4\/2017\/03\/cropped-logo.png\",\"contentUrl\":\"https:\/\/jp2doc.pl\/es\/wp-content\/uploads\/sites\/4\/2017\/03\/cropped-logo.png\",\"width\":115,\"height\":115,\"caption\":\"Centro de Documentaci\u00f3n y Estudios del Pontificado de Juan Pablo II en Roma\"},\"image\":{\"@id\":\"https:\/\/jp2doc.pl\/es\/#\/schema\/logo\/image\/\"}}]}<\/script>\n<!-- \/ Yoast SEO plugin. -->","yoast_head_json":{"title":"A\u00f1o de la Fe - Centro de Documentaci\u00f3n y Estudios del Pontificado de Juan Pablo II en Roma","robots":{"index":"index","follow":"follow","max-snippet":"max-snippet:-1","max-image-preview":"max-image-preview:large","max-video-preview":"max-video-preview:-1"},"canonical":"https:\/\/jp2doc.pl\/es\/sympozja\/rok-wiary\/","og_locale":"es_ES","og_type":"article","og_title":"A\u00f1o de la Fe - Centro de Documentaci\u00f3n y Estudios del Pontificado de Juan Pablo II en Roma","og_description":"\u00abEl poder y la belleza de la fe\u00bb En el marco de los preparativos para el A\u00f1o de la Fe y, a iniciativa de la Fundaci\u00f3n Juan Pablo II \u2013 el Centro de Documentaci\u00f3n y Estudios del Pontificado y del Centro Pastoral de la iglesia de San Estanislao, en Roma, fue organizado un ciclo de [&hellip;]","og_url":"https:\/\/jp2doc.pl\/es\/sympozja\/rok-wiary\/","og_site_name":"Centro de Documentaci\u00f3n y Estudios del Pontificado de Juan Pablo II en Roma","article_modified_time":"2017-04-24T12:36:19+00:00","twitter_card":"summary_large_image","twitter_misc":{"Tiempo de lectura":"2 minutos"},"schema":{"@context":"https:\/\/schema.org","@graph":[{"@type":"WebPage","@id":"https:\/\/jp2doc.pl\/es\/sympozja\/rok-wiary\/","url":"https:\/\/jp2doc.pl\/es\/sympozja\/rok-wiary\/","name":"A\u00f1o de la Fe - Centro de Documentaci\u00f3n y Estudios del Pontificado de Juan Pablo II en Roma","isPartOf":{"@id":"https:\/\/jp2doc.pl\/es\/#website"},"datePublished":"2017-03-24T09:54:00+00:00","dateModified":"2017-04-24T12:36:19+00:00","breadcrumb":{"@id":"https:\/\/jp2doc.pl\/es\/sympozja\/rok-wiary\/#breadcrumb"},"inLanguage":"es","potentialAction":[{"@type":"ReadAction","target":["https:\/\/jp2doc.pl\/es\/sympozja\/rok-wiary\/"]}]},{"@type":"BreadcrumbList","@id":"https:\/\/jp2doc.pl\/es\/sympozja\/rok-wiary\/#breadcrumb","itemListElement":[{"@type":"ListItem","position":1,"name":"Home","item":"https:\/\/jp2doc.pl\/es\/"},{"@type":"ListItem","position":2,"name":"Simposios","item":"https:\/\/jp2doc.pl\/es\/sympozja\/"},{"@type":"ListItem","position":3,"name":"A\u00f1o de la Fe"}]},{"@type":"WebSite","@id":"https:\/\/jp2doc.pl\/es\/#website","url":"https:\/\/jp2doc.pl\/es\/","name":"Centro de Documentaci\u00f3n y Estudios del Pontificado de Juan Pablo II en Roma","description":"","publisher":{"@id":"https:\/\/jp2doc.pl\/es\/#organization"},"potentialAction":[{"@type":"SearchAction","target":{"@type":"EntryPoint","urlTemplate":"https:\/\/jp2doc.pl\/es\/?s={search_term_string}"},"query-input":{"@type":"PropertyValueSpecification","valueRequired":true,"valueName":"search_term_string"}}],"inLanguage":"es"},{"@type":"Organization","@id":"https:\/\/jp2doc.pl\/es\/#organization","name":"Centro de Documentaci\u00f3n y Estudios del Pontificado de Juan Pablo II en Roma","url":"https:\/\/jp2doc.pl\/es\/","logo":{"@type":"ImageObject","inLanguage":"es","@id":"https:\/\/jp2doc.pl\/es\/#\/schema\/logo\/image\/","url":"https:\/\/jp2doc.pl\/es\/wp-content\/uploads\/sites\/4\/2017\/03\/cropped-logo.png","contentUrl":"https:\/\/jp2doc.pl\/es\/wp-content\/uploads\/sites\/4\/2017\/03\/cropped-logo.png","width":115,"height":115,"caption":"Centro de Documentaci\u00f3n y Estudios del Pontificado de Juan Pablo II en Roma"},"image":{"@id":"https:\/\/jp2doc.pl\/es\/#\/schema\/logo\/image\/"}}]}},"_links":{"self":[{"href":"https:\/\/jp2doc.pl\/es\/wp-json\/wp\/v2\/pages\/72","targetHints":{"allow":["GET"]}}],"collection":[{"href":"https:\/\/jp2doc.pl\/es\/wp-json\/wp\/v2\/pages"}],"about":[{"href":"https:\/\/jp2doc.pl\/es\/wp-json\/wp\/v2\/types\/page"}],"author":[{"embeddable":true,"href":"https:\/\/jp2doc.pl\/es\/wp-json\/wp\/v2\/users\/2"}],"replies":[{"embeddable":true,"href":"https:\/\/jp2doc.pl\/es\/wp-json\/wp\/v2\/comments?post=72"}],"version-history":[{"count":3,"href":"https:\/\/jp2doc.pl\/es\/wp-json\/wp\/v2\/pages\/72\/revisions"}],"predecessor-version":[{"id":1151,"href":"https:\/\/jp2doc.pl\/es\/wp-json\/wp\/v2\/pages\/72\/revisions\/1151"}],"up":[{"embeddable":true,"href":"https:\/\/jp2doc.pl\/es\/wp-json\/wp\/v2\/pages\/78"}],"wp:attachment":[{"href":"https:\/\/jp2doc.pl\/es\/wp-json\/wp\/v2\/media?parent=72"}],"curies":[{"name":"wp","href":"https:\/\/api.w.org\/{rel}","templated":true}]}}