{"id":93,"date":"2017-03-24T11:52:17","date_gmt":"2017-03-24T10:52:17","guid":{"rendered":"http:\/\/jp2doc.pl\/?page_id=93"},"modified":"2017-04-24T14:36:27","modified_gmt":"2017-04-24T12:36:27","slug":"rzym-2008","status":"publish","type":"page","link":"https:\/\/jp2doc.pl\/es\/sympozja\/rzym-2008\/","title":{"rendered":"Roma 2008"},"content":{"rendered":"<h3 style=\"text-align: center;\">Cristo-Iglesia-Hombre. Vaticanum II en el pontificado de Juan Pablo II.<\/h3>\n<p>Simposio organizado por la Fundaci\u00f3n Juan Pablo II &#8211; Centro de Documentaci\u00f3n y Estudios del Pontificado y la Pontificia Facultad de Teolog\u00eda \u201cSan Buenaventura\u201d \u201cSeraphicum\u201d, en Roma, 28-30 de octubre 2008, con el prop\u00f3sito de mostrar la manera en que Juan Pablo II, realizaba la herencia del Concilio Vaticano II. El Santo Padre ve\u00eda en \u00e9l \u201cun evento providencial\u201d, centrado en el misterio de Cristo y de la Iglesia y, a la vez, abierto al mundo y al hombre.<br \/>\n<a href=\"http:\/\/jp2doc.pl\/wp-content\/uploads\/2017\/03\/4fbeabf4529b0undefined.jpg\"><img loading=\"lazy\" decoding=\"async\" width=\"560\" height=\"420\" class=\"aligncenter wp-image-94\" src=\"http:\/\/jp2doc.pl\/wp-content\/uploads\/2017\/03\/4fbeabf4529b0undefined.jpg\" alt=\"\" \/><\/a><br \/>\nEn las cinco sesiones fueron presentadas veinte ponencias con car\u00e1cter de conferencias o relatos formando paneles de discusi\u00f3n, moderados por los cardenales W.J. Levada, C. Rubini, S. Ry\u0142ko y la embajadora H. Suchocka.<br \/>\nCada una de las partes del simposio fue dedicada a un tema diferente: la importancia del Concilio Vaticano II; Cristo que revela plenamente la verdad sobre la dignidad del hombre; la Iglesia que como Pueblo de Dios transita hacia la eternidad por los caminos de la historia; el hombre que oye la voz de Dios en su conciencia y ante los desaf\u00edos de la vida.<br \/>\nEntre los ponentes se encontraban los colaboradores de Juan Pablo II: cardenal P. Popard, arzobispo P, Marini, arzobispo A. Amato, obispo T. Pieronek y el padre A. Szostek. Estaban presentes tambi\u00e9n famosos expertos en el tema del pensamiento de Juan Pablo II: cardenal C. Caffara, arzobispo I. Sanna, R. Buttiglione y G. Weigel. La invitaci\u00f3n a participar en el simposio fue aceptada por personalidades de diferentes comunidades cient\u00edficas de Roma (o. M. Aug\u00e9, o.G. Miranda, o.G. Lammarrone, M. Borghesi, o.W. Giertych, L. Torella) y de otras ciudades italianas.<br \/>\n<a href=\"http:\/\/jp2doc.pl\/wp-content\/uploads\/2017\/03\/4fbeac0048e59undefined.jpg\"><img loading=\"lazy\" decoding=\"async\" width=\"560\" height=\"412\" class=\"aligncenter wp-image-149 size-full\" src=\"http:\/\/jp2doc.pl\/wp-content\/uploads\/2017\/03\/4fbeac0048e59undefined.jpg\" alt=\"\" \/><\/a><\/p>\n<p>Uno de tantos frutos de esos d\u00edas es la publicaci\u00f3n que incluye las ponencias: Cristo-Chiesa-Uomo. Il Vaticano Secondo nel pontificato di Giovanni Paolo II, red. Z. Kijas, A. Dobrzy\u0144ski, LEV, Vaticano 2010; Christ-Church-Mankind. The Spirit of Vatican II according to Pope John Paul II, Paulist Press, Mahwah 2012.<br \/>\n<a href=\"http:\/\/jp2doc.pl\/wp-content\/uploads\/2017\/03\/4fbeac14b6b38undefined.jpg\"><img loading=\"lazy\" decoding=\"async\" width=\"560\" height=\"420\" class=\"aligncenter wp-image-150 size-full\" src=\"http:\/\/jp2doc.pl\/wp-content\/uploads\/2017\/03\/4fbeac14b6b38undefined.jpg\" alt=\"\" \/><\/a><\/p>\n","protected":false},"excerpt":{"rendered":"<p>Cristo-Iglesia-Hombre. Vaticanum II en el pontificado de Juan Pablo II. Simposio organizado por la Fundaci\u00f3n Juan Pablo II &#8211; Centro de Documentaci\u00f3n y Estudios del Pontificado y la Pontificia Facultad de Teolog\u00eda \u201cSan Buenaventura\u201d \u201cSeraphicum\u201d, en Roma, 28-30 de octubre 2008, con el prop\u00f3sito de mostrar la manera en que Juan Pablo II, realizaba la [&hellip;]<\/p>\n","protected":false},"author":2,"featured_media":0,"parent":78,"menu_order":0,"comment_status":"closed","ping_status":"closed","template":"","meta":{"_acf_changed":false,"_exactmetrics_skip_tracking":false,"_exactmetrics_sitenote_active":false,"_exactmetrics_sitenote_note":"","_exactmetrics_sitenote_category":0,"footnotes":""},"class_list":["post-93","page","type-page","status-publish","hentry"],"acf":[],"yoast_head":"<!-- This site is optimized with the Yoast SEO plugin v26.2 - https:\/\/yoast.com\/wordpress\/plugins\/seo\/ -->\n<title>Roma 2008 - Centro de Documentaci\u00f3n y Estudios del Pontificado de Juan Pablo II en Roma<\/title>\n<meta name=\"robots\" content=\"index, follow, max-snippet:-1, max-image-preview:large, max-video-preview:-1\" \/>\n<link rel=\"canonical\" href=\"https:\/\/jp2doc.pl\/es\/sympozja\/rzym-2008\/\" \/>\n<meta property=\"og:locale\" content=\"es_ES\" \/>\n<meta property=\"og:type\" content=\"article\" \/>\n<meta property=\"og:title\" content=\"Roma 2008 - Centro de Documentaci\u00f3n y Estudios del Pontificado de Juan Pablo II en Roma\" \/>\n<meta property=\"og:description\" content=\"Cristo-Iglesia-Hombre. Vaticanum II en el pontificado de Juan Pablo II. Simposio organizado por la Fundaci\u00f3n Juan Pablo II &#8211; Centro de Documentaci\u00f3n y Estudios del Pontificado y la Pontificia Facultad de Teolog\u00eda \u201cSan Buenaventura\u201d \u201cSeraphicum\u201d, en Roma, 28-30 de octubre 2008, con el prop\u00f3sito de mostrar la manera en que Juan Pablo II, realizaba la [&hellip;]\" \/>\n<meta property=\"og:url\" content=\"https:\/\/jp2doc.pl\/es\/sympozja\/rzym-2008\/\" \/>\n<meta property=\"og:site_name\" content=\"Centro de Documentaci\u00f3n y Estudios del Pontificado de Juan Pablo II en Roma\" \/>\n<meta property=\"article:modified_time\" content=\"2017-04-24T12:36:27+00:00\" \/>\n<meta property=\"og:image\" content=\"http:\/\/jp2doc.pl\/wp-content\/uploads\/2017\/03\/4fbeabf4529b0undefined.jpg\" \/>\n<meta name=\"twitter:card\" content=\"summary_large_image\" \/>\n<meta name=\"twitter:label1\" content=\"Tiempo de lectura\" \/>\n\t<meta name=\"twitter:data1\" content=\"2 minutos\" \/>\n<script type=\"application\/ld+json\" class=\"yoast-schema-graph\">{\"@context\":\"https:\/\/schema.org\",\"@graph\":[{\"@type\":\"WebPage\",\"@id\":\"https:\/\/jp2doc.pl\/es\/sympozja\/rzym-2008\/\",\"url\":\"https:\/\/jp2doc.pl\/es\/sympozja\/rzym-2008\/\",\"name\":\"Roma 2008 - Centro de Documentaci\u00f3n y Estudios del Pontificado de Juan Pablo II en Roma\",\"isPartOf\":{\"@id\":\"https:\/\/jp2doc.pl\/es\/#website\"},\"primaryImageOfPage\":{\"@id\":\"https:\/\/jp2doc.pl\/es\/sympozja\/rzym-2008\/#primaryimage\"},\"image\":{\"@id\":\"https:\/\/jp2doc.pl\/es\/sympozja\/rzym-2008\/#primaryimage\"},\"thumbnailUrl\":\"http:\/\/jp2doc.pl\/wp-content\/uploads\/2017\/03\/4fbeabf4529b0undefined.jpg\",\"datePublished\":\"2017-03-24T10:52:17+00:00\",\"dateModified\":\"2017-04-24T12:36:27+00:00\",\"breadcrumb\":{\"@id\":\"https:\/\/jp2doc.pl\/es\/sympozja\/rzym-2008\/#breadcrumb\"},\"inLanguage\":\"es\",\"potentialAction\":[{\"@type\":\"ReadAction\",\"target\":[\"https:\/\/jp2doc.pl\/es\/sympozja\/rzym-2008\/\"]}]},{\"@type\":\"ImageObject\",\"inLanguage\":\"es\",\"@id\":\"https:\/\/jp2doc.pl\/es\/sympozja\/rzym-2008\/#primaryimage\",\"url\":\"http:\/\/jp2doc.pl\/wp-content\/uploads\/2017\/03\/4fbeabf4529b0undefined.jpg\",\"contentUrl\":\"http:\/\/jp2doc.pl\/wp-content\/uploads\/2017\/03\/4fbeabf4529b0undefined.jpg\"},{\"@type\":\"BreadcrumbList\",\"@id\":\"https:\/\/jp2doc.pl\/es\/sympozja\/rzym-2008\/#breadcrumb\",\"itemListElement\":[{\"@type\":\"ListItem\",\"position\":1,\"name\":\"Home\",\"item\":\"https:\/\/jp2doc.pl\/es\/\"},{\"@type\":\"ListItem\",\"position\":2,\"name\":\"Simposios\",\"item\":\"https:\/\/jp2doc.pl\/es\/sympozja\/\"},{\"@type\":\"ListItem\",\"position\":3,\"name\":\"Roma 2008\"}]},{\"@type\":\"WebSite\",\"@id\":\"https:\/\/jp2doc.pl\/es\/#website\",\"url\":\"https:\/\/jp2doc.pl\/es\/\",\"name\":\"Centro de Documentaci\u00f3n y Estudios del Pontificado de Juan Pablo II en Roma\",\"description\":\"\",\"publisher\":{\"@id\":\"https:\/\/jp2doc.pl\/es\/#organization\"},\"potentialAction\":[{\"@type\":\"SearchAction\",\"target\":{\"@type\":\"EntryPoint\",\"urlTemplate\":\"https:\/\/jp2doc.pl\/es\/?s={search_term_string}\"},\"query-input\":{\"@type\":\"PropertyValueSpecification\",\"valueRequired\":true,\"valueName\":\"search_term_string\"}}],\"inLanguage\":\"es\"},{\"@type\":\"Organization\",\"@id\":\"https:\/\/jp2doc.pl\/es\/#organization\",\"name\":\"Centro de Documentaci\u00f3n y Estudios del Pontificado de Juan Pablo II en Roma\",\"url\":\"https:\/\/jp2doc.pl\/es\/\",\"logo\":{\"@type\":\"ImageObject\",\"inLanguage\":\"es\",\"@id\":\"https:\/\/jp2doc.pl\/es\/#\/schema\/logo\/image\/\",\"url\":\"https:\/\/jp2doc.pl\/es\/wp-content\/uploads\/sites\/4\/2017\/03\/cropped-logo.png\",\"contentUrl\":\"https:\/\/jp2doc.pl\/es\/wp-content\/uploads\/sites\/4\/2017\/03\/cropped-logo.png\",\"width\":115,\"height\":115,\"caption\":\"Centro de Documentaci\u00f3n y Estudios del Pontificado de Juan Pablo II en Roma\"},\"image\":{\"@id\":\"https:\/\/jp2doc.pl\/es\/#\/schema\/logo\/image\/\"}}]}<\/script>\n<!-- \/ Yoast SEO plugin. -->","yoast_head_json":{"title":"Roma 2008 - Centro de Documentaci\u00f3n y Estudios del Pontificado de Juan Pablo II en Roma","robots":{"index":"index","follow":"follow","max-snippet":"max-snippet:-1","max-image-preview":"max-image-preview:large","max-video-preview":"max-video-preview:-1"},"canonical":"https:\/\/jp2doc.pl\/es\/sympozja\/rzym-2008\/","og_locale":"es_ES","og_type":"article","og_title":"Roma 2008 - Centro de Documentaci\u00f3n y Estudios del Pontificado de Juan Pablo II en Roma","og_description":"Cristo-Iglesia-Hombre. Vaticanum II en el pontificado de Juan Pablo II. Simposio organizado por la Fundaci\u00f3n Juan Pablo II &#8211; Centro de Documentaci\u00f3n y Estudios del Pontificado y la Pontificia Facultad de Teolog\u00eda \u201cSan Buenaventura\u201d \u201cSeraphicum\u201d, en Roma, 28-30 de octubre 2008, con el prop\u00f3sito de mostrar la manera en que Juan Pablo II, realizaba la [&hellip;]","og_url":"https:\/\/jp2doc.pl\/es\/sympozja\/rzym-2008\/","og_site_name":"Centro de Documentaci\u00f3n y Estudios del Pontificado de Juan Pablo II en Roma","article_modified_time":"2017-04-24T12:36:27+00:00","og_image":[{"url":"http:\/\/jp2doc.pl\/wp-content\/uploads\/2017\/03\/4fbeabf4529b0undefined.jpg","type":"","width":"","height":""}],"twitter_card":"summary_large_image","twitter_misc":{"Tiempo de lectura":"2 minutos"},"schema":{"@context":"https:\/\/schema.org","@graph":[{"@type":"WebPage","@id":"https:\/\/jp2doc.pl\/es\/sympozja\/rzym-2008\/","url":"https:\/\/jp2doc.pl\/es\/sympozja\/rzym-2008\/","name":"Roma 2008 - Centro de Documentaci\u00f3n y Estudios del Pontificado de Juan Pablo II en Roma","isPartOf":{"@id":"https:\/\/jp2doc.pl\/es\/#website"},"primaryImageOfPage":{"@id":"https:\/\/jp2doc.pl\/es\/sympozja\/rzym-2008\/#primaryimage"},"image":{"@id":"https:\/\/jp2doc.pl\/es\/sympozja\/rzym-2008\/#primaryimage"},"thumbnailUrl":"http:\/\/jp2doc.pl\/wp-content\/uploads\/2017\/03\/4fbeabf4529b0undefined.jpg","datePublished":"2017-03-24T10:52:17+00:00","dateModified":"2017-04-24T12:36:27+00:00","breadcrumb":{"@id":"https:\/\/jp2doc.pl\/es\/sympozja\/rzym-2008\/#breadcrumb"},"inLanguage":"es","potentialAction":[{"@type":"ReadAction","target":["https:\/\/jp2doc.pl\/es\/sympozja\/rzym-2008\/"]}]},{"@type":"ImageObject","inLanguage":"es","@id":"https:\/\/jp2doc.pl\/es\/sympozja\/rzym-2008\/#primaryimage","url":"http:\/\/jp2doc.pl\/wp-content\/uploads\/2017\/03\/4fbeabf4529b0undefined.jpg","contentUrl":"http:\/\/jp2doc.pl\/wp-content\/uploads\/2017\/03\/4fbeabf4529b0undefined.jpg"},{"@type":"BreadcrumbList","@id":"https:\/\/jp2doc.pl\/es\/sympozja\/rzym-2008\/#breadcrumb","itemListElement":[{"@type":"ListItem","position":1,"name":"Home","item":"https:\/\/jp2doc.pl\/es\/"},{"@type":"ListItem","position":2,"name":"Simposios","item":"https:\/\/jp2doc.pl\/es\/sympozja\/"},{"@type":"ListItem","position":3,"name":"Roma 2008"}]},{"@type":"WebSite","@id":"https:\/\/jp2doc.pl\/es\/#website","url":"https:\/\/jp2doc.pl\/es\/","name":"Centro de Documentaci\u00f3n y Estudios del Pontificado de Juan Pablo II en Roma","description":"","publisher":{"@id":"https:\/\/jp2doc.pl\/es\/#organization"},"potentialAction":[{"@type":"SearchAction","target":{"@type":"EntryPoint","urlTemplate":"https:\/\/jp2doc.pl\/es\/?s={search_term_string}"},"query-input":{"@type":"PropertyValueSpecification","valueRequired":true,"valueName":"search_term_string"}}],"inLanguage":"es"},{"@type":"Organization","@id":"https:\/\/jp2doc.pl\/es\/#organization","name":"Centro de Documentaci\u00f3n y Estudios del Pontificado de Juan Pablo II en Roma","url":"https:\/\/jp2doc.pl\/es\/","logo":{"@type":"ImageObject","inLanguage":"es","@id":"https:\/\/jp2doc.pl\/es\/#\/schema\/logo\/image\/","url":"https:\/\/jp2doc.pl\/es\/wp-content\/uploads\/sites\/4\/2017\/03\/cropped-logo.png","contentUrl":"https:\/\/jp2doc.pl\/es\/wp-content\/uploads\/sites\/4\/2017\/03\/cropped-logo.png","width":115,"height":115,"caption":"Centro de Documentaci\u00f3n y Estudios del Pontificado de Juan Pablo II en Roma"},"image":{"@id":"https:\/\/jp2doc.pl\/es\/#\/schema\/logo\/image\/"}}]}},"_links":{"self":[{"href":"https:\/\/jp2doc.pl\/es\/wp-json\/wp\/v2\/pages\/93","targetHints":{"allow":["GET"]}}],"collection":[{"href":"https:\/\/jp2doc.pl\/es\/wp-json\/wp\/v2\/pages"}],"about":[{"href":"https:\/\/jp2doc.pl\/es\/wp-json\/wp\/v2\/types\/page"}],"author":[{"embeddable":true,"href":"https:\/\/jp2doc.pl\/es\/wp-json\/wp\/v2\/users\/2"}],"replies":[{"embeddable":true,"href":"https:\/\/jp2doc.pl\/es\/wp-json\/wp\/v2\/comments?post=93"}],"version-history":[{"count":3,"href":"https:\/\/jp2doc.pl\/es\/wp-json\/wp\/v2\/pages\/93\/revisions"}],"predecessor-version":[{"id":1152,"href":"https:\/\/jp2doc.pl\/es\/wp-json\/wp\/v2\/pages\/93\/revisions\/1152"}],"up":[{"embeddable":true,"href":"https:\/\/jp2doc.pl\/es\/wp-json\/wp\/v2\/pages\/78"}],"wp:attachment":[{"href":"https:\/\/jp2doc.pl\/es\/wp-json\/wp\/v2\/media?parent=93"}],"curies":[{"name":"wp","href":"https:\/\/api.w.org\/{rel}","templated":true}]}}