{"id":1021,"date":"2017-04-18T15:21:05","date_gmt":"2017-04-18T13:21:05","guid":{"rendered":"http:\/\/jp2doc.pl\/fr\/?page_id=1021"},"modified":"2017-04-25T15:37:14","modified_gmt":"2017-04-25T13:37:14","slug":"kontakt","status":"publish","type":"page","link":"https:\/\/jp2doc.pl\/fr\/kontakt\/","title":{"rendered":"Contact"},"content":{"rendered":"<p>Centre de Documentation et d\u2019Etudes du Pontificat de Jean Paul II<br \/>\n<div class=\"row\">\n<div class=\"col-md-10\">\n<p>Via Cassia 1200<br \/>\n00189 ROMA<br \/>\nITALY<br \/>\n<\/div>\n<div class=\"col-md-10\">\n<p>Centrala: (+39) 06 303 65 181<br \/>\nFax: (+39) 06 303 103 99<br \/>\nEmail: info@jp2doc.org<br \/>\nWeb: www.jp2doc.org<br \/>\n<\/div>\n<\/div>\n<p>Acc\u00e8s au Centre:<br \/>\nDepuis le centre-ville de Rome\u00a0: le train FM3 (direction Viterbo, Cesano, Bracciano), station &#8211; La Giustiniana \u2013 depuis la station 3 arr\u00eats de bus n\u00b0 021, 201, 223 ou bien 10 minutes \u00e0 pied.<br \/>\nDepuis Grande Raccordo Anulare: Uscita 5, direction Cassia-Viterbo<br \/>\nLe Centre est entretenu gr\u00e2ce \u00e0 la g\u00e9n\u00e9rosit\u00e9 des bienfaiteurs et des amis de la Fondation Jean Paul II. Nous exprimons notre gratitude pour tout don offert pour notre fonctionnement.<\/p>\n<div class=\"google-maps\"><iframe src=\"https:\/\/www.google.com\/maps\/embed\/v1\/place?key=AIzaSyDLKhOBwZLfJLkzRK6CbLRPHquCSRy6118&amp;q=Roma, Via Cassia 1200\" height=\"150\"><\/iframe><\/div>\n","protected":false},"excerpt":{"rendered":"<p>Centre de Documentation et d\u2019Etudes du Pontificat de Jean Paul II Acc\u00e8s au Centre: Depuis le centre-ville de Rome\u00a0: le train FM3 (direction Viterbo, Cesano, Bracciano), station &#8211; La Giustiniana \u2013 depuis la station 3 arr\u00eats de bus n\u00b0 021, 201, 223 ou bien 10 minutes \u00e0 pied. Depuis Grande Raccordo Anulare: Uscita 5, direction [&hellip;]<\/p>\n","protected":false},"author":2,"featured_media":0,"parent":0,"menu_order":0,"comment_status":"closed","ping_status":"closed","template":"","meta":{"_acf_changed":false,"_exactmetrics_skip_tracking":false,"_exactmetrics_sitenote_active":false,"_exactmetrics_sitenote_note":"","_exactmetrics_sitenote_category":0,"footnotes":""},"class_list":["post-1021","page","type-page","status-publish","hentry"],"acf":[],"yoast_head":"<!-- This site is optimized with the Yoast SEO plugin v26.2 - https:\/\/yoast.com\/wordpress\/plugins\/seo\/ -->\n<title>Contact - Centre de Documentation et d\u2019Etude du Pontificat de Jean-Paul II \u00e0 Rome<\/title>\n<meta name=\"robots\" content=\"index, follow, max-snippet:-1, max-image-preview:large, max-video-preview:-1\" \/>\n<link rel=\"canonical\" href=\"https:\/\/jp2doc.pl\/fr\/kontakt\/\" \/>\n<meta property=\"og:locale\" content=\"fr_FR\" \/>\n<meta property=\"og:type\" content=\"article\" \/>\n<meta property=\"og:title\" content=\"Contact - Centre de Documentation et d\u2019Etude du Pontificat de Jean-Paul II \u00e0 Rome\" \/>\n<meta property=\"og:description\" content=\"Centre de Documentation et d\u2019Etudes du Pontificat de Jean Paul II Acc\u00e8s au Centre: Depuis le centre-ville de Rome\u00a0: le train FM3 (direction Viterbo, Cesano, Bracciano), station &#8211; La Giustiniana \u2013 depuis la station 3 arr\u00eats de bus n\u00b0 021, 201, 223 ou bien 10 minutes \u00e0 pied. Depuis Grande Raccordo Anulare: Uscita 5, direction [&hellip;]\" \/>\n<meta property=\"og:url\" content=\"https:\/\/jp2doc.pl\/fr\/kontakt\/\" \/>\n<meta property=\"og:site_name\" content=\"Centre de Documentation et d\u2019Etude du Pontificat de Jean-Paul II \u00e0 Rome\" \/>\n<meta property=\"article:modified_time\" content=\"2017-04-25T13:37:14+00:00\" \/>\n<meta name=\"twitter:card\" content=\"summary_large_image\" \/>\n<meta name=\"twitter:label1\" content=\"Dur\u00e9e de lecture estim\u00e9e\" \/>\n\t<meta name=\"twitter:data1\" content=\"1 minute\" \/>\n<script type=\"application\/ld+json\" class=\"yoast-schema-graph\">{\"@context\":\"https:\/\/schema.org\",\"@graph\":[{\"@type\":\"WebPage\",\"@id\":\"https:\/\/jp2doc.pl\/fr\/kontakt\/\",\"url\":\"https:\/\/jp2doc.pl\/fr\/kontakt\/\",\"name\":\"Contact - Centre de Documentation et d\u2019Etude du Pontificat de Jean-Paul II \u00e0 Rome\",\"isPartOf\":{\"@id\":\"https:\/\/jp2doc.pl\/fr\/#website\"},\"datePublished\":\"2017-04-18T13:21:05+00:00\",\"dateModified\":\"2017-04-25T13:37:14+00:00\",\"breadcrumb\":{\"@id\":\"https:\/\/jp2doc.pl\/fr\/kontakt\/#breadcrumb\"},\"inLanguage\":\"fr-FR\",\"potentialAction\":[{\"@type\":\"ReadAction\",\"target\":[\"https:\/\/jp2doc.pl\/fr\/kontakt\/\"]}]},{\"@type\":\"BreadcrumbList\",\"@id\":\"https:\/\/jp2doc.pl\/fr\/kontakt\/#breadcrumb\",\"itemListElement\":[{\"@type\":\"ListItem\",\"position\":1,\"name\":\"Home\",\"item\":\"https:\/\/jp2doc.pl\/fr\/\"},{\"@type\":\"ListItem\",\"position\":2,\"name\":\"Contact\"}]},{\"@type\":\"WebSite\",\"@id\":\"https:\/\/jp2doc.pl\/fr\/#website\",\"url\":\"https:\/\/jp2doc.pl\/fr\/\",\"name\":\"Centre de Documentation et d\u2019Etude du Pontificat de Jean-Paul II \u00e0 Rome\",\"description\":\"\",\"publisher\":{\"@id\":\"https:\/\/jp2doc.pl\/fr\/#organization\"},\"potentialAction\":[{\"@type\":\"SearchAction\",\"target\":{\"@type\":\"EntryPoint\",\"urlTemplate\":\"https:\/\/jp2doc.pl\/fr\/?s={search_term_string}\"},\"query-input\":{\"@type\":\"PropertyValueSpecification\",\"valueRequired\":true,\"valueName\":\"search_term_string\"}}],\"inLanguage\":\"fr-FR\"},{\"@type\":\"Organization\",\"@id\":\"https:\/\/jp2doc.pl\/fr\/#organization\",\"name\":\"Centre de Documentation et d\u2019Etude du Pontificat de Jean-Paul II \u00e0 Rome\",\"url\":\"https:\/\/jp2doc.pl\/fr\/\",\"logo\":{\"@type\":\"ImageObject\",\"inLanguage\":\"fr-FR\",\"@id\":\"https:\/\/jp2doc.pl\/fr\/#\/schema\/logo\/image\/\",\"url\":\"https:\/\/jp2doc.pl\/fr\/wp-content\/uploads\/sites\/5\/2017\/03\/cropped-logo.png\",\"contentUrl\":\"https:\/\/jp2doc.pl\/fr\/wp-content\/uploads\/sites\/5\/2017\/03\/cropped-logo.png\",\"width\":115,\"height\":115,\"caption\":\"Centre de Documentation et d\u2019Etude du Pontificat de Jean-Paul II \u00e0 Rome\"},\"image\":{\"@id\":\"https:\/\/jp2doc.pl\/fr\/#\/schema\/logo\/image\/\"}}]}<\/script>\n<!-- \/ Yoast SEO plugin. -->","yoast_head_json":{"title":"Contact - Centre de Documentation et d\u2019Etude du Pontificat de Jean-Paul II \u00e0 Rome","robots":{"index":"index","follow":"follow","max-snippet":"max-snippet:-1","max-image-preview":"max-image-preview:large","max-video-preview":"max-video-preview:-1"},"canonical":"https:\/\/jp2doc.pl\/fr\/kontakt\/","og_locale":"fr_FR","og_type":"article","og_title":"Contact - Centre de Documentation et d\u2019Etude du Pontificat de Jean-Paul II \u00e0 Rome","og_description":"Centre de Documentation et d\u2019Etudes du Pontificat de Jean Paul II Acc\u00e8s au Centre: Depuis le centre-ville de Rome\u00a0: le train FM3 (direction Viterbo, Cesano, Bracciano), station &#8211; La Giustiniana \u2013 depuis la station 3 arr\u00eats de bus n\u00b0 021, 201, 223 ou bien 10 minutes \u00e0 pied. Depuis Grande Raccordo Anulare: Uscita 5, direction [&hellip;]","og_url":"https:\/\/jp2doc.pl\/fr\/kontakt\/","og_site_name":"Centre de Documentation et d\u2019Etude du Pontificat de Jean-Paul II \u00e0 Rome","article_modified_time":"2017-04-25T13:37:14+00:00","twitter_card":"summary_large_image","twitter_misc":{"Dur\u00e9e de lecture estim\u00e9e":"1 minute"},"schema":{"@context":"https:\/\/schema.org","@graph":[{"@type":"WebPage","@id":"https:\/\/jp2doc.pl\/fr\/kontakt\/","url":"https:\/\/jp2doc.pl\/fr\/kontakt\/","name":"Contact - Centre de Documentation et d\u2019Etude du Pontificat de Jean-Paul II \u00e0 Rome","isPartOf":{"@id":"https:\/\/jp2doc.pl\/fr\/#website"},"datePublished":"2017-04-18T13:21:05+00:00","dateModified":"2017-04-25T13:37:14+00:00","breadcrumb":{"@id":"https:\/\/jp2doc.pl\/fr\/kontakt\/#breadcrumb"},"inLanguage":"fr-FR","potentialAction":[{"@type":"ReadAction","target":["https:\/\/jp2doc.pl\/fr\/kontakt\/"]}]},{"@type":"BreadcrumbList","@id":"https:\/\/jp2doc.pl\/fr\/kontakt\/#breadcrumb","itemListElement":[{"@type":"ListItem","position":1,"name":"Home","item":"https:\/\/jp2doc.pl\/fr\/"},{"@type":"ListItem","position":2,"name":"Contact"}]},{"@type":"WebSite","@id":"https:\/\/jp2doc.pl\/fr\/#website","url":"https:\/\/jp2doc.pl\/fr\/","name":"Centre de Documentation et d\u2019Etude du Pontificat de Jean-Paul II \u00e0 Rome","description":"","publisher":{"@id":"https:\/\/jp2doc.pl\/fr\/#organization"},"potentialAction":[{"@type":"SearchAction","target":{"@type":"EntryPoint","urlTemplate":"https:\/\/jp2doc.pl\/fr\/?s={search_term_string}"},"query-input":{"@type":"PropertyValueSpecification","valueRequired":true,"valueName":"search_term_string"}}],"inLanguage":"fr-FR"},{"@type":"Organization","@id":"https:\/\/jp2doc.pl\/fr\/#organization","name":"Centre de Documentation et d\u2019Etude du Pontificat de Jean-Paul II \u00e0 Rome","url":"https:\/\/jp2doc.pl\/fr\/","logo":{"@type":"ImageObject","inLanguage":"fr-FR","@id":"https:\/\/jp2doc.pl\/fr\/#\/schema\/logo\/image\/","url":"https:\/\/jp2doc.pl\/fr\/wp-content\/uploads\/sites\/5\/2017\/03\/cropped-logo.png","contentUrl":"https:\/\/jp2doc.pl\/fr\/wp-content\/uploads\/sites\/5\/2017\/03\/cropped-logo.png","width":115,"height":115,"caption":"Centre de Documentation et d\u2019Etude du Pontificat de Jean-Paul II \u00e0 Rome"},"image":{"@id":"https:\/\/jp2doc.pl\/fr\/#\/schema\/logo\/image\/"}}]}},"_links":{"self":[{"href":"https:\/\/jp2doc.pl\/fr\/wp-json\/wp\/v2\/pages\/1021","targetHints":{"allow":["GET"]}}],"collection":[{"href":"https:\/\/jp2doc.pl\/fr\/wp-json\/wp\/v2\/pages"}],"about":[{"href":"https:\/\/jp2doc.pl\/fr\/wp-json\/wp\/v2\/types\/page"}],"author":[{"embeddable":true,"href":"https:\/\/jp2doc.pl\/fr\/wp-json\/wp\/v2\/users\/2"}],"replies":[{"embeddable":true,"href":"https:\/\/jp2doc.pl\/fr\/wp-json\/wp\/v2\/comments?post=1021"}],"version-history":[{"count":4,"href":"https:\/\/jp2doc.pl\/fr\/wp-json\/wp\/v2\/pages\/1021\/revisions"}],"predecessor-version":[{"id":1141,"href":"https:\/\/jp2doc.pl\/fr\/wp-json\/wp\/v2\/pages\/1021\/revisions\/1141"}],"wp:attachment":[{"href":"https:\/\/jp2doc.pl\/fr\/wp-json\/wp\/v2\/media?parent=1021"}],"curies":[{"name":"wp","href":"https:\/\/api.w.org\/{rel}","templated":true}]}}