{"id":108,"date":"2017-03-24T12:22:40","date_gmt":"2017-03-24T11:22:40","guid":{"rendered":"http:\/\/jp2doc.pl\/?page_id=108"},"modified":"2017-04-25T11:04:25","modified_gmt":"2017-04-25T09:04:25","slug":"biuletyn","status":"publish","type":"page","link":"https:\/\/jp2doc.pl\/fr\/biuletyn\/","title":{"rendered":"Bulletin"},"content":{"rendered":"<p>Le E-bulletin est une nouvelle forme de magazine \u00e9dit\u00e9e en version \u00e9lectronique. Nous y informons de toutes les nouveaut\u00e9s chez nous, de nos projets et initiatives, nous publions les t\u00e9moignages de nos invit\u00e9s, les nouveaut\u00e9s \u00e9ditoriales. Ci-dessous on peut t\u00e9l\u00e9charger les bulletins d\u00e9j\u00e0 publi\u00e9s, sous format PDF.<\/p>\n<ul>\n<li>e<a href=\"\/wp-content\/uploads\/2017\/03\/bulletin_1_-Centre_de_Documentation_du_Pontificat_de_Jean_Paul_II.pdf\" target=\"_blank\">-Bulletin Centre de Documentation du Pontificat de Jean Paul II 1\/2016.pdf<\/a><\/li>\n<li><a href=\"\/en\/wp-content\/uploads\/sites\/2\/2017\/03\/57231f566ab2fe-bulletin_1_JPII_Pontificates_Center.pdf\">e-Bulletin JPII Pontificate&rsquo;s Center for Documentation and Research 1\/2016.pdf<\/a><\/li>\n<li><a href=\"\/en\/wp-content\/uploads\/sites\/2\/2017\/03\/5822e707afb02Biuletyn_rocznicowy_ENG.compressed.pdf\">e-Bulletin JPII Pontificate&rsquo;s Center for Documentation and Research 3\/2016.pdf<\/a><\/li>\n<li>e<a href=\"\/en\/wp-content\/uploads\/sites\/2\/2017\/03\/58fb3b871ff19E-Bulletin_4.commpress.pdf.pdf\">-Bulletin JPII Ponntificate&rsquo;s Center for Documentation and Research 4\/2017.pdf<\/a><\/li>\n<\/ul>\n","protected":false},"excerpt":{"rendered":"<p>Le E-bulletin est une nouvelle forme de magazine \u00e9dit\u00e9e en version \u00e9lectronique. Nous y informons de toutes les nouveaut\u00e9s chez nous, de nos projets et initiatives, nous publions les t\u00e9moignages de nos invit\u00e9s, les nouveaut\u00e9s \u00e9ditoriales. Ci-dessous on peut t\u00e9l\u00e9charger les bulletins d\u00e9j\u00e0 publi\u00e9s, sous format PDF. e-Bulletin Centre de Documentation du Pontificat de Jean [&hellip;]<\/p>\n","protected":false},"author":2,"featured_media":0,"parent":0,"menu_order":0,"comment_status":"closed","ping_status":"closed","template":"","meta":{"_acf_changed":false,"_exactmetrics_skip_tracking":false,"_exactmetrics_sitenote_active":false,"_exactmetrics_sitenote_note":"","_exactmetrics_sitenote_category":0,"footnotes":""},"class_list":["post-108","page","type-page","status-publish","hentry"],"acf":[],"yoast_head":"<!-- This site is optimized with the Yoast SEO plugin v26.2 - https:\/\/yoast.com\/wordpress\/plugins\/seo\/ -->\n<title>Bulletin - Centre de Documentation et d\u2019Etude du Pontificat de Jean-Paul II \u00e0 Rome<\/title>\n<meta name=\"robots\" content=\"index, follow, max-snippet:-1, max-image-preview:large, max-video-preview:-1\" \/>\n<link rel=\"canonical\" href=\"https:\/\/jp2doc.pl\/fr\/biuletyn\/\" \/>\n<meta property=\"og:locale\" content=\"fr_FR\" \/>\n<meta property=\"og:type\" content=\"article\" \/>\n<meta property=\"og:title\" content=\"Bulletin - Centre de Documentation et d\u2019Etude du Pontificat de Jean-Paul II \u00e0 Rome\" \/>\n<meta property=\"og:description\" content=\"Le E-bulletin est une nouvelle forme de magazine \u00e9dit\u00e9e en version \u00e9lectronique. Nous y informons de toutes les nouveaut\u00e9s chez nous, de nos projets et initiatives, nous publions les t\u00e9moignages de nos invit\u00e9s, les nouveaut\u00e9s \u00e9ditoriales. Ci-dessous on peut t\u00e9l\u00e9charger les bulletins d\u00e9j\u00e0 publi\u00e9s, sous format PDF. e-Bulletin Centre de Documentation du Pontificat de Jean [&hellip;]\" \/>\n<meta property=\"og:url\" content=\"https:\/\/jp2doc.pl\/fr\/biuletyn\/\" \/>\n<meta property=\"og:site_name\" content=\"Centre de Documentation et d\u2019Etude du Pontificat de Jean-Paul II \u00e0 Rome\" \/>\n<meta property=\"article:modified_time\" content=\"2017-04-25T09:04:25+00:00\" \/>\n<meta name=\"twitter:card\" content=\"summary_large_image\" \/>\n<script type=\"application\/ld+json\" class=\"yoast-schema-graph\">{\"@context\":\"https:\/\/schema.org\",\"@graph\":[{\"@type\":\"WebPage\",\"@id\":\"https:\/\/jp2doc.pl\/fr\/biuletyn\/\",\"url\":\"https:\/\/jp2doc.pl\/fr\/biuletyn\/\",\"name\":\"Bulletin - Centre de Documentation et d\u2019Etude du Pontificat de Jean-Paul II \u00e0 Rome\",\"isPartOf\":{\"@id\":\"https:\/\/jp2doc.pl\/fr\/#website\"},\"datePublished\":\"2017-03-24T11:22:40+00:00\",\"dateModified\":\"2017-04-25T09:04:25+00:00\",\"breadcrumb\":{\"@id\":\"https:\/\/jp2doc.pl\/fr\/biuletyn\/#breadcrumb\"},\"inLanguage\":\"fr-FR\",\"potentialAction\":[{\"@type\":\"ReadAction\",\"target\":[\"https:\/\/jp2doc.pl\/fr\/biuletyn\/\"]}]},{\"@type\":\"BreadcrumbList\",\"@id\":\"https:\/\/jp2doc.pl\/fr\/biuletyn\/#breadcrumb\",\"itemListElement\":[{\"@type\":\"ListItem\",\"position\":1,\"name\":\"Home\",\"item\":\"https:\/\/jp2doc.pl\/fr\/\"},{\"@type\":\"ListItem\",\"position\":2,\"name\":\"Bulletin\"}]},{\"@type\":\"WebSite\",\"@id\":\"https:\/\/jp2doc.pl\/fr\/#website\",\"url\":\"https:\/\/jp2doc.pl\/fr\/\",\"name\":\"Centre de Documentation et d\u2019Etude du Pontificat de Jean-Paul II \u00e0 Rome\",\"description\":\"\",\"publisher\":{\"@id\":\"https:\/\/jp2doc.pl\/fr\/#organization\"},\"potentialAction\":[{\"@type\":\"SearchAction\",\"target\":{\"@type\":\"EntryPoint\",\"urlTemplate\":\"https:\/\/jp2doc.pl\/fr\/?s={search_term_string}\"},\"query-input\":{\"@type\":\"PropertyValueSpecification\",\"valueRequired\":true,\"valueName\":\"search_term_string\"}}],\"inLanguage\":\"fr-FR\"},{\"@type\":\"Organization\",\"@id\":\"https:\/\/jp2doc.pl\/fr\/#organization\",\"name\":\"Centre de Documentation et d\u2019Etude du Pontificat de Jean-Paul II \u00e0 Rome\",\"url\":\"https:\/\/jp2doc.pl\/fr\/\",\"logo\":{\"@type\":\"ImageObject\",\"inLanguage\":\"fr-FR\",\"@id\":\"https:\/\/jp2doc.pl\/fr\/#\/schema\/logo\/image\/\",\"url\":\"https:\/\/jp2doc.pl\/fr\/wp-content\/uploads\/sites\/5\/2017\/03\/cropped-logo.png\",\"contentUrl\":\"https:\/\/jp2doc.pl\/fr\/wp-content\/uploads\/sites\/5\/2017\/03\/cropped-logo.png\",\"width\":115,\"height\":115,\"caption\":\"Centre de Documentation et d\u2019Etude du Pontificat de Jean-Paul II \u00e0 Rome\"},\"image\":{\"@id\":\"https:\/\/jp2doc.pl\/fr\/#\/schema\/logo\/image\/\"}}]}<\/script>\n<!-- \/ Yoast SEO plugin. -->","yoast_head_json":{"title":"Bulletin - Centre de Documentation et d\u2019Etude du Pontificat de Jean-Paul II \u00e0 Rome","robots":{"index":"index","follow":"follow","max-snippet":"max-snippet:-1","max-image-preview":"max-image-preview:large","max-video-preview":"max-video-preview:-1"},"canonical":"https:\/\/jp2doc.pl\/fr\/biuletyn\/","og_locale":"fr_FR","og_type":"article","og_title":"Bulletin - Centre de Documentation et d\u2019Etude du Pontificat de Jean-Paul II \u00e0 Rome","og_description":"Le E-bulletin est une nouvelle forme de magazine \u00e9dit\u00e9e en version \u00e9lectronique. Nous y informons de toutes les nouveaut\u00e9s chez nous, de nos projets et initiatives, nous publions les t\u00e9moignages de nos invit\u00e9s, les nouveaut\u00e9s \u00e9ditoriales. Ci-dessous on peut t\u00e9l\u00e9charger les bulletins d\u00e9j\u00e0 publi\u00e9s, sous format PDF. e-Bulletin Centre de Documentation du Pontificat de Jean [&hellip;]","og_url":"https:\/\/jp2doc.pl\/fr\/biuletyn\/","og_site_name":"Centre de Documentation et d\u2019Etude du Pontificat de Jean-Paul II \u00e0 Rome","article_modified_time":"2017-04-25T09:04:25+00:00","twitter_card":"summary_large_image","schema":{"@context":"https:\/\/schema.org","@graph":[{"@type":"WebPage","@id":"https:\/\/jp2doc.pl\/fr\/biuletyn\/","url":"https:\/\/jp2doc.pl\/fr\/biuletyn\/","name":"Bulletin - Centre de Documentation et d\u2019Etude du Pontificat de Jean-Paul II \u00e0 Rome","isPartOf":{"@id":"https:\/\/jp2doc.pl\/fr\/#website"},"datePublished":"2017-03-24T11:22:40+00:00","dateModified":"2017-04-25T09:04:25+00:00","breadcrumb":{"@id":"https:\/\/jp2doc.pl\/fr\/biuletyn\/#breadcrumb"},"inLanguage":"fr-FR","potentialAction":[{"@type":"ReadAction","target":["https:\/\/jp2doc.pl\/fr\/biuletyn\/"]}]},{"@type":"BreadcrumbList","@id":"https:\/\/jp2doc.pl\/fr\/biuletyn\/#breadcrumb","itemListElement":[{"@type":"ListItem","position":1,"name":"Home","item":"https:\/\/jp2doc.pl\/fr\/"},{"@type":"ListItem","position":2,"name":"Bulletin"}]},{"@type":"WebSite","@id":"https:\/\/jp2doc.pl\/fr\/#website","url":"https:\/\/jp2doc.pl\/fr\/","name":"Centre de Documentation et d\u2019Etude du Pontificat de Jean-Paul II \u00e0 Rome","description":"","publisher":{"@id":"https:\/\/jp2doc.pl\/fr\/#organization"},"potentialAction":[{"@type":"SearchAction","target":{"@type":"EntryPoint","urlTemplate":"https:\/\/jp2doc.pl\/fr\/?s={search_term_string}"},"query-input":{"@type":"PropertyValueSpecification","valueRequired":true,"valueName":"search_term_string"}}],"inLanguage":"fr-FR"},{"@type":"Organization","@id":"https:\/\/jp2doc.pl\/fr\/#organization","name":"Centre de Documentation et d\u2019Etude du Pontificat de Jean-Paul II \u00e0 Rome","url":"https:\/\/jp2doc.pl\/fr\/","logo":{"@type":"ImageObject","inLanguage":"fr-FR","@id":"https:\/\/jp2doc.pl\/fr\/#\/schema\/logo\/image\/","url":"https:\/\/jp2doc.pl\/fr\/wp-content\/uploads\/sites\/5\/2017\/03\/cropped-logo.png","contentUrl":"https:\/\/jp2doc.pl\/fr\/wp-content\/uploads\/sites\/5\/2017\/03\/cropped-logo.png","width":115,"height":115,"caption":"Centre de Documentation et d\u2019Etude du Pontificat de Jean-Paul II \u00e0 Rome"},"image":{"@id":"https:\/\/jp2doc.pl\/fr\/#\/schema\/logo\/image\/"}}]}},"_links":{"self":[{"href":"https:\/\/jp2doc.pl\/fr\/wp-json\/wp\/v2\/pages\/108","targetHints":{"allow":["GET"]}}],"collection":[{"href":"https:\/\/jp2doc.pl\/fr\/wp-json\/wp\/v2\/pages"}],"about":[{"href":"https:\/\/jp2doc.pl\/fr\/wp-json\/wp\/v2\/types\/page"}],"author":[{"embeddable":true,"href":"https:\/\/jp2doc.pl\/fr\/wp-json\/wp\/v2\/users\/2"}],"replies":[{"embeddable":true,"href":"https:\/\/jp2doc.pl\/fr\/wp-json\/wp\/v2\/comments?post=108"}],"version-history":[{"count":3,"href":"https:\/\/jp2doc.pl\/fr\/wp-json\/wp\/v2\/pages\/108\/revisions"}],"predecessor-version":[{"id":1116,"href":"https:\/\/jp2doc.pl\/fr\/wp-json\/wp\/v2\/pages\/108\/revisions\/1116"}],"wp:attachment":[{"href":"https:\/\/jp2doc.pl\/fr\/wp-json\/wp\/v2\/media?parent=108"}],"curies":[{"name":"wp","href":"https:\/\/api.w.org\/{rel}","templated":true}]}}