{"id":117,"date":"2017-03-24T12:36:02","date_gmt":"2017-03-24T11:36:02","guid":{"rendered":"http:\/\/jp2doc.pl\/?page_id=117"},"modified":"2026-03-13T12:17:35","modified_gmt":"2026-03-13T11:17:35","slug":"osrodek","status":"publish","type":"page","link":"https:\/\/jp2doc.pl\/fr\/osrodek\/","title":{"rendered":"Le Centre"},"content":{"rendered":"<p>Le Centre de Documentation et d\u2019Etude du Pontificat de Jean Paul II fait partie de la Fondation vaticane Jean Paul II, cr\u00e9e le 16 octobre 1981 par le Saint-P\u00e8re. Le but du Centre est la documentation et l\u2019\u00e9tude du pontificat du pape Jean Paul II. Les ressources d\u2019archives, de biblioth\u00e8que et de mus\u00e9e constituent un d\u00e9fi pour les chercheurs d\u2019aujourd\u2019hui et un h\u00e9ritage qui restera pour les futures g\u00e9n\u00e9rations.<\/p>\n<p>La documentation recueillie et les \u00e9tudes entreprises contribuent \u00e0 la diffusion de l\u2019\u0153uvre de Jean Paul II, \u00e0 travers des colloques, des conf\u00e9rences et des expositions, avec la coop\u00e9ration des institutions au profil semblable.<\/p>\n<p>Le si\u00e8ge du Centre se trouve \u00e0 Rome, ainsi est-il un important t\u00e9moignage de la pr\u00e9sence de l\u2019Eglise polonaise dans la vie de l\u2019Eglise universelle. Il constitue aussi une plateforme du dialogue entre les nations et les cultures, dans l\u2019esprit du pontificat de Jean Paul II.<br \/>\nLa documentation recueillie par le Centre poss\u00e8de la valeur de t\u00e9moignage historique mais elle permet aussi de comprendre comment le pontificat de Jean Paul II s\u2019inscrivait dans les plans de la Divine Providence et dans l\u2019histoire des hommes. Elle constitue aussi un reflet de l\u2019universalit\u00e9 de l\u2019Eglise qui engendre une rencontre fructueuse entre le message de l\u2019Evangile et les diff\u00e9rentes cultures du monde. On peut s\u2019attendre \u00e0 ce que toutes ces collections du Centre deviennent non seulement une importante r\u00e9f\u00e9rence pour les g\u00e9n\u00e9rations actuelles et futures, mais aussi une sorte de d\u00e9fi de grandir dans la foi.<\/p>\n<p><strong>C\u2019est le p\u00e8re dr Miros\u0142aw Cicho\u0144 qui dirige les travaux du Centre de Documentation et d\u2019Etudes du Pontificat. <span class=\"HwtZe\" lang=\"fr\"><span class=\"jCAhz ChMk0b C1N51c\"><span class=\"ryNqvb\">Mme Izabela G\u00f3rnicka-Smoter travaille \u00e9galement au Centre.<\/span><\/span><\/span><\/strong><\/p>\n","protected":false},"excerpt":{"rendered":"<p>Le Centre de Documentation et d\u2019Etude du Pontificat de Jean Paul II fait partie de la Fondation vaticane Jean Paul II, cr\u00e9e le 16 octobre 1981 par le Saint-P\u00e8re. Le but du Centre est la documentation et l\u2019\u00e9tude du pontificat du pape Jean Paul II. Les ressources d\u2019archives, de biblioth\u00e8que et de mus\u00e9e constituent un [&hellip;]<\/p>\n","protected":false},"author":2,"featured_media":0,"parent":0,"menu_order":0,"comment_status":"closed","ping_status":"closed","template":"","meta":{"_acf_changed":false,"_exactmetrics_skip_tracking":false,"_exactmetrics_sitenote_active":false,"_exactmetrics_sitenote_note":"","_exactmetrics_sitenote_category":0,"footnotes":""},"class_list":["post-117","page","type-page","status-publish","hentry"],"acf":[],"yoast_head":"<!-- This site is optimized with the Yoast SEO plugin v26.2 - https:\/\/yoast.com\/wordpress\/plugins\/seo\/ -->\n<title>Le Centre - Centre de Documentation et d\u2019Etude du Pontificat de Jean-Paul II \u00e0 Rome<\/title>\n<meta name=\"robots\" content=\"index, follow, max-snippet:-1, max-image-preview:large, max-video-preview:-1\" \/>\n<link rel=\"canonical\" href=\"https:\/\/jp2doc.pl\/fr\/osrodek\/\" \/>\n<meta property=\"og:locale\" content=\"fr_FR\" \/>\n<meta property=\"og:type\" content=\"article\" \/>\n<meta property=\"og:title\" content=\"Le Centre - Centre de Documentation et d\u2019Etude du Pontificat de Jean-Paul II \u00e0 Rome\" \/>\n<meta property=\"og:description\" content=\"Le Centre de Documentation et d\u2019Etude du Pontificat de Jean Paul II fait partie de la Fondation vaticane Jean Paul II, cr\u00e9e le 16 octobre 1981 par le Saint-P\u00e8re. Le but du Centre est la documentation et l\u2019\u00e9tude du pontificat du pape Jean Paul II. Les ressources d\u2019archives, de biblioth\u00e8que et de mus\u00e9e constituent un [&hellip;]\" \/>\n<meta property=\"og:url\" content=\"https:\/\/jp2doc.pl\/fr\/osrodek\/\" \/>\n<meta property=\"og:site_name\" content=\"Centre de Documentation et d\u2019Etude du Pontificat de Jean-Paul II \u00e0 Rome\" \/>\n<meta property=\"article:modified_time\" content=\"2026-03-13T11:17:35+00:00\" \/>\n<meta name=\"twitter:card\" content=\"summary_large_image\" \/>\n<meta name=\"twitter:label1\" content=\"Dur\u00e9e de lecture estim\u00e9e\" \/>\n\t<meta name=\"twitter:data1\" content=\"2 minutes\" \/>\n<script type=\"application\/ld+json\" class=\"yoast-schema-graph\">{\"@context\":\"https:\/\/schema.org\",\"@graph\":[{\"@type\":\"WebPage\",\"@id\":\"https:\/\/jp2doc.pl\/fr\/osrodek\/\",\"url\":\"https:\/\/jp2doc.pl\/fr\/osrodek\/\",\"name\":\"Le Centre - Centre de Documentation et d\u2019Etude du Pontificat de Jean-Paul II \u00e0 Rome\",\"isPartOf\":{\"@id\":\"https:\/\/jp2doc.pl\/fr\/#website\"},\"datePublished\":\"2017-03-24T11:36:02+00:00\",\"dateModified\":\"2026-03-13T11:17:35+00:00\",\"breadcrumb\":{\"@id\":\"https:\/\/jp2doc.pl\/fr\/osrodek\/#breadcrumb\"},\"inLanguage\":\"fr-FR\",\"potentialAction\":[{\"@type\":\"ReadAction\",\"target\":[\"https:\/\/jp2doc.pl\/fr\/osrodek\/\"]}]},{\"@type\":\"BreadcrumbList\",\"@id\":\"https:\/\/jp2doc.pl\/fr\/osrodek\/#breadcrumb\",\"itemListElement\":[{\"@type\":\"ListItem\",\"position\":1,\"name\":\"Home\",\"item\":\"https:\/\/jp2doc.pl\/fr\/\"},{\"@type\":\"ListItem\",\"position\":2,\"name\":\"Le Centre\"}]},{\"@type\":\"WebSite\",\"@id\":\"https:\/\/jp2doc.pl\/fr\/#website\",\"url\":\"https:\/\/jp2doc.pl\/fr\/\",\"name\":\"Centre de Documentation et d\u2019Etude du Pontificat de Jean-Paul II \u00e0 Rome\",\"description\":\"\",\"publisher\":{\"@id\":\"https:\/\/jp2doc.pl\/fr\/#organization\"},\"potentialAction\":[{\"@type\":\"SearchAction\",\"target\":{\"@type\":\"EntryPoint\",\"urlTemplate\":\"https:\/\/jp2doc.pl\/fr\/?s={search_term_string}\"},\"query-input\":{\"@type\":\"PropertyValueSpecification\",\"valueRequired\":true,\"valueName\":\"search_term_string\"}}],\"inLanguage\":\"fr-FR\"},{\"@type\":\"Organization\",\"@id\":\"https:\/\/jp2doc.pl\/fr\/#organization\",\"name\":\"Centre de Documentation et d\u2019Etude du Pontificat de Jean-Paul II \u00e0 Rome\",\"url\":\"https:\/\/jp2doc.pl\/fr\/\",\"logo\":{\"@type\":\"ImageObject\",\"inLanguage\":\"fr-FR\",\"@id\":\"https:\/\/jp2doc.pl\/fr\/#\/schema\/logo\/image\/\",\"url\":\"https:\/\/jp2doc.pl\/fr\/wp-content\/uploads\/sites\/5\/2017\/03\/cropped-logo.png\",\"contentUrl\":\"https:\/\/jp2doc.pl\/fr\/wp-content\/uploads\/sites\/5\/2017\/03\/cropped-logo.png\",\"width\":115,\"height\":115,\"caption\":\"Centre de Documentation et d\u2019Etude du Pontificat de Jean-Paul II \u00e0 Rome\"},\"image\":{\"@id\":\"https:\/\/jp2doc.pl\/fr\/#\/schema\/logo\/image\/\"}}]}<\/script>\n<!-- \/ Yoast SEO plugin. -->","yoast_head_json":{"title":"Le Centre - Centre de Documentation et d\u2019Etude du Pontificat de Jean-Paul II \u00e0 Rome","robots":{"index":"index","follow":"follow","max-snippet":"max-snippet:-1","max-image-preview":"max-image-preview:large","max-video-preview":"max-video-preview:-1"},"canonical":"https:\/\/jp2doc.pl\/fr\/osrodek\/","og_locale":"fr_FR","og_type":"article","og_title":"Le Centre - Centre de Documentation et d\u2019Etude du Pontificat de Jean-Paul II \u00e0 Rome","og_description":"Le Centre de Documentation et d\u2019Etude du Pontificat de Jean Paul II fait partie de la Fondation vaticane Jean Paul II, cr\u00e9e le 16 octobre 1981 par le Saint-P\u00e8re. Le but du Centre est la documentation et l\u2019\u00e9tude du pontificat du pape Jean Paul II. Les ressources d\u2019archives, de biblioth\u00e8que et de mus\u00e9e constituent un [&hellip;]","og_url":"https:\/\/jp2doc.pl\/fr\/osrodek\/","og_site_name":"Centre de Documentation et d\u2019Etude du Pontificat de Jean-Paul II \u00e0 Rome","article_modified_time":"2026-03-13T11:17:35+00:00","twitter_card":"summary_large_image","twitter_misc":{"Dur\u00e9e de lecture estim\u00e9e":"2 minutes"},"schema":{"@context":"https:\/\/schema.org","@graph":[{"@type":"WebPage","@id":"https:\/\/jp2doc.pl\/fr\/osrodek\/","url":"https:\/\/jp2doc.pl\/fr\/osrodek\/","name":"Le Centre - Centre de Documentation et d\u2019Etude du Pontificat de Jean-Paul II \u00e0 Rome","isPartOf":{"@id":"https:\/\/jp2doc.pl\/fr\/#website"},"datePublished":"2017-03-24T11:36:02+00:00","dateModified":"2026-03-13T11:17:35+00:00","breadcrumb":{"@id":"https:\/\/jp2doc.pl\/fr\/osrodek\/#breadcrumb"},"inLanguage":"fr-FR","potentialAction":[{"@type":"ReadAction","target":["https:\/\/jp2doc.pl\/fr\/osrodek\/"]}]},{"@type":"BreadcrumbList","@id":"https:\/\/jp2doc.pl\/fr\/osrodek\/#breadcrumb","itemListElement":[{"@type":"ListItem","position":1,"name":"Home","item":"https:\/\/jp2doc.pl\/fr\/"},{"@type":"ListItem","position":2,"name":"Le Centre"}]},{"@type":"WebSite","@id":"https:\/\/jp2doc.pl\/fr\/#website","url":"https:\/\/jp2doc.pl\/fr\/","name":"Centre de Documentation et d\u2019Etude du Pontificat de Jean-Paul II \u00e0 Rome","description":"","publisher":{"@id":"https:\/\/jp2doc.pl\/fr\/#organization"},"potentialAction":[{"@type":"SearchAction","target":{"@type":"EntryPoint","urlTemplate":"https:\/\/jp2doc.pl\/fr\/?s={search_term_string}"},"query-input":{"@type":"PropertyValueSpecification","valueRequired":true,"valueName":"search_term_string"}}],"inLanguage":"fr-FR"},{"@type":"Organization","@id":"https:\/\/jp2doc.pl\/fr\/#organization","name":"Centre de Documentation et d\u2019Etude du Pontificat de Jean-Paul II \u00e0 Rome","url":"https:\/\/jp2doc.pl\/fr\/","logo":{"@type":"ImageObject","inLanguage":"fr-FR","@id":"https:\/\/jp2doc.pl\/fr\/#\/schema\/logo\/image\/","url":"https:\/\/jp2doc.pl\/fr\/wp-content\/uploads\/sites\/5\/2017\/03\/cropped-logo.png","contentUrl":"https:\/\/jp2doc.pl\/fr\/wp-content\/uploads\/sites\/5\/2017\/03\/cropped-logo.png","width":115,"height":115,"caption":"Centre de Documentation et d\u2019Etude du Pontificat de Jean-Paul II \u00e0 Rome"},"image":{"@id":"https:\/\/jp2doc.pl\/fr\/#\/schema\/logo\/image\/"}}]}},"_links":{"self":[{"href":"https:\/\/jp2doc.pl\/fr\/wp-json\/wp\/v2\/pages\/117","targetHints":{"allow":["GET"]}}],"collection":[{"href":"https:\/\/jp2doc.pl\/fr\/wp-json\/wp\/v2\/pages"}],"about":[{"href":"https:\/\/jp2doc.pl\/fr\/wp-json\/wp\/v2\/types\/page"}],"author":[{"embeddable":true,"href":"https:\/\/jp2doc.pl\/fr\/wp-json\/wp\/v2\/users\/2"}],"replies":[{"embeddable":true,"href":"https:\/\/jp2doc.pl\/fr\/wp-json\/wp\/v2\/comments?post=117"}],"version-history":[{"count":5,"href":"https:\/\/jp2doc.pl\/fr\/wp-json\/wp\/v2\/pages\/117\/revisions"}],"predecessor-version":[{"id":2302,"href":"https:\/\/jp2doc.pl\/fr\/wp-json\/wp\/v2\/pages\/117\/revisions\/2302"}],"wp:attachment":[{"href":"https:\/\/jp2doc.pl\/fr\/wp-json\/wp\/v2\/media?parent=117"}],"curies":[{"name":"wp","href":"https:\/\/api.w.org\/{rel}","templated":true}]}}