{"id":141,"date":"2017-03-24T13:28:41","date_gmt":"2017-03-24T12:28:41","guid":{"rendered":"http:\/\/jp2doc.pl\/?page_id=141"},"modified":"2017-03-24T13:28:41","modified_gmt":"2017-03-24T12:28:41","slug":"dom-polski","status":"publish","type":"page","link":"https:\/\/jp2doc.pl\/fr\/dom-polski\/","title":{"rendered":"Dom polski"},"content":{"rendered":"<p>O\u015brodek Dokumentacji i Studium Pontyfikatu Jana Paw\u0142a II mie\u015bci si\u0119 w Domu Polskim w Rzymie.<br \/>\nOsoby korzystaj\u0105ce ze zbior\u00f3w O\u015brodka oraz pielgrzymi mog\u0105 skorzysta\u0107 z zakwaterowania.<\/p>\n<p><a href=\"http:\/\/jp2doc.pl\/wp-content\/uploads\/2017\/03\/4fb6af11a57a7undefined.jpg\"><img loading=\"lazy\" decoding=\"async\" width=\"560\" height=\"373\" class=\"aligncenter wp-image-143 size-full\" src=\"http:\/\/jp2doc.pl\/wp-content\/uploads\/2017\/03\/4fb6af11a57a7undefined.jpg\" alt=\"\" \/><\/a><\/p>\n<p>Dom ma charakter domu pielgrzyma, mo\u017ce przyj\u0105\u0107 jednocze\u015bnie 100 os\u00f3b.<br \/>\nNa miejscu jest kaplica, kuchnia do dyspozycji pielgrzym\u00f3w, jest tak\u017ce mo\u017cliwo\u015b\u0107 zam\u00f3wienia posi\u0142k\u00f3w<br \/>\nna miejscu. Oferujemy tak\u017ce transfery z lotniska.<\/p>\n<p style=\"text-align: center\"><strong>Wszelkie informacje o Domu mo\u017cna uzyska\u0107 pisz\u0105c na adres mailowy<\/strong> <a href=\"mailto:dompolski2014@libero.it\">dompolski2014@libero.it<\/a><br \/>\n<strong>Pod tym adresem dokonuje si\u0119 rezerwacji miejsc.<\/strong><\/p>\n<p><a href=\"http:\/\/jp2doc.pl\/wp-content\/uploads\/2017\/03\/4fb6af2f0c8c5undefined.jpg\"><img loading=\"lazy\" decoding=\"async\" width=\"560\" height=\"372\" class=\"aligncenter wp-image-144 size-full\" src=\"http:\/\/jp2doc.pl\/wp-content\/uploads\/2017\/03\/4fb6af2f0c8c5undefined.jpg\" alt=\"\" \/><\/a><\/p>\n","protected":false},"excerpt":{"rendered":"<p>O\u015brodek Dokumentacji i Studium Pontyfikatu Jana Paw\u0142a II mie\u015bci si\u0119 w Domu Polskim w Rzymie. Osoby korzystaj\u0105ce ze zbior\u00f3w O\u015brodka oraz pielgrzymi mog\u0105 skorzysta\u0107 z zakwaterowania. Dom ma charakter domu pielgrzyma, mo\u017ce przyj\u0105\u0107 jednocze\u015bnie 100 os\u00f3b. Na miejscu jest kaplica, kuchnia do dyspozycji pielgrzym\u00f3w, jest tak\u017ce mo\u017cliwo\u015b\u0107 zam\u00f3wienia posi\u0142k\u00f3w na miejscu. Oferujemy tak\u017ce transfery z [&hellip;]<\/p>\n","protected":false},"author":2,"featured_media":0,"parent":0,"menu_order":0,"comment_status":"closed","ping_status":"closed","template":"","meta":{"_acf_changed":false,"_exactmetrics_skip_tracking":false,"_exactmetrics_sitenote_active":false,"_exactmetrics_sitenote_note":"","_exactmetrics_sitenote_category":0,"footnotes":""},"class_list":["post-141","page","type-page","status-publish","hentry"],"acf":[],"yoast_head":"<!-- This site is optimized with the Yoast SEO plugin v26.2 - https:\/\/yoast.com\/wordpress\/plugins\/seo\/ -->\n<title>Dom polski - Centre de Documentation et d\u2019Etude du Pontificat de Jean-Paul II \u00e0 Rome<\/title>\n<meta name=\"robots\" content=\"index, follow, max-snippet:-1, max-image-preview:large, max-video-preview:-1\" \/>\n<link rel=\"canonical\" href=\"https:\/\/jp2doc.pl\/fr\/dom-polski\/\" \/>\n<meta property=\"og:locale\" content=\"fr_FR\" \/>\n<meta property=\"og:type\" content=\"article\" \/>\n<meta property=\"og:title\" content=\"Dom polski - Centre de Documentation et d\u2019Etude du Pontificat de Jean-Paul II \u00e0 Rome\" \/>\n<meta property=\"og:description\" content=\"O\u015brodek Dokumentacji i Studium Pontyfikatu Jana Paw\u0142a II mie\u015bci si\u0119 w Domu Polskim w Rzymie. Osoby korzystaj\u0105ce ze zbior\u00f3w O\u015brodka oraz pielgrzymi mog\u0105 skorzysta\u0107 z zakwaterowania. Dom ma charakter domu pielgrzyma, mo\u017ce przyj\u0105\u0107 jednocze\u015bnie 100 os\u00f3b. Na miejscu jest kaplica, kuchnia do dyspozycji pielgrzym\u00f3w, jest tak\u017ce mo\u017cliwo\u015b\u0107 zam\u00f3wienia posi\u0142k\u00f3w na miejscu. Oferujemy tak\u017ce transfery z [&hellip;]\" \/>\n<meta property=\"og:url\" content=\"https:\/\/jp2doc.pl\/fr\/dom-polski\/\" \/>\n<meta property=\"og:site_name\" content=\"Centre de Documentation et d\u2019Etude du Pontificat de Jean-Paul II \u00e0 Rome\" \/>\n<meta property=\"og:image\" content=\"http:\/\/jp2doc.pl\/wp-content\/uploads\/2017\/03\/4fb6af11a57a7undefined.jpg\" \/>\n<meta name=\"twitter:card\" content=\"summary_large_image\" \/>\n<script type=\"application\/ld+json\" class=\"yoast-schema-graph\">{\"@context\":\"https:\/\/schema.org\",\"@graph\":[{\"@type\":\"WebPage\",\"@id\":\"https:\/\/jp2doc.pl\/fr\/dom-polski\/\",\"url\":\"https:\/\/jp2doc.pl\/fr\/dom-polski\/\",\"name\":\"Dom polski - Centre de Documentation et d\u2019Etude du Pontificat de Jean-Paul II \u00e0 Rome\",\"isPartOf\":{\"@id\":\"https:\/\/jp2doc.pl\/fr\/#website\"},\"primaryImageOfPage\":{\"@id\":\"https:\/\/jp2doc.pl\/fr\/dom-polski\/#primaryimage\"},\"image\":{\"@id\":\"https:\/\/jp2doc.pl\/fr\/dom-polski\/#primaryimage\"},\"thumbnailUrl\":\"http:\/\/jp2doc.pl\/wp-content\/uploads\/2017\/03\/4fb6af11a57a7undefined.jpg\",\"datePublished\":\"2017-03-24T12:28:41+00:00\",\"breadcrumb\":{\"@id\":\"https:\/\/jp2doc.pl\/fr\/dom-polski\/#breadcrumb\"},\"inLanguage\":\"fr-FR\",\"potentialAction\":[{\"@type\":\"ReadAction\",\"target\":[\"https:\/\/jp2doc.pl\/fr\/dom-polski\/\"]}]},{\"@type\":\"ImageObject\",\"inLanguage\":\"fr-FR\",\"@id\":\"https:\/\/jp2doc.pl\/fr\/dom-polski\/#primaryimage\",\"url\":\"http:\/\/jp2doc.pl\/wp-content\/uploads\/2017\/03\/4fb6af11a57a7undefined.jpg\",\"contentUrl\":\"http:\/\/jp2doc.pl\/wp-content\/uploads\/2017\/03\/4fb6af11a57a7undefined.jpg\"},{\"@type\":\"BreadcrumbList\",\"@id\":\"https:\/\/jp2doc.pl\/fr\/dom-polski\/#breadcrumb\",\"itemListElement\":[{\"@type\":\"ListItem\",\"position\":1,\"name\":\"Home\",\"item\":\"https:\/\/jp2doc.pl\/fr\/\"},{\"@type\":\"ListItem\",\"position\":2,\"name\":\"Dom polski\"}]},{\"@type\":\"WebSite\",\"@id\":\"https:\/\/jp2doc.pl\/fr\/#website\",\"url\":\"https:\/\/jp2doc.pl\/fr\/\",\"name\":\"Centre de Documentation et d\u2019Etude du Pontificat de Jean-Paul II \u00e0 Rome\",\"description\":\"\",\"publisher\":{\"@id\":\"https:\/\/jp2doc.pl\/fr\/#organization\"},\"potentialAction\":[{\"@type\":\"SearchAction\",\"target\":{\"@type\":\"EntryPoint\",\"urlTemplate\":\"https:\/\/jp2doc.pl\/fr\/?s={search_term_string}\"},\"query-input\":{\"@type\":\"PropertyValueSpecification\",\"valueRequired\":true,\"valueName\":\"search_term_string\"}}],\"inLanguage\":\"fr-FR\"},{\"@type\":\"Organization\",\"@id\":\"https:\/\/jp2doc.pl\/fr\/#organization\",\"name\":\"Centre de Documentation et d\u2019Etude du Pontificat de Jean-Paul II \u00e0 Rome\",\"url\":\"https:\/\/jp2doc.pl\/fr\/\",\"logo\":{\"@type\":\"ImageObject\",\"inLanguage\":\"fr-FR\",\"@id\":\"https:\/\/jp2doc.pl\/fr\/#\/schema\/logo\/image\/\",\"url\":\"https:\/\/jp2doc.pl\/fr\/wp-content\/uploads\/sites\/5\/2017\/03\/cropped-logo.png\",\"contentUrl\":\"https:\/\/jp2doc.pl\/fr\/wp-content\/uploads\/sites\/5\/2017\/03\/cropped-logo.png\",\"width\":115,\"height\":115,\"caption\":\"Centre de Documentation et d\u2019Etude du Pontificat de Jean-Paul II \u00e0 Rome\"},\"image\":{\"@id\":\"https:\/\/jp2doc.pl\/fr\/#\/schema\/logo\/image\/\"}}]}<\/script>\n<!-- \/ Yoast SEO plugin. -->","yoast_head_json":{"title":"Dom polski - Centre de Documentation et d\u2019Etude du Pontificat de Jean-Paul II \u00e0 Rome","robots":{"index":"index","follow":"follow","max-snippet":"max-snippet:-1","max-image-preview":"max-image-preview:large","max-video-preview":"max-video-preview:-1"},"canonical":"https:\/\/jp2doc.pl\/fr\/dom-polski\/","og_locale":"fr_FR","og_type":"article","og_title":"Dom polski - Centre de Documentation et d\u2019Etude du Pontificat de Jean-Paul II \u00e0 Rome","og_description":"O\u015brodek Dokumentacji i Studium Pontyfikatu Jana Paw\u0142a II mie\u015bci si\u0119 w Domu Polskim w Rzymie. Osoby korzystaj\u0105ce ze zbior\u00f3w O\u015brodka oraz pielgrzymi mog\u0105 skorzysta\u0107 z zakwaterowania. Dom ma charakter domu pielgrzyma, mo\u017ce przyj\u0105\u0107 jednocze\u015bnie 100 os\u00f3b. Na miejscu jest kaplica, kuchnia do dyspozycji pielgrzym\u00f3w, jest tak\u017ce mo\u017cliwo\u015b\u0107 zam\u00f3wienia posi\u0142k\u00f3w na miejscu. Oferujemy tak\u017ce transfery z [&hellip;]","og_url":"https:\/\/jp2doc.pl\/fr\/dom-polski\/","og_site_name":"Centre de Documentation et d\u2019Etude du Pontificat de Jean-Paul II \u00e0 Rome","og_image":[{"url":"http:\/\/jp2doc.pl\/wp-content\/uploads\/2017\/03\/4fb6af11a57a7undefined.jpg","type":"","width":"","height":""}],"twitter_card":"summary_large_image","schema":{"@context":"https:\/\/schema.org","@graph":[{"@type":"WebPage","@id":"https:\/\/jp2doc.pl\/fr\/dom-polski\/","url":"https:\/\/jp2doc.pl\/fr\/dom-polski\/","name":"Dom polski - Centre de Documentation et d\u2019Etude du Pontificat de Jean-Paul II \u00e0 Rome","isPartOf":{"@id":"https:\/\/jp2doc.pl\/fr\/#website"},"primaryImageOfPage":{"@id":"https:\/\/jp2doc.pl\/fr\/dom-polski\/#primaryimage"},"image":{"@id":"https:\/\/jp2doc.pl\/fr\/dom-polski\/#primaryimage"},"thumbnailUrl":"http:\/\/jp2doc.pl\/wp-content\/uploads\/2017\/03\/4fb6af11a57a7undefined.jpg","datePublished":"2017-03-24T12:28:41+00:00","breadcrumb":{"@id":"https:\/\/jp2doc.pl\/fr\/dom-polski\/#breadcrumb"},"inLanguage":"fr-FR","potentialAction":[{"@type":"ReadAction","target":["https:\/\/jp2doc.pl\/fr\/dom-polski\/"]}]},{"@type":"ImageObject","inLanguage":"fr-FR","@id":"https:\/\/jp2doc.pl\/fr\/dom-polski\/#primaryimage","url":"http:\/\/jp2doc.pl\/wp-content\/uploads\/2017\/03\/4fb6af11a57a7undefined.jpg","contentUrl":"http:\/\/jp2doc.pl\/wp-content\/uploads\/2017\/03\/4fb6af11a57a7undefined.jpg"},{"@type":"BreadcrumbList","@id":"https:\/\/jp2doc.pl\/fr\/dom-polski\/#breadcrumb","itemListElement":[{"@type":"ListItem","position":1,"name":"Home","item":"https:\/\/jp2doc.pl\/fr\/"},{"@type":"ListItem","position":2,"name":"Dom polski"}]},{"@type":"WebSite","@id":"https:\/\/jp2doc.pl\/fr\/#website","url":"https:\/\/jp2doc.pl\/fr\/","name":"Centre de Documentation et d\u2019Etude du Pontificat de Jean-Paul II \u00e0 Rome","description":"","publisher":{"@id":"https:\/\/jp2doc.pl\/fr\/#organization"},"potentialAction":[{"@type":"SearchAction","target":{"@type":"EntryPoint","urlTemplate":"https:\/\/jp2doc.pl\/fr\/?s={search_term_string}"},"query-input":{"@type":"PropertyValueSpecification","valueRequired":true,"valueName":"search_term_string"}}],"inLanguage":"fr-FR"},{"@type":"Organization","@id":"https:\/\/jp2doc.pl\/fr\/#organization","name":"Centre de Documentation et d\u2019Etude du Pontificat de Jean-Paul II \u00e0 Rome","url":"https:\/\/jp2doc.pl\/fr\/","logo":{"@type":"ImageObject","inLanguage":"fr-FR","@id":"https:\/\/jp2doc.pl\/fr\/#\/schema\/logo\/image\/","url":"https:\/\/jp2doc.pl\/fr\/wp-content\/uploads\/sites\/5\/2017\/03\/cropped-logo.png","contentUrl":"https:\/\/jp2doc.pl\/fr\/wp-content\/uploads\/sites\/5\/2017\/03\/cropped-logo.png","width":115,"height":115,"caption":"Centre de Documentation et d\u2019Etude du Pontificat de Jean-Paul II \u00e0 Rome"},"image":{"@id":"https:\/\/jp2doc.pl\/fr\/#\/schema\/logo\/image\/"}}]}},"_links":{"self":[{"href":"https:\/\/jp2doc.pl\/fr\/wp-json\/wp\/v2\/pages\/141","targetHints":{"allow":["GET"]}}],"collection":[{"href":"https:\/\/jp2doc.pl\/fr\/wp-json\/wp\/v2\/pages"}],"about":[{"href":"https:\/\/jp2doc.pl\/fr\/wp-json\/wp\/v2\/types\/page"}],"author":[{"embeddable":true,"href":"https:\/\/jp2doc.pl\/fr\/wp-json\/wp\/v2\/users\/2"}],"replies":[{"embeddable":true,"href":"https:\/\/jp2doc.pl\/fr\/wp-json\/wp\/v2\/comments?post=141"}],"version-history":[{"count":0,"href":"https:\/\/jp2doc.pl\/fr\/wp-json\/wp\/v2\/pages\/141\/revisions"}],"wp:attachment":[{"href":"https:\/\/jp2doc.pl\/fr\/wp-json\/wp\/v2\/media?parent=141"}],"curies":[{"name":"wp","href":"https:\/\/api.w.org\/{rel}","templated":true}]}}