{"id":156,"date":"2017-03-24T13:46:22","date_gmt":"2017-03-24T12:46:22","guid":{"rendered":"http:\/\/jp2doc.pl\/?page_id=156"},"modified":"2017-04-18T15:37:13","modified_gmt":"2017-04-18T13:37:13","slug":"krakow-2010","status":"publish","type":"page","link":"https:\/\/jp2doc.pl\/fr\/sympozja\/krakow-2010\/","title":{"rendered":"Cracovie 2010"},"content":{"rendered":"<h3 style=\"text-align: center;\">La libert\u00e9 religieuse est le c\u0153ur de la libert\u00e9 humaine<\/h3>\n<p>Le Centre de Documentation et d\u2019\u00c9tudes du Pontificat a organis\u00e9 cette session scientifique consacr\u00e9e \u00e0 la libert\u00e9 religieuse dans le cadre de la V\u00e8me Journ\u00e9e de Jean Paul II \u00e0 Cracovie. Gr\u00e2ce \u00e0 la bienveillance de la direction de l\u2019Universit\u00e9 Jagellonne, elle a pu avoir lieu dans la salle de Collegium Novum, le 4 Novembre 2010 apr\u00e8s-midi. Plusieurs personnalit\u00e9s eccl\u00e9siastiques, scientifiques et autres y ont particip\u00e9. Le th\u00e8me de la session avait pour l\u2019\u00e9cho les paroles de Jean Paul II\u00a0: \u201eLa libert\u00e9 religieuse est le c\u0153ur de la libert\u00e9 humaine\u201d pour reprendre un sujet important dans l\u2019enseignement de Jean Paul II sur le droits de l\u2019homme, appuy\u00e9 par sa propre exp\u00e9rience de vie. L\u2019objectif de la session \u00e9tait de souligner l\u2019importance de la libert\u00e9 religieuse dans le cadre de la recherche des solutions socio-politiques.<\/p>\n<div align=\"center\"><a href=\"http:\/\/jp2doc.pl\/wp-content\/uploads\/2017\/03\/4fb6c2ba9bff9undefined.jpg\"><img loading=\"lazy\" decoding=\"async\" width=\"540\" height=\"405\" class=\"wp-image-159 size-full aligncenter\" src=\"http:\/\/jp2doc.pl\/wp-content\/uploads\/2017\/03\/4fb6c2ba9bff9undefined.jpg\" alt=\"\" \/><\/a><\/div>\n<p>Monsieur Karol Musio\u0142, recteur de l\u2019Universit\u00e9 Jagellonne a adress\u00e9 le mot d\u2019accueil aux participants. Ensuite, Cardinal Stanis\u0142aw Dziwisz a pris la parole. L\u2019intervenant suivant, Monseigneur J\u00f3zef Kowalczyk a introduit les participants dans le sujet de la libert\u00e9 religieuse, en disant que l\u2019enseignement de Jean Paul II est enracin\u00e9 dans la R\u00e9v\u00e9lation et dans la doctrine du Concile Vatican II. P\u00e8re professeurLibero Gerosa de Lugano a soulign\u00e9 l\u2019exp\u00e9rience de l\u2019identit\u00e9 de la personne humaine, qui \u00e9tait devenue pour Jean Paul II une source originale de son combat pour d\u00e9fendre les droits de l\u2019homme et de la nation.\u00a0Monsieur Andrzej Zoll, professeur de l\u2019Universit\u00e9 Jagellonne a parl\u00e9 du droit \u00e0 la libert\u00e9 de conscience et de confession garantie par la Charte des Droits Fondamentaux de l\u2019Union Europ\u00e9enne, en soulignant que la v\u00e9rit\u00e9 sur la dignit\u00e9 de l\u2019homme devrait \u00eatre consider\u00e9e comme valeur absolue. Cardinal Jean-Louis Tauran, pr\u00e9sident du Conseil Pontifical pour le Dialogue Interreligieux a dit le mot de cl\u00f4ture de la premi\u00e8re partie de la session.<\/p>\n<div align=\"center\"><a href=\"http:\/\/jp2doc.pl\/wp-content\/uploads\/2017\/03\/4fb6c2d1516e9undefined.jpg\"><img loading=\"lazy\" decoding=\"async\" width=\"540\" height=\"405\" class=\"aligncenter wp-image-161 size-full\" src=\"http:\/\/jp2doc.pl\/wp-content\/uploads\/2017\/03\/4fb6c2d1516e9undefined.jpg\" alt=\"\" \/><\/a><\/div>\n<p>Apr\u00e8s la pause, p\u00e8re Francesco D\u2019Agostino, professeur de l\u2019Universit\u00e9 Tor Vergata \u00e0 Rome a pr\u00e9sent\u00e9 la libert\u00e9 religieuse en tant que la question cl\u00e9 \u00e0 l\u2019\u00e9poque du posts\u00e9cularisme. Ensuite, Wojciech G\u00f3ralski, professeur de l\u2019Universit\u00e9 du Cardinal Stefan Wyszy\u0144ski de Varsovie a parl\u00e9 de la cat\u00e9ch\u00e8se catholique (dans le \u00e9coles) en vertu du Concordat sign\u00e9 entre les pays et le Saint Si\u00e8ge durant le pontificat de Jean Paul II, en soulignant qu\u2019il tenait beaucoup \u00e0 garantir aux parents le droit de l\u2019\u00e9ducation religieuse de leurs enfants.<br \/>\n\u00c0 la fin de la session La Fondation Jean Paul II a pr\u00e9sent\u00e9 son programme de bourses pour les jeunes en provenance des pays de l\u2019ancien bloc communiste, qui constitue sa contribution \u00e0 la promotion de la libert\u00e9 religieuse. Elena Grigoryeva, \u00e9tudiante de Russie et deux gradu\u00e9s : Branislav Kluska de Slovaquie et Andrij Delisandru d\u2019Ukraine ont t\u00e9moign\u00e9 comment les \u00e9tudes \u00e0 l\u2019Universit\u00e9 Catholique de Lublin portent des fruits dans leurs vies priv\u00e9s et socio-religieuses et comment gr\u00e2ce \u00e0 la possibilit\u00e9 d\u2019\u00e9tudier leur vie religieuse peut s\u2019\u00e9panouir dans les domaines, qui \u00e9taient \u00e9touff\u00e9es dans leurs pays pendant des longues d\u00e9cennies.<\/p>\n<div align=\"center\"><a href=\"http:\/\/jp2doc.pl\/wp-content\/uploads\/2017\/03\/4fb6c2e45e108undefined.jpg\"><img decoding=\"async\" class=\"aligncenter wp-image-161 size-full\" src=\"http:\/\/jp2doc.pl\/wp-content\/uploads\/2017\/03\/4fb6c2e45e108undefined.jpg\" alt=\"\" \/><\/a><\/div>\n","protected":false},"excerpt":{"rendered":"<p>La libert\u00e9 religieuse est le c\u0153ur de la libert\u00e9 humaine Le Centre de Documentation et d\u2019\u00c9tudes du Pontificat a organis\u00e9 cette session scientifique consacr\u00e9e \u00e0 la libert\u00e9 religieuse dans le cadre de la V\u00e8me Journ\u00e9e de Jean Paul II \u00e0 Cracovie. Gr\u00e2ce \u00e0 la bienveillance de la direction de l\u2019Universit\u00e9 Jagellonne, elle a pu avoir [&hellip;]<\/p>\n","protected":false},"author":2,"featured_media":0,"parent":78,"menu_order":0,"comment_status":"closed","ping_status":"closed","template":"","meta":{"_acf_changed":false,"_exactmetrics_skip_tracking":false,"_exactmetrics_sitenote_active":false,"_exactmetrics_sitenote_note":"","_exactmetrics_sitenote_category":0,"footnotes":""},"class_list":["post-156","page","type-page","status-publish","hentry"],"acf":[],"yoast_head":"<!-- This site is optimized with the Yoast SEO plugin v26.2 - https:\/\/yoast.com\/wordpress\/plugins\/seo\/ -->\n<title>Cracovie 2010 - Centre de Documentation et d\u2019Etude du Pontificat de Jean-Paul II \u00e0 Rome<\/title>\n<meta name=\"robots\" content=\"index, follow, max-snippet:-1, max-image-preview:large, max-video-preview:-1\" \/>\n<link rel=\"canonical\" href=\"https:\/\/jp2doc.pl\/fr\/sympozja\/krakow-2010\/\" \/>\n<meta property=\"og:locale\" content=\"fr_FR\" \/>\n<meta property=\"og:type\" content=\"article\" \/>\n<meta property=\"og:title\" content=\"Cracovie 2010 - Centre de Documentation et d\u2019Etude du Pontificat de Jean-Paul II \u00e0 Rome\" \/>\n<meta property=\"og:description\" content=\"La libert\u00e9 religieuse est le c\u0153ur de la libert\u00e9 humaine Le Centre de Documentation et d\u2019\u00c9tudes du Pontificat a organis\u00e9 cette session scientifique consacr\u00e9e \u00e0 la libert\u00e9 religieuse dans le cadre de la V\u00e8me Journ\u00e9e de Jean Paul II \u00e0 Cracovie. Gr\u00e2ce \u00e0 la bienveillance de la direction de l\u2019Universit\u00e9 Jagellonne, elle a pu avoir [&hellip;]\" \/>\n<meta property=\"og:url\" content=\"https:\/\/jp2doc.pl\/fr\/sympozja\/krakow-2010\/\" \/>\n<meta property=\"og:site_name\" content=\"Centre de Documentation et d\u2019Etude du Pontificat de Jean-Paul II \u00e0 Rome\" \/>\n<meta property=\"article:modified_time\" content=\"2017-04-18T13:37:13+00:00\" \/>\n<meta property=\"og:image\" content=\"http:\/\/jp2doc.pl\/wp-content\/uploads\/2017\/03\/4fb6c2ba9bff9undefined.jpg\" \/>\n<meta name=\"twitter:card\" content=\"summary_large_image\" \/>\n<meta name=\"twitter:label1\" content=\"Dur\u00e9e de lecture estim\u00e9e\" \/>\n\t<meta name=\"twitter:data1\" content=\"3 minutes\" \/>\n<script type=\"application\/ld+json\" class=\"yoast-schema-graph\">{\"@context\":\"https:\/\/schema.org\",\"@graph\":[{\"@type\":\"WebPage\",\"@id\":\"https:\/\/jp2doc.pl\/fr\/sympozja\/krakow-2010\/\",\"url\":\"https:\/\/jp2doc.pl\/fr\/sympozja\/krakow-2010\/\",\"name\":\"Cracovie 2010 - Centre de Documentation et d\u2019Etude du Pontificat de Jean-Paul II \u00e0 Rome\",\"isPartOf\":{\"@id\":\"https:\/\/jp2doc.pl\/fr\/#website\"},\"primaryImageOfPage\":{\"@id\":\"https:\/\/jp2doc.pl\/fr\/sympozja\/krakow-2010\/#primaryimage\"},\"image\":{\"@id\":\"https:\/\/jp2doc.pl\/fr\/sympozja\/krakow-2010\/#primaryimage\"},\"thumbnailUrl\":\"http:\/\/jp2doc.pl\/wp-content\/uploads\/2017\/03\/4fb6c2ba9bff9undefined.jpg\",\"datePublished\":\"2017-03-24T12:46:22+00:00\",\"dateModified\":\"2017-04-18T13:37:13+00:00\",\"breadcrumb\":{\"@id\":\"https:\/\/jp2doc.pl\/fr\/sympozja\/krakow-2010\/#breadcrumb\"},\"inLanguage\":\"fr-FR\",\"potentialAction\":[{\"@type\":\"ReadAction\",\"target\":[\"https:\/\/jp2doc.pl\/fr\/sympozja\/krakow-2010\/\"]}]},{\"@type\":\"ImageObject\",\"inLanguage\":\"fr-FR\",\"@id\":\"https:\/\/jp2doc.pl\/fr\/sympozja\/krakow-2010\/#primaryimage\",\"url\":\"http:\/\/jp2doc.pl\/wp-content\/uploads\/2017\/03\/4fb6c2ba9bff9undefined.jpg\",\"contentUrl\":\"http:\/\/jp2doc.pl\/wp-content\/uploads\/2017\/03\/4fb6c2ba9bff9undefined.jpg\"},{\"@type\":\"BreadcrumbList\",\"@id\":\"https:\/\/jp2doc.pl\/fr\/sympozja\/krakow-2010\/#breadcrumb\",\"itemListElement\":[{\"@type\":\"ListItem\",\"position\":1,\"name\":\"Home\",\"item\":\"https:\/\/jp2doc.pl\/fr\/\"},{\"@type\":\"ListItem\",\"position\":2,\"name\":\"Conf\u00e9rences\",\"item\":\"https:\/\/jp2doc.pl\/fr\/sympozja\/\"},{\"@type\":\"ListItem\",\"position\":3,\"name\":\"Cracovie 2010\"}]},{\"@type\":\"WebSite\",\"@id\":\"https:\/\/jp2doc.pl\/fr\/#website\",\"url\":\"https:\/\/jp2doc.pl\/fr\/\",\"name\":\"Centre de Documentation et d\u2019Etude du Pontificat de Jean-Paul II \u00e0 Rome\",\"description\":\"\",\"publisher\":{\"@id\":\"https:\/\/jp2doc.pl\/fr\/#organization\"},\"potentialAction\":[{\"@type\":\"SearchAction\",\"target\":{\"@type\":\"EntryPoint\",\"urlTemplate\":\"https:\/\/jp2doc.pl\/fr\/?s={search_term_string}\"},\"query-input\":{\"@type\":\"PropertyValueSpecification\",\"valueRequired\":true,\"valueName\":\"search_term_string\"}}],\"inLanguage\":\"fr-FR\"},{\"@type\":\"Organization\",\"@id\":\"https:\/\/jp2doc.pl\/fr\/#organization\",\"name\":\"Centre de Documentation et d\u2019Etude du Pontificat de Jean-Paul II \u00e0 Rome\",\"url\":\"https:\/\/jp2doc.pl\/fr\/\",\"logo\":{\"@type\":\"ImageObject\",\"inLanguage\":\"fr-FR\",\"@id\":\"https:\/\/jp2doc.pl\/fr\/#\/schema\/logo\/image\/\",\"url\":\"https:\/\/jp2doc.pl\/fr\/wp-content\/uploads\/sites\/5\/2017\/03\/cropped-logo.png\",\"contentUrl\":\"https:\/\/jp2doc.pl\/fr\/wp-content\/uploads\/sites\/5\/2017\/03\/cropped-logo.png\",\"width\":115,\"height\":115,\"caption\":\"Centre de Documentation et d\u2019Etude du Pontificat de Jean-Paul II \u00e0 Rome\"},\"image\":{\"@id\":\"https:\/\/jp2doc.pl\/fr\/#\/schema\/logo\/image\/\"}}]}<\/script>\n<!-- \/ Yoast SEO plugin. -->","yoast_head_json":{"title":"Cracovie 2010 - Centre de Documentation et d\u2019Etude du Pontificat de Jean-Paul II \u00e0 Rome","robots":{"index":"index","follow":"follow","max-snippet":"max-snippet:-1","max-image-preview":"max-image-preview:large","max-video-preview":"max-video-preview:-1"},"canonical":"https:\/\/jp2doc.pl\/fr\/sympozja\/krakow-2010\/","og_locale":"fr_FR","og_type":"article","og_title":"Cracovie 2010 - Centre de Documentation et d\u2019Etude du Pontificat de Jean-Paul II \u00e0 Rome","og_description":"La libert\u00e9 religieuse est le c\u0153ur de la libert\u00e9 humaine Le Centre de Documentation et d\u2019\u00c9tudes du Pontificat a organis\u00e9 cette session scientifique consacr\u00e9e \u00e0 la libert\u00e9 religieuse dans le cadre de la V\u00e8me Journ\u00e9e de Jean Paul II \u00e0 Cracovie. Gr\u00e2ce \u00e0 la bienveillance de la direction de l\u2019Universit\u00e9 Jagellonne, elle a pu avoir [&hellip;]","og_url":"https:\/\/jp2doc.pl\/fr\/sympozja\/krakow-2010\/","og_site_name":"Centre de Documentation et d\u2019Etude du Pontificat de Jean-Paul II \u00e0 Rome","article_modified_time":"2017-04-18T13:37:13+00:00","og_image":[{"url":"http:\/\/jp2doc.pl\/wp-content\/uploads\/2017\/03\/4fb6c2ba9bff9undefined.jpg","type":"","width":"","height":""}],"twitter_card":"summary_large_image","twitter_misc":{"Dur\u00e9e de lecture estim\u00e9e":"3 minutes"},"schema":{"@context":"https:\/\/schema.org","@graph":[{"@type":"WebPage","@id":"https:\/\/jp2doc.pl\/fr\/sympozja\/krakow-2010\/","url":"https:\/\/jp2doc.pl\/fr\/sympozja\/krakow-2010\/","name":"Cracovie 2010 - Centre de Documentation et d\u2019Etude du Pontificat de Jean-Paul II \u00e0 Rome","isPartOf":{"@id":"https:\/\/jp2doc.pl\/fr\/#website"},"primaryImageOfPage":{"@id":"https:\/\/jp2doc.pl\/fr\/sympozja\/krakow-2010\/#primaryimage"},"image":{"@id":"https:\/\/jp2doc.pl\/fr\/sympozja\/krakow-2010\/#primaryimage"},"thumbnailUrl":"http:\/\/jp2doc.pl\/wp-content\/uploads\/2017\/03\/4fb6c2ba9bff9undefined.jpg","datePublished":"2017-03-24T12:46:22+00:00","dateModified":"2017-04-18T13:37:13+00:00","breadcrumb":{"@id":"https:\/\/jp2doc.pl\/fr\/sympozja\/krakow-2010\/#breadcrumb"},"inLanguage":"fr-FR","potentialAction":[{"@type":"ReadAction","target":["https:\/\/jp2doc.pl\/fr\/sympozja\/krakow-2010\/"]}]},{"@type":"ImageObject","inLanguage":"fr-FR","@id":"https:\/\/jp2doc.pl\/fr\/sympozja\/krakow-2010\/#primaryimage","url":"http:\/\/jp2doc.pl\/wp-content\/uploads\/2017\/03\/4fb6c2ba9bff9undefined.jpg","contentUrl":"http:\/\/jp2doc.pl\/wp-content\/uploads\/2017\/03\/4fb6c2ba9bff9undefined.jpg"},{"@type":"BreadcrumbList","@id":"https:\/\/jp2doc.pl\/fr\/sympozja\/krakow-2010\/#breadcrumb","itemListElement":[{"@type":"ListItem","position":1,"name":"Home","item":"https:\/\/jp2doc.pl\/fr\/"},{"@type":"ListItem","position":2,"name":"Conf\u00e9rences","item":"https:\/\/jp2doc.pl\/fr\/sympozja\/"},{"@type":"ListItem","position":3,"name":"Cracovie 2010"}]},{"@type":"WebSite","@id":"https:\/\/jp2doc.pl\/fr\/#website","url":"https:\/\/jp2doc.pl\/fr\/","name":"Centre de Documentation et d\u2019Etude du Pontificat de Jean-Paul II \u00e0 Rome","description":"","publisher":{"@id":"https:\/\/jp2doc.pl\/fr\/#organization"},"potentialAction":[{"@type":"SearchAction","target":{"@type":"EntryPoint","urlTemplate":"https:\/\/jp2doc.pl\/fr\/?s={search_term_string}"},"query-input":{"@type":"PropertyValueSpecification","valueRequired":true,"valueName":"search_term_string"}}],"inLanguage":"fr-FR"},{"@type":"Organization","@id":"https:\/\/jp2doc.pl\/fr\/#organization","name":"Centre de Documentation et d\u2019Etude du Pontificat de Jean-Paul II \u00e0 Rome","url":"https:\/\/jp2doc.pl\/fr\/","logo":{"@type":"ImageObject","inLanguage":"fr-FR","@id":"https:\/\/jp2doc.pl\/fr\/#\/schema\/logo\/image\/","url":"https:\/\/jp2doc.pl\/fr\/wp-content\/uploads\/sites\/5\/2017\/03\/cropped-logo.png","contentUrl":"https:\/\/jp2doc.pl\/fr\/wp-content\/uploads\/sites\/5\/2017\/03\/cropped-logo.png","width":115,"height":115,"caption":"Centre de Documentation et d\u2019Etude du Pontificat de Jean-Paul II \u00e0 Rome"},"image":{"@id":"https:\/\/jp2doc.pl\/fr\/#\/schema\/logo\/image\/"}}]}},"_links":{"self":[{"href":"https:\/\/jp2doc.pl\/fr\/wp-json\/wp\/v2\/pages\/156","targetHints":{"allow":["GET"]}}],"collection":[{"href":"https:\/\/jp2doc.pl\/fr\/wp-json\/wp\/v2\/pages"}],"about":[{"href":"https:\/\/jp2doc.pl\/fr\/wp-json\/wp\/v2\/types\/page"}],"author":[{"embeddable":true,"href":"https:\/\/jp2doc.pl\/fr\/wp-json\/wp\/v2\/users\/2"}],"replies":[{"embeddable":true,"href":"https:\/\/jp2doc.pl\/fr\/wp-json\/wp\/v2\/comments?post=156"}],"version-history":[{"count":2,"href":"https:\/\/jp2doc.pl\/fr\/wp-json\/wp\/v2\/pages\/156\/revisions"}],"predecessor-version":[{"id":1029,"href":"https:\/\/jp2doc.pl\/fr\/wp-json\/wp\/v2\/pages\/156\/revisions\/1029"}],"up":[{"embeddable":true,"href":"https:\/\/jp2doc.pl\/fr\/wp-json\/wp\/v2\/pages\/78"}],"wp:attachment":[{"href":"https:\/\/jp2doc.pl\/fr\/wp-json\/wp\/v2\/media?parent=156"}],"curies":[{"name":"wp","href":"https:\/\/api.w.org\/{rel}","templated":true}]}}