{"id":169,"date":"2017-03-24T14:08:17","date_gmt":"2017-03-24T13:08:17","guid":{"rendered":"http:\/\/jp2doc.pl\/?page_id=169"},"modified":"2017-04-18T15:38:53","modified_gmt":"2017-04-18T13:38:53","slug":"lugano-2012","status":"publish","type":"page","link":"https:\/\/jp2doc.pl\/fr\/sympozja\/lugano-2012\/","title":{"rendered":"Lugano 2012"},"content":{"rendered":"<h3 style=\"text-align: center;\">Jean Paul II \u2013 l\u00e9gislateur de l\u2019\u00c9glise<\/h3>\n<p>Le colloque international intitul\u00e9 \u201eJean Paul II \u2013 l\u00e9gislateur de l\u2019\u00c9glise\u201d, organis\u00e9 par la Fondation Jean Paul II \u2013 Centre de Documentation et d\u2019\u00c9tudes du Pontificat en collaboration avec l\u2019Institut du Droit Canonique et du Droit Religieux Compar\u00e9 de la Facult\u00e9 de Th\u00e9ologie de Lugano (DiReCom), a eu lieu du 22 au 23 Mars 2012, \u00e0 l\u2019Universit\u00e9 de Lugano en Suisse italienne. Le colloque avait pour but la pr\u00e9sentation de l\u2019apport et du r\u00f4le de Jean Paul II dans la cr\u00e9ation, la compr\u00e9hension et l\u2019application du droit eccl\u00e9siastique.<\/p>\n<p>P. Martinoli, recteur de la Facult\u00e9 et Cardinal S. Ry\u0142ko, pr\u00e9sident de la Fondation Jean Paul II ont adress\u00e9 le mot d\u2019accueil aux participants rassembl\u00e9s dans la salle principale de conf\u00e9rences de l\u2019Universit\u00e9. La conf\u00e9rence inaugurale \u00e0 \u00e9t\u00e9 donn\u00e9e par p\u00e8re L. Gerosa, directeur de l\u2019Institut DiReCom, qui parlait de la nouvelle herm\u00e9neutique du droit canonique selon Jean Paul II.<\/p>\n<p><a href=\"http:\/\/jp2doc.pl\/wp-content\/uploads\/2017\/03\/1-1.jpg\"><img loading=\"lazy\" decoding=\"async\" width=\"540\" height=\"405\" class=\"aligncenter wp-image-171 size-full\" src=\"http:\/\/jp2doc.pl\/wp-content\/uploads\/2017\/03\/1-1.jpg\" alt=\"\" \/><\/a><\/p>\n<p>La premi\u00e8re session a commenc\u00e9 par la conf\u00e9rence de F. D\u2019Agostino de l\u2019Universit\u00e9 Tor Vergata intitul\u00e9e : \u201eLa place centrale de l\u2019homme dans les lois \u00e9tablies par Jean Paul II\u201d. Monseigneur J.I. Arieta, secr\u00e9taire du Conseil Pontifical pour les Textes L\u00e9gislatifs a pr\u00e9sent\u00e9 la question de \u201eL\u2019eccl\u00e9siologie de la communion dans la l\u00e9gislation canonique de Jean Paul II\u201d.<\/p>\n<p><a href=\"http:\/\/jp2doc.pl\/wp-content\/uploads\/2017\/03\/2-1.jpg\"><img loading=\"lazy\" decoding=\"async\" width=\"540\" height=\"405\" class=\"aligncenter wp-image-173 size-full\" src=\"http:\/\/jp2doc.pl\/wp-content\/uploads\/2017\/03\/2-1.jpg\" alt=\"\" \/><\/a><\/p>\n<p>La deuxi\u00e8me session a commenc\u00e9 par la conf\u00e9rence du Monsieur G. Dalla Torre, recteur de l\u2019Universit\u00e9 LUMSA de Rome et pr\u00e9sident du Tribunal Eccl\u00e9siastique de Vatican, au sujet de la l\u00e9gislation concordataire de Jean Paul II. Monseigneur T. Pieronek de Cracovie a donn\u00e9 une conf\u00e9rence intitul\u00e9e \u201eLe Concordat avec la Pologne selon la pens\u00e9e de Jean Paul II\u201d. P\u00e8re O. Fumagalli Carulli, professeur de l\u2019Universit\u00e9 Sacro Cuore de Milan a parl\u00e9 au sujet de \u201eL\u2019enseignement de Jean Paul II sur les rapports entre l\u2019\u00c9glise catholique et l\u2019Union Europ\u00e9enne\u201d.<\/p>\n<p>Pendant la troisi\u00e8me session Monsieur A. Roccucci, professeur de l\u2019Universit\u00e9 Roma Tre de Rome a pr\u00e9sent\u00e9 le th\u00e8me\u00a0: \u201eLes innovations introduites par Jean Paul II et la continuation confirm\u00e9e dans les relations entre l\u2019Ouest et l\u2019Est\u201d. Monseigneur Cyril Vasil, secr\u00e9taire de la Congr\u00e9gation pour les \u00c9glises Orientales a donn\u00e9 la conf\u00e9rence intitul\u00e9e \u201eConvergences et divergences entre CIC et CCEO\u201d. Cardinal K. Koch, pr\u00e9sident du Conseil Pontifical pour l\u2019Unit\u00e9 des Chr\u00e9tiens a donn\u00e9 lectio magisterialis intitul\u00e9e \u201eL\u2019activit\u00e9 l\u00e9gislative de Jean Paul II et l\u2019unit\u00e9 des chr\u00e9tiens\u201d.<\/p>\n<p><a href=\"http:\/\/jp2doc.pl\/wp-content\/uploads\/2017\/03\/3-1.jpg\"><img loading=\"lazy\" decoding=\"async\" width=\"540\" height=\"405\" class=\"aligncenter wp-image-174 size-full\" src=\"http:\/\/jp2doc.pl\/wp-content\/uploads\/2017\/03\/3-1.jpg\" alt=\"\" \/><\/a><\/p>\n","protected":false},"excerpt":{"rendered":"<p>Jean Paul II \u2013 l\u00e9gislateur de l\u2019\u00c9glise Le colloque international intitul\u00e9 \u201eJean Paul II \u2013 l\u00e9gislateur de l\u2019\u00c9glise\u201d, organis\u00e9 par la Fondation Jean Paul II \u2013 Centre de Documentation et d\u2019\u00c9tudes du Pontificat en collaboration avec l\u2019Institut du Droit Canonique et du Droit Religieux Compar\u00e9 de la Facult\u00e9 de Th\u00e9ologie de Lugano (DiReCom), a eu [&hellip;]<\/p>\n","protected":false},"author":2,"featured_media":0,"parent":78,"menu_order":0,"comment_status":"closed","ping_status":"closed","template":"","meta":{"_acf_changed":false,"_exactmetrics_skip_tracking":false,"_exactmetrics_sitenote_active":false,"_exactmetrics_sitenote_note":"","_exactmetrics_sitenote_category":0,"footnotes":""},"class_list":["post-169","page","type-page","status-publish","hentry"],"acf":[],"yoast_head":"<!-- This site is optimized with the Yoast SEO plugin v26.2 - https:\/\/yoast.com\/wordpress\/plugins\/seo\/ -->\n<title>Lugano 2012 - Centre de Documentation et d\u2019Etude du Pontificat de Jean-Paul II \u00e0 Rome<\/title>\n<meta name=\"robots\" content=\"index, follow, max-snippet:-1, max-image-preview:large, max-video-preview:-1\" \/>\n<link rel=\"canonical\" href=\"https:\/\/jp2doc.pl\/fr\/sympozja\/lugano-2012\/\" \/>\n<meta property=\"og:locale\" content=\"fr_FR\" \/>\n<meta property=\"og:type\" content=\"article\" \/>\n<meta property=\"og:title\" content=\"Lugano 2012 - Centre de Documentation et d\u2019Etude du Pontificat de Jean-Paul II \u00e0 Rome\" \/>\n<meta property=\"og:description\" content=\"Jean Paul II \u2013 l\u00e9gislateur de l\u2019\u00c9glise Le colloque international intitul\u00e9 \u201eJean Paul II \u2013 l\u00e9gislateur de l\u2019\u00c9glise\u201d, organis\u00e9 par la Fondation Jean Paul II \u2013 Centre de Documentation et d\u2019\u00c9tudes du Pontificat en collaboration avec l\u2019Institut du Droit Canonique et du Droit Religieux Compar\u00e9 de la Facult\u00e9 de Th\u00e9ologie de Lugano (DiReCom), a eu [&hellip;]\" \/>\n<meta property=\"og:url\" content=\"https:\/\/jp2doc.pl\/fr\/sympozja\/lugano-2012\/\" \/>\n<meta property=\"og:site_name\" content=\"Centre de Documentation et d\u2019Etude du Pontificat de Jean-Paul II \u00e0 Rome\" \/>\n<meta property=\"article:modified_time\" content=\"2017-04-18T13:38:53+00:00\" \/>\n<meta property=\"og:image\" content=\"http:\/\/jp2doc.pl\/wp-content\/uploads\/2017\/03\/1-1.jpg\" \/>\n<meta name=\"twitter:card\" content=\"summary_large_image\" \/>\n<meta name=\"twitter:label1\" content=\"Dur\u00e9e de lecture estim\u00e9e\" \/>\n\t<meta name=\"twitter:data1\" content=\"2 minutes\" \/>\n<script type=\"application\/ld+json\" class=\"yoast-schema-graph\">{\"@context\":\"https:\/\/schema.org\",\"@graph\":[{\"@type\":\"WebPage\",\"@id\":\"https:\/\/jp2doc.pl\/fr\/sympozja\/lugano-2012\/\",\"url\":\"https:\/\/jp2doc.pl\/fr\/sympozja\/lugano-2012\/\",\"name\":\"Lugano 2012 - Centre de Documentation et d\u2019Etude du Pontificat de Jean-Paul II \u00e0 Rome\",\"isPartOf\":{\"@id\":\"https:\/\/jp2doc.pl\/fr\/#website\"},\"primaryImageOfPage\":{\"@id\":\"https:\/\/jp2doc.pl\/fr\/sympozja\/lugano-2012\/#primaryimage\"},\"image\":{\"@id\":\"https:\/\/jp2doc.pl\/fr\/sympozja\/lugano-2012\/#primaryimage\"},\"thumbnailUrl\":\"http:\/\/jp2doc.pl\/wp-content\/uploads\/2017\/03\/1-1.jpg\",\"datePublished\":\"2017-03-24T13:08:17+00:00\",\"dateModified\":\"2017-04-18T13:38:53+00:00\",\"breadcrumb\":{\"@id\":\"https:\/\/jp2doc.pl\/fr\/sympozja\/lugano-2012\/#breadcrumb\"},\"inLanguage\":\"fr-FR\",\"potentialAction\":[{\"@type\":\"ReadAction\",\"target\":[\"https:\/\/jp2doc.pl\/fr\/sympozja\/lugano-2012\/\"]}]},{\"@type\":\"ImageObject\",\"inLanguage\":\"fr-FR\",\"@id\":\"https:\/\/jp2doc.pl\/fr\/sympozja\/lugano-2012\/#primaryimage\",\"url\":\"http:\/\/jp2doc.pl\/wp-content\/uploads\/2017\/03\/1-1.jpg\",\"contentUrl\":\"http:\/\/jp2doc.pl\/wp-content\/uploads\/2017\/03\/1-1.jpg\"},{\"@type\":\"BreadcrumbList\",\"@id\":\"https:\/\/jp2doc.pl\/fr\/sympozja\/lugano-2012\/#breadcrumb\",\"itemListElement\":[{\"@type\":\"ListItem\",\"position\":1,\"name\":\"Home\",\"item\":\"https:\/\/jp2doc.pl\/fr\/\"},{\"@type\":\"ListItem\",\"position\":2,\"name\":\"Conf\u00e9rences\",\"item\":\"https:\/\/jp2doc.pl\/fr\/sympozja\/\"},{\"@type\":\"ListItem\",\"position\":3,\"name\":\"Lugano 2012\"}]},{\"@type\":\"WebSite\",\"@id\":\"https:\/\/jp2doc.pl\/fr\/#website\",\"url\":\"https:\/\/jp2doc.pl\/fr\/\",\"name\":\"Centre de Documentation et d\u2019Etude du Pontificat de Jean-Paul II \u00e0 Rome\",\"description\":\"\",\"publisher\":{\"@id\":\"https:\/\/jp2doc.pl\/fr\/#organization\"},\"potentialAction\":[{\"@type\":\"SearchAction\",\"target\":{\"@type\":\"EntryPoint\",\"urlTemplate\":\"https:\/\/jp2doc.pl\/fr\/?s={search_term_string}\"},\"query-input\":{\"@type\":\"PropertyValueSpecification\",\"valueRequired\":true,\"valueName\":\"search_term_string\"}}],\"inLanguage\":\"fr-FR\"},{\"@type\":\"Organization\",\"@id\":\"https:\/\/jp2doc.pl\/fr\/#organization\",\"name\":\"Centre de Documentation et d\u2019Etude du Pontificat de Jean-Paul II \u00e0 Rome\",\"url\":\"https:\/\/jp2doc.pl\/fr\/\",\"logo\":{\"@type\":\"ImageObject\",\"inLanguage\":\"fr-FR\",\"@id\":\"https:\/\/jp2doc.pl\/fr\/#\/schema\/logo\/image\/\",\"url\":\"https:\/\/jp2doc.pl\/fr\/wp-content\/uploads\/sites\/5\/2017\/03\/cropped-logo.png\",\"contentUrl\":\"https:\/\/jp2doc.pl\/fr\/wp-content\/uploads\/sites\/5\/2017\/03\/cropped-logo.png\",\"width\":115,\"height\":115,\"caption\":\"Centre de Documentation et d\u2019Etude du Pontificat de Jean-Paul II \u00e0 Rome\"},\"image\":{\"@id\":\"https:\/\/jp2doc.pl\/fr\/#\/schema\/logo\/image\/\"}}]}<\/script>\n<!-- \/ Yoast SEO plugin. -->","yoast_head_json":{"title":"Lugano 2012 - Centre de Documentation et d\u2019Etude du Pontificat de Jean-Paul II \u00e0 Rome","robots":{"index":"index","follow":"follow","max-snippet":"max-snippet:-1","max-image-preview":"max-image-preview:large","max-video-preview":"max-video-preview:-1"},"canonical":"https:\/\/jp2doc.pl\/fr\/sympozja\/lugano-2012\/","og_locale":"fr_FR","og_type":"article","og_title":"Lugano 2012 - Centre de Documentation et d\u2019Etude du Pontificat de Jean-Paul II \u00e0 Rome","og_description":"Jean Paul II \u2013 l\u00e9gislateur de l\u2019\u00c9glise Le colloque international intitul\u00e9 \u201eJean Paul II \u2013 l\u00e9gislateur de l\u2019\u00c9glise\u201d, organis\u00e9 par la Fondation Jean Paul II \u2013 Centre de Documentation et d\u2019\u00c9tudes du Pontificat en collaboration avec l\u2019Institut du Droit Canonique et du Droit Religieux Compar\u00e9 de la Facult\u00e9 de Th\u00e9ologie de Lugano (DiReCom), a eu [&hellip;]","og_url":"https:\/\/jp2doc.pl\/fr\/sympozja\/lugano-2012\/","og_site_name":"Centre de Documentation et d\u2019Etude du Pontificat de Jean-Paul II \u00e0 Rome","article_modified_time":"2017-04-18T13:38:53+00:00","og_image":[{"url":"http:\/\/jp2doc.pl\/wp-content\/uploads\/2017\/03\/1-1.jpg","type":"","width":"","height":""}],"twitter_card":"summary_large_image","twitter_misc":{"Dur\u00e9e de lecture estim\u00e9e":"2 minutes"},"schema":{"@context":"https:\/\/schema.org","@graph":[{"@type":"WebPage","@id":"https:\/\/jp2doc.pl\/fr\/sympozja\/lugano-2012\/","url":"https:\/\/jp2doc.pl\/fr\/sympozja\/lugano-2012\/","name":"Lugano 2012 - Centre de Documentation et d\u2019Etude du Pontificat de Jean-Paul II \u00e0 Rome","isPartOf":{"@id":"https:\/\/jp2doc.pl\/fr\/#website"},"primaryImageOfPage":{"@id":"https:\/\/jp2doc.pl\/fr\/sympozja\/lugano-2012\/#primaryimage"},"image":{"@id":"https:\/\/jp2doc.pl\/fr\/sympozja\/lugano-2012\/#primaryimage"},"thumbnailUrl":"http:\/\/jp2doc.pl\/wp-content\/uploads\/2017\/03\/1-1.jpg","datePublished":"2017-03-24T13:08:17+00:00","dateModified":"2017-04-18T13:38:53+00:00","breadcrumb":{"@id":"https:\/\/jp2doc.pl\/fr\/sympozja\/lugano-2012\/#breadcrumb"},"inLanguage":"fr-FR","potentialAction":[{"@type":"ReadAction","target":["https:\/\/jp2doc.pl\/fr\/sympozja\/lugano-2012\/"]}]},{"@type":"ImageObject","inLanguage":"fr-FR","@id":"https:\/\/jp2doc.pl\/fr\/sympozja\/lugano-2012\/#primaryimage","url":"http:\/\/jp2doc.pl\/wp-content\/uploads\/2017\/03\/1-1.jpg","contentUrl":"http:\/\/jp2doc.pl\/wp-content\/uploads\/2017\/03\/1-1.jpg"},{"@type":"BreadcrumbList","@id":"https:\/\/jp2doc.pl\/fr\/sympozja\/lugano-2012\/#breadcrumb","itemListElement":[{"@type":"ListItem","position":1,"name":"Home","item":"https:\/\/jp2doc.pl\/fr\/"},{"@type":"ListItem","position":2,"name":"Conf\u00e9rences","item":"https:\/\/jp2doc.pl\/fr\/sympozja\/"},{"@type":"ListItem","position":3,"name":"Lugano 2012"}]},{"@type":"WebSite","@id":"https:\/\/jp2doc.pl\/fr\/#website","url":"https:\/\/jp2doc.pl\/fr\/","name":"Centre de Documentation et d\u2019Etude du Pontificat de Jean-Paul II \u00e0 Rome","description":"","publisher":{"@id":"https:\/\/jp2doc.pl\/fr\/#organization"},"potentialAction":[{"@type":"SearchAction","target":{"@type":"EntryPoint","urlTemplate":"https:\/\/jp2doc.pl\/fr\/?s={search_term_string}"},"query-input":{"@type":"PropertyValueSpecification","valueRequired":true,"valueName":"search_term_string"}}],"inLanguage":"fr-FR"},{"@type":"Organization","@id":"https:\/\/jp2doc.pl\/fr\/#organization","name":"Centre de Documentation et d\u2019Etude du Pontificat de Jean-Paul II \u00e0 Rome","url":"https:\/\/jp2doc.pl\/fr\/","logo":{"@type":"ImageObject","inLanguage":"fr-FR","@id":"https:\/\/jp2doc.pl\/fr\/#\/schema\/logo\/image\/","url":"https:\/\/jp2doc.pl\/fr\/wp-content\/uploads\/sites\/5\/2017\/03\/cropped-logo.png","contentUrl":"https:\/\/jp2doc.pl\/fr\/wp-content\/uploads\/sites\/5\/2017\/03\/cropped-logo.png","width":115,"height":115,"caption":"Centre de Documentation et d\u2019Etude du Pontificat de Jean-Paul II \u00e0 Rome"},"image":{"@id":"https:\/\/jp2doc.pl\/fr\/#\/schema\/logo\/image\/"}}]}},"_links":{"self":[{"href":"https:\/\/jp2doc.pl\/fr\/wp-json\/wp\/v2\/pages\/169","targetHints":{"allow":["GET"]}}],"collection":[{"href":"https:\/\/jp2doc.pl\/fr\/wp-json\/wp\/v2\/pages"}],"about":[{"href":"https:\/\/jp2doc.pl\/fr\/wp-json\/wp\/v2\/types\/page"}],"author":[{"embeddable":true,"href":"https:\/\/jp2doc.pl\/fr\/wp-json\/wp\/v2\/users\/2"}],"replies":[{"embeddable":true,"href":"https:\/\/jp2doc.pl\/fr\/wp-json\/wp\/v2\/comments?post=169"}],"version-history":[{"count":2,"href":"https:\/\/jp2doc.pl\/fr\/wp-json\/wp\/v2\/pages\/169\/revisions"}],"predecessor-version":[{"id":1031,"href":"https:\/\/jp2doc.pl\/fr\/wp-json\/wp\/v2\/pages\/169\/revisions\/1031"}],"up":[{"embeddable":true,"href":"https:\/\/jp2doc.pl\/fr\/wp-json\/wp\/v2\/pages\/78"}],"wp:attachment":[{"href":"https:\/\/jp2doc.pl\/fr\/wp-json\/wp\/v2\/media?parent=169"}],"curies":[{"name":"wp","href":"https:\/\/api.w.org\/{rel}","templated":true}]}}