{"id":177,"date":"2017-03-24T14:13:42","date_gmt":"2017-03-24T13:13:42","guid":{"rendered":"http:\/\/jp2doc.pl\/?page_id=177"},"modified":"2017-04-18T15:44:49","modified_gmt":"2017-04-18T13:44:49","slug":"ludzmierz-2012","status":"publish","type":"page","link":"https:\/\/jp2doc.pl\/fr\/sympozja\/ludzmierz-2012\/","title":{"rendered":"Lud\u017amierz 2012"},"content":{"rendered":"<h3 style=\"text-align: center;\">Marie dans la foi de l\u2019\u00c9glise<\/h3>\n<p>Le colloque scientifique intitul\u00e9 \u201eMarie dans la foi de l\u2019\u00c9glise\u201d organis\u00e9 \u00e0 l\u2019occasion du 50\u00e8me annniversaire du couronnement de la statue de Notre-Dame de Lud\u017amierz (le 15 ao\u00fbt 1963) a eu lieu du 23 au 24 Octobre 2012 \u00e0 Lud\u017amierz et \u00e0 Nowy Targ en Pologne. Cette rencontre de deux jours a \u00e9t\u00e9 organis\u00e9e par le Sanctuaire de Notre-Dame de Lud\u017amierz en collaboration avec Podhala\u0144ska Pa\u0144stwowa Wy\u017csza Szko\u0142a Zawodowa de Nowy Targ (PPWSZ), l\u2019Universit\u00e9 Pontificale Jean Paul II de Cracovie (UPJPII) et le Centre de Documentation et d\u2019\u00c9tudes du Pontificat de Rome.<\/p>\n<p><a href=\"http:\/\/jp2doc.pl\/wp-content\/uploads\/2017\/03\/50adfe80c571aundefined.jpg\"><img loading=\"lazy\" decoding=\"async\" width=\"450\" height=\"300\" class=\"aligncenter wp-image-178 size-full\" src=\"http:\/\/jp2doc.pl\/wp-content\/uploads\/2017\/03\/50adfe80c571aundefined.jpg\" alt=\"\" \/><\/a><\/p>\n<p>L\u2019ouverture du colloque a eu lieu dans le si\u00e8ge de Zwi\u0105zek Podhalan \u00e0 Lud\u017amierz. Pendant la premi\u00e8re journ\u00e9e neuf conf\u00e9rences ont \u00e9t\u00e9 donn\u00e9es:<\/p>\n<ul>\n<li>Monseigneur W. Depo, \u00e9v\u00eaque du Dioc\u00e8se de Cz\u0119stochowa a parl\u00e9 de la signification religieuse et historique du couronnement.<\/li>\n<li>P\u00e8re Z. Kijas OFMConv. de Vatican a parl\u00e9 de la dimension morale et existentielle de ce acte solennel.<\/li>\n<li>P\u00e8re G. Bartosik OFMConv. de l\u2019Universit\u00e9 Stefan Wyszy\u0144ski de Varsovie a soulign\u00e9 le contexte du Concile Vatican II de cet \u00e9v\u00e9nement.<\/li>\n<li>P\u00e8re A. Dobrzy\u0144ski de Rome a pr\u00e9sent\u00e9 le message social des hom\u00e9lies prononc\u00e9es \u00e0l\u2019occasion du couronnement par le Primat du Mill\u00e9naire Cardinal Stefan Wyszy\u0144ski et Monseigneur K. Wojty\u0142a.<\/li>\n<li>P\u00e8re Kazimierz Pek MIC, professeur de l\u2019Universit\u00e9 Catholique de Lublin a montr\u00e9 le lien entre le couronnement de la statue miraculeuse et l\u2019Acte de Cons\u00e9cration de la Pologne \u00e0 Notre-Dame de Jasna G\u00f3ra, qui \u00e0 eu lieu dans le cadre du Jubil\u00e9 du Mill\u00e9naire du Bapt\u00eame de la Pologne en 1966 et il a soulign\u00e9 l\u2019actualit\u00e9 de la th\u00e9ologie de l\u2019abandon \u00e0 Marie d\u00e9velopp\u00e9e par Jean Paul II.<\/li>\n<li>Monsieur Franciszek Mr\u00f3z (PPWSZ) a parl\u00e9 du r\u00f4le du Sanctuaire de la Reine de Podhale dans la cha\u00eene des lieux de pel\u00e8rinages en Pologne et dans le monde.<\/li>\n<li>S\u0153ur U. \u015aciurka de Zakopane a soulign\u00e9 le r\u00f4le du culte de la Reine de Podhale dans la vie de foi de familles.<\/li>\n<li>P\u00e8re J. Machniak (UPJPII) a parl\u00e9 de multiples formes de la d\u00e9votion mariale au Sanctuaire de Lud\u017amierz.<\/li>\n<li>Madame A. Fudali et Madame A. Bentkowska-Mitana, professeurs d\u2019architecture \u00e0 la Facult\u00e9 de Nowy Targ ont parl\u00e9 au sujet de la metaphore sacrale \u00e0 l\u2019exemple du Sanctuaire de Lud\u017amierz.<\/li>\n<\/ul>\n<p><a href=\"http:\/\/jp2doc.pl\/wp-content\/uploads\/2017\/03\/50adfe9e13a32undefined.jpg\"><img loading=\"lazy\" decoding=\"async\" width=\"450\" height=\"300\" class=\"aligncenter wp-image-179 size-full\" src=\"http:\/\/jp2doc.pl\/wp-content\/uploads\/2017\/03\/50adfe9e13a32undefined.jpg\" alt=\"\" \/><\/a><br \/>\nLa deuxi\u00e8me journ\u00e9e du colloque s\u2019est tenue dans la salle de Podhala\u0144ska Pa\u0144stwowa Wy\u017csza Szko\u0142a Zawodowa \u00e0 Nowy Targ. Comme la veille, neuf conf\u00e9rences ont \u00e9t\u00e9 donn\u00e9es:<\/p>\n<ul>\n<li>Monsieur P. Sadowski (PPWSZ) \u00e0 pr\u00e9sent\u00e9 l\u2019histoire du Sanctuaire et du village de Lud\u017amierz.<\/li>\n<li>Monsieur Major A. Surmacz et Monsieur Capitaine J. Jastrz\u0119bski de Rzeszow ont parl\u00e9 du culte de Notre-Dame de Lud\u017amierz parmi le soldats de la 21\u00e8me Brygada Strzelc\u00f3w Podhala\u0144skich.<\/li>\n<li>Monsieur Karol Olejnik, professeur de l\u2019Universit\u00e9 d\u2019Adam Mickiewicz de Pozna\u0144 a parl\u00e9 de la coutume polonaise de placer les embl\u00e8mes de Marie sur les banni\u00e8res, les gorgets et les armements de l\u2019Arm\u00e9e Polonaise.<\/li>\n<li>Monsieur S. Trebunia-Staszel de l\u2019Universit\u00e9 Jagellone de Cracovie a soulign\u00e9 le r\u00f4le du culte de Notre-Dame de Lud\u017amierz parmi les montagnards polonais, \u00e0 l\u2019exemple de l\u2019histoire de Zwi\u0105zek Podhalan.<\/li>\n<li>Madame Anna Mlekodaj (PPWSZ) a parl\u00e9 des repr\u00e9sentations de la Reine de Podhale dans la po\u00e9sie religieuse.<\/li>\n<li>Madame U. Janicka-Krzywda de l\u2019Universit\u00e9 Jagellone de Cracovie a continu\u00e9 ce m\u00eame sujet \u00e0 l\u2019exemple des l\u00e9gendes de Podhale.<\/li>\n<li>P\u00e8re T. Pra\u015bkiewicz de l\u2019Universit\u00e9 Catholique de Lublin a pr\u00e9sent\u00e9 un expos\u00e9 sur le culte de Notre-Dame de Lud\u017amierz parmi les \u00e9migr\u00e9s polonais aux \u00c9tats Unis et au Canada.<\/li>\n<li>P\u00e8re A. Baczy\u0144ski (UPJPII) s\u2019est pench\u00e9 sur la question de la pr\u00e9sence du culte de Notre-Dame de Lud\u017amierz dans les m\u00e9dia et il a soulign\u00e9 que dans les films documentaires sur le Sanctuaire on peut voir les t\u00e9moignages de foi enracin\u00e9s dans la tradition et dans la vie quotidienne des gens de la r\u00e9gion ainsi que la beaut\u00e9 du paysage de Lud\u017amierz et ses environs.<\/li>\n<li>Monseigneur G. Ry\u015b de Cracovie a parl\u00e9 du dialogue ente la foi et la culture, en soulignant que ce dialogue doit commencer dans le c\u0153ur de chaque personne. Il a dit aussi que le Sanctuaire de Notre-Dame de Lud\u017amierz joue un r\u00f4le important dans la nouvelle evang\u00e9lisation.<\/li>\n<\/ul>\n<p><a href=\"http:\/\/jp2doc.pl\/wp-content\/uploads\/2017\/03\/50adfeb99c5dbundefined.jpg\"><img loading=\"lazy\" decoding=\"async\" width=\"450\" height=\"300\" class=\"aligncenter wp-image-180 size-full\" src=\"http:\/\/jp2doc.pl\/wp-content\/uploads\/2017\/03\/50adfeb99c5dbundefined.jpg\" alt=\"\" \/><\/a><\/p>\n<p>P\u00e8re T. Juchas, recteur du Sanctuaire de la Reine de Podhale, a veill\u00e9 sur le bon d\u00e9roulement du colloque. Dans son mot de cl\u00f4ture il a soulign\u00e9 que cette rencotre a \u00e9t\u00e9 une forme de r\u00e9flexion sur la pi\u00e9t\u00e9 des gens de la r\u00e9gion de Podhale, un essai de bilan de cinquante ans, qui ont pass\u00e9 depuis le couronnement inoubliable ainsi qu\u2019un regard vers l\u2019avenir dans la perpective de la nouvelle \u00e9vangelisation. Il a remerci\u00e9 les organisateurs et toutes les personnes qui ont contribu\u00e9 \u00e0 la pr\u00e9paration du colloque et qui y ont particip\u00e9. <\/p>\n","protected":false},"excerpt":{"rendered":"<p>Marie dans la foi de l\u2019\u00c9glise Le colloque scientifique intitul\u00e9 \u201eMarie dans la foi de l\u2019\u00c9glise\u201d organis\u00e9 \u00e0 l\u2019occasion du 50\u00e8me annniversaire du couronnement de la statue de Notre-Dame de Lud\u017amierz (le 15 ao\u00fbt 1963) a eu lieu du 23 au 24 Octobre 2012 \u00e0 Lud\u017amierz et \u00e0 Nowy Targ en Pologne. Cette rencontre de [&hellip;]<\/p>\n","protected":false},"author":2,"featured_media":0,"parent":78,"menu_order":0,"comment_status":"closed","ping_status":"closed","template":"","meta":{"_acf_changed":false,"_exactmetrics_skip_tracking":false,"_exactmetrics_sitenote_active":false,"_exactmetrics_sitenote_note":"","_exactmetrics_sitenote_category":0,"footnotes":""},"class_list":["post-177","page","type-page","status-publish","hentry"],"acf":[],"yoast_head":"<!-- This site is optimized with the Yoast SEO plugin v26.2 - https:\/\/yoast.com\/wordpress\/plugins\/seo\/ -->\n<title>Lud\u017amierz 2012 - Centre de Documentation et d\u2019Etude du Pontificat de Jean-Paul II \u00e0 Rome<\/title>\n<meta name=\"robots\" content=\"index, follow, max-snippet:-1, max-image-preview:large, max-video-preview:-1\" \/>\n<link rel=\"canonical\" href=\"https:\/\/jp2doc.pl\/fr\/sympozja\/ludzmierz-2012\/\" \/>\n<meta property=\"og:locale\" content=\"fr_FR\" \/>\n<meta property=\"og:type\" content=\"article\" \/>\n<meta property=\"og:title\" content=\"Lud\u017amierz 2012 - Centre de Documentation et d\u2019Etude du Pontificat de Jean-Paul II \u00e0 Rome\" \/>\n<meta property=\"og:description\" content=\"Marie dans la foi de l\u2019\u00c9glise Le colloque scientifique intitul\u00e9 \u201eMarie dans la foi de l\u2019\u00c9glise\u201d organis\u00e9 \u00e0 l\u2019occasion du 50\u00e8me annniversaire du couronnement de la statue de Notre-Dame de Lud\u017amierz (le 15 ao\u00fbt 1963) a eu lieu du 23 au 24 Octobre 2012 \u00e0 Lud\u017amierz et \u00e0 Nowy Targ en Pologne. Cette rencontre de [&hellip;]\" \/>\n<meta property=\"og:url\" content=\"https:\/\/jp2doc.pl\/fr\/sympozja\/ludzmierz-2012\/\" \/>\n<meta property=\"og:site_name\" content=\"Centre de Documentation et d\u2019Etude du Pontificat de Jean-Paul II \u00e0 Rome\" \/>\n<meta property=\"article:modified_time\" content=\"2017-04-18T13:44:49+00:00\" \/>\n<meta property=\"og:image\" content=\"http:\/\/jp2doc.pl\/wp-content\/uploads\/2017\/03\/50adfe80c571aundefined.jpg\" \/>\n<meta name=\"twitter:card\" content=\"summary_large_image\" \/>\n<meta name=\"twitter:label1\" content=\"Dur\u00e9e de lecture estim\u00e9e\" \/>\n\t<meta name=\"twitter:data1\" content=\"4 minutes\" \/>\n<script type=\"application\/ld+json\" class=\"yoast-schema-graph\">{\"@context\":\"https:\/\/schema.org\",\"@graph\":[{\"@type\":\"WebPage\",\"@id\":\"https:\/\/jp2doc.pl\/fr\/sympozja\/ludzmierz-2012\/\",\"url\":\"https:\/\/jp2doc.pl\/fr\/sympozja\/ludzmierz-2012\/\",\"name\":\"Lud\u017amierz 2012 - Centre de Documentation et d\u2019Etude du Pontificat de Jean-Paul II \u00e0 Rome\",\"isPartOf\":{\"@id\":\"https:\/\/jp2doc.pl\/fr\/#website\"},\"primaryImageOfPage\":{\"@id\":\"https:\/\/jp2doc.pl\/fr\/sympozja\/ludzmierz-2012\/#primaryimage\"},\"image\":{\"@id\":\"https:\/\/jp2doc.pl\/fr\/sympozja\/ludzmierz-2012\/#primaryimage\"},\"thumbnailUrl\":\"http:\/\/jp2doc.pl\/wp-content\/uploads\/2017\/03\/50adfe80c571aundefined.jpg\",\"datePublished\":\"2017-03-24T13:13:42+00:00\",\"dateModified\":\"2017-04-18T13:44:49+00:00\",\"breadcrumb\":{\"@id\":\"https:\/\/jp2doc.pl\/fr\/sympozja\/ludzmierz-2012\/#breadcrumb\"},\"inLanguage\":\"fr-FR\",\"potentialAction\":[{\"@type\":\"ReadAction\",\"target\":[\"https:\/\/jp2doc.pl\/fr\/sympozja\/ludzmierz-2012\/\"]}]},{\"@type\":\"ImageObject\",\"inLanguage\":\"fr-FR\",\"@id\":\"https:\/\/jp2doc.pl\/fr\/sympozja\/ludzmierz-2012\/#primaryimage\",\"url\":\"http:\/\/jp2doc.pl\/wp-content\/uploads\/2017\/03\/50adfe80c571aundefined.jpg\",\"contentUrl\":\"http:\/\/jp2doc.pl\/wp-content\/uploads\/2017\/03\/50adfe80c571aundefined.jpg\"},{\"@type\":\"BreadcrumbList\",\"@id\":\"https:\/\/jp2doc.pl\/fr\/sympozja\/ludzmierz-2012\/#breadcrumb\",\"itemListElement\":[{\"@type\":\"ListItem\",\"position\":1,\"name\":\"Home\",\"item\":\"https:\/\/jp2doc.pl\/fr\/\"},{\"@type\":\"ListItem\",\"position\":2,\"name\":\"Conf\u00e9rences\",\"item\":\"https:\/\/jp2doc.pl\/fr\/sympozja\/\"},{\"@type\":\"ListItem\",\"position\":3,\"name\":\"Lud\u017amierz 2012\"}]},{\"@type\":\"WebSite\",\"@id\":\"https:\/\/jp2doc.pl\/fr\/#website\",\"url\":\"https:\/\/jp2doc.pl\/fr\/\",\"name\":\"Centre de Documentation et d\u2019Etude du Pontificat de Jean-Paul II \u00e0 Rome\",\"description\":\"\",\"publisher\":{\"@id\":\"https:\/\/jp2doc.pl\/fr\/#organization\"},\"potentialAction\":[{\"@type\":\"SearchAction\",\"target\":{\"@type\":\"EntryPoint\",\"urlTemplate\":\"https:\/\/jp2doc.pl\/fr\/?s={search_term_string}\"},\"query-input\":{\"@type\":\"PropertyValueSpecification\",\"valueRequired\":true,\"valueName\":\"search_term_string\"}}],\"inLanguage\":\"fr-FR\"},{\"@type\":\"Organization\",\"@id\":\"https:\/\/jp2doc.pl\/fr\/#organization\",\"name\":\"Centre de Documentation et d\u2019Etude du Pontificat de Jean-Paul II \u00e0 Rome\",\"url\":\"https:\/\/jp2doc.pl\/fr\/\",\"logo\":{\"@type\":\"ImageObject\",\"inLanguage\":\"fr-FR\",\"@id\":\"https:\/\/jp2doc.pl\/fr\/#\/schema\/logo\/image\/\",\"url\":\"https:\/\/jp2doc.pl\/fr\/wp-content\/uploads\/sites\/5\/2017\/03\/cropped-logo.png\",\"contentUrl\":\"https:\/\/jp2doc.pl\/fr\/wp-content\/uploads\/sites\/5\/2017\/03\/cropped-logo.png\",\"width\":115,\"height\":115,\"caption\":\"Centre de Documentation et d\u2019Etude du Pontificat de Jean-Paul II \u00e0 Rome\"},\"image\":{\"@id\":\"https:\/\/jp2doc.pl\/fr\/#\/schema\/logo\/image\/\"}}]}<\/script>\n<!-- \/ Yoast SEO plugin. -->","yoast_head_json":{"title":"Lud\u017amierz 2012 - Centre de Documentation et d\u2019Etude du Pontificat de Jean-Paul II \u00e0 Rome","robots":{"index":"index","follow":"follow","max-snippet":"max-snippet:-1","max-image-preview":"max-image-preview:large","max-video-preview":"max-video-preview:-1"},"canonical":"https:\/\/jp2doc.pl\/fr\/sympozja\/ludzmierz-2012\/","og_locale":"fr_FR","og_type":"article","og_title":"Lud\u017amierz 2012 - Centre de Documentation et d\u2019Etude du Pontificat de Jean-Paul II \u00e0 Rome","og_description":"Marie dans la foi de l\u2019\u00c9glise Le colloque scientifique intitul\u00e9 \u201eMarie dans la foi de l\u2019\u00c9glise\u201d organis\u00e9 \u00e0 l\u2019occasion du 50\u00e8me annniversaire du couronnement de la statue de Notre-Dame de Lud\u017amierz (le 15 ao\u00fbt 1963) a eu lieu du 23 au 24 Octobre 2012 \u00e0 Lud\u017amierz et \u00e0 Nowy Targ en Pologne. Cette rencontre de [&hellip;]","og_url":"https:\/\/jp2doc.pl\/fr\/sympozja\/ludzmierz-2012\/","og_site_name":"Centre de Documentation et d\u2019Etude du Pontificat de Jean-Paul II \u00e0 Rome","article_modified_time":"2017-04-18T13:44:49+00:00","og_image":[{"url":"http:\/\/jp2doc.pl\/wp-content\/uploads\/2017\/03\/50adfe80c571aundefined.jpg","type":"","width":"","height":""}],"twitter_card":"summary_large_image","twitter_misc":{"Dur\u00e9e de lecture estim\u00e9e":"4 minutes"},"schema":{"@context":"https:\/\/schema.org","@graph":[{"@type":"WebPage","@id":"https:\/\/jp2doc.pl\/fr\/sympozja\/ludzmierz-2012\/","url":"https:\/\/jp2doc.pl\/fr\/sympozja\/ludzmierz-2012\/","name":"Lud\u017amierz 2012 - Centre de Documentation et d\u2019Etude du Pontificat de Jean-Paul II \u00e0 Rome","isPartOf":{"@id":"https:\/\/jp2doc.pl\/fr\/#website"},"primaryImageOfPage":{"@id":"https:\/\/jp2doc.pl\/fr\/sympozja\/ludzmierz-2012\/#primaryimage"},"image":{"@id":"https:\/\/jp2doc.pl\/fr\/sympozja\/ludzmierz-2012\/#primaryimage"},"thumbnailUrl":"http:\/\/jp2doc.pl\/wp-content\/uploads\/2017\/03\/50adfe80c571aundefined.jpg","datePublished":"2017-03-24T13:13:42+00:00","dateModified":"2017-04-18T13:44:49+00:00","breadcrumb":{"@id":"https:\/\/jp2doc.pl\/fr\/sympozja\/ludzmierz-2012\/#breadcrumb"},"inLanguage":"fr-FR","potentialAction":[{"@type":"ReadAction","target":["https:\/\/jp2doc.pl\/fr\/sympozja\/ludzmierz-2012\/"]}]},{"@type":"ImageObject","inLanguage":"fr-FR","@id":"https:\/\/jp2doc.pl\/fr\/sympozja\/ludzmierz-2012\/#primaryimage","url":"http:\/\/jp2doc.pl\/wp-content\/uploads\/2017\/03\/50adfe80c571aundefined.jpg","contentUrl":"http:\/\/jp2doc.pl\/wp-content\/uploads\/2017\/03\/50adfe80c571aundefined.jpg"},{"@type":"BreadcrumbList","@id":"https:\/\/jp2doc.pl\/fr\/sympozja\/ludzmierz-2012\/#breadcrumb","itemListElement":[{"@type":"ListItem","position":1,"name":"Home","item":"https:\/\/jp2doc.pl\/fr\/"},{"@type":"ListItem","position":2,"name":"Conf\u00e9rences","item":"https:\/\/jp2doc.pl\/fr\/sympozja\/"},{"@type":"ListItem","position":3,"name":"Lud\u017amierz 2012"}]},{"@type":"WebSite","@id":"https:\/\/jp2doc.pl\/fr\/#website","url":"https:\/\/jp2doc.pl\/fr\/","name":"Centre de Documentation et d\u2019Etude du Pontificat de Jean-Paul II \u00e0 Rome","description":"","publisher":{"@id":"https:\/\/jp2doc.pl\/fr\/#organization"},"potentialAction":[{"@type":"SearchAction","target":{"@type":"EntryPoint","urlTemplate":"https:\/\/jp2doc.pl\/fr\/?s={search_term_string}"},"query-input":{"@type":"PropertyValueSpecification","valueRequired":true,"valueName":"search_term_string"}}],"inLanguage":"fr-FR"},{"@type":"Organization","@id":"https:\/\/jp2doc.pl\/fr\/#organization","name":"Centre de Documentation et d\u2019Etude du Pontificat de Jean-Paul II \u00e0 Rome","url":"https:\/\/jp2doc.pl\/fr\/","logo":{"@type":"ImageObject","inLanguage":"fr-FR","@id":"https:\/\/jp2doc.pl\/fr\/#\/schema\/logo\/image\/","url":"https:\/\/jp2doc.pl\/fr\/wp-content\/uploads\/sites\/5\/2017\/03\/cropped-logo.png","contentUrl":"https:\/\/jp2doc.pl\/fr\/wp-content\/uploads\/sites\/5\/2017\/03\/cropped-logo.png","width":115,"height":115,"caption":"Centre de Documentation et d\u2019Etude du Pontificat de Jean-Paul II \u00e0 Rome"},"image":{"@id":"https:\/\/jp2doc.pl\/fr\/#\/schema\/logo\/image\/"}}]}},"_links":{"self":[{"href":"https:\/\/jp2doc.pl\/fr\/wp-json\/wp\/v2\/pages\/177","targetHints":{"allow":["GET"]}}],"collection":[{"href":"https:\/\/jp2doc.pl\/fr\/wp-json\/wp\/v2\/pages"}],"about":[{"href":"https:\/\/jp2doc.pl\/fr\/wp-json\/wp\/v2\/types\/page"}],"author":[{"embeddable":true,"href":"https:\/\/jp2doc.pl\/fr\/wp-json\/wp\/v2\/users\/2"}],"replies":[{"embeddable":true,"href":"https:\/\/jp2doc.pl\/fr\/wp-json\/wp\/v2\/comments?post=177"}],"version-history":[{"count":2,"href":"https:\/\/jp2doc.pl\/fr\/wp-json\/wp\/v2\/pages\/177\/revisions"}],"predecessor-version":[{"id":1032,"href":"https:\/\/jp2doc.pl\/fr\/wp-json\/wp\/v2\/pages\/177\/revisions\/1032"}],"up":[{"embeddable":true,"href":"https:\/\/jp2doc.pl\/fr\/wp-json\/wp\/v2\/pages\/78"}],"wp:attachment":[{"href":"https:\/\/jp2doc.pl\/fr\/wp-json\/wp\/v2\/media?parent=177"}],"curies":[{"name":"wp","href":"https:\/\/api.w.org\/{rel}","templated":true}]}}