{"id":183,"date":"2017-03-24T14:25:00","date_gmt":"2017-03-24T13:25:00","guid":{"rendered":"http:\/\/jp2doc.pl\/?page_id=183"},"modified":"2017-04-18T15:49:44","modified_gmt":"2017-04-18T13:49:44","slug":"paryz-2013","status":"publish","type":"page","link":"https:\/\/jp2doc.pl\/fr\/sympozja\/paryz-2013\/","title":{"rendered":"Paris 2013"},"content":{"rendered":"<h3 style=\"text-align: center;\">L\u2019Homme et la culture<\/h3>\n<p>\u201eJean Paul II et son enseignement sur la culture\u201d \u2013 tel a \u00e9t\u00e9 le th\u00e8me de la session scientifique, qui a eu lieu le 13 F\u00e9vrier 2013 au si\u00e8ge de l\u2019UNESCO \u00e0 Paris. Plus de 500 personnes y ont particip\u00e9, parmi lesquelle plus de 40 ambassadeurs accr\u00e9dit\u00e9s aupr\u00e8s de l\u2019UNESCO et quelques \u00e9v\u00eaques, dont le cardinal Andr\u00e9 Vingt-Trois, arch\u00e9v\u00eaque de Paris. La session a \u00e9t\u00e9 organis\u00e9e par la Fondation Jean Paul II \u2013 Centre de Documentation et d\u2019\u00c9tudes du Pontificat en collaboration avec la Mission d\u2019Observateur permanent du Saint Si\u00e8ge aupr\u00e8s de l\u2019UNESCO. P\u00e8re Francesco Follo, l\u2019obervateur du Saint Si\u00e8ge aupr\u00e8s de l\u2019UNESCO, Cardinal Stanis\u0142aw Ry\u0142ko, pr\u00e9sident de la Fondation Jean Paul II et Monsieur Hans d\u2019Orville, vicedirecteur de l\u2019UNESCO ont dit le mot d\u2019accueil. La session a \u00e9t\u00e9 anim\u00e9e par Monsieur professeur Krzysztof Zanussi, qui a parl\u00e9 au d\u00e9but de ses rencontres avec Jean Paul II. <a href=\"http:\/\/jp2doc.pl\/wp-content\/uploads\/2017\/03\/5122402565e37undefined.jpg\"><img loading=\"lazy\" decoding=\"async\" width=\"560\" height=\"440\" class=\"aligncenter wp-image-185 size-full\" src=\"http:\/\/jp2doc.pl\/wp-content\/uploads\/2017\/03\/5122402565e37undefined.jpg\" alt=\"\" \/><\/a><\/p>\n<p>&nbsp;<\/p>\n<p>La premi\u00e8re conf\u00e9rence a \u00e9t\u00e9 donn\u00e9e par p\u00e8re Follo, qui a parl\u00e9 de l\u2019actualit\u00e9 de l\u2019enseignement de Jean Paul II sur la culture, \u00e0 commencer par son discours inoubliable \u00e0 l\u2019UNESCO, le 2 Juin 1980 jusqu\u2019\u00e0 la fin de son pontificat. P\u00e8re Follo a soulig\u00e9 que Jean Paul II \u00e9tait sensible au ph\u00e9nom\u00e8ne du multiculturalisme caract\u00e9ristique pour le monde actuel ainsi qu\u2019\u00e0 la dimension humaine de la culture, qui doit servir le d\u00e9veloppement int\u00e9gral de l\u2019homme.<\/p>\n<p><img loading=\"lazy\" decoding=\"async\" width=\"560\" height=\"404\" class=\"aligncenter wp-image-186 size-full\" src=\"http:\/\/jp2doc.pl\/wp-content\/uploads\/2017\/03\/512244621b6beundefined.jpg\" alt=\"\" \/><\/p>\n<p>Monsieur Fabrice Hadjadj, professeur de philosophie de l\u2019Institut \u00c9urop\u00e9en d\u2019\u00c9tudes Anthropologiques Philantropos de Fribourg en Suisse a parl\u00e9 de la signification et du r\u00f4le de valeurs \u00e9vang\u00e9liques dans la culture contemporaine, en soulignant que la crise actuelle de la culture et le r\u00e9sultat des r\u00e9volutions industrielle et technologique. Suite \u00e0 ce r\u00e9volutions la culture et devenue une force contre la nature, r\u00e9duisant celle-ci et son determinisme \u00e0 la dimension purement biologique.<\/p>\n<p>Monsieur Thomas Hong-Soon Han, professeur d\u2019\u00e9conomie \u00e0 l\u2019Universit\u00e9 Hankuk \u00e0 S\u00e9oul, en Cor\u00e9e du Sud a donn\u00e9 une conf\u00e9rence intitul\u00e9e \u201eLa relation entre l\u2019\u00e9conomie et le d\u00e9veloppement int\u00e9gral de la personne humaine\u201d. Il a soulign\u00e9 qu\u2019en partant du principe que l\u2019\u00e9conomie doit servir l\u2019homme et non l\u2019inverse, on voit clairement que le d\u00e9veloppement int\u00e9gral de l\u2019homme et des nations exige la r\u00e9forme du syst\u00e8me \u00e9conomique, qui devrait \u00eatre bas\u00e9 sur la solidarit\u00e9 internationale.<\/p>\n<p><img loading=\"lazy\" decoding=\"async\" width=\"560\" height=\"370\" class=\"aligncenter wp-image-187 size-full\" src=\"http:\/\/jp2doc.pl\/wp-content\/uploads\/2017\/03\/512244f9a28d8undefined.jpg\" alt=\"\" \/><\/p>\n<p>Madame Rossana Reguillo Cruz, professeur de l\u2019Universit\u00e9 J\u00e9suite de Gudalajara au Mexique a pr\u00e9sent\u00e9 le th\u00e8me\u00a0: \u201eLa jeunesse dans le labirynthe de la culture contemporaine\u201d. Elle a constat\u00e9 que la jeunesse actuelle ne constitue pas un groupe homog\u00e8ne, mais qu\u2019elle est tr\u00e8s diversifi\u00e9e. Pour r\u00e9soudre les probl\u00e8mes actuels, il faut faire la connaissance approfondie des m\u00e9chanismes culturels et sociologiques, qui touchent la jeunesse actuelle.<\/p>\n<p><a href=\"http:\/\/jp2doc.pl\/wp-content\/uploads\/2017\/03\/512243490db23undefined.jpg\"><img loading=\"lazy\" decoding=\"async\" width=\"560\" height=\"462\" class=\"aligncenter wp-image-188 size-full\" src=\"http:\/\/jp2doc.pl\/wp-content\/uploads\/2017\/03\/512243490db23undefined.jpg\" alt=\"\" \/><\/a><\/p>\n<p>P\u00e8re Zdzis\u0142aw Kijas OFM Conv., profeseur de th\u00e9ologie de l\u2019Universit\u00e9 Pontificale Jean Paul II de Cracovie a parl\u00e9 du besoin de la dimension transcendentalne dans le processus de l\u2019\u00e9ducation.<\/p>\n<p>Madame Genevi\u00e8ve M\u00e9devielle, professeur de la th\u00e9ologie morale de l\u2019Institut Catholique de Paris a pr\u00e9sent\u00e9 le th\u00e8me : \u201eLa dignit\u00e9 de la femme dans l\u2019enseignement de Jean Paul II\u201d. Elle a soulign\u00e9 que Jean Paul II voyait \u201ele g\u00e9nie de la femme\u201d dans son service \u00e0 l\u2019amour humain.<\/p>\n<p><a href=\"http:\/\/jp2doc.pl\/wp-content\/uploads\/2017\/03\/5122442644785undefined.jpg\"><img loading=\"lazy\" decoding=\"async\" width=\"560\" height=\"460\" class=\"aligncenter wp-image-189 size-full\" src=\"http:\/\/jp2doc.pl\/wp-content\/uploads\/2017\/03\/5122442644785undefined.jpg\" alt=\"\" \/><\/a><\/p>\n<p>En conclusion, Cardinal Andr\u00e9 Vingt-Trois a encore une fois rappell\u00e9 le discours de Jean Paul II \u00e0 l\u2019UNESCO. Selon lui la conf\u00e9rence a voulu r\u00e9pondre \u00e0 la question si la culture contemporaine avec tous ses succ\u00e8s techniques, pr\u00e9s\u00e8rve vraiment la personne humaine comme l\u2019\u00eatre unique dans le monde\u00a0? Il a remarque aussi que chr\u00e9tiens d\u2019aujourd\u2019hui ont une mission importante de donner le t\u00e9moignage sur la vision int\u00e9grale de l\u2019homme apport\u00e9e par le Christ.<\/p>\n","protected":false},"excerpt":{"rendered":"<p>L\u2019Homme et la culture \u201eJean Paul II et son enseignement sur la culture\u201d \u2013 tel a \u00e9t\u00e9 le th\u00e8me de la session scientifique, qui a eu lieu le 13 F\u00e9vrier 2013 au si\u00e8ge de l\u2019UNESCO \u00e0 Paris. Plus de 500 personnes y ont particip\u00e9, parmi lesquelle plus de 40 ambassadeurs accr\u00e9dit\u00e9s aupr\u00e8s de l\u2019UNESCO et [&hellip;]<\/p>\n","protected":false},"author":2,"featured_media":0,"parent":78,"menu_order":0,"comment_status":"closed","ping_status":"closed","template":"","meta":{"_acf_changed":false,"_exactmetrics_skip_tracking":false,"_exactmetrics_sitenote_active":false,"_exactmetrics_sitenote_note":"","_exactmetrics_sitenote_category":0,"footnotes":""},"class_list":["post-183","page","type-page","status-publish","hentry"],"acf":[],"yoast_head":"<!-- This site is optimized with the Yoast SEO plugin v26.2 - https:\/\/yoast.com\/wordpress\/plugins\/seo\/ -->\n<title>Paris 2013 - Centre de Documentation et d\u2019Etude du Pontificat de Jean-Paul II \u00e0 Rome<\/title>\n<meta name=\"robots\" content=\"index, follow, max-snippet:-1, max-image-preview:large, max-video-preview:-1\" \/>\n<link rel=\"canonical\" href=\"https:\/\/jp2doc.pl\/fr\/sympozja\/paryz-2013\/\" \/>\n<meta property=\"og:locale\" content=\"fr_FR\" \/>\n<meta property=\"og:type\" content=\"article\" \/>\n<meta property=\"og:title\" content=\"Paris 2013 - Centre de Documentation et d\u2019Etude du Pontificat de Jean-Paul II \u00e0 Rome\" \/>\n<meta property=\"og:description\" content=\"L\u2019Homme et la culture \u201eJean Paul II et son enseignement sur la culture\u201d \u2013 tel a \u00e9t\u00e9 le th\u00e8me de la session scientifique, qui a eu lieu le 13 F\u00e9vrier 2013 au si\u00e8ge de l\u2019UNESCO \u00e0 Paris. Plus de 500 personnes y ont particip\u00e9, parmi lesquelle plus de 40 ambassadeurs accr\u00e9dit\u00e9s aupr\u00e8s de l\u2019UNESCO et [&hellip;]\" \/>\n<meta property=\"og:url\" content=\"https:\/\/jp2doc.pl\/fr\/sympozja\/paryz-2013\/\" \/>\n<meta property=\"og:site_name\" content=\"Centre de Documentation et d\u2019Etude du Pontificat de Jean-Paul II \u00e0 Rome\" \/>\n<meta property=\"article:modified_time\" content=\"2017-04-18T13:49:44+00:00\" \/>\n<meta property=\"og:image\" content=\"http:\/\/jp2doc.pl\/wp-content\/uploads\/2017\/03\/5122402565e37undefined.jpg\" \/>\n<meta name=\"twitter:card\" content=\"summary_large_image\" \/>\n<meta name=\"twitter:label1\" content=\"Dur\u00e9e de lecture estim\u00e9e\" \/>\n\t<meta name=\"twitter:data1\" content=\"3 minutes\" \/>\n<script type=\"application\/ld+json\" class=\"yoast-schema-graph\">{\"@context\":\"https:\/\/schema.org\",\"@graph\":[{\"@type\":\"WebPage\",\"@id\":\"https:\/\/jp2doc.pl\/fr\/sympozja\/paryz-2013\/\",\"url\":\"https:\/\/jp2doc.pl\/fr\/sympozja\/paryz-2013\/\",\"name\":\"Paris 2013 - Centre de Documentation et d\u2019Etude du Pontificat de Jean-Paul II \u00e0 Rome\",\"isPartOf\":{\"@id\":\"https:\/\/jp2doc.pl\/fr\/#website\"},\"primaryImageOfPage\":{\"@id\":\"https:\/\/jp2doc.pl\/fr\/sympozja\/paryz-2013\/#primaryimage\"},\"image\":{\"@id\":\"https:\/\/jp2doc.pl\/fr\/sympozja\/paryz-2013\/#primaryimage\"},\"thumbnailUrl\":\"http:\/\/jp2doc.pl\/wp-content\/uploads\/2017\/03\/5122402565e37undefined.jpg\",\"datePublished\":\"2017-03-24T13:25:00+00:00\",\"dateModified\":\"2017-04-18T13:49:44+00:00\",\"breadcrumb\":{\"@id\":\"https:\/\/jp2doc.pl\/fr\/sympozja\/paryz-2013\/#breadcrumb\"},\"inLanguage\":\"fr-FR\",\"potentialAction\":[{\"@type\":\"ReadAction\",\"target\":[\"https:\/\/jp2doc.pl\/fr\/sympozja\/paryz-2013\/\"]}]},{\"@type\":\"ImageObject\",\"inLanguage\":\"fr-FR\",\"@id\":\"https:\/\/jp2doc.pl\/fr\/sympozja\/paryz-2013\/#primaryimage\",\"url\":\"http:\/\/jp2doc.pl\/wp-content\/uploads\/2017\/03\/5122402565e37undefined.jpg\",\"contentUrl\":\"http:\/\/jp2doc.pl\/wp-content\/uploads\/2017\/03\/5122402565e37undefined.jpg\"},{\"@type\":\"BreadcrumbList\",\"@id\":\"https:\/\/jp2doc.pl\/fr\/sympozja\/paryz-2013\/#breadcrumb\",\"itemListElement\":[{\"@type\":\"ListItem\",\"position\":1,\"name\":\"Home\",\"item\":\"https:\/\/jp2doc.pl\/fr\/\"},{\"@type\":\"ListItem\",\"position\":2,\"name\":\"Conf\u00e9rences\",\"item\":\"https:\/\/jp2doc.pl\/fr\/sympozja\/\"},{\"@type\":\"ListItem\",\"position\":3,\"name\":\"Paris 2013\"}]},{\"@type\":\"WebSite\",\"@id\":\"https:\/\/jp2doc.pl\/fr\/#website\",\"url\":\"https:\/\/jp2doc.pl\/fr\/\",\"name\":\"Centre de Documentation et d\u2019Etude du Pontificat de Jean-Paul II \u00e0 Rome\",\"description\":\"\",\"publisher\":{\"@id\":\"https:\/\/jp2doc.pl\/fr\/#organization\"},\"potentialAction\":[{\"@type\":\"SearchAction\",\"target\":{\"@type\":\"EntryPoint\",\"urlTemplate\":\"https:\/\/jp2doc.pl\/fr\/?s={search_term_string}\"},\"query-input\":{\"@type\":\"PropertyValueSpecification\",\"valueRequired\":true,\"valueName\":\"search_term_string\"}}],\"inLanguage\":\"fr-FR\"},{\"@type\":\"Organization\",\"@id\":\"https:\/\/jp2doc.pl\/fr\/#organization\",\"name\":\"Centre de Documentation et d\u2019Etude du Pontificat de Jean-Paul II \u00e0 Rome\",\"url\":\"https:\/\/jp2doc.pl\/fr\/\",\"logo\":{\"@type\":\"ImageObject\",\"inLanguage\":\"fr-FR\",\"@id\":\"https:\/\/jp2doc.pl\/fr\/#\/schema\/logo\/image\/\",\"url\":\"https:\/\/jp2doc.pl\/fr\/wp-content\/uploads\/sites\/5\/2017\/03\/cropped-logo.png\",\"contentUrl\":\"https:\/\/jp2doc.pl\/fr\/wp-content\/uploads\/sites\/5\/2017\/03\/cropped-logo.png\",\"width\":115,\"height\":115,\"caption\":\"Centre de Documentation et d\u2019Etude du Pontificat de Jean-Paul II \u00e0 Rome\"},\"image\":{\"@id\":\"https:\/\/jp2doc.pl\/fr\/#\/schema\/logo\/image\/\"}}]}<\/script>\n<!-- \/ Yoast SEO plugin. -->","yoast_head_json":{"title":"Paris 2013 - Centre de Documentation et d\u2019Etude du Pontificat de Jean-Paul II \u00e0 Rome","robots":{"index":"index","follow":"follow","max-snippet":"max-snippet:-1","max-image-preview":"max-image-preview:large","max-video-preview":"max-video-preview:-1"},"canonical":"https:\/\/jp2doc.pl\/fr\/sympozja\/paryz-2013\/","og_locale":"fr_FR","og_type":"article","og_title":"Paris 2013 - Centre de Documentation et d\u2019Etude du Pontificat de Jean-Paul II \u00e0 Rome","og_description":"L\u2019Homme et la culture \u201eJean Paul II et son enseignement sur la culture\u201d \u2013 tel a \u00e9t\u00e9 le th\u00e8me de la session scientifique, qui a eu lieu le 13 F\u00e9vrier 2013 au si\u00e8ge de l\u2019UNESCO \u00e0 Paris. Plus de 500 personnes y ont particip\u00e9, parmi lesquelle plus de 40 ambassadeurs accr\u00e9dit\u00e9s aupr\u00e8s de l\u2019UNESCO et [&hellip;]","og_url":"https:\/\/jp2doc.pl\/fr\/sympozja\/paryz-2013\/","og_site_name":"Centre de Documentation et d\u2019Etude du Pontificat de Jean-Paul II \u00e0 Rome","article_modified_time":"2017-04-18T13:49:44+00:00","og_image":[{"url":"http:\/\/jp2doc.pl\/wp-content\/uploads\/2017\/03\/5122402565e37undefined.jpg","type":"","width":"","height":""}],"twitter_card":"summary_large_image","twitter_misc":{"Dur\u00e9e de lecture estim\u00e9e":"3 minutes"},"schema":{"@context":"https:\/\/schema.org","@graph":[{"@type":"WebPage","@id":"https:\/\/jp2doc.pl\/fr\/sympozja\/paryz-2013\/","url":"https:\/\/jp2doc.pl\/fr\/sympozja\/paryz-2013\/","name":"Paris 2013 - Centre de Documentation et d\u2019Etude du Pontificat de Jean-Paul II \u00e0 Rome","isPartOf":{"@id":"https:\/\/jp2doc.pl\/fr\/#website"},"primaryImageOfPage":{"@id":"https:\/\/jp2doc.pl\/fr\/sympozja\/paryz-2013\/#primaryimage"},"image":{"@id":"https:\/\/jp2doc.pl\/fr\/sympozja\/paryz-2013\/#primaryimage"},"thumbnailUrl":"http:\/\/jp2doc.pl\/wp-content\/uploads\/2017\/03\/5122402565e37undefined.jpg","datePublished":"2017-03-24T13:25:00+00:00","dateModified":"2017-04-18T13:49:44+00:00","breadcrumb":{"@id":"https:\/\/jp2doc.pl\/fr\/sympozja\/paryz-2013\/#breadcrumb"},"inLanguage":"fr-FR","potentialAction":[{"@type":"ReadAction","target":["https:\/\/jp2doc.pl\/fr\/sympozja\/paryz-2013\/"]}]},{"@type":"ImageObject","inLanguage":"fr-FR","@id":"https:\/\/jp2doc.pl\/fr\/sympozja\/paryz-2013\/#primaryimage","url":"http:\/\/jp2doc.pl\/wp-content\/uploads\/2017\/03\/5122402565e37undefined.jpg","contentUrl":"http:\/\/jp2doc.pl\/wp-content\/uploads\/2017\/03\/5122402565e37undefined.jpg"},{"@type":"BreadcrumbList","@id":"https:\/\/jp2doc.pl\/fr\/sympozja\/paryz-2013\/#breadcrumb","itemListElement":[{"@type":"ListItem","position":1,"name":"Home","item":"https:\/\/jp2doc.pl\/fr\/"},{"@type":"ListItem","position":2,"name":"Conf\u00e9rences","item":"https:\/\/jp2doc.pl\/fr\/sympozja\/"},{"@type":"ListItem","position":3,"name":"Paris 2013"}]},{"@type":"WebSite","@id":"https:\/\/jp2doc.pl\/fr\/#website","url":"https:\/\/jp2doc.pl\/fr\/","name":"Centre de Documentation et d\u2019Etude du Pontificat de Jean-Paul II \u00e0 Rome","description":"","publisher":{"@id":"https:\/\/jp2doc.pl\/fr\/#organization"},"potentialAction":[{"@type":"SearchAction","target":{"@type":"EntryPoint","urlTemplate":"https:\/\/jp2doc.pl\/fr\/?s={search_term_string}"},"query-input":{"@type":"PropertyValueSpecification","valueRequired":true,"valueName":"search_term_string"}}],"inLanguage":"fr-FR"},{"@type":"Organization","@id":"https:\/\/jp2doc.pl\/fr\/#organization","name":"Centre de Documentation et d\u2019Etude du Pontificat de Jean-Paul II \u00e0 Rome","url":"https:\/\/jp2doc.pl\/fr\/","logo":{"@type":"ImageObject","inLanguage":"fr-FR","@id":"https:\/\/jp2doc.pl\/fr\/#\/schema\/logo\/image\/","url":"https:\/\/jp2doc.pl\/fr\/wp-content\/uploads\/sites\/5\/2017\/03\/cropped-logo.png","contentUrl":"https:\/\/jp2doc.pl\/fr\/wp-content\/uploads\/sites\/5\/2017\/03\/cropped-logo.png","width":115,"height":115,"caption":"Centre de Documentation et d\u2019Etude du Pontificat de Jean-Paul II \u00e0 Rome"},"image":{"@id":"https:\/\/jp2doc.pl\/fr\/#\/schema\/logo\/image\/"}}]}},"_links":{"self":[{"href":"https:\/\/jp2doc.pl\/fr\/wp-json\/wp\/v2\/pages\/183","targetHints":{"allow":["GET"]}}],"collection":[{"href":"https:\/\/jp2doc.pl\/fr\/wp-json\/wp\/v2\/pages"}],"about":[{"href":"https:\/\/jp2doc.pl\/fr\/wp-json\/wp\/v2\/types\/page"}],"author":[{"embeddable":true,"href":"https:\/\/jp2doc.pl\/fr\/wp-json\/wp\/v2\/users\/2"}],"replies":[{"embeddable":true,"href":"https:\/\/jp2doc.pl\/fr\/wp-json\/wp\/v2\/comments?post=183"}],"version-history":[{"count":2,"href":"https:\/\/jp2doc.pl\/fr\/wp-json\/wp\/v2\/pages\/183\/revisions"}],"predecessor-version":[{"id":1035,"href":"https:\/\/jp2doc.pl\/fr\/wp-json\/wp\/v2\/pages\/183\/revisions\/1035"}],"up":[{"embeddable":true,"href":"https:\/\/jp2doc.pl\/fr\/wp-json\/wp\/v2\/pages\/78"}],"wp:attachment":[{"href":"https:\/\/jp2doc.pl\/fr\/wp-json\/wp\/v2\/media?parent=183"}],"curies":[{"name":"wp","href":"https:\/\/api.w.org\/{rel}","templated":true}]}}