{"id":2,"date":"2017-03-31T09:51:39","date_gmt":"2017-03-31T07:51:39","guid":{"rendered":"http:\/\/jp2doc.pl\/fr\/?page_id=2"},"modified":"2017-03-31T09:51:39","modified_gmt":"2017-03-31T07:51:39","slug":"przykladowa-strona","status":"publish","type":"page","link":"https:\/\/jp2doc.pl\/fr\/przykladowa-strona\/","title":{"rendered":"Przyk\u0142adowa strona"},"content":{"rendered":"<p>To jest przyk\u0142adowa strona. R\u00f3\u017cni si\u0119 ona od postu na blogu, poniewa\u017c pozostanie ona ci\u0105gle w jednym miejscu i poka\u017ce si\u0119 w panelu nawigacyjnym na twojej stronie (w przypadku wi\u0119kszo\u015bci szablon\u00f3w). Wi\u0119kszo\u015b\u0107 os\u00f3b zaczyna od strony &lsquo;O mnie&rsquo; lub &lsquo;O nas&rsquo;, kt\u00f3ra przedstawia ich potencjalnym odwiedzaj\u0105cym stron\u0119. Mo\u017ce to by\u0107 co\u015b takiego:<\/p>\n<blockquote><p>Cze\u015b\u0107! Jestem kurierem na rowerze za dnia, noc\u0105 aktorem amatorem, a to jest m\u00f3j blog. Mieszkam w Gda\u0144sku, mam wspania\u0142ego psa o imieniu Azor i uwielbiam pi&#241;a colad\u0119. (Oraz to, kiedy \u0142apie mnie deszcz.)<\/p><\/blockquote>\n<p>&#8230;lub co\u015b bardziej jak to:<\/p>\n<blockquote><p>Firma XYZ zosta\u0142a za\u0142o\u017cona w 1971 roku i od tamtej pory wytwarza najlepszej jako\u015bci wihajster na rynku. Zlokalizowana w Pacanowie zatrudnia ponad 2000 os\u00f3b i jest powodem samego dobrodziejstwa dla lokalnej spo\u0142eczno\u015bci.<\/p><\/blockquote>\n<p>Jako nowy u\u017cytkowni WordPressa, powiniene\u015b odwiedzi\u0107 <a href=\"http:\/\/jp2doc.pl\/fr\/wp-admin\/\">sw\u00f3j panel administracyjny<\/a>, aby skasowa\u0107 t\u0119 stron\u0119 i stworzy\u0107 nowe, dostosowane do Twoich potrzeb strony. Mi\u0142ej zabawy!<\/p>\n","protected":false},"excerpt":{"rendered":"<p>To jest przyk\u0142adowa strona. R\u00f3\u017cni si\u0119 ona od postu na blogu, poniewa\u017c pozostanie ona ci\u0105gle w jednym miejscu i poka\u017ce si\u0119 w panelu nawigacyjnym na twojej stronie (w przypadku wi\u0119kszo\u015bci szablon\u00f3w). Wi\u0119kszo\u015b\u0107 os\u00f3b zaczyna od strony &lsquo;O mnie&rsquo; lub &lsquo;O nas&rsquo;, kt\u00f3ra przedstawia ich potencjalnym odwiedzaj\u0105cym stron\u0119. Mo\u017ce to by\u0107 co\u015b takiego: Cze\u015b\u0107! Jestem kurierem [&hellip;]<\/p>\n","protected":false},"author":3,"featured_media":0,"parent":0,"menu_order":0,"comment_status":"closed","ping_status":"open","template":"","meta":{"_acf_changed":false,"_exactmetrics_skip_tracking":false,"_exactmetrics_sitenote_active":false,"_exactmetrics_sitenote_note":"","_exactmetrics_sitenote_category":0,"footnotes":""},"class_list":["post-2","page","type-page","status-publish","hentry"],"acf":[],"yoast_head":"<!-- This site is optimized with the Yoast SEO plugin v26.2 - https:\/\/yoast.com\/wordpress\/plugins\/seo\/ -->\n<title>Przyk\u0142adowa strona - Centre de Documentation et d\u2019Etude du Pontificat de Jean-Paul II \u00e0 Rome<\/title>\n<meta name=\"robots\" content=\"index, follow, max-snippet:-1, max-image-preview:large, max-video-preview:-1\" \/>\n<link rel=\"canonical\" href=\"https:\/\/jp2doc.pl\/fr\/przykladowa-strona\/\" \/>\n<meta property=\"og:locale\" content=\"fr_FR\" \/>\n<meta property=\"og:type\" content=\"article\" \/>\n<meta property=\"og:title\" content=\"Przyk\u0142adowa strona - Centre de Documentation et d\u2019Etude du Pontificat de Jean-Paul II \u00e0 Rome\" \/>\n<meta property=\"og:description\" content=\"To jest przyk\u0142adowa strona. R\u00f3\u017cni si\u0119 ona od postu na blogu, poniewa\u017c pozostanie ona ci\u0105gle w jednym miejscu i poka\u017ce si\u0119 w panelu nawigacyjnym na twojej stronie (w przypadku wi\u0119kszo\u015bci szablon\u00f3w). Wi\u0119kszo\u015b\u0107 os\u00f3b zaczyna od strony &lsquo;O mnie&rsquo; lub &lsquo;O nas&rsquo;, kt\u00f3ra przedstawia ich potencjalnym odwiedzaj\u0105cym stron\u0119. Mo\u017ce to by\u0107 co\u015b takiego: Cze\u015b\u0107! Jestem kurierem [&hellip;]\" \/>\n<meta property=\"og:url\" content=\"https:\/\/jp2doc.pl\/fr\/przykladowa-strona\/\" \/>\n<meta property=\"og:site_name\" content=\"Centre de Documentation et d\u2019Etude du Pontificat de Jean-Paul II \u00e0 Rome\" \/>\n<meta name=\"twitter:card\" content=\"summary_large_image\" \/>\n<meta name=\"twitter:label1\" content=\"Dur\u00e9e de lecture estim\u00e9e\" \/>\n\t<meta name=\"twitter:data1\" content=\"1 minute\" \/>\n<script type=\"application\/ld+json\" class=\"yoast-schema-graph\">{\"@context\":\"https:\/\/schema.org\",\"@graph\":[{\"@type\":\"WebPage\",\"@id\":\"https:\/\/jp2doc.pl\/fr\/przykladowa-strona\/\",\"url\":\"https:\/\/jp2doc.pl\/fr\/przykladowa-strona\/\",\"name\":\"Przyk\u0142adowa strona - Centre de Documentation et d\u2019Etude du Pontificat de Jean-Paul II \u00e0 Rome\",\"isPartOf\":{\"@id\":\"https:\/\/jp2doc.pl\/fr\/#website\"},\"datePublished\":\"2017-03-31T07:51:39+00:00\",\"breadcrumb\":{\"@id\":\"https:\/\/jp2doc.pl\/fr\/przykladowa-strona\/#breadcrumb\"},\"inLanguage\":\"fr-FR\",\"potentialAction\":[{\"@type\":\"ReadAction\",\"target\":[\"https:\/\/jp2doc.pl\/fr\/przykladowa-strona\/\"]}]},{\"@type\":\"BreadcrumbList\",\"@id\":\"https:\/\/jp2doc.pl\/fr\/przykladowa-strona\/#breadcrumb\",\"itemListElement\":[{\"@type\":\"ListItem\",\"position\":1,\"name\":\"Home\",\"item\":\"https:\/\/jp2doc.pl\/fr\/\"},{\"@type\":\"ListItem\",\"position\":2,\"name\":\"Przyk\u0142adowa strona\"}]},{\"@type\":\"WebSite\",\"@id\":\"https:\/\/jp2doc.pl\/fr\/#website\",\"url\":\"https:\/\/jp2doc.pl\/fr\/\",\"name\":\"Centre de Documentation et d\u2019Etude du Pontificat de Jean-Paul II \u00e0 Rome\",\"description\":\"\",\"publisher\":{\"@id\":\"https:\/\/jp2doc.pl\/fr\/#organization\"},\"potentialAction\":[{\"@type\":\"SearchAction\",\"target\":{\"@type\":\"EntryPoint\",\"urlTemplate\":\"https:\/\/jp2doc.pl\/fr\/?s={search_term_string}\"},\"query-input\":{\"@type\":\"PropertyValueSpecification\",\"valueRequired\":true,\"valueName\":\"search_term_string\"}}],\"inLanguage\":\"fr-FR\"},{\"@type\":\"Organization\",\"@id\":\"https:\/\/jp2doc.pl\/fr\/#organization\",\"name\":\"Centre de Documentation et d\u2019Etude du Pontificat de Jean-Paul II \u00e0 Rome\",\"url\":\"https:\/\/jp2doc.pl\/fr\/\",\"logo\":{\"@type\":\"ImageObject\",\"inLanguage\":\"fr-FR\",\"@id\":\"https:\/\/jp2doc.pl\/fr\/#\/schema\/logo\/image\/\",\"url\":\"https:\/\/jp2doc.pl\/fr\/wp-content\/uploads\/sites\/5\/2017\/03\/cropped-logo.png\",\"contentUrl\":\"https:\/\/jp2doc.pl\/fr\/wp-content\/uploads\/sites\/5\/2017\/03\/cropped-logo.png\",\"width\":115,\"height\":115,\"caption\":\"Centre de Documentation et d\u2019Etude du Pontificat de Jean-Paul II \u00e0 Rome\"},\"image\":{\"@id\":\"https:\/\/jp2doc.pl\/fr\/#\/schema\/logo\/image\/\"}}]}<\/script>\n<!-- \/ Yoast SEO plugin. -->","yoast_head_json":{"title":"Przyk\u0142adowa strona - Centre de Documentation et d\u2019Etude du Pontificat de Jean-Paul II \u00e0 Rome","robots":{"index":"index","follow":"follow","max-snippet":"max-snippet:-1","max-image-preview":"max-image-preview:large","max-video-preview":"max-video-preview:-1"},"canonical":"https:\/\/jp2doc.pl\/fr\/przykladowa-strona\/","og_locale":"fr_FR","og_type":"article","og_title":"Przyk\u0142adowa strona - Centre de Documentation et d\u2019Etude du Pontificat de Jean-Paul II \u00e0 Rome","og_description":"To jest przyk\u0142adowa strona. R\u00f3\u017cni si\u0119 ona od postu na blogu, poniewa\u017c pozostanie ona ci\u0105gle w jednym miejscu i poka\u017ce si\u0119 w panelu nawigacyjnym na twojej stronie (w przypadku wi\u0119kszo\u015bci szablon\u00f3w). Wi\u0119kszo\u015b\u0107 os\u00f3b zaczyna od strony &lsquo;O mnie&rsquo; lub &lsquo;O nas&rsquo;, kt\u00f3ra przedstawia ich potencjalnym odwiedzaj\u0105cym stron\u0119. Mo\u017ce to by\u0107 co\u015b takiego: Cze\u015b\u0107! Jestem kurierem [&hellip;]","og_url":"https:\/\/jp2doc.pl\/fr\/przykladowa-strona\/","og_site_name":"Centre de Documentation et d\u2019Etude du Pontificat de Jean-Paul II \u00e0 Rome","twitter_card":"summary_large_image","twitter_misc":{"Dur\u00e9e de lecture estim\u00e9e":"1 minute"},"schema":{"@context":"https:\/\/schema.org","@graph":[{"@type":"WebPage","@id":"https:\/\/jp2doc.pl\/fr\/przykladowa-strona\/","url":"https:\/\/jp2doc.pl\/fr\/przykladowa-strona\/","name":"Przyk\u0142adowa strona - Centre de Documentation et d\u2019Etude du Pontificat de Jean-Paul II \u00e0 Rome","isPartOf":{"@id":"https:\/\/jp2doc.pl\/fr\/#website"},"datePublished":"2017-03-31T07:51:39+00:00","breadcrumb":{"@id":"https:\/\/jp2doc.pl\/fr\/przykladowa-strona\/#breadcrumb"},"inLanguage":"fr-FR","potentialAction":[{"@type":"ReadAction","target":["https:\/\/jp2doc.pl\/fr\/przykladowa-strona\/"]}]},{"@type":"BreadcrumbList","@id":"https:\/\/jp2doc.pl\/fr\/przykladowa-strona\/#breadcrumb","itemListElement":[{"@type":"ListItem","position":1,"name":"Home","item":"https:\/\/jp2doc.pl\/fr\/"},{"@type":"ListItem","position":2,"name":"Przyk\u0142adowa strona"}]},{"@type":"WebSite","@id":"https:\/\/jp2doc.pl\/fr\/#website","url":"https:\/\/jp2doc.pl\/fr\/","name":"Centre de Documentation et d\u2019Etude du Pontificat de Jean-Paul II \u00e0 Rome","description":"","publisher":{"@id":"https:\/\/jp2doc.pl\/fr\/#organization"},"potentialAction":[{"@type":"SearchAction","target":{"@type":"EntryPoint","urlTemplate":"https:\/\/jp2doc.pl\/fr\/?s={search_term_string}"},"query-input":{"@type":"PropertyValueSpecification","valueRequired":true,"valueName":"search_term_string"}}],"inLanguage":"fr-FR"},{"@type":"Organization","@id":"https:\/\/jp2doc.pl\/fr\/#organization","name":"Centre de Documentation et d\u2019Etude du Pontificat de Jean-Paul II \u00e0 Rome","url":"https:\/\/jp2doc.pl\/fr\/","logo":{"@type":"ImageObject","inLanguage":"fr-FR","@id":"https:\/\/jp2doc.pl\/fr\/#\/schema\/logo\/image\/","url":"https:\/\/jp2doc.pl\/fr\/wp-content\/uploads\/sites\/5\/2017\/03\/cropped-logo.png","contentUrl":"https:\/\/jp2doc.pl\/fr\/wp-content\/uploads\/sites\/5\/2017\/03\/cropped-logo.png","width":115,"height":115,"caption":"Centre de Documentation et d\u2019Etude du Pontificat de Jean-Paul II \u00e0 Rome"},"image":{"@id":"https:\/\/jp2doc.pl\/fr\/#\/schema\/logo\/image\/"}}]}},"_links":{"self":[{"href":"https:\/\/jp2doc.pl\/fr\/wp-json\/wp\/v2\/pages\/2","targetHints":{"allow":["GET"]}}],"collection":[{"href":"https:\/\/jp2doc.pl\/fr\/wp-json\/wp\/v2\/pages"}],"about":[{"href":"https:\/\/jp2doc.pl\/fr\/wp-json\/wp\/v2\/types\/page"}],"author":[{"embeddable":true,"href":"https:\/\/jp2doc.pl\/fr\/wp-json\/wp\/v2\/users\/3"}],"replies":[{"embeddable":true,"href":"https:\/\/jp2doc.pl\/fr\/wp-json\/wp\/v2\/comments?post=2"}],"version-history":[{"count":0,"href":"https:\/\/jp2doc.pl\/fr\/wp-json\/wp\/v2\/pages\/2\/revisions"}],"wp:attachment":[{"href":"https:\/\/jp2doc.pl\/fr\/wp-json\/wp\/v2\/media?parent=2"}],"curies":[{"name":"wp","href":"https:\/\/api.w.org\/{rel}","templated":true}]}}