{"id":211,"date":"2017-03-24T15:00:31","date_gmt":"2017-03-24T14:00:31","guid":{"rendered":"http:\/\/jp2doc.pl\/?page_id=211"},"modified":"2017-04-26T12:45:04","modified_gmt":"2017-04-26T10:45:04","slug":"studium","status":"publish","type":"page","link":"https:\/\/jp2doc.pl\/fr\/studium\/","title":{"rendered":"Recherche"},"content":{"rendered":"<p>Le Centre m\u00e8ne de syst\u00e9matiques recherche scientifiques, collectionne, \u00e9labore et \u00e9dite les informations sur les \u00e9tudes concernant Jean Paul II.<\/p>\n<p><a href=\"http:\/\/jp2doc.pl\/fr\/wp-content\/uploads\/sites\/5\/2017\/03\/IMG_8391-1.jpg\"><img loading=\"lazy\" decoding=\"async\" width=\"1400\" height=\"700\" class=\"aligncenter wp-image-1119 size-full\" src=\"http:\/\/jp2doc.pl\/fr\/wp-content\/uploads\/sites\/5\/2017\/03\/IMG_8391-1.jpg\" alt=\"\" srcset=\"https:\/\/jp2doc.pl\/fr\/wp-content\/uploads\/sites\/5\/2017\/03\/IMG_8391-1.jpg 1400w, https:\/\/jp2doc.pl\/fr\/wp-content\/uploads\/sites\/5\/2017\/03\/IMG_8391-1-640x320.jpg 640w, https:\/\/jp2doc.pl\/fr\/wp-content\/uploads\/sites\/5\/2017\/03\/IMG_8391-1-768x384.jpg 768w, https:\/\/jp2doc.pl\/fr\/wp-content\/uploads\/sites\/5\/2017\/03\/IMG_8391-1-1024x512.jpg 1024w\" sizes=\"auto, (max-width: 1400px) 100vw, 1400px\" \/><\/a><\/p>\n<p>Il organise \u00e9galement des colloques, conf\u00e9rences et s\u00e9minaires ayant pour but de faire conna\u00eetre la pens\u00e9e du Pape et l\u2019importance de son pontificat dans un large contexte historique, eccl\u00e9sial et doctrinal, ainsi que son influence sur la culture chr\u00e9tienne. Le Centre collabore aussi avec d\u2019autres centres scientifiques en Pologne et dans d\u2019autres pays. On publie aussi des articles et interviews dans la presse catholique et la\u00efque en Pologne et \u00e0 l\u2019\u00e9tranger, afin de pr\u00e9senter le personnage du Pape \u00e0 un public plus large. On organise \u00e9galement des expositions et des cycles de rencontres \u00e0 l\u2019\u00e9glise saint Stanislas \u00e0 Rome qui constitue le centre pastoral des Polonais en Italie.<\/p>\n<p><a href=\"http:\/\/jp2doc.pl\/fr\/wp-content\/uploads\/sites\/5\/2017\/03\/jp2.jpg\"><img loading=\"lazy\" decoding=\"async\" width=\"1400\" height=\"700\" class=\"aligncenter wp-image-1118 size-full\" src=\"http:\/\/jp2doc.pl\/fr\/wp-content\/uploads\/sites\/5\/2017\/03\/jp2.jpg\" alt=\"\" srcset=\"https:\/\/jp2doc.pl\/fr\/wp-content\/uploads\/sites\/5\/2017\/03\/jp2.jpg 1400w, https:\/\/jp2doc.pl\/fr\/wp-content\/uploads\/sites\/5\/2017\/03\/jp2-640x320.jpg 640w, https:\/\/jp2doc.pl\/fr\/wp-content\/uploads\/sites\/5\/2017\/03\/jp2-768x384.jpg 768w, https:\/\/jp2doc.pl\/fr\/wp-content\/uploads\/sites\/5\/2017\/03\/jp2-1024x512.jpg 1024w\" sizes=\"auto, (max-width: 1400px) 100vw, 1400px\" \/><\/a><\/p>\n","protected":false},"excerpt":{"rendered":"<p>Le Centre m\u00e8ne de syst\u00e9matiques recherche scientifiques, collectionne, \u00e9labore et \u00e9dite les informations sur les \u00e9tudes concernant Jean Paul II. Il organise \u00e9galement des colloques, conf\u00e9rences et s\u00e9minaires ayant pour but de faire conna\u00eetre la pens\u00e9e du Pape et l\u2019importance de son pontificat dans un large contexte historique, eccl\u00e9sial et doctrinal, ainsi que son influence [&hellip;]<\/p>\n","protected":false},"author":2,"featured_media":0,"parent":0,"menu_order":0,"comment_status":"closed","ping_status":"closed","template":"","meta":{"_acf_changed":false,"_exactmetrics_skip_tracking":false,"_exactmetrics_sitenote_active":false,"_exactmetrics_sitenote_note":"","_exactmetrics_sitenote_category":0,"footnotes":""},"class_list":["post-211","page","type-page","status-publish","hentry"],"acf":[],"yoast_head":"<!-- This site is optimized with the Yoast SEO plugin v26.2 - https:\/\/yoast.com\/wordpress\/plugins\/seo\/ -->\n<title>Recherche - Centre de Documentation et d\u2019Etude du Pontificat de Jean-Paul II \u00e0 Rome<\/title>\n<meta name=\"robots\" content=\"index, follow, max-snippet:-1, max-image-preview:large, max-video-preview:-1\" \/>\n<link rel=\"canonical\" href=\"https:\/\/jp2doc.pl\/fr\/studium\/\" \/>\n<meta property=\"og:locale\" content=\"fr_FR\" \/>\n<meta property=\"og:type\" content=\"article\" \/>\n<meta property=\"og:title\" content=\"Recherche - Centre de Documentation et d\u2019Etude du Pontificat de Jean-Paul II \u00e0 Rome\" \/>\n<meta property=\"og:description\" content=\"Le Centre m\u00e8ne de syst\u00e9matiques recherche scientifiques, collectionne, \u00e9labore et \u00e9dite les informations sur les \u00e9tudes concernant Jean Paul II. Il organise \u00e9galement des colloques, conf\u00e9rences et s\u00e9minaires ayant pour but de faire conna\u00eetre la pens\u00e9e du Pape et l\u2019importance de son pontificat dans un large contexte historique, eccl\u00e9sial et doctrinal, ainsi que son influence [&hellip;]\" \/>\n<meta property=\"og:url\" content=\"https:\/\/jp2doc.pl\/fr\/studium\/\" \/>\n<meta property=\"og:site_name\" content=\"Centre de Documentation et d\u2019Etude du Pontificat de Jean-Paul II \u00e0 Rome\" \/>\n<meta property=\"article:modified_time\" content=\"2017-04-26T10:45:04+00:00\" \/>\n<meta property=\"og:image\" content=\"http:\/\/jp2doc.pl\/fr\/wp-content\/uploads\/sites\/5\/2017\/03\/IMG_8391-1.jpg\" \/>\n<meta name=\"twitter:card\" content=\"summary_large_image\" \/>\n<meta name=\"twitter:label1\" content=\"Dur\u00e9e de lecture estim\u00e9e\" \/>\n\t<meta name=\"twitter:data1\" content=\"1 minute\" \/>\n<script type=\"application\/ld+json\" class=\"yoast-schema-graph\">{\"@context\":\"https:\/\/schema.org\",\"@graph\":[{\"@type\":\"WebPage\",\"@id\":\"https:\/\/jp2doc.pl\/fr\/studium\/\",\"url\":\"https:\/\/jp2doc.pl\/fr\/studium\/\",\"name\":\"Recherche - Centre de Documentation et d\u2019Etude du Pontificat de Jean-Paul II \u00e0 Rome\",\"isPartOf\":{\"@id\":\"https:\/\/jp2doc.pl\/fr\/#website\"},\"primaryImageOfPage\":{\"@id\":\"https:\/\/jp2doc.pl\/fr\/studium\/#primaryimage\"},\"image\":{\"@id\":\"https:\/\/jp2doc.pl\/fr\/studium\/#primaryimage\"},\"thumbnailUrl\":\"http:\/\/jp2doc.pl\/fr\/wp-content\/uploads\/sites\/5\/2017\/03\/IMG_8391-1.jpg\",\"datePublished\":\"2017-03-24T14:00:31+00:00\",\"dateModified\":\"2017-04-26T10:45:04+00:00\",\"breadcrumb\":{\"@id\":\"https:\/\/jp2doc.pl\/fr\/studium\/#breadcrumb\"},\"inLanguage\":\"fr-FR\",\"potentialAction\":[{\"@type\":\"ReadAction\",\"target\":[\"https:\/\/jp2doc.pl\/fr\/studium\/\"]}]},{\"@type\":\"ImageObject\",\"inLanguage\":\"fr-FR\",\"@id\":\"https:\/\/jp2doc.pl\/fr\/studium\/#primaryimage\",\"url\":\"http:\/\/jp2doc.pl\/fr\/wp-content\/uploads\/sites\/5\/2017\/03\/IMG_8391-1.jpg\",\"contentUrl\":\"http:\/\/jp2doc.pl\/fr\/wp-content\/uploads\/sites\/5\/2017\/03\/IMG_8391-1.jpg\"},{\"@type\":\"BreadcrumbList\",\"@id\":\"https:\/\/jp2doc.pl\/fr\/studium\/#breadcrumb\",\"itemListElement\":[{\"@type\":\"ListItem\",\"position\":1,\"name\":\"Home\",\"item\":\"https:\/\/jp2doc.pl\/fr\/\"},{\"@type\":\"ListItem\",\"position\":2,\"name\":\"Recherche\"}]},{\"@type\":\"WebSite\",\"@id\":\"https:\/\/jp2doc.pl\/fr\/#website\",\"url\":\"https:\/\/jp2doc.pl\/fr\/\",\"name\":\"Centre de Documentation et d\u2019Etude du Pontificat de Jean-Paul II \u00e0 Rome\",\"description\":\"\",\"publisher\":{\"@id\":\"https:\/\/jp2doc.pl\/fr\/#organization\"},\"potentialAction\":[{\"@type\":\"SearchAction\",\"target\":{\"@type\":\"EntryPoint\",\"urlTemplate\":\"https:\/\/jp2doc.pl\/fr\/?s={search_term_string}\"},\"query-input\":{\"@type\":\"PropertyValueSpecification\",\"valueRequired\":true,\"valueName\":\"search_term_string\"}}],\"inLanguage\":\"fr-FR\"},{\"@type\":\"Organization\",\"@id\":\"https:\/\/jp2doc.pl\/fr\/#organization\",\"name\":\"Centre de Documentation et d\u2019Etude du Pontificat de Jean-Paul II \u00e0 Rome\",\"url\":\"https:\/\/jp2doc.pl\/fr\/\",\"logo\":{\"@type\":\"ImageObject\",\"inLanguage\":\"fr-FR\",\"@id\":\"https:\/\/jp2doc.pl\/fr\/#\/schema\/logo\/image\/\",\"url\":\"https:\/\/jp2doc.pl\/fr\/wp-content\/uploads\/sites\/5\/2017\/03\/cropped-logo.png\",\"contentUrl\":\"https:\/\/jp2doc.pl\/fr\/wp-content\/uploads\/sites\/5\/2017\/03\/cropped-logo.png\",\"width\":115,\"height\":115,\"caption\":\"Centre de Documentation et d\u2019Etude du Pontificat de Jean-Paul II \u00e0 Rome\"},\"image\":{\"@id\":\"https:\/\/jp2doc.pl\/fr\/#\/schema\/logo\/image\/\"}}]}<\/script>\n<!-- \/ Yoast SEO plugin. -->","yoast_head_json":{"title":"Recherche - Centre de Documentation et d\u2019Etude du Pontificat de Jean-Paul II \u00e0 Rome","robots":{"index":"index","follow":"follow","max-snippet":"max-snippet:-1","max-image-preview":"max-image-preview:large","max-video-preview":"max-video-preview:-1"},"canonical":"https:\/\/jp2doc.pl\/fr\/studium\/","og_locale":"fr_FR","og_type":"article","og_title":"Recherche - Centre de Documentation et d\u2019Etude du Pontificat de Jean-Paul II \u00e0 Rome","og_description":"Le Centre m\u00e8ne de syst\u00e9matiques recherche scientifiques, collectionne, \u00e9labore et \u00e9dite les informations sur les \u00e9tudes concernant Jean Paul II. Il organise \u00e9galement des colloques, conf\u00e9rences et s\u00e9minaires ayant pour but de faire conna\u00eetre la pens\u00e9e du Pape et l\u2019importance de son pontificat dans un large contexte historique, eccl\u00e9sial et doctrinal, ainsi que son influence [&hellip;]","og_url":"https:\/\/jp2doc.pl\/fr\/studium\/","og_site_name":"Centre de Documentation et d\u2019Etude du Pontificat de Jean-Paul II \u00e0 Rome","article_modified_time":"2017-04-26T10:45:04+00:00","og_image":[{"url":"http:\/\/jp2doc.pl\/fr\/wp-content\/uploads\/sites\/5\/2017\/03\/IMG_8391-1.jpg","type":"","width":"","height":""}],"twitter_card":"summary_large_image","twitter_misc":{"Dur\u00e9e de lecture estim\u00e9e":"1 minute"},"schema":{"@context":"https:\/\/schema.org","@graph":[{"@type":"WebPage","@id":"https:\/\/jp2doc.pl\/fr\/studium\/","url":"https:\/\/jp2doc.pl\/fr\/studium\/","name":"Recherche - Centre de Documentation et d\u2019Etude du Pontificat de Jean-Paul II \u00e0 Rome","isPartOf":{"@id":"https:\/\/jp2doc.pl\/fr\/#website"},"primaryImageOfPage":{"@id":"https:\/\/jp2doc.pl\/fr\/studium\/#primaryimage"},"image":{"@id":"https:\/\/jp2doc.pl\/fr\/studium\/#primaryimage"},"thumbnailUrl":"http:\/\/jp2doc.pl\/fr\/wp-content\/uploads\/sites\/5\/2017\/03\/IMG_8391-1.jpg","datePublished":"2017-03-24T14:00:31+00:00","dateModified":"2017-04-26T10:45:04+00:00","breadcrumb":{"@id":"https:\/\/jp2doc.pl\/fr\/studium\/#breadcrumb"},"inLanguage":"fr-FR","potentialAction":[{"@type":"ReadAction","target":["https:\/\/jp2doc.pl\/fr\/studium\/"]}]},{"@type":"ImageObject","inLanguage":"fr-FR","@id":"https:\/\/jp2doc.pl\/fr\/studium\/#primaryimage","url":"http:\/\/jp2doc.pl\/fr\/wp-content\/uploads\/sites\/5\/2017\/03\/IMG_8391-1.jpg","contentUrl":"http:\/\/jp2doc.pl\/fr\/wp-content\/uploads\/sites\/5\/2017\/03\/IMG_8391-1.jpg"},{"@type":"BreadcrumbList","@id":"https:\/\/jp2doc.pl\/fr\/studium\/#breadcrumb","itemListElement":[{"@type":"ListItem","position":1,"name":"Home","item":"https:\/\/jp2doc.pl\/fr\/"},{"@type":"ListItem","position":2,"name":"Recherche"}]},{"@type":"WebSite","@id":"https:\/\/jp2doc.pl\/fr\/#website","url":"https:\/\/jp2doc.pl\/fr\/","name":"Centre de Documentation et d\u2019Etude du Pontificat de Jean-Paul II \u00e0 Rome","description":"","publisher":{"@id":"https:\/\/jp2doc.pl\/fr\/#organization"},"potentialAction":[{"@type":"SearchAction","target":{"@type":"EntryPoint","urlTemplate":"https:\/\/jp2doc.pl\/fr\/?s={search_term_string}"},"query-input":{"@type":"PropertyValueSpecification","valueRequired":true,"valueName":"search_term_string"}}],"inLanguage":"fr-FR"},{"@type":"Organization","@id":"https:\/\/jp2doc.pl\/fr\/#organization","name":"Centre de Documentation et d\u2019Etude du Pontificat de Jean-Paul II \u00e0 Rome","url":"https:\/\/jp2doc.pl\/fr\/","logo":{"@type":"ImageObject","inLanguage":"fr-FR","@id":"https:\/\/jp2doc.pl\/fr\/#\/schema\/logo\/image\/","url":"https:\/\/jp2doc.pl\/fr\/wp-content\/uploads\/sites\/5\/2017\/03\/cropped-logo.png","contentUrl":"https:\/\/jp2doc.pl\/fr\/wp-content\/uploads\/sites\/5\/2017\/03\/cropped-logo.png","width":115,"height":115,"caption":"Centre de Documentation et d\u2019Etude du Pontificat de Jean-Paul II \u00e0 Rome"},"image":{"@id":"https:\/\/jp2doc.pl\/fr\/#\/schema\/logo\/image\/"}}]}},"_links":{"self":[{"href":"https:\/\/jp2doc.pl\/fr\/wp-json\/wp\/v2\/pages\/211","targetHints":{"allow":["GET"]}}],"collection":[{"href":"https:\/\/jp2doc.pl\/fr\/wp-json\/wp\/v2\/pages"}],"about":[{"href":"https:\/\/jp2doc.pl\/fr\/wp-json\/wp\/v2\/types\/page"}],"author":[{"embeddable":true,"href":"https:\/\/jp2doc.pl\/fr\/wp-json\/wp\/v2\/users\/2"}],"replies":[{"embeddable":true,"href":"https:\/\/jp2doc.pl\/fr\/wp-json\/wp\/v2\/comments?post=211"}],"version-history":[{"count":4,"href":"https:\/\/jp2doc.pl\/fr\/wp-json\/wp\/v2\/pages\/211\/revisions"}],"predecessor-version":[{"id":1150,"href":"https:\/\/jp2doc.pl\/fr\/wp-json\/wp\/v2\/pages\/211\/revisions\/1150"}],"wp:attachment":[{"href":"https:\/\/jp2doc.pl\/fr\/wp-json\/wp\/v2\/media?parent=211"}],"curies":[{"name":"wp","href":"https:\/\/api.w.org\/{rel}","templated":true}]}}