{"id":234,"date":"2017-03-27T10:39:21","date_gmt":"2017-03-27T08:39:21","guid":{"rendered":"http:\/\/jp2doc.pl\/?page_id=234"},"modified":"2021-12-16T15:37:42","modified_gmt":"2021-12-16T14:37:42","slug":"biblioteka","status":"publish","type":"page","link":"https:\/\/jp2doc.pl\/fr\/biblioteka\/","title":{"rendered":"Biblioth\u00e8que"},"content":{"rendered":"<p>La biblioth\u00e8que compte pr\u00e8s de 30 mille de volumes, parmi lesquels des exemplaires rares en plusieurs langues. La biblioth\u00e8que est divis\u00e9e en secteurs:<\/p>\n<div class=\"row\">\n<div class=\"col-md-10\">\n<ul>\n<li><strong>La salle de lecture<\/strong> avec\u00a0: dictionnaires, encyclop\u00e9dies, \u00e9laborations historiques, litt\u00e9raires ou philosophiques, publications du Saint-Si\u00e8ge avec des documents de Magist\u00e8re de l\u2019Eglise.<\/li>\n<\/ul>\n<\/div>\n<div class=\"col-md-10\">\n<ul>\n<li><strong>La biblioth\u00e8que du pape<\/strong> contient toutes les \u0153uvres philosophiques, th\u00e9ologiques et litt\u00e9raires \u00e9crites par Karol Wojty\u0142a avant 1978, des publications qui documentent l\u2019activit\u00e9 et l\u2019enseignement de Jean Paul II ainsi que d\u2019autres publications sur l\u2019histoire du pontificat. C\u2019est le secteur le plus vaste de la biblioth\u00e8que.<\/li>\n<\/ul>\n<\/div>\n<\/div>\n<img decoding=\"async\" class=\"alignnone wp-image-240 size-full\" src=\"http:\/\/jp2doc.pl\/wp-content\/uploads\/2017\/03\/Lektorium1.jpg\" alt=\"\" \/><\/p>\n<p style=\"text-align: left;\"><div class=\"row\">\n<div class=\"col-md-10\">\n<ul>\n<li style=\"text-align: left;\"><strong>Les dissertations scientifiques<\/strong> sur l\u2019enseignement de Jean Paul II, provenant de diff\u00e9rents milieux universitaires du monde.<\/li>\n<\/ul>\n<p style=\"text-align: left;\"><\/div>\n<div class=\"col-md-10\">\n<ul>\n<li style=\"text-align: left;\"><strong>Les livres d\u00e9dicac\u00e9s<\/strong> srepr\u00e9sentent un recueil de plusieurs de milliers de volumes sur les diff\u00e9rents th\u00e8mes, offerts ou d\u00e9dicac\u00e9s \u00e0 Jean Paul II.<\/li>\n<\/ul>\n<p style=\"text-align: left;\"><\/div>\n<\/div>\n<p style=\"text-align: left;\"><div class=\"row\">\n<div class=\"col-md-10\">\n<ul>\n<li style=\"text-align: left;\"><strong>Les magazines<\/strong> \u2013 un recueil de p\u00e9riodiques collectionn\u00e9s par le Centre ainsi que de publications de magazines sp\u00e9cialis\u00e9s du monde entier.<\/li>\n<\/ul>\n<p style=\"text-align: left;\"><\/div>\n<div class=\"col-md-10\">\n<ul>\n<li style=\"text-align: left;\"><strong>Les documents <\/strong>de presse polonaise, italienne et mondiale.<\/li>\n<\/ul>\n<p style=\"text-align: left;\"><\/div>\n<\/div>\n<p>Le programme \u00e9lectronique ProCite permet de consulter les Magazines et les Documents de presse. La salle de lecture du Centre permet de consulter le recueil de la biblioth\u00e8que sur place. Il est possible de faire des photocopies sur place.<\/p>\n","protected":false},"excerpt":{"rendered":"<p>La biblioth\u00e8que compte pr\u00e8s de 30 mille de volumes, parmi lesquels des exemplaires rares en plusieurs langues. La biblioth\u00e8que est divis\u00e9e en secteurs: Le programme \u00e9lectronique ProCite permet de consulter les Magazines et les Documents de presse. La salle de lecture du Centre permet de consulter le recueil de la biblioth\u00e8que sur place. Il est [&hellip;]<\/p>\n","protected":false},"author":2,"featured_media":0,"parent":0,"menu_order":0,"comment_status":"closed","ping_status":"closed","template":"","meta":{"_acf_changed":false,"_exactmetrics_skip_tracking":false,"_exactmetrics_sitenote_active":false,"_exactmetrics_sitenote_note":"","_exactmetrics_sitenote_category":0,"footnotes":""},"class_list":["post-234","page","type-page","status-publish","hentry"],"acf":[],"yoast_head":"<!-- This site is optimized with the Yoast SEO plugin v26.2 - https:\/\/yoast.com\/wordpress\/plugins\/seo\/ -->\n<title>Biblioth\u00e8que - Centre de Documentation et d\u2019Etude du Pontificat de Jean-Paul II \u00e0 Rome<\/title>\n<meta name=\"robots\" content=\"index, follow, max-snippet:-1, max-image-preview:large, max-video-preview:-1\" \/>\n<link rel=\"canonical\" href=\"https:\/\/jp2doc.pl\/fr\/biblioteka\/\" \/>\n<meta property=\"og:locale\" content=\"fr_FR\" \/>\n<meta property=\"og:type\" content=\"article\" \/>\n<meta property=\"og:title\" content=\"Biblioth\u00e8que - Centre de Documentation et d\u2019Etude du Pontificat de Jean-Paul II \u00e0 Rome\" \/>\n<meta property=\"og:description\" content=\"La biblioth\u00e8que compte pr\u00e8s de 30 mille de volumes, parmi lesquels des exemplaires rares en plusieurs langues. La biblioth\u00e8que est divis\u00e9e en secteurs: Le programme \u00e9lectronique ProCite permet de consulter les Magazines et les Documents de presse. La salle de lecture du Centre permet de consulter le recueil de la biblioth\u00e8que sur place. Il est [&hellip;]\" \/>\n<meta property=\"og:url\" content=\"https:\/\/jp2doc.pl\/fr\/biblioteka\/\" \/>\n<meta property=\"og:site_name\" content=\"Centre de Documentation et d\u2019Etude du Pontificat de Jean-Paul II \u00e0 Rome\" \/>\n<meta property=\"article:modified_time\" content=\"2021-12-16T14:37:42+00:00\" \/>\n<meta property=\"og:image\" content=\"http:\/\/jp2doc.pl\/wp-content\/uploads\/2017\/03\/Lektorium1.jpg\" \/>\n<meta name=\"twitter:card\" content=\"summary_large_image\" \/>\n<meta name=\"twitter:label1\" content=\"Dur\u00e9e de lecture estim\u00e9e\" \/>\n\t<meta name=\"twitter:data1\" content=\"2 minutes\" \/>\n<script type=\"application\/ld+json\" class=\"yoast-schema-graph\">{\"@context\":\"https:\/\/schema.org\",\"@graph\":[{\"@type\":\"WebPage\",\"@id\":\"https:\/\/jp2doc.pl\/fr\/biblioteka\/\",\"url\":\"https:\/\/jp2doc.pl\/fr\/biblioteka\/\",\"name\":\"Biblioth\u00e8que - Centre de Documentation et d\u2019Etude du Pontificat de Jean-Paul II \u00e0 Rome\",\"isPartOf\":{\"@id\":\"https:\/\/jp2doc.pl\/fr\/#website\"},\"primaryImageOfPage\":{\"@id\":\"https:\/\/jp2doc.pl\/fr\/biblioteka\/#primaryimage\"},\"image\":{\"@id\":\"https:\/\/jp2doc.pl\/fr\/biblioteka\/#primaryimage\"},\"thumbnailUrl\":\"http:\/\/jp2doc.pl\/wp-content\/uploads\/2017\/03\/Lektorium1.jpg\",\"datePublished\":\"2017-03-27T08:39:21+00:00\",\"dateModified\":\"2021-12-16T14:37:42+00:00\",\"breadcrumb\":{\"@id\":\"https:\/\/jp2doc.pl\/fr\/biblioteka\/#breadcrumb\"},\"inLanguage\":\"fr-FR\",\"potentialAction\":[{\"@type\":\"ReadAction\",\"target\":[\"https:\/\/jp2doc.pl\/fr\/biblioteka\/\"]}]},{\"@type\":\"ImageObject\",\"inLanguage\":\"fr-FR\",\"@id\":\"https:\/\/jp2doc.pl\/fr\/biblioteka\/#primaryimage\",\"url\":\"http:\/\/jp2doc.pl\/wp-content\/uploads\/2017\/03\/Lektorium1.jpg\",\"contentUrl\":\"http:\/\/jp2doc.pl\/wp-content\/uploads\/2017\/03\/Lektorium1.jpg\"},{\"@type\":\"BreadcrumbList\",\"@id\":\"https:\/\/jp2doc.pl\/fr\/biblioteka\/#breadcrumb\",\"itemListElement\":[{\"@type\":\"ListItem\",\"position\":1,\"name\":\"Home\",\"item\":\"https:\/\/jp2doc.pl\/fr\/\"},{\"@type\":\"ListItem\",\"position\":2,\"name\":\"Biblioth\u00e8que\"}]},{\"@type\":\"WebSite\",\"@id\":\"https:\/\/jp2doc.pl\/fr\/#website\",\"url\":\"https:\/\/jp2doc.pl\/fr\/\",\"name\":\"Centre de Documentation et d\u2019Etude du Pontificat de Jean-Paul II \u00e0 Rome\",\"description\":\"\",\"publisher\":{\"@id\":\"https:\/\/jp2doc.pl\/fr\/#organization\"},\"potentialAction\":[{\"@type\":\"SearchAction\",\"target\":{\"@type\":\"EntryPoint\",\"urlTemplate\":\"https:\/\/jp2doc.pl\/fr\/?s={search_term_string}\"},\"query-input\":{\"@type\":\"PropertyValueSpecification\",\"valueRequired\":true,\"valueName\":\"search_term_string\"}}],\"inLanguage\":\"fr-FR\"},{\"@type\":\"Organization\",\"@id\":\"https:\/\/jp2doc.pl\/fr\/#organization\",\"name\":\"Centre de Documentation et d\u2019Etude du Pontificat de Jean-Paul II \u00e0 Rome\",\"url\":\"https:\/\/jp2doc.pl\/fr\/\",\"logo\":{\"@type\":\"ImageObject\",\"inLanguage\":\"fr-FR\",\"@id\":\"https:\/\/jp2doc.pl\/fr\/#\/schema\/logo\/image\/\",\"url\":\"https:\/\/jp2doc.pl\/fr\/wp-content\/uploads\/sites\/5\/2017\/03\/cropped-logo.png\",\"contentUrl\":\"https:\/\/jp2doc.pl\/fr\/wp-content\/uploads\/sites\/5\/2017\/03\/cropped-logo.png\",\"width\":115,\"height\":115,\"caption\":\"Centre de Documentation et d\u2019Etude du Pontificat de Jean-Paul II \u00e0 Rome\"},\"image\":{\"@id\":\"https:\/\/jp2doc.pl\/fr\/#\/schema\/logo\/image\/\"}}]}<\/script>\n<!-- \/ Yoast SEO plugin. -->","yoast_head_json":{"title":"Biblioth\u00e8que - Centre de Documentation et d\u2019Etude du Pontificat de Jean-Paul II \u00e0 Rome","robots":{"index":"index","follow":"follow","max-snippet":"max-snippet:-1","max-image-preview":"max-image-preview:large","max-video-preview":"max-video-preview:-1"},"canonical":"https:\/\/jp2doc.pl\/fr\/biblioteka\/","og_locale":"fr_FR","og_type":"article","og_title":"Biblioth\u00e8que - Centre de Documentation et d\u2019Etude du Pontificat de Jean-Paul II \u00e0 Rome","og_description":"La biblioth\u00e8que compte pr\u00e8s de 30 mille de volumes, parmi lesquels des exemplaires rares en plusieurs langues. La biblioth\u00e8que est divis\u00e9e en secteurs: Le programme \u00e9lectronique ProCite permet de consulter les Magazines et les Documents de presse. La salle de lecture du Centre permet de consulter le recueil de la biblioth\u00e8que sur place. Il est [&hellip;]","og_url":"https:\/\/jp2doc.pl\/fr\/biblioteka\/","og_site_name":"Centre de Documentation et d\u2019Etude du Pontificat de Jean-Paul II \u00e0 Rome","article_modified_time":"2021-12-16T14:37:42+00:00","og_image":[{"url":"http:\/\/jp2doc.pl\/wp-content\/uploads\/2017\/03\/Lektorium1.jpg","type":"","width":"","height":""}],"twitter_card":"summary_large_image","twitter_misc":{"Dur\u00e9e de lecture estim\u00e9e":"2 minutes"},"schema":{"@context":"https:\/\/schema.org","@graph":[{"@type":"WebPage","@id":"https:\/\/jp2doc.pl\/fr\/biblioteka\/","url":"https:\/\/jp2doc.pl\/fr\/biblioteka\/","name":"Biblioth\u00e8que - Centre de Documentation et d\u2019Etude du Pontificat de Jean-Paul II \u00e0 Rome","isPartOf":{"@id":"https:\/\/jp2doc.pl\/fr\/#website"},"primaryImageOfPage":{"@id":"https:\/\/jp2doc.pl\/fr\/biblioteka\/#primaryimage"},"image":{"@id":"https:\/\/jp2doc.pl\/fr\/biblioteka\/#primaryimage"},"thumbnailUrl":"http:\/\/jp2doc.pl\/wp-content\/uploads\/2017\/03\/Lektorium1.jpg","datePublished":"2017-03-27T08:39:21+00:00","dateModified":"2021-12-16T14:37:42+00:00","breadcrumb":{"@id":"https:\/\/jp2doc.pl\/fr\/biblioteka\/#breadcrumb"},"inLanguage":"fr-FR","potentialAction":[{"@type":"ReadAction","target":["https:\/\/jp2doc.pl\/fr\/biblioteka\/"]}]},{"@type":"ImageObject","inLanguage":"fr-FR","@id":"https:\/\/jp2doc.pl\/fr\/biblioteka\/#primaryimage","url":"http:\/\/jp2doc.pl\/wp-content\/uploads\/2017\/03\/Lektorium1.jpg","contentUrl":"http:\/\/jp2doc.pl\/wp-content\/uploads\/2017\/03\/Lektorium1.jpg"},{"@type":"BreadcrumbList","@id":"https:\/\/jp2doc.pl\/fr\/biblioteka\/#breadcrumb","itemListElement":[{"@type":"ListItem","position":1,"name":"Home","item":"https:\/\/jp2doc.pl\/fr\/"},{"@type":"ListItem","position":2,"name":"Biblioth\u00e8que"}]},{"@type":"WebSite","@id":"https:\/\/jp2doc.pl\/fr\/#website","url":"https:\/\/jp2doc.pl\/fr\/","name":"Centre de Documentation et d\u2019Etude du Pontificat de Jean-Paul II \u00e0 Rome","description":"","publisher":{"@id":"https:\/\/jp2doc.pl\/fr\/#organization"},"potentialAction":[{"@type":"SearchAction","target":{"@type":"EntryPoint","urlTemplate":"https:\/\/jp2doc.pl\/fr\/?s={search_term_string}"},"query-input":{"@type":"PropertyValueSpecification","valueRequired":true,"valueName":"search_term_string"}}],"inLanguage":"fr-FR"},{"@type":"Organization","@id":"https:\/\/jp2doc.pl\/fr\/#organization","name":"Centre de Documentation et d\u2019Etude du Pontificat de Jean-Paul II \u00e0 Rome","url":"https:\/\/jp2doc.pl\/fr\/","logo":{"@type":"ImageObject","inLanguage":"fr-FR","@id":"https:\/\/jp2doc.pl\/fr\/#\/schema\/logo\/image\/","url":"https:\/\/jp2doc.pl\/fr\/wp-content\/uploads\/sites\/5\/2017\/03\/cropped-logo.png","contentUrl":"https:\/\/jp2doc.pl\/fr\/wp-content\/uploads\/sites\/5\/2017\/03\/cropped-logo.png","width":115,"height":115,"caption":"Centre de Documentation et d\u2019Etude du Pontificat de Jean-Paul II \u00e0 Rome"},"image":{"@id":"https:\/\/jp2doc.pl\/fr\/#\/schema\/logo\/image\/"}}]}},"_links":{"self":[{"href":"https:\/\/jp2doc.pl\/fr\/wp-json\/wp\/v2\/pages\/234","targetHints":{"allow":["GET"]}}],"collection":[{"href":"https:\/\/jp2doc.pl\/fr\/wp-json\/wp\/v2\/pages"}],"about":[{"href":"https:\/\/jp2doc.pl\/fr\/wp-json\/wp\/v2\/types\/page"}],"author":[{"embeddable":true,"href":"https:\/\/jp2doc.pl\/fr\/wp-json\/wp\/v2\/users\/2"}],"replies":[{"embeddable":true,"href":"https:\/\/jp2doc.pl\/fr\/wp-json\/wp\/v2\/comments?post=234"}],"version-history":[{"count":3,"href":"https:\/\/jp2doc.pl\/fr\/wp-json\/wp\/v2\/pages\/234\/revisions"}],"predecessor-version":[{"id":2007,"href":"https:\/\/jp2doc.pl\/fr\/wp-json\/wp\/v2\/pages\/234\/revisions\/2007"}],"wp:attachment":[{"href":"https:\/\/jp2doc.pl\/fr\/wp-json\/wp\/v2\/media?parent=234"}],"curies":[{"name":"wp","href":"https:\/\/api.w.org\/{rel}","templated":true}]}}