{"id":252,"date":"2017-03-27T11:17:03","date_gmt":"2017-03-27T09:17:03","guid":{"rendered":"http:\/\/jp2doc.pl\/?page_id=252"},"modified":"2017-04-25T15:33:34","modified_gmt":"2017-04-25T13:33:34","slug":"zdjecia","status":"publish","type":"page","link":"https:\/\/jp2doc.pl\/fr\/archiwum\/zdjecia\/","title":{"rendered":"Photos"},"content":{"rendered":"<p>Dans les collections du Centre de Documentation et d\u2019Etudes du Pontificat de Jean Paul II se trouvent plusieurs centaines d\u2019albums et plusieurs milliers de photos offertes au Saint-P\u00e8re pendant son pontificat. Ces albums et photos ont \u00e9t\u00e9 transmis au Centre par le Secr\u00e9tariat d\u2019Etat du Saint-Si\u00e8ge. Les donateurs \u00e9taient des particuliers, des religieux, des la\u00efques et des institutions, en provenance de Pologne ainsi de plusieurs autres coins du monde. Sur une partie des photos on peut trouver les initiales du Pape, preuve que le Saint P\u00e8re les a vues.<\/p>\n<p>La num\u00e9risation des collections est toujours en cours. Une partie est disponible sous forme de catalogue \u00e9lectronique. On peut visionner les photos sur le moteur de recherche en tapant les mots clefs ou les cat\u00e9gories.<\/p>\n<p>Le Centre de Documentation et d\u2019Etudes veut contribuer \u00e0 une meilleure connaissance de la vie de Jean Paul II et de l\u2019histoire de son pontificat, en mettant \u00e0 disposition une partie des archives photographiques. Le classement des photos par th\u00e9matique et leur description facilitent la recherche. L\u2019auteur et le propri\u00e9taire des droits d\u2019auteur, indispensables en cas de publication de photos, apparaissent sur presque chaque photo. Notre pr\u00e9sentation de la collection de photos n\u2019a pas de but commercial mais documentaire et \u00e9ducatif. Le Centre remercie les institutions propri\u00e9taires de copyright pour leur accord de pr\u00e9senter les photos sur le site internet.<br \/>\n<a href=\"http:\/\/jp2doc.pl\/wp-content\/uploads\/2017\/03\/Zdjecia-e1490696951402.jpg\"><img loading=\"lazy\" decoding=\"async\" width=\"1200\" height=\"600\" class=\"aligncenter wp-image-526 size-full\" src=\"http:\/\/jp2doc.pl\/wp-content\/uploads\/2017\/03\/Zdjecia-e1490696951402.jpg\" alt=\"\" srcset=\"https:\/\/jp2doc.pl\/fr\/wp-content\/uploads\/sites\/5\/2017\/03\/Zdjecia-e1490696951402.jpg 1200w, https:\/\/jp2doc.pl\/fr\/wp-content\/uploads\/sites\/5\/2017\/03\/Zdjecia-e1490696951402-640x320.jpg 640w, https:\/\/jp2doc.pl\/fr\/wp-content\/uploads\/sites\/5\/2017\/03\/Zdjecia-e1490696951402-768x384.jpg 768w, https:\/\/jp2doc.pl\/fr\/wp-content\/uploads\/sites\/5\/2017\/03\/Zdjecia-e1490696951402-1024x512.jpg 1024w\" sizes=\"auto, (max-width: 1200px) 100vw, 1200px\" \/><\/a><\/p>\n","protected":false},"excerpt":{"rendered":"<p>Dans les collections du Centre de Documentation et d\u2019Etudes du Pontificat de Jean Paul II se trouvent plusieurs centaines d\u2019albums et plusieurs milliers de photos offertes au Saint-P\u00e8re pendant son pontificat. Ces albums et photos ont \u00e9t\u00e9 transmis au Centre par le Secr\u00e9tariat d\u2019Etat du Saint-Si\u00e8ge. Les donateurs \u00e9taient des particuliers, des religieux, des la\u00efques [&hellip;]<\/p>\n","protected":false},"author":2,"featured_media":0,"parent":249,"menu_order":0,"comment_status":"closed","ping_status":"closed","template":"","meta":{"_acf_changed":false,"_exactmetrics_skip_tracking":false,"_exactmetrics_sitenote_active":false,"_exactmetrics_sitenote_note":"","_exactmetrics_sitenote_category":0,"footnotes":""},"class_list":["post-252","page","type-page","status-publish","hentry"],"acf":[],"yoast_head":"<!-- This site is optimized with the Yoast SEO plugin v26.2 - https:\/\/yoast.com\/wordpress\/plugins\/seo\/ -->\n<title>Photos - Centre de Documentation et d\u2019Etude du Pontificat de Jean-Paul II \u00e0 Rome<\/title>\n<meta name=\"robots\" content=\"index, follow, max-snippet:-1, max-image-preview:large, max-video-preview:-1\" \/>\n<link rel=\"canonical\" href=\"https:\/\/jp2doc.pl\/fr\/archiwum\/zdjecia\/\" \/>\n<meta property=\"og:locale\" content=\"fr_FR\" \/>\n<meta property=\"og:type\" content=\"article\" \/>\n<meta property=\"og:title\" content=\"Photos - Centre de Documentation et d\u2019Etude du Pontificat de Jean-Paul II \u00e0 Rome\" \/>\n<meta property=\"og:description\" content=\"Dans les collections du Centre de Documentation et d\u2019Etudes du Pontificat de Jean Paul II se trouvent plusieurs centaines d\u2019albums et plusieurs milliers de photos offertes au Saint-P\u00e8re pendant son pontificat. Ces albums et photos ont \u00e9t\u00e9 transmis au Centre par le Secr\u00e9tariat d\u2019Etat du Saint-Si\u00e8ge. Les donateurs \u00e9taient des particuliers, des religieux, des la\u00efques [&hellip;]\" \/>\n<meta property=\"og:url\" content=\"https:\/\/jp2doc.pl\/fr\/archiwum\/zdjecia\/\" \/>\n<meta property=\"og:site_name\" content=\"Centre de Documentation et d\u2019Etude du Pontificat de Jean-Paul II \u00e0 Rome\" \/>\n<meta property=\"article:modified_time\" content=\"2017-04-25T13:33:34+00:00\" \/>\n<meta property=\"og:image\" content=\"http:\/\/jp2doc.pl\/wp-content\/uploads\/2017\/03\/Zdjecia-e1490696951402.jpg\" \/>\n<meta name=\"twitter:card\" content=\"summary_large_image\" \/>\n<meta name=\"twitter:label1\" content=\"Dur\u00e9e de lecture estim\u00e9e\" \/>\n\t<meta name=\"twitter:data1\" content=\"1 minute\" \/>\n<script type=\"application\/ld+json\" class=\"yoast-schema-graph\">{\"@context\":\"https:\/\/schema.org\",\"@graph\":[{\"@type\":\"WebPage\",\"@id\":\"https:\/\/jp2doc.pl\/fr\/archiwum\/zdjecia\/\",\"url\":\"https:\/\/jp2doc.pl\/fr\/archiwum\/zdjecia\/\",\"name\":\"Photos - Centre de Documentation et d\u2019Etude du Pontificat de Jean-Paul II \u00e0 Rome\",\"isPartOf\":{\"@id\":\"https:\/\/jp2doc.pl\/fr\/#website\"},\"primaryImageOfPage\":{\"@id\":\"https:\/\/jp2doc.pl\/fr\/archiwum\/zdjecia\/#primaryimage\"},\"image\":{\"@id\":\"https:\/\/jp2doc.pl\/fr\/archiwum\/zdjecia\/#primaryimage\"},\"thumbnailUrl\":\"http:\/\/jp2doc.pl\/wp-content\/uploads\/2017\/03\/Zdjecia-e1490696951402.jpg\",\"datePublished\":\"2017-03-27T09:17:03+00:00\",\"dateModified\":\"2017-04-25T13:33:34+00:00\",\"breadcrumb\":{\"@id\":\"https:\/\/jp2doc.pl\/fr\/archiwum\/zdjecia\/#breadcrumb\"},\"inLanguage\":\"fr-FR\",\"potentialAction\":[{\"@type\":\"ReadAction\",\"target\":[\"https:\/\/jp2doc.pl\/fr\/archiwum\/zdjecia\/\"]}]},{\"@type\":\"ImageObject\",\"inLanguage\":\"fr-FR\",\"@id\":\"https:\/\/jp2doc.pl\/fr\/archiwum\/zdjecia\/#primaryimage\",\"url\":\"http:\/\/jp2doc.pl\/wp-content\/uploads\/2017\/03\/Zdjecia-e1490696951402.jpg\",\"contentUrl\":\"http:\/\/jp2doc.pl\/wp-content\/uploads\/2017\/03\/Zdjecia-e1490696951402.jpg\"},{\"@type\":\"BreadcrumbList\",\"@id\":\"https:\/\/jp2doc.pl\/fr\/archiwum\/zdjecia\/#breadcrumb\",\"itemListElement\":[{\"@type\":\"ListItem\",\"position\":1,\"name\":\"Home\",\"item\":\"https:\/\/jp2doc.pl\/fr\/\"},{\"@type\":\"ListItem\",\"position\":2,\"name\":\"Archives\",\"item\":\"https:\/\/jp2doc.pl\/fr\/archiwum\/\"},{\"@type\":\"ListItem\",\"position\":3,\"name\":\"Photos\"}]},{\"@type\":\"WebSite\",\"@id\":\"https:\/\/jp2doc.pl\/fr\/#website\",\"url\":\"https:\/\/jp2doc.pl\/fr\/\",\"name\":\"Centre de Documentation et d\u2019Etude du Pontificat de Jean-Paul II \u00e0 Rome\",\"description\":\"\",\"publisher\":{\"@id\":\"https:\/\/jp2doc.pl\/fr\/#organization\"},\"potentialAction\":[{\"@type\":\"SearchAction\",\"target\":{\"@type\":\"EntryPoint\",\"urlTemplate\":\"https:\/\/jp2doc.pl\/fr\/?s={search_term_string}\"},\"query-input\":{\"@type\":\"PropertyValueSpecification\",\"valueRequired\":true,\"valueName\":\"search_term_string\"}}],\"inLanguage\":\"fr-FR\"},{\"@type\":\"Organization\",\"@id\":\"https:\/\/jp2doc.pl\/fr\/#organization\",\"name\":\"Centre de Documentation et d\u2019Etude du Pontificat de Jean-Paul II \u00e0 Rome\",\"url\":\"https:\/\/jp2doc.pl\/fr\/\",\"logo\":{\"@type\":\"ImageObject\",\"inLanguage\":\"fr-FR\",\"@id\":\"https:\/\/jp2doc.pl\/fr\/#\/schema\/logo\/image\/\",\"url\":\"https:\/\/jp2doc.pl\/fr\/wp-content\/uploads\/sites\/5\/2017\/03\/cropped-logo.png\",\"contentUrl\":\"https:\/\/jp2doc.pl\/fr\/wp-content\/uploads\/sites\/5\/2017\/03\/cropped-logo.png\",\"width\":115,\"height\":115,\"caption\":\"Centre de Documentation et d\u2019Etude du Pontificat de Jean-Paul II \u00e0 Rome\"},\"image\":{\"@id\":\"https:\/\/jp2doc.pl\/fr\/#\/schema\/logo\/image\/\"}}]}<\/script>\n<!-- \/ Yoast SEO plugin. -->","yoast_head_json":{"title":"Photos - Centre de Documentation et d\u2019Etude du Pontificat de Jean-Paul II \u00e0 Rome","robots":{"index":"index","follow":"follow","max-snippet":"max-snippet:-1","max-image-preview":"max-image-preview:large","max-video-preview":"max-video-preview:-1"},"canonical":"https:\/\/jp2doc.pl\/fr\/archiwum\/zdjecia\/","og_locale":"fr_FR","og_type":"article","og_title":"Photos - Centre de Documentation et d\u2019Etude du Pontificat de Jean-Paul II \u00e0 Rome","og_description":"Dans les collections du Centre de Documentation et d\u2019Etudes du Pontificat de Jean Paul II se trouvent plusieurs centaines d\u2019albums et plusieurs milliers de photos offertes au Saint-P\u00e8re pendant son pontificat. Ces albums et photos ont \u00e9t\u00e9 transmis au Centre par le Secr\u00e9tariat d\u2019Etat du Saint-Si\u00e8ge. Les donateurs \u00e9taient des particuliers, des religieux, des la\u00efques [&hellip;]","og_url":"https:\/\/jp2doc.pl\/fr\/archiwum\/zdjecia\/","og_site_name":"Centre de Documentation et d\u2019Etude du Pontificat de Jean-Paul II \u00e0 Rome","article_modified_time":"2017-04-25T13:33:34+00:00","og_image":[{"url":"http:\/\/jp2doc.pl\/wp-content\/uploads\/2017\/03\/Zdjecia-e1490696951402.jpg","type":"","width":"","height":""}],"twitter_card":"summary_large_image","twitter_misc":{"Dur\u00e9e de lecture estim\u00e9e":"1 minute"},"schema":{"@context":"https:\/\/schema.org","@graph":[{"@type":"WebPage","@id":"https:\/\/jp2doc.pl\/fr\/archiwum\/zdjecia\/","url":"https:\/\/jp2doc.pl\/fr\/archiwum\/zdjecia\/","name":"Photos - Centre de Documentation et d\u2019Etude du Pontificat de Jean-Paul II \u00e0 Rome","isPartOf":{"@id":"https:\/\/jp2doc.pl\/fr\/#website"},"primaryImageOfPage":{"@id":"https:\/\/jp2doc.pl\/fr\/archiwum\/zdjecia\/#primaryimage"},"image":{"@id":"https:\/\/jp2doc.pl\/fr\/archiwum\/zdjecia\/#primaryimage"},"thumbnailUrl":"http:\/\/jp2doc.pl\/wp-content\/uploads\/2017\/03\/Zdjecia-e1490696951402.jpg","datePublished":"2017-03-27T09:17:03+00:00","dateModified":"2017-04-25T13:33:34+00:00","breadcrumb":{"@id":"https:\/\/jp2doc.pl\/fr\/archiwum\/zdjecia\/#breadcrumb"},"inLanguage":"fr-FR","potentialAction":[{"@type":"ReadAction","target":["https:\/\/jp2doc.pl\/fr\/archiwum\/zdjecia\/"]}]},{"@type":"ImageObject","inLanguage":"fr-FR","@id":"https:\/\/jp2doc.pl\/fr\/archiwum\/zdjecia\/#primaryimage","url":"http:\/\/jp2doc.pl\/wp-content\/uploads\/2017\/03\/Zdjecia-e1490696951402.jpg","contentUrl":"http:\/\/jp2doc.pl\/wp-content\/uploads\/2017\/03\/Zdjecia-e1490696951402.jpg"},{"@type":"BreadcrumbList","@id":"https:\/\/jp2doc.pl\/fr\/archiwum\/zdjecia\/#breadcrumb","itemListElement":[{"@type":"ListItem","position":1,"name":"Home","item":"https:\/\/jp2doc.pl\/fr\/"},{"@type":"ListItem","position":2,"name":"Archives","item":"https:\/\/jp2doc.pl\/fr\/archiwum\/"},{"@type":"ListItem","position":3,"name":"Photos"}]},{"@type":"WebSite","@id":"https:\/\/jp2doc.pl\/fr\/#website","url":"https:\/\/jp2doc.pl\/fr\/","name":"Centre de Documentation et d\u2019Etude du Pontificat de Jean-Paul II \u00e0 Rome","description":"","publisher":{"@id":"https:\/\/jp2doc.pl\/fr\/#organization"},"potentialAction":[{"@type":"SearchAction","target":{"@type":"EntryPoint","urlTemplate":"https:\/\/jp2doc.pl\/fr\/?s={search_term_string}"},"query-input":{"@type":"PropertyValueSpecification","valueRequired":true,"valueName":"search_term_string"}}],"inLanguage":"fr-FR"},{"@type":"Organization","@id":"https:\/\/jp2doc.pl\/fr\/#organization","name":"Centre de Documentation et d\u2019Etude du Pontificat de Jean-Paul II \u00e0 Rome","url":"https:\/\/jp2doc.pl\/fr\/","logo":{"@type":"ImageObject","inLanguage":"fr-FR","@id":"https:\/\/jp2doc.pl\/fr\/#\/schema\/logo\/image\/","url":"https:\/\/jp2doc.pl\/fr\/wp-content\/uploads\/sites\/5\/2017\/03\/cropped-logo.png","contentUrl":"https:\/\/jp2doc.pl\/fr\/wp-content\/uploads\/sites\/5\/2017\/03\/cropped-logo.png","width":115,"height":115,"caption":"Centre de Documentation et d\u2019Etude du Pontificat de Jean-Paul II \u00e0 Rome"},"image":{"@id":"https:\/\/jp2doc.pl\/fr\/#\/schema\/logo\/image\/"}}]}},"_links":{"self":[{"href":"https:\/\/jp2doc.pl\/fr\/wp-json\/wp\/v2\/pages\/252","targetHints":{"allow":["GET"]}}],"collection":[{"href":"https:\/\/jp2doc.pl\/fr\/wp-json\/wp\/v2\/pages"}],"about":[{"href":"https:\/\/jp2doc.pl\/fr\/wp-json\/wp\/v2\/types\/page"}],"author":[{"embeddable":true,"href":"https:\/\/jp2doc.pl\/fr\/wp-json\/wp\/v2\/users\/2"}],"replies":[{"embeddable":true,"href":"https:\/\/jp2doc.pl\/fr\/wp-json\/wp\/v2\/comments?post=252"}],"version-history":[{"count":3,"href":"https:\/\/jp2doc.pl\/fr\/wp-json\/wp\/v2\/pages\/252\/revisions"}],"predecessor-version":[{"id":1136,"href":"https:\/\/jp2doc.pl\/fr\/wp-json\/wp\/v2\/pages\/252\/revisions\/1136"}],"up":[{"embeddable":true,"href":"https:\/\/jp2doc.pl\/fr\/wp-json\/wp\/v2\/pages\/249"}],"wp:attachment":[{"href":"https:\/\/jp2doc.pl\/fr\/wp-json\/wp\/v2\/media?parent=252"}],"curies":[{"name":"wp","href":"https:\/\/api.w.org\/{rel}","templated":true}]}}