{"id":254,"date":"2017-03-27T11:19:32","date_gmt":"2017-03-27T09:19:32","guid":{"rendered":"http:\/\/jp2doc.pl\/?page_id=254"},"modified":"2017-04-25T15:35:10","modified_gmt":"2017-04-25T13:35:10","slug":"filatelistyka","status":"publish","type":"page","link":"https:\/\/jp2doc.pl\/fr\/archiwum\/filatelistyka\/","title":{"rendered":"Philat\u00e9lie"},"content":{"rendered":"<p>Dans les collections du Centre se trouvent plus de dix mille de timbre-poste \u00e9dit\u00e9s depuis le d\u00e9but du pontificat. Cette collection documente les p\u00e8lerinages pontificaux, les anniversaires, les jubil\u00e9s. La plupart de timbres ont \u00e9t\u00e9 \u00e9dit\u00e9s par la Poste Vaticane, nous avons aussi des timbres de circonstances de la Poste Polonaise et d\u2019autres pays.<\/p>\n<p><a href=\"http:\/\/jp2doc.pl\/wp-content\/uploads\/2017\/03\/znaczki1-e1490606333754.jpg\"><img loading=\"lazy\" decoding=\"async\" width=\"1200\" height=\"600\" class=\"alignnone wp-image-255 size-full\" src=\"http:\/\/jp2doc.pl\/wp-content\/uploads\/2017\/03\/znaczki1-e1490606333754.jpg\" alt=\"\" srcset=\"https:\/\/jp2doc.pl\/fr\/wp-content\/uploads\/sites\/5\/2017\/03\/znaczki1-e1490606333754.jpg 1200w, https:\/\/jp2doc.pl\/fr\/wp-content\/uploads\/sites\/5\/2017\/03\/znaczki1-e1490606333754-640x320.jpg 640w, https:\/\/jp2doc.pl\/fr\/wp-content\/uploads\/sites\/5\/2017\/03\/znaczki1-e1490606333754-768x384.jpg 768w, https:\/\/jp2doc.pl\/fr\/wp-content\/uploads\/sites\/5\/2017\/03\/znaczki1-e1490606333754-1024x512.jpg 1024w\" sizes=\"auto, (max-width: 1200px) 100vw, 1200px\" \/><\/a><\/p>\n","protected":false},"excerpt":{"rendered":"<p>Dans les collections du Centre se trouvent plus de dix mille de timbre-poste \u00e9dit\u00e9s depuis le d\u00e9but du pontificat. Cette collection documente les p\u00e8lerinages pontificaux, les anniversaires, les jubil\u00e9s. La plupart de timbres ont \u00e9t\u00e9 \u00e9dit\u00e9s par la Poste Vaticane, nous avons aussi des timbres de circonstances de la Poste Polonaise et d\u2019autres pays.<\/p>\n","protected":false},"author":2,"featured_media":0,"parent":249,"menu_order":0,"comment_status":"closed","ping_status":"closed","template":"","meta":{"_acf_changed":false,"_exactmetrics_skip_tracking":false,"_exactmetrics_sitenote_active":false,"_exactmetrics_sitenote_note":"","_exactmetrics_sitenote_category":0,"footnotes":""},"class_list":["post-254","page","type-page","status-publish","hentry"],"acf":[],"yoast_head":"<!-- This site is optimized with the Yoast SEO plugin v26.2 - https:\/\/yoast.com\/wordpress\/plugins\/seo\/ -->\n<title>Philat\u00e9lie - Centre de Documentation et d\u2019Etude du Pontificat de Jean-Paul II \u00e0 Rome<\/title>\n<meta name=\"robots\" content=\"index, follow, max-snippet:-1, max-image-preview:large, max-video-preview:-1\" \/>\n<link rel=\"canonical\" href=\"https:\/\/jp2doc.pl\/fr\/archiwum\/filatelistyka\/\" \/>\n<meta property=\"og:locale\" content=\"fr_FR\" \/>\n<meta property=\"og:type\" content=\"article\" \/>\n<meta property=\"og:title\" content=\"Philat\u00e9lie - Centre de Documentation et d\u2019Etude du Pontificat de Jean-Paul II \u00e0 Rome\" \/>\n<meta property=\"og:description\" content=\"Dans les collections du Centre se trouvent plus de dix mille de timbre-poste \u00e9dit\u00e9s depuis le d\u00e9but du pontificat. Cette collection documente les p\u00e8lerinages pontificaux, les anniversaires, les jubil\u00e9s. La plupart de timbres ont \u00e9t\u00e9 \u00e9dit\u00e9s par la Poste Vaticane, nous avons aussi des timbres de circonstances de la Poste Polonaise et d\u2019autres pays.\" \/>\n<meta property=\"og:url\" content=\"https:\/\/jp2doc.pl\/fr\/archiwum\/filatelistyka\/\" \/>\n<meta property=\"og:site_name\" content=\"Centre de Documentation et d\u2019Etude du Pontificat de Jean-Paul II \u00e0 Rome\" \/>\n<meta property=\"article:modified_time\" content=\"2017-04-25T13:35:10+00:00\" \/>\n<meta property=\"og:image\" content=\"http:\/\/jp2doc.pl\/wp-content\/uploads\/2017\/03\/znaczki1-e1490606333754.jpg\" \/>\n<meta name=\"twitter:card\" content=\"summary_large_image\" \/>\n<script type=\"application\/ld+json\" class=\"yoast-schema-graph\">{\"@context\":\"https:\/\/schema.org\",\"@graph\":[{\"@type\":\"WebPage\",\"@id\":\"https:\/\/jp2doc.pl\/fr\/archiwum\/filatelistyka\/\",\"url\":\"https:\/\/jp2doc.pl\/fr\/archiwum\/filatelistyka\/\",\"name\":\"Philat\u00e9lie - Centre de Documentation et d\u2019Etude du Pontificat de Jean-Paul II \u00e0 Rome\",\"isPartOf\":{\"@id\":\"https:\/\/jp2doc.pl\/fr\/#website\"},\"primaryImageOfPage\":{\"@id\":\"https:\/\/jp2doc.pl\/fr\/archiwum\/filatelistyka\/#primaryimage\"},\"image\":{\"@id\":\"https:\/\/jp2doc.pl\/fr\/archiwum\/filatelistyka\/#primaryimage\"},\"thumbnailUrl\":\"http:\/\/jp2doc.pl\/wp-content\/uploads\/2017\/03\/znaczki1-e1490606333754.jpg\",\"datePublished\":\"2017-03-27T09:19:32+00:00\",\"dateModified\":\"2017-04-25T13:35:10+00:00\",\"breadcrumb\":{\"@id\":\"https:\/\/jp2doc.pl\/fr\/archiwum\/filatelistyka\/#breadcrumb\"},\"inLanguage\":\"fr-FR\",\"potentialAction\":[{\"@type\":\"ReadAction\",\"target\":[\"https:\/\/jp2doc.pl\/fr\/archiwum\/filatelistyka\/\"]}]},{\"@type\":\"ImageObject\",\"inLanguage\":\"fr-FR\",\"@id\":\"https:\/\/jp2doc.pl\/fr\/archiwum\/filatelistyka\/#primaryimage\",\"url\":\"http:\/\/jp2doc.pl\/wp-content\/uploads\/2017\/03\/znaczki1-e1490606333754.jpg\",\"contentUrl\":\"http:\/\/jp2doc.pl\/wp-content\/uploads\/2017\/03\/znaczki1-e1490606333754.jpg\"},{\"@type\":\"BreadcrumbList\",\"@id\":\"https:\/\/jp2doc.pl\/fr\/archiwum\/filatelistyka\/#breadcrumb\",\"itemListElement\":[{\"@type\":\"ListItem\",\"position\":1,\"name\":\"Home\",\"item\":\"https:\/\/jp2doc.pl\/fr\/\"},{\"@type\":\"ListItem\",\"position\":2,\"name\":\"Archives\",\"item\":\"https:\/\/jp2doc.pl\/fr\/archiwum\/\"},{\"@type\":\"ListItem\",\"position\":3,\"name\":\"Philat\u00e9lie\"}]},{\"@type\":\"WebSite\",\"@id\":\"https:\/\/jp2doc.pl\/fr\/#website\",\"url\":\"https:\/\/jp2doc.pl\/fr\/\",\"name\":\"Centre de Documentation et d\u2019Etude du Pontificat de Jean-Paul II \u00e0 Rome\",\"description\":\"\",\"publisher\":{\"@id\":\"https:\/\/jp2doc.pl\/fr\/#organization\"},\"potentialAction\":[{\"@type\":\"SearchAction\",\"target\":{\"@type\":\"EntryPoint\",\"urlTemplate\":\"https:\/\/jp2doc.pl\/fr\/?s={search_term_string}\"},\"query-input\":{\"@type\":\"PropertyValueSpecification\",\"valueRequired\":true,\"valueName\":\"search_term_string\"}}],\"inLanguage\":\"fr-FR\"},{\"@type\":\"Organization\",\"@id\":\"https:\/\/jp2doc.pl\/fr\/#organization\",\"name\":\"Centre de Documentation et d\u2019Etude du Pontificat de Jean-Paul II \u00e0 Rome\",\"url\":\"https:\/\/jp2doc.pl\/fr\/\",\"logo\":{\"@type\":\"ImageObject\",\"inLanguage\":\"fr-FR\",\"@id\":\"https:\/\/jp2doc.pl\/fr\/#\/schema\/logo\/image\/\",\"url\":\"https:\/\/jp2doc.pl\/fr\/wp-content\/uploads\/sites\/5\/2017\/03\/cropped-logo.png\",\"contentUrl\":\"https:\/\/jp2doc.pl\/fr\/wp-content\/uploads\/sites\/5\/2017\/03\/cropped-logo.png\",\"width\":115,\"height\":115,\"caption\":\"Centre de Documentation et d\u2019Etude du Pontificat de Jean-Paul II \u00e0 Rome\"},\"image\":{\"@id\":\"https:\/\/jp2doc.pl\/fr\/#\/schema\/logo\/image\/\"}}]}<\/script>\n<!-- \/ Yoast SEO plugin. -->","yoast_head_json":{"title":"Philat\u00e9lie - Centre de Documentation et d\u2019Etude du Pontificat de Jean-Paul II \u00e0 Rome","robots":{"index":"index","follow":"follow","max-snippet":"max-snippet:-1","max-image-preview":"max-image-preview:large","max-video-preview":"max-video-preview:-1"},"canonical":"https:\/\/jp2doc.pl\/fr\/archiwum\/filatelistyka\/","og_locale":"fr_FR","og_type":"article","og_title":"Philat\u00e9lie - Centre de Documentation et d\u2019Etude du Pontificat de Jean-Paul II \u00e0 Rome","og_description":"Dans les collections du Centre se trouvent plus de dix mille de timbre-poste \u00e9dit\u00e9s depuis le d\u00e9but du pontificat. Cette collection documente les p\u00e8lerinages pontificaux, les anniversaires, les jubil\u00e9s. La plupart de timbres ont \u00e9t\u00e9 \u00e9dit\u00e9s par la Poste Vaticane, nous avons aussi des timbres de circonstances de la Poste Polonaise et d\u2019autres pays.","og_url":"https:\/\/jp2doc.pl\/fr\/archiwum\/filatelistyka\/","og_site_name":"Centre de Documentation et d\u2019Etude du Pontificat de Jean-Paul II \u00e0 Rome","article_modified_time":"2017-04-25T13:35:10+00:00","og_image":[{"url":"http:\/\/jp2doc.pl\/wp-content\/uploads\/2017\/03\/znaczki1-e1490606333754.jpg","type":"","width":"","height":""}],"twitter_card":"summary_large_image","schema":{"@context":"https:\/\/schema.org","@graph":[{"@type":"WebPage","@id":"https:\/\/jp2doc.pl\/fr\/archiwum\/filatelistyka\/","url":"https:\/\/jp2doc.pl\/fr\/archiwum\/filatelistyka\/","name":"Philat\u00e9lie - Centre de Documentation et d\u2019Etude du Pontificat de Jean-Paul II \u00e0 Rome","isPartOf":{"@id":"https:\/\/jp2doc.pl\/fr\/#website"},"primaryImageOfPage":{"@id":"https:\/\/jp2doc.pl\/fr\/archiwum\/filatelistyka\/#primaryimage"},"image":{"@id":"https:\/\/jp2doc.pl\/fr\/archiwum\/filatelistyka\/#primaryimage"},"thumbnailUrl":"http:\/\/jp2doc.pl\/wp-content\/uploads\/2017\/03\/znaczki1-e1490606333754.jpg","datePublished":"2017-03-27T09:19:32+00:00","dateModified":"2017-04-25T13:35:10+00:00","breadcrumb":{"@id":"https:\/\/jp2doc.pl\/fr\/archiwum\/filatelistyka\/#breadcrumb"},"inLanguage":"fr-FR","potentialAction":[{"@type":"ReadAction","target":["https:\/\/jp2doc.pl\/fr\/archiwum\/filatelistyka\/"]}]},{"@type":"ImageObject","inLanguage":"fr-FR","@id":"https:\/\/jp2doc.pl\/fr\/archiwum\/filatelistyka\/#primaryimage","url":"http:\/\/jp2doc.pl\/wp-content\/uploads\/2017\/03\/znaczki1-e1490606333754.jpg","contentUrl":"http:\/\/jp2doc.pl\/wp-content\/uploads\/2017\/03\/znaczki1-e1490606333754.jpg"},{"@type":"BreadcrumbList","@id":"https:\/\/jp2doc.pl\/fr\/archiwum\/filatelistyka\/#breadcrumb","itemListElement":[{"@type":"ListItem","position":1,"name":"Home","item":"https:\/\/jp2doc.pl\/fr\/"},{"@type":"ListItem","position":2,"name":"Archives","item":"https:\/\/jp2doc.pl\/fr\/archiwum\/"},{"@type":"ListItem","position":3,"name":"Philat\u00e9lie"}]},{"@type":"WebSite","@id":"https:\/\/jp2doc.pl\/fr\/#website","url":"https:\/\/jp2doc.pl\/fr\/","name":"Centre de Documentation et d\u2019Etude du Pontificat de Jean-Paul II \u00e0 Rome","description":"","publisher":{"@id":"https:\/\/jp2doc.pl\/fr\/#organization"},"potentialAction":[{"@type":"SearchAction","target":{"@type":"EntryPoint","urlTemplate":"https:\/\/jp2doc.pl\/fr\/?s={search_term_string}"},"query-input":{"@type":"PropertyValueSpecification","valueRequired":true,"valueName":"search_term_string"}}],"inLanguage":"fr-FR"},{"@type":"Organization","@id":"https:\/\/jp2doc.pl\/fr\/#organization","name":"Centre de Documentation et d\u2019Etude du Pontificat de Jean-Paul II \u00e0 Rome","url":"https:\/\/jp2doc.pl\/fr\/","logo":{"@type":"ImageObject","inLanguage":"fr-FR","@id":"https:\/\/jp2doc.pl\/fr\/#\/schema\/logo\/image\/","url":"https:\/\/jp2doc.pl\/fr\/wp-content\/uploads\/sites\/5\/2017\/03\/cropped-logo.png","contentUrl":"https:\/\/jp2doc.pl\/fr\/wp-content\/uploads\/sites\/5\/2017\/03\/cropped-logo.png","width":115,"height":115,"caption":"Centre de Documentation et d\u2019Etude du Pontificat de Jean-Paul II \u00e0 Rome"},"image":{"@id":"https:\/\/jp2doc.pl\/fr\/#\/schema\/logo\/image\/"}}]}},"_links":{"self":[{"href":"https:\/\/jp2doc.pl\/fr\/wp-json\/wp\/v2\/pages\/254","targetHints":{"allow":["GET"]}}],"collection":[{"href":"https:\/\/jp2doc.pl\/fr\/wp-json\/wp\/v2\/pages"}],"about":[{"href":"https:\/\/jp2doc.pl\/fr\/wp-json\/wp\/v2\/types\/page"}],"author":[{"embeddable":true,"href":"https:\/\/jp2doc.pl\/fr\/wp-json\/wp\/v2\/users\/2"}],"replies":[{"embeddable":true,"href":"https:\/\/jp2doc.pl\/fr\/wp-json\/wp\/v2\/comments?post=254"}],"version-history":[{"count":2,"href":"https:\/\/jp2doc.pl\/fr\/wp-json\/wp\/v2\/pages\/254\/revisions"}],"predecessor-version":[{"id":1138,"href":"https:\/\/jp2doc.pl\/fr\/wp-json\/wp\/v2\/pages\/254\/revisions\/1138"}],"up":[{"embeddable":true,"href":"https:\/\/jp2doc.pl\/fr\/wp-json\/wp\/v2\/pages\/249"}],"wp:attachment":[{"href":"https:\/\/jp2doc.pl\/fr\/wp-json\/wp\/v2\/media?parent=254"}],"curies":[{"name":"wp","href":"https:\/\/api.w.org\/{rel}","templated":true}]}}