{"id":257,"date":"2017-03-27T11:24:05","date_gmt":"2017-03-27T09:24:05","guid":{"rendered":"http:\/\/jp2doc.pl\/?page_id=257"},"modified":"2017-04-25T15:33:28","modified_gmt":"2017-04-25T13:33:28","slug":"dokumenty","status":"publish","type":"page","link":"https:\/\/jp2doc.pl\/fr\/archiwum\/dokumenty\/","title":{"rendered":"Documents"},"content":{"rendered":"<p>Le Centre poss\u00e8de une collection de documents de la p\u00e9riode de Cracovie des ann\u00e9es 1958-1978, les documents de l\u2019archev\u00eaque Karol Wojty\u0142a li\u00e9s avec son activit\u00e9 et son enseignement pendant cette p\u00e9riode. Ils proviennent des Archives de la Curie M\u00e9tropolitaine de Cracovie. Il s\u2019agit des textes d\u2019hom\u00e9lies, discours, articles, conf\u00e9rences, cours et lettres aux autorit\u00e9s polonaises. Le Centre se charge de les s\u00e9curiser et syst\u00e9matiser.<\/p>\n<p><a href=\"http:\/\/jp2doc.pl\/wp-content\/uploads\/2017\/03\/Archiwum2-1-e1490606549857.jpg\"><img loading=\"lazy\" decoding=\"async\" width=\"1200\" height=\"600\" class=\"alignnone wp-image-258 size-full\" src=\"http:\/\/jp2doc.pl\/wp-content\/uploads\/2017\/03\/Archiwum2-1-e1490606549857.jpg\" alt=\"\" srcset=\"https:\/\/jp2doc.pl\/fr\/wp-content\/uploads\/sites\/5\/2017\/03\/Archiwum2-1-e1490606549857.jpg 1200w, https:\/\/jp2doc.pl\/fr\/wp-content\/uploads\/sites\/5\/2017\/03\/Archiwum2-1-e1490606549857-640x320.jpg 640w, https:\/\/jp2doc.pl\/fr\/wp-content\/uploads\/sites\/5\/2017\/03\/Archiwum2-1-e1490606549857-768x384.jpg 768w, https:\/\/jp2doc.pl\/fr\/wp-content\/uploads\/sites\/5\/2017\/03\/Archiwum2-1-e1490606549857-1024x512.jpg 1024w\" sizes=\"auto, (max-width: 1200px) 100vw, 1200px\" \/><\/a><\/p>\n<p><strong>L\u2019accord du directeur du Centre est n\u00e9cessaire pour acc\u00e9der aux archives.<\/strong><\/p>\n","protected":false},"excerpt":{"rendered":"<p>Le Centre poss\u00e8de une collection de documents de la p\u00e9riode de Cracovie des ann\u00e9es 1958-1978, les documents de l\u2019archev\u00eaque Karol Wojty\u0142a li\u00e9s avec son activit\u00e9 et son enseignement pendant cette p\u00e9riode. Ils proviennent des Archives de la Curie M\u00e9tropolitaine de Cracovie. Il s\u2019agit des textes d\u2019hom\u00e9lies, discours, articles, conf\u00e9rences, cours et lettres aux autorit\u00e9s polonaises. [&hellip;]<\/p>\n","protected":false},"author":2,"featured_media":0,"parent":249,"menu_order":0,"comment_status":"closed","ping_status":"closed","template":"","meta":{"_acf_changed":false,"_exactmetrics_skip_tracking":false,"_exactmetrics_sitenote_active":false,"_exactmetrics_sitenote_note":"","_exactmetrics_sitenote_category":0,"footnotes":""},"class_list":["post-257","page","type-page","status-publish","hentry"],"acf":[],"yoast_head":"<!-- This site is optimized with the Yoast SEO plugin v26.2 - https:\/\/yoast.com\/wordpress\/plugins\/seo\/ -->\n<title>Documents - Centre de Documentation et d\u2019Etude du Pontificat de Jean-Paul II \u00e0 Rome<\/title>\n<meta name=\"robots\" content=\"index, follow, max-snippet:-1, max-image-preview:large, max-video-preview:-1\" \/>\n<link rel=\"canonical\" href=\"https:\/\/jp2doc.pl\/fr\/archiwum\/dokumenty\/\" \/>\n<meta property=\"og:locale\" content=\"fr_FR\" \/>\n<meta property=\"og:type\" content=\"article\" \/>\n<meta property=\"og:title\" content=\"Documents - Centre de Documentation et d\u2019Etude du Pontificat de Jean-Paul II \u00e0 Rome\" \/>\n<meta property=\"og:description\" content=\"Le Centre poss\u00e8de une collection de documents de la p\u00e9riode de Cracovie des ann\u00e9es 1958-1978, les documents de l\u2019archev\u00eaque Karol Wojty\u0142a li\u00e9s avec son activit\u00e9 et son enseignement pendant cette p\u00e9riode. Ils proviennent des Archives de la Curie M\u00e9tropolitaine de Cracovie. Il s\u2019agit des textes d\u2019hom\u00e9lies, discours, articles, conf\u00e9rences, cours et lettres aux autorit\u00e9s polonaises. [&hellip;]\" \/>\n<meta property=\"og:url\" content=\"https:\/\/jp2doc.pl\/fr\/archiwum\/dokumenty\/\" \/>\n<meta property=\"og:site_name\" content=\"Centre de Documentation et d\u2019Etude du Pontificat de Jean-Paul II \u00e0 Rome\" \/>\n<meta property=\"article:modified_time\" content=\"2017-04-25T13:33:28+00:00\" \/>\n<meta property=\"og:image\" content=\"http:\/\/jp2doc.pl\/wp-content\/uploads\/2017\/03\/Archiwum2-1-e1490606549857.jpg\" \/>\n<meta name=\"twitter:card\" content=\"summary_large_image\" \/>\n<script type=\"application\/ld+json\" class=\"yoast-schema-graph\">{\"@context\":\"https:\/\/schema.org\",\"@graph\":[{\"@type\":\"WebPage\",\"@id\":\"https:\/\/jp2doc.pl\/fr\/archiwum\/dokumenty\/\",\"url\":\"https:\/\/jp2doc.pl\/fr\/archiwum\/dokumenty\/\",\"name\":\"Documents - Centre de Documentation et d\u2019Etude du Pontificat de Jean-Paul II \u00e0 Rome\",\"isPartOf\":{\"@id\":\"https:\/\/jp2doc.pl\/fr\/#website\"},\"primaryImageOfPage\":{\"@id\":\"https:\/\/jp2doc.pl\/fr\/archiwum\/dokumenty\/#primaryimage\"},\"image\":{\"@id\":\"https:\/\/jp2doc.pl\/fr\/archiwum\/dokumenty\/#primaryimage\"},\"thumbnailUrl\":\"http:\/\/jp2doc.pl\/wp-content\/uploads\/2017\/03\/Archiwum2-1-e1490606549857.jpg\",\"datePublished\":\"2017-03-27T09:24:05+00:00\",\"dateModified\":\"2017-04-25T13:33:28+00:00\",\"breadcrumb\":{\"@id\":\"https:\/\/jp2doc.pl\/fr\/archiwum\/dokumenty\/#breadcrumb\"},\"inLanguage\":\"fr-FR\",\"potentialAction\":[{\"@type\":\"ReadAction\",\"target\":[\"https:\/\/jp2doc.pl\/fr\/archiwum\/dokumenty\/\"]}]},{\"@type\":\"ImageObject\",\"inLanguage\":\"fr-FR\",\"@id\":\"https:\/\/jp2doc.pl\/fr\/archiwum\/dokumenty\/#primaryimage\",\"url\":\"http:\/\/jp2doc.pl\/wp-content\/uploads\/2017\/03\/Archiwum2-1-e1490606549857.jpg\",\"contentUrl\":\"http:\/\/jp2doc.pl\/wp-content\/uploads\/2017\/03\/Archiwum2-1-e1490606549857.jpg\"},{\"@type\":\"BreadcrumbList\",\"@id\":\"https:\/\/jp2doc.pl\/fr\/archiwum\/dokumenty\/#breadcrumb\",\"itemListElement\":[{\"@type\":\"ListItem\",\"position\":1,\"name\":\"Home\",\"item\":\"https:\/\/jp2doc.pl\/fr\/\"},{\"@type\":\"ListItem\",\"position\":2,\"name\":\"Archives\",\"item\":\"https:\/\/jp2doc.pl\/fr\/archiwum\/\"},{\"@type\":\"ListItem\",\"position\":3,\"name\":\"Documents\"}]},{\"@type\":\"WebSite\",\"@id\":\"https:\/\/jp2doc.pl\/fr\/#website\",\"url\":\"https:\/\/jp2doc.pl\/fr\/\",\"name\":\"Centre de Documentation et d\u2019Etude du Pontificat de Jean-Paul II \u00e0 Rome\",\"description\":\"\",\"publisher\":{\"@id\":\"https:\/\/jp2doc.pl\/fr\/#organization\"},\"potentialAction\":[{\"@type\":\"SearchAction\",\"target\":{\"@type\":\"EntryPoint\",\"urlTemplate\":\"https:\/\/jp2doc.pl\/fr\/?s={search_term_string}\"},\"query-input\":{\"@type\":\"PropertyValueSpecification\",\"valueRequired\":true,\"valueName\":\"search_term_string\"}}],\"inLanguage\":\"fr-FR\"},{\"@type\":\"Organization\",\"@id\":\"https:\/\/jp2doc.pl\/fr\/#organization\",\"name\":\"Centre de Documentation et d\u2019Etude du Pontificat de Jean-Paul II \u00e0 Rome\",\"url\":\"https:\/\/jp2doc.pl\/fr\/\",\"logo\":{\"@type\":\"ImageObject\",\"inLanguage\":\"fr-FR\",\"@id\":\"https:\/\/jp2doc.pl\/fr\/#\/schema\/logo\/image\/\",\"url\":\"https:\/\/jp2doc.pl\/fr\/wp-content\/uploads\/sites\/5\/2017\/03\/cropped-logo.png\",\"contentUrl\":\"https:\/\/jp2doc.pl\/fr\/wp-content\/uploads\/sites\/5\/2017\/03\/cropped-logo.png\",\"width\":115,\"height\":115,\"caption\":\"Centre de Documentation et d\u2019Etude du Pontificat de Jean-Paul II \u00e0 Rome\"},\"image\":{\"@id\":\"https:\/\/jp2doc.pl\/fr\/#\/schema\/logo\/image\/\"}}]}<\/script>\n<!-- \/ Yoast SEO plugin. -->","yoast_head_json":{"title":"Documents - Centre de Documentation et d\u2019Etude du Pontificat de Jean-Paul II \u00e0 Rome","robots":{"index":"index","follow":"follow","max-snippet":"max-snippet:-1","max-image-preview":"max-image-preview:large","max-video-preview":"max-video-preview:-1"},"canonical":"https:\/\/jp2doc.pl\/fr\/archiwum\/dokumenty\/","og_locale":"fr_FR","og_type":"article","og_title":"Documents - Centre de Documentation et d\u2019Etude du Pontificat de Jean-Paul II \u00e0 Rome","og_description":"Le Centre poss\u00e8de une collection de documents de la p\u00e9riode de Cracovie des ann\u00e9es 1958-1978, les documents de l\u2019archev\u00eaque Karol Wojty\u0142a li\u00e9s avec son activit\u00e9 et son enseignement pendant cette p\u00e9riode. Ils proviennent des Archives de la Curie M\u00e9tropolitaine de Cracovie. Il s\u2019agit des textes d\u2019hom\u00e9lies, discours, articles, conf\u00e9rences, cours et lettres aux autorit\u00e9s polonaises. [&hellip;]","og_url":"https:\/\/jp2doc.pl\/fr\/archiwum\/dokumenty\/","og_site_name":"Centre de Documentation et d\u2019Etude du Pontificat de Jean-Paul II \u00e0 Rome","article_modified_time":"2017-04-25T13:33:28+00:00","og_image":[{"url":"http:\/\/jp2doc.pl\/wp-content\/uploads\/2017\/03\/Archiwum2-1-e1490606549857.jpg","type":"","width":"","height":""}],"twitter_card":"summary_large_image","schema":{"@context":"https:\/\/schema.org","@graph":[{"@type":"WebPage","@id":"https:\/\/jp2doc.pl\/fr\/archiwum\/dokumenty\/","url":"https:\/\/jp2doc.pl\/fr\/archiwum\/dokumenty\/","name":"Documents - Centre de Documentation et d\u2019Etude du Pontificat de Jean-Paul II \u00e0 Rome","isPartOf":{"@id":"https:\/\/jp2doc.pl\/fr\/#website"},"primaryImageOfPage":{"@id":"https:\/\/jp2doc.pl\/fr\/archiwum\/dokumenty\/#primaryimage"},"image":{"@id":"https:\/\/jp2doc.pl\/fr\/archiwum\/dokumenty\/#primaryimage"},"thumbnailUrl":"http:\/\/jp2doc.pl\/wp-content\/uploads\/2017\/03\/Archiwum2-1-e1490606549857.jpg","datePublished":"2017-03-27T09:24:05+00:00","dateModified":"2017-04-25T13:33:28+00:00","breadcrumb":{"@id":"https:\/\/jp2doc.pl\/fr\/archiwum\/dokumenty\/#breadcrumb"},"inLanguage":"fr-FR","potentialAction":[{"@type":"ReadAction","target":["https:\/\/jp2doc.pl\/fr\/archiwum\/dokumenty\/"]}]},{"@type":"ImageObject","inLanguage":"fr-FR","@id":"https:\/\/jp2doc.pl\/fr\/archiwum\/dokumenty\/#primaryimage","url":"http:\/\/jp2doc.pl\/wp-content\/uploads\/2017\/03\/Archiwum2-1-e1490606549857.jpg","contentUrl":"http:\/\/jp2doc.pl\/wp-content\/uploads\/2017\/03\/Archiwum2-1-e1490606549857.jpg"},{"@type":"BreadcrumbList","@id":"https:\/\/jp2doc.pl\/fr\/archiwum\/dokumenty\/#breadcrumb","itemListElement":[{"@type":"ListItem","position":1,"name":"Home","item":"https:\/\/jp2doc.pl\/fr\/"},{"@type":"ListItem","position":2,"name":"Archives","item":"https:\/\/jp2doc.pl\/fr\/archiwum\/"},{"@type":"ListItem","position":3,"name":"Documents"}]},{"@type":"WebSite","@id":"https:\/\/jp2doc.pl\/fr\/#website","url":"https:\/\/jp2doc.pl\/fr\/","name":"Centre de Documentation et d\u2019Etude du Pontificat de Jean-Paul II \u00e0 Rome","description":"","publisher":{"@id":"https:\/\/jp2doc.pl\/fr\/#organization"},"potentialAction":[{"@type":"SearchAction","target":{"@type":"EntryPoint","urlTemplate":"https:\/\/jp2doc.pl\/fr\/?s={search_term_string}"},"query-input":{"@type":"PropertyValueSpecification","valueRequired":true,"valueName":"search_term_string"}}],"inLanguage":"fr-FR"},{"@type":"Organization","@id":"https:\/\/jp2doc.pl\/fr\/#organization","name":"Centre de Documentation et d\u2019Etude du Pontificat de Jean-Paul II \u00e0 Rome","url":"https:\/\/jp2doc.pl\/fr\/","logo":{"@type":"ImageObject","inLanguage":"fr-FR","@id":"https:\/\/jp2doc.pl\/fr\/#\/schema\/logo\/image\/","url":"https:\/\/jp2doc.pl\/fr\/wp-content\/uploads\/sites\/5\/2017\/03\/cropped-logo.png","contentUrl":"https:\/\/jp2doc.pl\/fr\/wp-content\/uploads\/sites\/5\/2017\/03\/cropped-logo.png","width":115,"height":115,"caption":"Centre de Documentation et d\u2019Etude du Pontificat de Jean-Paul II \u00e0 Rome"},"image":{"@id":"https:\/\/jp2doc.pl\/fr\/#\/schema\/logo\/image\/"}}]}},"_links":{"self":[{"href":"https:\/\/jp2doc.pl\/fr\/wp-json\/wp\/v2\/pages\/257","targetHints":{"allow":["GET"]}}],"collection":[{"href":"https:\/\/jp2doc.pl\/fr\/wp-json\/wp\/v2\/pages"}],"about":[{"href":"https:\/\/jp2doc.pl\/fr\/wp-json\/wp\/v2\/types\/page"}],"author":[{"embeddable":true,"href":"https:\/\/jp2doc.pl\/fr\/wp-json\/wp\/v2\/users\/2"}],"replies":[{"embeddable":true,"href":"https:\/\/jp2doc.pl\/fr\/wp-json\/wp\/v2\/comments?post=257"}],"version-history":[{"count":3,"href":"https:\/\/jp2doc.pl\/fr\/wp-json\/wp\/v2\/pages\/257\/revisions"}],"predecessor-version":[{"id":1135,"href":"https:\/\/jp2doc.pl\/fr\/wp-json\/wp\/v2\/pages\/257\/revisions\/1135"}],"up":[{"embeddable":true,"href":"https:\/\/jp2doc.pl\/fr\/wp-json\/wp\/v2\/pages\/249"}],"wp:attachment":[{"href":"https:\/\/jp2doc.pl\/fr\/wp-json\/wp\/v2\/media?parent=257"}],"curies":[{"name":"wp","href":"https:\/\/api.w.org\/{rel}","templated":true}]}}