{"id":278,"date":"2017-03-27T12:07:17","date_gmt":"2017-03-27T10:07:17","guid":{"rendered":"http:\/\/jp2doc.pl\/?page_id=278"},"modified":"2017-04-25T15:28:21","modified_gmt":"2017-04-25T13:28:21","slug":"zbiory-muzealne","status":"publish","type":"page","link":"https:\/\/jp2doc.pl\/fr\/zbiory-muzealne\/","title":{"rendered":"Mus\u00e9e"},"content":{"rendered":"<p>On y trouve des pr\u00e9sents offerts \u00e0 Jean Paul II par les p\u00e8lerins. Le Centre les a re\u00e7us du Vatican. La collection du Centre t\u00e9moigne du bien spirituel engendr\u00e9 par les 27 ans du pontificat. Plusieurs objets poss\u00e8dent une valeur historique et artistique. Une grande partie de la collection de tableaux, de m\u00e9dailles et d\u2019autres souvenirs est expos\u00e9e dans les vitrines et sur les murs de la Maison Polonaise.<\/p>\n<p>A ce jour on a inventori\u00e9 12,5 mille d\u2019objets\u00a0: photographie, graphisme, dessin, cartographie, peinture, sculpture, banni\u00e8res, tissu, marqueterie, m\u00e9tallerie, m\u00e9dailles, numismatique, distinctions, objets liturgiques, bijoux, cimelia etc.<\/p>\n<p><a href=\"http:\/\/jp2doc.pl\/wp-content\/uploads\/2017\/03\/muzeum1-e1490609482419.jpg\"><img loading=\"lazy\" decoding=\"async\" width=\"1200\" height=\"600\" class=\"aligncenter wp-image-281 size-full\" src=\"http:\/\/jp2doc.pl\/wp-content\/uploads\/2017\/03\/muzeum1-e1490609482419.jpg\" alt=\"\" srcset=\"https:\/\/jp2doc.pl\/fr\/wp-content\/uploads\/sites\/5\/2017\/03\/muzeum1-e1490609482419.jpg 1200w, https:\/\/jp2doc.pl\/fr\/wp-content\/uploads\/sites\/5\/2017\/03\/muzeum1-e1490609482419-640x320.jpg 640w, https:\/\/jp2doc.pl\/fr\/wp-content\/uploads\/sites\/5\/2017\/03\/muzeum1-e1490609482419-768x384.jpg 768w, https:\/\/jp2doc.pl\/fr\/wp-content\/uploads\/sites\/5\/2017\/03\/muzeum1-e1490609482419-1024x512.jpg 1024w\" sizes=\"auto, (max-width: 1200px) 100vw, 1200px\" \/><\/a><\/p>\n<p>Les t\u00e9moignages de martyrs polonais du XXe si\u00e8cle occupent une place importante dans la collection du mus\u00e9e. Il s\u2019agit des objets qui accompagnaient les prisonniers de camps de concentration et de goulags, ainsi que les soldats qui combattaient pour la libert\u00e9 de la Pologne.<\/p>\n<p>Les souvenirs de rois de Pologne et de cr\u00e9ateurs de culture repr\u00e9sentent une valeur exceptionnelle pour l\u2019h\u00e9ritage de la culture polonaise. Parmi les plus pr\u00e9cieux, se trouvent des livres anciens comme\u00a0: Bible h\u00e9bra\u00efque de 1543, deuxi\u00e8me \u00e9dition du Nouveau Testament \u2013 traduction de Jakub Wujek de 1594, lettres originales des rois August II Sas\u00a0et Jean III Sobieski, page manquante du brouillon de <em>Pan Tadeusz<\/em> (Messire Thad\u00e9e) d\u2019Adam Mickiewicz, unique manuscrit du po\u00e8me de Cyprian Kamil Norwid <em>Na sm\u0119tne wie\u015bci z Watykanu<\/em>.<\/p>\n<p><strong>Les collections sont fa\u00e7onn\u00e9es et class\u00e9es sous forme de catalogue \u00e9lectronique.<\/strong><\/p>\n<p>Certains objets pr\u00e9sent\u00e9s ci-apr\u00e8s ont une histoire tr\u00e8s int\u00e9ressante. Les collections peuvent \u00eatre visit\u00e9es sur Rdv:<br \/>\nDu lundi au samedi<br \/>\nde 9h00 \u00e0 13h30 et de 16h00 \u00e0 18h30<\/p>\n<p>Possibilit\u00e9 de Rdv \u00e0 votre convenance en dehors de ces horaires.<\/p>\n<p><strong>Possibilit\u00e9 de convenir d\u2019une visite guid\u00e9e.<\/strong><\/p>\n","protected":false},"excerpt":{"rendered":"<p>On y trouve des pr\u00e9sents offerts \u00e0 Jean Paul II par les p\u00e8lerins. Le Centre les a re\u00e7us du Vatican. La collection du Centre t\u00e9moigne du bien spirituel engendr\u00e9 par les 27 ans du pontificat. Plusieurs objets poss\u00e8dent une valeur historique et artistique. Une grande partie de la collection de tableaux, de m\u00e9dailles et d\u2019autres [&hellip;]<\/p>\n","protected":false},"author":2,"featured_media":0,"parent":0,"menu_order":0,"comment_status":"closed","ping_status":"closed","template":"","meta":{"_acf_changed":false,"_exactmetrics_skip_tracking":false,"_exactmetrics_sitenote_active":false,"_exactmetrics_sitenote_note":"","_exactmetrics_sitenote_category":0,"footnotes":""},"class_list":["post-278","page","type-page","status-publish","hentry"],"acf":[],"yoast_head":"<!-- This site is optimized with the Yoast SEO plugin v26.2 - https:\/\/yoast.com\/wordpress\/plugins\/seo\/ -->\n<title>Mus\u00e9e - Centre de Documentation et d\u2019Etude du Pontificat de Jean-Paul II \u00e0 Rome<\/title>\n<meta name=\"robots\" content=\"index, follow, max-snippet:-1, max-image-preview:large, max-video-preview:-1\" \/>\n<link rel=\"canonical\" href=\"https:\/\/jp2doc.pl\/fr\/zbiory-muzealne\/\" \/>\n<meta property=\"og:locale\" content=\"fr_FR\" \/>\n<meta property=\"og:type\" content=\"article\" \/>\n<meta property=\"og:title\" content=\"Mus\u00e9e - Centre de Documentation et d\u2019Etude du Pontificat de Jean-Paul II \u00e0 Rome\" \/>\n<meta property=\"og:description\" content=\"On y trouve des pr\u00e9sents offerts \u00e0 Jean Paul II par les p\u00e8lerins. Le Centre les a re\u00e7us du Vatican. La collection du Centre t\u00e9moigne du bien spirituel engendr\u00e9 par les 27 ans du pontificat. Plusieurs objets poss\u00e8dent une valeur historique et artistique. Une grande partie de la collection de tableaux, de m\u00e9dailles et d\u2019autres [&hellip;]\" \/>\n<meta property=\"og:url\" content=\"https:\/\/jp2doc.pl\/fr\/zbiory-muzealne\/\" \/>\n<meta property=\"og:site_name\" content=\"Centre de Documentation et d\u2019Etude du Pontificat de Jean-Paul II \u00e0 Rome\" \/>\n<meta property=\"article:modified_time\" content=\"2017-04-25T13:28:21+00:00\" \/>\n<meta property=\"og:image\" content=\"http:\/\/jp2doc.pl\/wp-content\/uploads\/2017\/03\/muzeum1-e1490609482419.jpg\" \/>\n<meta name=\"twitter:card\" content=\"summary_large_image\" \/>\n<meta name=\"twitter:label1\" content=\"Dur\u00e9e de lecture estim\u00e9e\" \/>\n\t<meta name=\"twitter:data1\" content=\"2 minutes\" \/>\n<script type=\"application\/ld+json\" class=\"yoast-schema-graph\">{\"@context\":\"https:\/\/schema.org\",\"@graph\":[{\"@type\":\"WebPage\",\"@id\":\"https:\/\/jp2doc.pl\/fr\/zbiory-muzealne\/\",\"url\":\"https:\/\/jp2doc.pl\/fr\/zbiory-muzealne\/\",\"name\":\"Mus\u00e9e - Centre de Documentation et d\u2019Etude du Pontificat de Jean-Paul II \u00e0 Rome\",\"isPartOf\":{\"@id\":\"https:\/\/jp2doc.pl\/fr\/#website\"},\"primaryImageOfPage\":{\"@id\":\"https:\/\/jp2doc.pl\/fr\/zbiory-muzealne\/#primaryimage\"},\"image\":{\"@id\":\"https:\/\/jp2doc.pl\/fr\/zbiory-muzealne\/#primaryimage\"},\"thumbnailUrl\":\"http:\/\/jp2doc.pl\/wp-content\/uploads\/2017\/03\/muzeum1-e1490609482419.jpg\",\"datePublished\":\"2017-03-27T10:07:17+00:00\",\"dateModified\":\"2017-04-25T13:28:21+00:00\",\"breadcrumb\":{\"@id\":\"https:\/\/jp2doc.pl\/fr\/zbiory-muzealne\/#breadcrumb\"},\"inLanguage\":\"fr-FR\",\"potentialAction\":[{\"@type\":\"ReadAction\",\"target\":[\"https:\/\/jp2doc.pl\/fr\/zbiory-muzealne\/\"]}]},{\"@type\":\"ImageObject\",\"inLanguage\":\"fr-FR\",\"@id\":\"https:\/\/jp2doc.pl\/fr\/zbiory-muzealne\/#primaryimage\",\"url\":\"http:\/\/jp2doc.pl\/wp-content\/uploads\/2017\/03\/muzeum1-e1490609482419.jpg\",\"contentUrl\":\"http:\/\/jp2doc.pl\/wp-content\/uploads\/2017\/03\/muzeum1-e1490609482419.jpg\"},{\"@type\":\"BreadcrumbList\",\"@id\":\"https:\/\/jp2doc.pl\/fr\/zbiory-muzealne\/#breadcrumb\",\"itemListElement\":[{\"@type\":\"ListItem\",\"position\":1,\"name\":\"Home\",\"item\":\"https:\/\/jp2doc.pl\/fr\/\"},{\"@type\":\"ListItem\",\"position\":2,\"name\":\"Mus\u00e9e\"}]},{\"@type\":\"WebSite\",\"@id\":\"https:\/\/jp2doc.pl\/fr\/#website\",\"url\":\"https:\/\/jp2doc.pl\/fr\/\",\"name\":\"Centre de Documentation et d\u2019Etude du Pontificat de Jean-Paul II \u00e0 Rome\",\"description\":\"\",\"publisher\":{\"@id\":\"https:\/\/jp2doc.pl\/fr\/#organization\"},\"potentialAction\":[{\"@type\":\"SearchAction\",\"target\":{\"@type\":\"EntryPoint\",\"urlTemplate\":\"https:\/\/jp2doc.pl\/fr\/?s={search_term_string}\"},\"query-input\":{\"@type\":\"PropertyValueSpecification\",\"valueRequired\":true,\"valueName\":\"search_term_string\"}}],\"inLanguage\":\"fr-FR\"},{\"@type\":\"Organization\",\"@id\":\"https:\/\/jp2doc.pl\/fr\/#organization\",\"name\":\"Centre de Documentation et d\u2019Etude du Pontificat de Jean-Paul II \u00e0 Rome\",\"url\":\"https:\/\/jp2doc.pl\/fr\/\",\"logo\":{\"@type\":\"ImageObject\",\"inLanguage\":\"fr-FR\",\"@id\":\"https:\/\/jp2doc.pl\/fr\/#\/schema\/logo\/image\/\",\"url\":\"https:\/\/jp2doc.pl\/fr\/wp-content\/uploads\/sites\/5\/2017\/03\/cropped-logo.png\",\"contentUrl\":\"https:\/\/jp2doc.pl\/fr\/wp-content\/uploads\/sites\/5\/2017\/03\/cropped-logo.png\",\"width\":115,\"height\":115,\"caption\":\"Centre de Documentation et d\u2019Etude du Pontificat de Jean-Paul II \u00e0 Rome\"},\"image\":{\"@id\":\"https:\/\/jp2doc.pl\/fr\/#\/schema\/logo\/image\/\"}}]}<\/script>\n<!-- \/ Yoast SEO plugin. -->","yoast_head_json":{"title":"Mus\u00e9e - Centre de Documentation et d\u2019Etude du Pontificat de Jean-Paul II \u00e0 Rome","robots":{"index":"index","follow":"follow","max-snippet":"max-snippet:-1","max-image-preview":"max-image-preview:large","max-video-preview":"max-video-preview:-1"},"canonical":"https:\/\/jp2doc.pl\/fr\/zbiory-muzealne\/","og_locale":"fr_FR","og_type":"article","og_title":"Mus\u00e9e - Centre de Documentation et d\u2019Etude du Pontificat de Jean-Paul II \u00e0 Rome","og_description":"On y trouve des pr\u00e9sents offerts \u00e0 Jean Paul II par les p\u00e8lerins. Le Centre les a re\u00e7us du Vatican. La collection du Centre t\u00e9moigne du bien spirituel engendr\u00e9 par les 27 ans du pontificat. Plusieurs objets poss\u00e8dent une valeur historique et artistique. Une grande partie de la collection de tableaux, de m\u00e9dailles et d\u2019autres [&hellip;]","og_url":"https:\/\/jp2doc.pl\/fr\/zbiory-muzealne\/","og_site_name":"Centre de Documentation et d\u2019Etude du Pontificat de Jean-Paul II \u00e0 Rome","article_modified_time":"2017-04-25T13:28:21+00:00","og_image":[{"url":"http:\/\/jp2doc.pl\/wp-content\/uploads\/2017\/03\/muzeum1-e1490609482419.jpg","type":"","width":"","height":""}],"twitter_card":"summary_large_image","twitter_misc":{"Dur\u00e9e de lecture estim\u00e9e":"2 minutes"},"schema":{"@context":"https:\/\/schema.org","@graph":[{"@type":"WebPage","@id":"https:\/\/jp2doc.pl\/fr\/zbiory-muzealne\/","url":"https:\/\/jp2doc.pl\/fr\/zbiory-muzealne\/","name":"Mus\u00e9e - Centre de Documentation et d\u2019Etude du Pontificat de Jean-Paul II \u00e0 Rome","isPartOf":{"@id":"https:\/\/jp2doc.pl\/fr\/#website"},"primaryImageOfPage":{"@id":"https:\/\/jp2doc.pl\/fr\/zbiory-muzealne\/#primaryimage"},"image":{"@id":"https:\/\/jp2doc.pl\/fr\/zbiory-muzealne\/#primaryimage"},"thumbnailUrl":"http:\/\/jp2doc.pl\/wp-content\/uploads\/2017\/03\/muzeum1-e1490609482419.jpg","datePublished":"2017-03-27T10:07:17+00:00","dateModified":"2017-04-25T13:28:21+00:00","breadcrumb":{"@id":"https:\/\/jp2doc.pl\/fr\/zbiory-muzealne\/#breadcrumb"},"inLanguage":"fr-FR","potentialAction":[{"@type":"ReadAction","target":["https:\/\/jp2doc.pl\/fr\/zbiory-muzealne\/"]}]},{"@type":"ImageObject","inLanguage":"fr-FR","@id":"https:\/\/jp2doc.pl\/fr\/zbiory-muzealne\/#primaryimage","url":"http:\/\/jp2doc.pl\/wp-content\/uploads\/2017\/03\/muzeum1-e1490609482419.jpg","contentUrl":"http:\/\/jp2doc.pl\/wp-content\/uploads\/2017\/03\/muzeum1-e1490609482419.jpg"},{"@type":"BreadcrumbList","@id":"https:\/\/jp2doc.pl\/fr\/zbiory-muzealne\/#breadcrumb","itemListElement":[{"@type":"ListItem","position":1,"name":"Home","item":"https:\/\/jp2doc.pl\/fr\/"},{"@type":"ListItem","position":2,"name":"Mus\u00e9e"}]},{"@type":"WebSite","@id":"https:\/\/jp2doc.pl\/fr\/#website","url":"https:\/\/jp2doc.pl\/fr\/","name":"Centre de Documentation et d\u2019Etude du Pontificat de Jean-Paul II \u00e0 Rome","description":"","publisher":{"@id":"https:\/\/jp2doc.pl\/fr\/#organization"},"potentialAction":[{"@type":"SearchAction","target":{"@type":"EntryPoint","urlTemplate":"https:\/\/jp2doc.pl\/fr\/?s={search_term_string}"},"query-input":{"@type":"PropertyValueSpecification","valueRequired":true,"valueName":"search_term_string"}}],"inLanguage":"fr-FR"},{"@type":"Organization","@id":"https:\/\/jp2doc.pl\/fr\/#organization","name":"Centre de Documentation et d\u2019Etude du Pontificat de Jean-Paul II \u00e0 Rome","url":"https:\/\/jp2doc.pl\/fr\/","logo":{"@type":"ImageObject","inLanguage":"fr-FR","@id":"https:\/\/jp2doc.pl\/fr\/#\/schema\/logo\/image\/","url":"https:\/\/jp2doc.pl\/fr\/wp-content\/uploads\/sites\/5\/2017\/03\/cropped-logo.png","contentUrl":"https:\/\/jp2doc.pl\/fr\/wp-content\/uploads\/sites\/5\/2017\/03\/cropped-logo.png","width":115,"height":115,"caption":"Centre de Documentation et d\u2019Etude du Pontificat de Jean-Paul II \u00e0 Rome"},"image":{"@id":"https:\/\/jp2doc.pl\/fr\/#\/schema\/logo\/image\/"}}]}},"_links":{"self":[{"href":"https:\/\/jp2doc.pl\/fr\/wp-json\/wp\/v2\/pages\/278","targetHints":{"allow":["GET"]}}],"collection":[{"href":"https:\/\/jp2doc.pl\/fr\/wp-json\/wp\/v2\/pages"}],"about":[{"href":"https:\/\/jp2doc.pl\/fr\/wp-json\/wp\/v2\/types\/page"}],"author":[{"embeddable":true,"href":"https:\/\/jp2doc.pl\/fr\/wp-json\/wp\/v2\/users\/2"}],"replies":[{"embeddable":true,"href":"https:\/\/jp2doc.pl\/fr\/wp-json\/wp\/v2\/comments?post=278"}],"version-history":[{"count":5,"href":"https:\/\/jp2doc.pl\/fr\/wp-json\/wp\/v2\/pages\/278\/revisions"}],"predecessor-version":[{"id":1128,"href":"https:\/\/jp2doc.pl\/fr\/wp-json\/wp\/v2\/pages\/278\/revisions\/1128"}],"wp:attachment":[{"href":"https:\/\/jp2doc.pl\/fr\/wp-json\/wp\/v2\/media?parent=278"}],"curies":[{"name":"wp","href":"https:\/\/api.w.org\/{rel}","templated":true}]}}