{"id":72,"date":"2017-03-24T10:54:00","date_gmt":"2017-03-24T09:54:00","guid":{"rendered":"http:\/\/jp2doc.pl\/?page_id=72"},"modified":"2017-04-25T15:36:19","modified_gmt":"2017-04-25T13:36:19","slug":"rok-wiary","status":"publish","type":"page","link":"https:\/\/jp2doc.pl\/fr\/sympozja\/rok-wiary\/","title":{"rendered":"Ann\u00e9e de la Foi"},"content":{"rendered":"<h3 style=\"text-align: center;\">\u00ab\u00a0La Puissance et la beaut\u00e9 de la foi\u00a0\u00bb<\/h3>\n<p>Dans le cadre de la pr\u00e9paration \u00e0 l\u2019Ann\u00e9e de la Foi, la Fondation Jean Paul II \u2013 Centre de Documentation et d\u2019\u00c9tudes du Pontificat en collaboration avec l\u2019Aum\u00f4nerie de la paroisse polonaise Saint Stanislas \u00e0 Rome ont organis\u00e9 une s\u00e9rie de six conf\u00e9rences intitul\u00e9es \u201cLa puissance et la beaut\u00e9 de la foi\u201d. Les rencontres ont eu lieu de janvier \u00e0 juin 2012, dans la salle Jean-Paul II, via delle Botteghe Oscure 15 \u00e0 Rome. Les conf\u00e9rences donn\u00e9es par le intervenants polonais et italiens portaient sur les cath\u00e8cheses de mercredi de Jean Paul II au sujet du Credo. Ce colloque avait pour but la familiarisation des auditeurs avec les v\u00e9rit\u00e9s de la foi ainsi que la meilleure connaissance de l\u2019enseignement cath\u00e9chetique de Jean Paul II.<\/p>\n<p><strong>Participants et titres de leurs interventions:<\/strong><\/p>\n<p>P\u00e8re Andrzej Dobrzy\u0144ski du Centre de Documentation et d\u2019\u00c9tudes du Pontificat, \u201cAvance au large ! La th\u00e9ologie de la foi de Jean Paul II\u201d.<\/p>\n<p>P\u00e8re Dariusz Kowalczyk SJ, professeur de l\u2019Universit\u00e9 Gr\u00e9gorienne, \u201eDieu Cr\u00e9ateur et P\u00e8re mis\u00e9ricordieux\u201d.<\/p>\n<p>P\u00e8re professeur Zdzis\u0142aw Kijas OFMConv. de la Congr\u00e9gation pour la Cause des Saints, \u201cDieu qui sanctifie\u201d.<\/p>\n<p>P\u00e8re \u0141ukasz Kamykowski, professeur de l\u2019Universit\u00e9 Jean Paul II de Cracovie, \u201eL\u2019\u00c9glise de Dieu dans les enseignements du mercredi de Jean Paul II\u201d.<\/p>\n<p>P\u00e8re Salvatore Perrelli, professeur de la Facult\u00e9 Pontificale Th\u00e9ologique \u201cMarianum\u201d de Rome, \u201cLa M\u00e8re du R\u00e9dempteur. Marie dans les enseignements du mercredi de Jean Paul II\u201d.<\/p>\n<p>Madame Marzia Del Bianco de l\u2019Institut Pontifical Jean Paul II d\u2019\u00c9tudes sur le Mariage et la Famille, \u201eLe mariage et la famille dans les enseignements du mercredi de Jean Paul II\u201d.<\/p>\n<p>En 2014, la Fondation Jean Paul II \u2013 Centre de Documentation et d\u2019\u00c9tudes du Pontificat a publi\u00e9 les Actes du Colloque intitul\u00e9 en polonais <em>Moc i pi\u0119kno wiary. Credo w katechezach \u015brodowych Jana Paw\u0142a II<\/em> (La puissance et la beaut\u00e9 de la foi. Le Credo dans les enseignements du mercredi de Jean Paul II).<\/p>\n","protected":false},"excerpt":{"rendered":"<p>\u00ab\u00a0La Puissance et la beaut\u00e9 de la foi\u00a0\u00bb Dans le cadre de la pr\u00e9paration \u00e0 l\u2019Ann\u00e9e de la Foi, la Fondation Jean Paul II \u2013 Centre de Documentation et d\u2019\u00c9tudes du Pontificat en collaboration avec l\u2019Aum\u00f4nerie de la paroisse polonaise Saint Stanislas \u00e0 Rome ont organis\u00e9 une s\u00e9rie de six conf\u00e9rences intitul\u00e9es \u201cLa puissance et [&hellip;]<\/p>\n","protected":false},"author":2,"featured_media":0,"parent":78,"menu_order":0,"comment_status":"closed","ping_status":"closed","template":"","meta":{"_acf_changed":false,"_exactmetrics_skip_tracking":false,"_exactmetrics_sitenote_active":false,"_exactmetrics_sitenote_note":"","_exactmetrics_sitenote_category":0,"footnotes":""},"class_list":["post-72","page","type-page","status-publish","hentry"],"acf":[],"yoast_head":"<!-- This site is optimized with the Yoast SEO plugin v26.2 - https:\/\/yoast.com\/wordpress\/plugins\/seo\/ -->\n<title>Ann\u00e9e de la Foi - Centre de Documentation et d\u2019Etude du Pontificat de Jean-Paul II \u00e0 Rome<\/title>\n<meta name=\"robots\" content=\"index, follow, max-snippet:-1, max-image-preview:large, max-video-preview:-1\" \/>\n<link rel=\"canonical\" href=\"https:\/\/jp2doc.pl\/fr\/sympozja\/rok-wiary\/\" \/>\n<meta property=\"og:locale\" content=\"fr_FR\" \/>\n<meta property=\"og:type\" content=\"article\" \/>\n<meta property=\"og:title\" content=\"Ann\u00e9e de la Foi - Centre de Documentation et d\u2019Etude du Pontificat de Jean-Paul II \u00e0 Rome\" \/>\n<meta property=\"og:description\" content=\"\u00ab\u00a0La Puissance et la beaut\u00e9 de la foi\u00a0\u00bb Dans le cadre de la pr\u00e9paration \u00e0 l\u2019Ann\u00e9e de la Foi, la Fondation Jean Paul II \u2013 Centre de Documentation et d\u2019\u00c9tudes du Pontificat en collaboration avec l\u2019Aum\u00f4nerie de la paroisse polonaise Saint Stanislas \u00e0 Rome ont organis\u00e9 une s\u00e9rie de six conf\u00e9rences intitul\u00e9es \u201cLa puissance et [&hellip;]\" \/>\n<meta property=\"og:url\" content=\"https:\/\/jp2doc.pl\/fr\/sympozja\/rok-wiary\/\" \/>\n<meta property=\"og:site_name\" content=\"Centre de Documentation et d\u2019Etude du Pontificat de Jean-Paul II \u00e0 Rome\" \/>\n<meta property=\"article:modified_time\" content=\"2017-04-25T13:36:19+00:00\" \/>\n<meta name=\"twitter:card\" content=\"summary_large_image\" \/>\n<meta name=\"twitter:label1\" content=\"Dur\u00e9e de lecture estim\u00e9e\" \/>\n\t<meta name=\"twitter:data1\" content=\"2 minutes\" \/>\n<script type=\"application\/ld+json\" class=\"yoast-schema-graph\">{\"@context\":\"https:\/\/schema.org\",\"@graph\":[{\"@type\":\"WebPage\",\"@id\":\"https:\/\/jp2doc.pl\/fr\/sympozja\/rok-wiary\/\",\"url\":\"https:\/\/jp2doc.pl\/fr\/sympozja\/rok-wiary\/\",\"name\":\"Ann\u00e9e de la Foi - Centre de Documentation et d\u2019Etude du Pontificat de Jean-Paul II \u00e0 Rome\",\"isPartOf\":{\"@id\":\"https:\/\/jp2doc.pl\/fr\/#website\"},\"datePublished\":\"2017-03-24T09:54:00+00:00\",\"dateModified\":\"2017-04-25T13:36:19+00:00\",\"breadcrumb\":{\"@id\":\"https:\/\/jp2doc.pl\/fr\/sympozja\/rok-wiary\/#breadcrumb\"},\"inLanguage\":\"fr-FR\",\"potentialAction\":[{\"@type\":\"ReadAction\",\"target\":[\"https:\/\/jp2doc.pl\/fr\/sympozja\/rok-wiary\/\"]}]},{\"@type\":\"BreadcrumbList\",\"@id\":\"https:\/\/jp2doc.pl\/fr\/sympozja\/rok-wiary\/#breadcrumb\",\"itemListElement\":[{\"@type\":\"ListItem\",\"position\":1,\"name\":\"Home\",\"item\":\"https:\/\/jp2doc.pl\/fr\/\"},{\"@type\":\"ListItem\",\"position\":2,\"name\":\"Conf\u00e9rences\",\"item\":\"https:\/\/jp2doc.pl\/fr\/sympozja\/\"},{\"@type\":\"ListItem\",\"position\":3,\"name\":\"Ann\u00e9e de la Foi\"}]},{\"@type\":\"WebSite\",\"@id\":\"https:\/\/jp2doc.pl\/fr\/#website\",\"url\":\"https:\/\/jp2doc.pl\/fr\/\",\"name\":\"Centre de Documentation et d\u2019Etude du Pontificat de Jean-Paul II \u00e0 Rome\",\"description\":\"\",\"publisher\":{\"@id\":\"https:\/\/jp2doc.pl\/fr\/#organization\"},\"potentialAction\":[{\"@type\":\"SearchAction\",\"target\":{\"@type\":\"EntryPoint\",\"urlTemplate\":\"https:\/\/jp2doc.pl\/fr\/?s={search_term_string}\"},\"query-input\":{\"@type\":\"PropertyValueSpecification\",\"valueRequired\":true,\"valueName\":\"search_term_string\"}}],\"inLanguage\":\"fr-FR\"},{\"@type\":\"Organization\",\"@id\":\"https:\/\/jp2doc.pl\/fr\/#organization\",\"name\":\"Centre de Documentation et d\u2019Etude du Pontificat de Jean-Paul II \u00e0 Rome\",\"url\":\"https:\/\/jp2doc.pl\/fr\/\",\"logo\":{\"@type\":\"ImageObject\",\"inLanguage\":\"fr-FR\",\"@id\":\"https:\/\/jp2doc.pl\/fr\/#\/schema\/logo\/image\/\",\"url\":\"https:\/\/jp2doc.pl\/fr\/wp-content\/uploads\/sites\/5\/2017\/03\/cropped-logo.png\",\"contentUrl\":\"https:\/\/jp2doc.pl\/fr\/wp-content\/uploads\/sites\/5\/2017\/03\/cropped-logo.png\",\"width\":115,\"height\":115,\"caption\":\"Centre de Documentation et d\u2019Etude du Pontificat de Jean-Paul II \u00e0 Rome\"},\"image\":{\"@id\":\"https:\/\/jp2doc.pl\/fr\/#\/schema\/logo\/image\/\"}}]}<\/script>\n<!-- \/ Yoast SEO plugin. -->","yoast_head_json":{"title":"Ann\u00e9e de la Foi - Centre de Documentation et d\u2019Etude du Pontificat de Jean-Paul II \u00e0 Rome","robots":{"index":"index","follow":"follow","max-snippet":"max-snippet:-1","max-image-preview":"max-image-preview:large","max-video-preview":"max-video-preview:-1"},"canonical":"https:\/\/jp2doc.pl\/fr\/sympozja\/rok-wiary\/","og_locale":"fr_FR","og_type":"article","og_title":"Ann\u00e9e de la Foi - Centre de Documentation et d\u2019Etude du Pontificat de Jean-Paul II \u00e0 Rome","og_description":"\u00ab\u00a0La Puissance et la beaut\u00e9 de la foi\u00a0\u00bb Dans le cadre de la pr\u00e9paration \u00e0 l\u2019Ann\u00e9e de la Foi, la Fondation Jean Paul II \u2013 Centre de Documentation et d\u2019\u00c9tudes du Pontificat en collaboration avec l\u2019Aum\u00f4nerie de la paroisse polonaise Saint Stanislas \u00e0 Rome ont organis\u00e9 une s\u00e9rie de six conf\u00e9rences intitul\u00e9es \u201cLa puissance et [&hellip;]","og_url":"https:\/\/jp2doc.pl\/fr\/sympozja\/rok-wiary\/","og_site_name":"Centre de Documentation et d\u2019Etude du Pontificat de Jean-Paul II \u00e0 Rome","article_modified_time":"2017-04-25T13:36:19+00:00","twitter_card":"summary_large_image","twitter_misc":{"Dur\u00e9e de lecture estim\u00e9e":"2 minutes"},"schema":{"@context":"https:\/\/schema.org","@graph":[{"@type":"WebPage","@id":"https:\/\/jp2doc.pl\/fr\/sympozja\/rok-wiary\/","url":"https:\/\/jp2doc.pl\/fr\/sympozja\/rok-wiary\/","name":"Ann\u00e9e de la Foi - Centre de Documentation et d\u2019Etude du Pontificat de Jean-Paul II \u00e0 Rome","isPartOf":{"@id":"https:\/\/jp2doc.pl\/fr\/#website"},"datePublished":"2017-03-24T09:54:00+00:00","dateModified":"2017-04-25T13:36:19+00:00","breadcrumb":{"@id":"https:\/\/jp2doc.pl\/fr\/sympozja\/rok-wiary\/#breadcrumb"},"inLanguage":"fr-FR","potentialAction":[{"@type":"ReadAction","target":["https:\/\/jp2doc.pl\/fr\/sympozja\/rok-wiary\/"]}]},{"@type":"BreadcrumbList","@id":"https:\/\/jp2doc.pl\/fr\/sympozja\/rok-wiary\/#breadcrumb","itemListElement":[{"@type":"ListItem","position":1,"name":"Home","item":"https:\/\/jp2doc.pl\/fr\/"},{"@type":"ListItem","position":2,"name":"Conf\u00e9rences","item":"https:\/\/jp2doc.pl\/fr\/sympozja\/"},{"@type":"ListItem","position":3,"name":"Ann\u00e9e de la Foi"}]},{"@type":"WebSite","@id":"https:\/\/jp2doc.pl\/fr\/#website","url":"https:\/\/jp2doc.pl\/fr\/","name":"Centre de Documentation et d\u2019Etude du Pontificat de Jean-Paul II \u00e0 Rome","description":"","publisher":{"@id":"https:\/\/jp2doc.pl\/fr\/#organization"},"potentialAction":[{"@type":"SearchAction","target":{"@type":"EntryPoint","urlTemplate":"https:\/\/jp2doc.pl\/fr\/?s={search_term_string}"},"query-input":{"@type":"PropertyValueSpecification","valueRequired":true,"valueName":"search_term_string"}}],"inLanguage":"fr-FR"},{"@type":"Organization","@id":"https:\/\/jp2doc.pl\/fr\/#organization","name":"Centre de Documentation et d\u2019Etude du Pontificat de Jean-Paul II \u00e0 Rome","url":"https:\/\/jp2doc.pl\/fr\/","logo":{"@type":"ImageObject","inLanguage":"fr-FR","@id":"https:\/\/jp2doc.pl\/fr\/#\/schema\/logo\/image\/","url":"https:\/\/jp2doc.pl\/fr\/wp-content\/uploads\/sites\/5\/2017\/03\/cropped-logo.png","contentUrl":"https:\/\/jp2doc.pl\/fr\/wp-content\/uploads\/sites\/5\/2017\/03\/cropped-logo.png","width":115,"height":115,"caption":"Centre de Documentation et d\u2019Etude du Pontificat de Jean-Paul II \u00e0 Rome"},"image":{"@id":"https:\/\/jp2doc.pl\/fr\/#\/schema\/logo\/image\/"}}]}},"_links":{"self":[{"href":"https:\/\/jp2doc.pl\/fr\/wp-json\/wp\/v2\/pages\/72","targetHints":{"allow":["GET"]}}],"collection":[{"href":"https:\/\/jp2doc.pl\/fr\/wp-json\/wp\/v2\/pages"}],"about":[{"href":"https:\/\/jp2doc.pl\/fr\/wp-json\/wp\/v2\/types\/page"}],"author":[{"embeddable":true,"href":"https:\/\/jp2doc.pl\/fr\/wp-json\/wp\/v2\/users\/2"}],"replies":[{"embeddable":true,"href":"https:\/\/jp2doc.pl\/fr\/wp-json\/wp\/v2\/comments?post=72"}],"version-history":[{"count":4,"href":"https:\/\/jp2doc.pl\/fr\/wp-json\/wp\/v2\/pages\/72\/revisions"}],"predecessor-version":[{"id":1140,"href":"https:\/\/jp2doc.pl\/fr\/wp-json\/wp\/v2\/pages\/72\/revisions\/1140"}],"up":[{"embeddable":true,"href":"https:\/\/jp2doc.pl\/fr\/wp-json\/wp\/v2\/pages\/78"}],"wp:attachment":[{"href":"https:\/\/jp2doc.pl\/fr\/wp-json\/wp\/v2\/media?parent=72"}],"curies":[{"name":"wp","href":"https:\/\/api.w.org\/{rel}","templated":true}]}}