{"id":93,"date":"2017-03-24T11:52:17","date_gmt":"2017-03-24T10:52:17","guid":{"rendered":"http:\/\/jp2doc.pl\/?page_id=93"},"modified":"2017-04-18T15:35:28","modified_gmt":"2017-04-18T13:35:28","slug":"rzym-2008","status":"publish","type":"page","link":"https:\/\/jp2doc.pl\/fr\/sympozja\/rzym-2008\/","title":{"rendered":"Rome 2008"},"content":{"rendered":"<h3 style=\"text-align: center;\">Le Christ \u2013 l\u2019\u00c9glise \u2013 l\u2019Homme. Le Concile Vatican II dans le pontificat de Jean Paul II<\/h3>\n<p>Ce colloque, organis\u00e9 par la Fondation Jean Paul II \u2013 Centre de Documentation et d\u2019\u00c9tudes du Pontificat en collaboration de la Facult\u00e9 Pontificale Th\u00e9ologique de Saint Bonaventure \u201cSeraphicum\u201d \u00e0 Rome, a eu lieu du 28 au 30 Octobre 2008, dans les locaux de la Facult\u00e9. Les intervenants se sont pench\u00e9s sur la question comment Jean Paul II r\u00e9alisait l\u2019h\u00e9ritage du Concile Vatican II. Le Saint P\u00e8re consid\u00e9rait le Concile Vatican II comme \u201eun \u00e9v\u00e9nement providentiel\u201d. Selon lui ce Concile avait \u00e9t\u00e9 centr\u00e9 sur le myst\u00e8re du Christ et de l\u2019\u00c9glise, tout en \u00e9tant ouvert \u00e0 l\u2019homme et au monde. Les participants ont pu voir aussi une exposition int\u00e9ressante sur Karol Wojtyla pendant le Concile Vatican II.<\/p>\n<p><a href=\"http:\/\/jp2doc.pl\/wp-content\/uploads\/2017\/03\/4fbeabf4529b0undefined.jpg\"><img loading=\"lazy\" decoding=\"async\" width=\"560\" height=\"420\" class=\"aligncenter wp-image-94\" src=\"http:\/\/jp2doc.pl\/wp-content\/uploads\/2017\/03\/4fbeabf4529b0undefined.jpg\" alt=\"\" \/><\/a><\/p>\n<p>En ouvrant le colloque, le g\u00e9n\u00e9ral de l\u2019Ordre des Franciscains Conventuels, p\u00e8re M. Tasca a lu la lettre du Pape Beno\u00eet XVI adress\u00e9e aux participants. Pendant l\u2019inauguration Cardinal T. Bertone, Cardinal S. Dziwisz et le r\u00e9pr\u00e9sentant du maire de Rome ont pris la parole.<\/p>\n<p>Au cours de cinq sessions, vingt conf\u00e9rences ont \u00e9t\u00e9 donn\u00e9es, dont certaines \u00e9taient des comptes rendus suivis de discussions. Les cardinaux W.J. Levada, C. Ruini, S. Ry\u0142ko et Mme ambassadeur H. Suchocka ont \u00e9t\u00e9 les animateurs des sessions.<br \/>\nTh\u00e8mes des sessions\u00a0:<br \/>\nL\u2019importance du Concile Vatican II; Le Christ qui r\u00e9v\u00e8le la pleine v\u00e9rit\u00e9 sur la dignit\u00e9 de la personne humaine; L\u2019\u00c9glise comme Peuple de Dieu en marche vers l\u2019\u00e9ternit\u00e9 par les chemins de l\u2019histoire; L\u2019homme, qui entend la voix de Dieu dans sa conscience; Les d\u00e9fis de la vie contemporaine.<\/p>\n<p>Parmi les intervenants, quelques uns avaient \u00e9t\u00e9 des collaborateurs de Jean Paul II\u00a0: Cardinal P. Poupard, Monseigneur P. Marini, Monseigneur A. Amato, ou bien Monseigneur T. Pieronek et P\u00e8re A. Szostek. D\u2019autres\u00a0: Cardinal C. Caffarra, Monseigneur I. Sanna, R. Buttiglione et G. Weigel sont des grands sp\u00e9cialistes de la pens\u00e9e de Jean Paul II. \u00c0 l\u2019invitation ont r\u00e9pondu aussi plusieurs personnes de Rome de diff\u00e9rents milieux scientifiques\u00a0: p\u00e8re. M. Aug\u00e9, p\u00e8re G. Miranda, p\u00e8re G. Iammarrone, M. Borghesi, p\u00e8re W. Giertych, , p\u00e8re S. Oder (le postulateur de la cause de la b\u00e9atification de Jean Paul II), L. Tortorella. D\u2019autres sont venus d\u2019autres villes italiennes\u00a0: M. Cangiotti, A. Lo Presti, I. Siviglia, ou encore de l\u2019\u00e9tranger\u00a0: M. Waldstein des \u00c9tats Uni. Les intervenants r\u00e9pr\u00e9sentaient le Saint Si\u00e8ge, les nations\u00a0: polonaise, italienne, espagnole, am\u00e9ricaine et autrichienne ainsi que les villes li\u00e9s \u00e0 Karol Wojty\u0142a\u00a0: Cracovie, Lublin, Rome.<br \/>\n<a href=\"http:\/\/jp2doc.pl\/wp-content\/uploads\/2017\/03\/4fbeac0048e59undefined.jpg\"><img loading=\"lazy\" decoding=\"async\" width=\"560\" height=\"412\" class=\"aligncenter wp-image-149 size-full\" src=\"http:\/\/jp2doc.pl\/wp-content\/uploads\/2017\/03\/4fbeac0048e59undefined.jpg\" alt=\"\" \/><\/a><\/p>\n<p>Les Actes du Colloque ont \u00e9t\u00e9 publi\u00e9s en italien et en anglais : Cristo-Chiesa-Uomo. Il Vaticano Secondo nel pontificato di Giovanni Paolo II, sous la r\u00e9daction de Z. Kijas et A. Dobrzy\u0144ski, LEV, Vatican 2010; Chirst-Church-Mankind. The Spirit of Vatican II according to Pope John Paul II, Paulist Press, Mahwah 2012.<\/p>\n<p><a href=\"http:\/\/jp2doc.pl\/wp-content\/uploads\/2017\/03\/4fbeac14b6b38undefined.jpg\"><img loading=\"lazy\" decoding=\"async\" width=\"560\" height=\"420\" class=\"aligncenter wp-image-150 size-full\" src=\"http:\/\/jp2doc.pl\/wp-content\/uploads\/2017\/03\/4fbeac14b6b38undefined.jpg\" alt=\"\" \/><\/a><\/p>\n","protected":false},"excerpt":{"rendered":"<p>Le Christ \u2013 l\u2019\u00c9glise \u2013 l\u2019Homme. Le Concile Vatican II dans le pontificat de Jean Paul II Ce colloque, organis\u00e9 par la Fondation Jean Paul II \u2013 Centre de Documentation et d\u2019\u00c9tudes du Pontificat en collaboration de la Facult\u00e9 Pontificale Th\u00e9ologique de Saint Bonaventure \u201cSeraphicum\u201d \u00e0 Rome, a eu lieu du 28 au 30 Octobre [&hellip;]<\/p>\n","protected":false},"author":2,"featured_media":0,"parent":78,"menu_order":0,"comment_status":"closed","ping_status":"closed","template":"","meta":{"_acf_changed":false,"_exactmetrics_skip_tracking":false,"_exactmetrics_sitenote_active":false,"_exactmetrics_sitenote_note":"","_exactmetrics_sitenote_category":0,"footnotes":""},"class_list":["post-93","page","type-page","status-publish","hentry"],"acf":[],"yoast_head":"<!-- This site is optimized with the Yoast SEO plugin v26.2 - https:\/\/yoast.com\/wordpress\/plugins\/seo\/ -->\n<title>Rome 2008 - Centre de Documentation et d\u2019Etude du Pontificat de Jean-Paul II \u00e0 Rome<\/title>\n<meta name=\"robots\" content=\"index, follow, max-snippet:-1, max-image-preview:large, max-video-preview:-1\" \/>\n<link rel=\"canonical\" href=\"https:\/\/jp2doc.pl\/fr\/sympozja\/rzym-2008\/\" \/>\n<meta property=\"og:locale\" content=\"fr_FR\" \/>\n<meta property=\"og:type\" content=\"article\" \/>\n<meta property=\"og:title\" content=\"Rome 2008 - Centre de Documentation et d\u2019Etude du Pontificat de Jean-Paul II \u00e0 Rome\" \/>\n<meta property=\"og:description\" content=\"Le Christ \u2013 l\u2019\u00c9glise \u2013 l\u2019Homme. Le Concile Vatican II dans le pontificat de Jean Paul II Ce colloque, organis\u00e9 par la Fondation Jean Paul II \u2013 Centre de Documentation et d\u2019\u00c9tudes du Pontificat en collaboration de la Facult\u00e9 Pontificale Th\u00e9ologique de Saint Bonaventure \u201cSeraphicum\u201d \u00e0 Rome, a eu lieu du 28 au 30 Octobre [&hellip;]\" \/>\n<meta property=\"og:url\" content=\"https:\/\/jp2doc.pl\/fr\/sympozja\/rzym-2008\/\" \/>\n<meta property=\"og:site_name\" content=\"Centre de Documentation et d\u2019Etude du Pontificat de Jean-Paul II \u00e0 Rome\" \/>\n<meta property=\"article:modified_time\" content=\"2017-04-18T13:35:28+00:00\" \/>\n<meta property=\"og:image\" content=\"http:\/\/jp2doc.pl\/wp-content\/uploads\/2017\/03\/4fbeabf4529b0undefined.jpg\" \/>\n<meta name=\"twitter:card\" content=\"summary_large_image\" \/>\n<meta name=\"twitter:label1\" content=\"Dur\u00e9e de lecture estim\u00e9e\" \/>\n\t<meta name=\"twitter:data1\" content=\"3 minutes\" \/>\n<script type=\"application\/ld+json\" class=\"yoast-schema-graph\">{\"@context\":\"https:\/\/schema.org\",\"@graph\":[{\"@type\":\"WebPage\",\"@id\":\"https:\/\/jp2doc.pl\/fr\/sympozja\/rzym-2008\/\",\"url\":\"https:\/\/jp2doc.pl\/fr\/sympozja\/rzym-2008\/\",\"name\":\"Rome 2008 - Centre de Documentation et d\u2019Etude du Pontificat de Jean-Paul II \u00e0 Rome\",\"isPartOf\":{\"@id\":\"https:\/\/jp2doc.pl\/fr\/#website\"},\"primaryImageOfPage\":{\"@id\":\"https:\/\/jp2doc.pl\/fr\/sympozja\/rzym-2008\/#primaryimage\"},\"image\":{\"@id\":\"https:\/\/jp2doc.pl\/fr\/sympozja\/rzym-2008\/#primaryimage\"},\"thumbnailUrl\":\"http:\/\/jp2doc.pl\/wp-content\/uploads\/2017\/03\/4fbeabf4529b0undefined.jpg\",\"datePublished\":\"2017-03-24T10:52:17+00:00\",\"dateModified\":\"2017-04-18T13:35:28+00:00\",\"breadcrumb\":{\"@id\":\"https:\/\/jp2doc.pl\/fr\/sympozja\/rzym-2008\/#breadcrumb\"},\"inLanguage\":\"fr-FR\",\"potentialAction\":[{\"@type\":\"ReadAction\",\"target\":[\"https:\/\/jp2doc.pl\/fr\/sympozja\/rzym-2008\/\"]}]},{\"@type\":\"ImageObject\",\"inLanguage\":\"fr-FR\",\"@id\":\"https:\/\/jp2doc.pl\/fr\/sympozja\/rzym-2008\/#primaryimage\",\"url\":\"http:\/\/jp2doc.pl\/wp-content\/uploads\/2017\/03\/4fbeabf4529b0undefined.jpg\",\"contentUrl\":\"http:\/\/jp2doc.pl\/wp-content\/uploads\/2017\/03\/4fbeabf4529b0undefined.jpg\"},{\"@type\":\"BreadcrumbList\",\"@id\":\"https:\/\/jp2doc.pl\/fr\/sympozja\/rzym-2008\/#breadcrumb\",\"itemListElement\":[{\"@type\":\"ListItem\",\"position\":1,\"name\":\"Home\",\"item\":\"https:\/\/jp2doc.pl\/fr\/\"},{\"@type\":\"ListItem\",\"position\":2,\"name\":\"Conf\u00e9rences\",\"item\":\"https:\/\/jp2doc.pl\/fr\/sympozja\/\"},{\"@type\":\"ListItem\",\"position\":3,\"name\":\"Rome 2008\"}]},{\"@type\":\"WebSite\",\"@id\":\"https:\/\/jp2doc.pl\/fr\/#website\",\"url\":\"https:\/\/jp2doc.pl\/fr\/\",\"name\":\"Centre de Documentation et d\u2019Etude du Pontificat de Jean-Paul II \u00e0 Rome\",\"description\":\"\",\"publisher\":{\"@id\":\"https:\/\/jp2doc.pl\/fr\/#organization\"},\"potentialAction\":[{\"@type\":\"SearchAction\",\"target\":{\"@type\":\"EntryPoint\",\"urlTemplate\":\"https:\/\/jp2doc.pl\/fr\/?s={search_term_string}\"},\"query-input\":{\"@type\":\"PropertyValueSpecification\",\"valueRequired\":true,\"valueName\":\"search_term_string\"}}],\"inLanguage\":\"fr-FR\"},{\"@type\":\"Organization\",\"@id\":\"https:\/\/jp2doc.pl\/fr\/#organization\",\"name\":\"Centre de Documentation et d\u2019Etude du Pontificat de Jean-Paul II \u00e0 Rome\",\"url\":\"https:\/\/jp2doc.pl\/fr\/\",\"logo\":{\"@type\":\"ImageObject\",\"inLanguage\":\"fr-FR\",\"@id\":\"https:\/\/jp2doc.pl\/fr\/#\/schema\/logo\/image\/\",\"url\":\"https:\/\/jp2doc.pl\/fr\/wp-content\/uploads\/sites\/5\/2017\/03\/cropped-logo.png\",\"contentUrl\":\"https:\/\/jp2doc.pl\/fr\/wp-content\/uploads\/sites\/5\/2017\/03\/cropped-logo.png\",\"width\":115,\"height\":115,\"caption\":\"Centre de Documentation et d\u2019Etude du Pontificat de Jean-Paul II \u00e0 Rome\"},\"image\":{\"@id\":\"https:\/\/jp2doc.pl\/fr\/#\/schema\/logo\/image\/\"}}]}<\/script>\n<!-- \/ Yoast SEO plugin. -->","yoast_head_json":{"title":"Rome 2008 - Centre de Documentation et d\u2019Etude du Pontificat de Jean-Paul II \u00e0 Rome","robots":{"index":"index","follow":"follow","max-snippet":"max-snippet:-1","max-image-preview":"max-image-preview:large","max-video-preview":"max-video-preview:-1"},"canonical":"https:\/\/jp2doc.pl\/fr\/sympozja\/rzym-2008\/","og_locale":"fr_FR","og_type":"article","og_title":"Rome 2008 - Centre de Documentation et d\u2019Etude du Pontificat de Jean-Paul II \u00e0 Rome","og_description":"Le Christ \u2013 l\u2019\u00c9glise \u2013 l\u2019Homme. Le Concile Vatican II dans le pontificat de Jean Paul II Ce colloque, organis\u00e9 par la Fondation Jean Paul II \u2013 Centre de Documentation et d\u2019\u00c9tudes du Pontificat en collaboration de la Facult\u00e9 Pontificale Th\u00e9ologique de Saint Bonaventure \u201cSeraphicum\u201d \u00e0 Rome, a eu lieu du 28 au 30 Octobre [&hellip;]","og_url":"https:\/\/jp2doc.pl\/fr\/sympozja\/rzym-2008\/","og_site_name":"Centre de Documentation et d\u2019Etude du Pontificat de Jean-Paul II \u00e0 Rome","article_modified_time":"2017-04-18T13:35:28+00:00","og_image":[{"url":"http:\/\/jp2doc.pl\/wp-content\/uploads\/2017\/03\/4fbeabf4529b0undefined.jpg","type":"","width":"","height":""}],"twitter_card":"summary_large_image","twitter_misc":{"Dur\u00e9e de lecture estim\u00e9e":"3 minutes"},"schema":{"@context":"https:\/\/schema.org","@graph":[{"@type":"WebPage","@id":"https:\/\/jp2doc.pl\/fr\/sympozja\/rzym-2008\/","url":"https:\/\/jp2doc.pl\/fr\/sympozja\/rzym-2008\/","name":"Rome 2008 - Centre de Documentation et d\u2019Etude du Pontificat de Jean-Paul II \u00e0 Rome","isPartOf":{"@id":"https:\/\/jp2doc.pl\/fr\/#website"},"primaryImageOfPage":{"@id":"https:\/\/jp2doc.pl\/fr\/sympozja\/rzym-2008\/#primaryimage"},"image":{"@id":"https:\/\/jp2doc.pl\/fr\/sympozja\/rzym-2008\/#primaryimage"},"thumbnailUrl":"http:\/\/jp2doc.pl\/wp-content\/uploads\/2017\/03\/4fbeabf4529b0undefined.jpg","datePublished":"2017-03-24T10:52:17+00:00","dateModified":"2017-04-18T13:35:28+00:00","breadcrumb":{"@id":"https:\/\/jp2doc.pl\/fr\/sympozja\/rzym-2008\/#breadcrumb"},"inLanguage":"fr-FR","potentialAction":[{"@type":"ReadAction","target":["https:\/\/jp2doc.pl\/fr\/sympozja\/rzym-2008\/"]}]},{"@type":"ImageObject","inLanguage":"fr-FR","@id":"https:\/\/jp2doc.pl\/fr\/sympozja\/rzym-2008\/#primaryimage","url":"http:\/\/jp2doc.pl\/wp-content\/uploads\/2017\/03\/4fbeabf4529b0undefined.jpg","contentUrl":"http:\/\/jp2doc.pl\/wp-content\/uploads\/2017\/03\/4fbeabf4529b0undefined.jpg"},{"@type":"BreadcrumbList","@id":"https:\/\/jp2doc.pl\/fr\/sympozja\/rzym-2008\/#breadcrumb","itemListElement":[{"@type":"ListItem","position":1,"name":"Home","item":"https:\/\/jp2doc.pl\/fr\/"},{"@type":"ListItem","position":2,"name":"Conf\u00e9rences","item":"https:\/\/jp2doc.pl\/fr\/sympozja\/"},{"@type":"ListItem","position":3,"name":"Rome 2008"}]},{"@type":"WebSite","@id":"https:\/\/jp2doc.pl\/fr\/#website","url":"https:\/\/jp2doc.pl\/fr\/","name":"Centre de Documentation et d\u2019Etude du Pontificat de Jean-Paul II \u00e0 Rome","description":"","publisher":{"@id":"https:\/\/jp2doc.pl\/fr\/#organization"},"potentialAction":[{"@type":"SearchAction","target":{"@type":"EntryPoint","urlTemplate":"https:\/\/jp2doc.pl\/fr\/?s={search_term_string}"},"query-input":{"@type":"PropertyValueSpecification","valueRequired":true,"valueName":"search_term_string"}}],"inLanguage":"fr-FR"},{"@type":"Organization","@id":"https:\/\/jp2doc.pl\/fr\/#organization","name":"Centre de Documentation et d\u2019Etude du Pontificat de Jean-Paul II \u00e0 Rome","url":"https:\/\/jp2doc.pl\/fr\/","logo":{"@type":"ImageObject","inLanguage":"fr-FR","@id":"https:\/\/jp2doc.pl\/fr\/#\/schema\/logo\/image\/","url":"https:\/\/jp2doc.pl\/fr\/wp-content\/uploads\/sites\/5\/2017\/03\/cropped-logo.png","contentUrl":"https:\/\/jp2doc.pl\/fr\/wp-content\/uploads\/sites\/5\/2017\/03\/cropped-logo.png","width":115,"height":115,"caption":"Centre de Documentation et d\u2019Etude du Pontificat de Jean-Paul II \u00e0 Rome"},"image":{"@id":"https:\/\/jp2doc.pl\/fr\/#\/schema\/logo\/image\/"}}]}},"_links":{"self":[{"href":"https:\/\/jp2doc.pl\/fr\/wp-json\/wp\/v2\/pages\/93","targetHints":{"allow":["GET"]}}],"collection":[{"href":"https:\/\/jp2doc.pl\/fr\/wp-json\/wp\/v2\/pages"}],"about":[{"href":"https:\/\/jp2doc.pl\/fr\/wp-json\/wp\/v2\/types\/page"}],"author":[{"embeddable":true,"href":"https:\/\/jp2doc.pl\/fr\/wp-json\/wp\/v2\/users\/2"}],"replies":[{"embeddable":true,"href":"https:\/\/jp2doc.pl\/fr\/wp-json\/wp\/v2\/comments?post=93"}],"version-history":[{"count":2,"href":"https:\/\/jp2doc.pl\/fr\/wp-json\/wp\/v2\/pages\/93\/revisions"}],"predecessor-version":[{"id":1027,"href":"https:\/\/jp2doc.pl\/fr\/wp-json\/wp\/v2\/pages\/93\/revisions\/1027"}],"up":[{"embeddable":true,"href":"https:\/\/jp2doc.pl\/fr\/wp-json\/wp\/v2\/pages\/78"}],"wp:attachment":[{"href":"https:\/\/jp2doc.pl\/fr\/wp-json\/wp\/v2\/media?parent=93"}],"curies":[{"name":"wp","href":"https:\/\/api.w.org\/{rel}","templated":true}]}}