{"id":98,"date":"2017-03-24T12:02:15","date_gmt":"2017-03-24T11:02:15","guid":{"rendered":"http:\/\/jp2doc.pl\/?page_id=98"},"modified":"2022-05-06T11:48:03","modified_gmt":"2022-05-06T09:48:03","slug":"98-2","status":"publish","type":"page","link":"https:\/\/jp2doc.pl\/fr\/98-2\/","title":{"rendered":"La Fondation"},"content":{"rendered":"<p><strong>La Fondation Jean Paul II<\/strong> a \u00e9t\u00e9 cr\u00e9e le 16.10.1981 par le d\u00e9cret du pape. C\u2019est une organisation eccl\u00e9siale \u00e0 but non lucratif, ayant pour objectif\u00a0: soutenir et r\u00e9aliser les initiatives \u00e0 caract\u00e8re \u00e9ducatif, scientifique, culturel, religieux et caritatif, li\u00e9es avec le pontificat du Saint-P\u00e8re Jean Paul II. Ses activit\u00e9s doivent servir les int\u00e9r\u00eats de la nation polonaise et du Saint-Si\u00e8ge. C\u2019est le M\u00e9tropolite de Cracovie <strong>Mgr Marek J\u0119draszewski<\/strong> qui exerce le pouvoir souverain de la Fondation. Le <strong>mons. Pawe\u0142 Ptasznik<\/strong>\u00a0est pr\u00e9sident du Conseil d\u2019Administration. Le si\u00e8ge de la Fondation se trouve au Vatican. C\u2019est la g\u00e9n\u00e9rosit\u00e9 des bienfaiteurs de Pologne et du monde entier qui rend son fonctionnement possible.<\/p>\n<p><a href=\"http:\/\/jp2doc.pl\/fr\/wp-content\/uploads\/sites\/5\/2017\/03\/Fundacja-copy-1.jpg\"><img loading=\"lazy\" decoding=\"async\" width=\"1400\" height=\"700\" class=\"aligncenter wp-image-1110 size-full\" src=\"http:\/\/jp2doc.pl\/fr\/wp-content\/uploads\/sites\/5\/2017\/03\/Fundacja-copy-1.jpg\" alt=\"\" srcset=\"https:\/\/jp2doc.pl\/fr\/wp-content\/uploads\/sites\/5\/2017\/03\/Fundacja-copy-1.jpg 1400w, https:\/\/jp2doc.pl\/fr\/wp-content\/uploads\/sites\/5\/2017\/03\/Fundacja-copy-1-640x320.jpg 640w, https:\/\/jp2doc.pl\/fr\/wp-content\/uploads\/sites\/5\/2017\/03\/Fundacja-copy-1-768x384.jpg 768w, https:\/\/jp2doc.pl\/fr\/wp-content\/uploads\/sites\/5\/2017\/03\/Fundacja-copy-1-1024x512.jpg 1024w\" sizes=\"auto, (max-width: 1400px) 100vw, 1400px\" \/><\/a><\/p>\n<p><strong>Les institutions de la Fondation\u00a0:<\/strong><\/p>\n<ul>\n<li>Maison Polonaise de Jean Paul II \u00e0 Rome<\/li>\n<li>Centre de Documentation et d\u2019Etudes du Pontificat \u00e0 Rome<\/li>\n<li>Maison de la Fondation Jean Paul II pour les boursiers \u00e0 Lublin<\/li>\n<li>48 Associations des Amis de la Fondation dans 17 pays du monde<\/li>\n<\/ul>\n<p><strong>Les buts de la Fondation:<\/strong><\/p>\n<ul>\n<li>Souci de pr\u00e9server et d\u00e9velopper l\u2019h\u00e9ritage du pontificat<\/li>\n<li>Documentation, \u00e9tude et diffusion de l\u2019enseignement de Jean Paul II<\/li>\n<li>Accueil des p\u00e8lerins polonais \u00e0 Rome<\/li>\n<li>Aide boursi\u00e8re aux jeunes de l\u2019Europe Centrale et de l\u2019Est<\/li>\n<\/ul>\n<p>La Fondation Jean Paul II est ouverte \u00e0 la collaboration avec les organisations et les institutions, engag\u00e9es \u00e0 promouvoir et approfondir l\u2019enseignement de Jean Paul II dans leurs milieux, en liaison avec le Saint-Si\u00e8ge.<\/p>\n<p>Plus d\u2019information sur le site: <a href=\"http:\/\/www.fjp2.com\/\">www.fjp2.com<\/a><\/p>\n","protected":false},"excerpt":{"rendered":"<p>La Fondation Jean Paul II a \u00e9t\u00e9 cr\u00e9e le 16.10.1981 par le d\u00e9cret du pape. C\u2019est une organisation eccl\u00e9siale \u00e0 but non lucratif, ayant pour objectif\u00a0: soutenir et r\u00e9aliser les initiatives \u00e0 caract\u00e8re \u00e9ducatif, scientifique, culturel, religieux et caritatif, li\u00e9es avec le pontificat du Saint-P\u00e8re Jean Paul II. Ses activit\u00e9s doivent servir les int\u00e9r\u00eats de [&hellip;]<\/p>\n","protected":false},"author":2,"featured_media":0,"parent":0,"menu_order":0,"comment_status":"closed","ping_status":"closed","template":"","meta":{"_acf_changed":false,"_exactmetrics_skip_tracking":false,"_exactmetrics_sitenote_active":false,"_exactmetrics_sitenote_note":"","_exactmetrics_sitenote_category":0,"footnotes":""},"class_list":["post-98","page","type-page","status-publish","hentry"],"acf":[],"yoast_head":"<!-- This site is optimized with the Yoast SEO plugin v26.2 - https:\/\/yoast.com\/wordpress\/plugins\/seo\/ -->\n<title>La Fondation - Centre de Documentation et d\u2019Etude du Pontificat de Jean-Paul II \u00e0 Rome<\/title>\n<meta name=\"robots\" content=\"index, follow, max-snippet:-1, max-image-preview:large, max-video-preview:-1\" \/>\n<link rel=\"canonical\" href=\"https:\/\/jp2doc.pl\/fr\/98-2\/\" \/>\n<meta property=\"og:locale\" content=\"fr_FR\" \/>\n<meta property=\"og:type\" content=\"article\" \/>\n<meta property=\"og:title\" content=\"La Fondation - Centre de Documentation et d\u2019Etude du Pontificat de Jean-Paul II \u00e0 Rome\" \/>\n<meta property=\"og:description\" content=\"La Fondation Jean Paul II a \u00e9t\u00e9 cr\u00e9e le 16.10.1981 par le d\u00e9cret du pape. C\u2019est une organisation eccl\u00e9siale \u00e0 but non lucratif, ayant pour objectif\u00a0: soutenir et r\u00e9aliser les initiatives \u00e0 caract\u00e8re \u00e9ducatif, scientifique, culturel, religieux et caritatif, li\u00e9es avec le pontificat du Saint-P\u00e8re Jean Paul II. Ses activit\u00e9s doivent servir les int\u00e9r\u00eats de [&hellip;]\" \/>\n<meta property=\"og:url\" content=\"https:\/\/jp2doc.pl\/fr\/98-2\/\" \/>\n<meta property=\"og:site_name\" content=\"Centre de Documentation et d\u2019Etude du Pontificat de Jean-Paul II \u00e0 Rome\" \/>\n<meta property=\"article:modified_time\" content=\"2022-05-06T09:48:03+00:00\" \/>\n<meta property=\"og:image\" content=\"http:\/\/jp2doc.pl\/fr\/wp-content\/uploads\/sites\/5\/2017\/03\/Fundacja-copy-1.jpg\" \/>\n<meta name=\"twitter:card\" content=\"summary_large_image\" \/>\n<meta name=\"twitter:label1\" content=\"Dur\u00e9e de lecture estim\u00e9e\" \/>\n\t<meta name=\"twitter:data1\" content=\"2 minutes\" \/>\n<script type=\"application\/ld+json\" class=\"yoast-schema-graph\">{\"@context\":\"https:\/\/schema.org\",\"@graph\":[{\"@type\":\"WebPage\",\"@id\":\"https:\/\/jp2doc.pl\/fr\/98-2\/\",\"url\":\"https:\/\/jp2doc.pl\/fr\/98-2\/\",\"name\":\"La Fondation - Centre de Documentation et d\u2019Etude du Pontificat de Jean-Paul II \u00e0 Rome\",\"isPartOf\":{\"@id\":\"https:\/\/jp2doc.pl\/fr\/#website\"},\"primaryImageOfPage\":{\"@id\":\"https:\/\/jp2doc.pl\/fr\/98-2\/#primaryimage\"},\"image\":{\"@id\":\"https:\/\/jp2doc.pl\/fr\/98-2\/#primaryimage\"},\"thumbnailUrl\":\"http:\/\/jp2doc.pl\/fr\/wp-content\/uploads\/sites\/5\/2017\/03\/Fundacja-copy-1.jpg\",\"datePublished\":\"2017-03-24T11:02:15+00:00\",\"dateModified\":\"2022-05-06T09:48:03+00:00\",\"breadcrumb\":{\"@id\":\"https:\/\/jp2doc.pl\/fr\/98-2\/#breadcrumb\"},\"inLanguage\":\"fr-FR\",\"potentialAction\":[{\"@type\":\"ReadAction\",\"target\":[\"https:\/\/jp2doc.pl\/fr\/98-2\/\"]}]},{\"@type\":\"ImageObject\",\"inLanguage\":\"fr-FR\",\"@id\":\"https:\/\/jp2doc.pl\/fr\/98-2\/#primaryimage\",\"url\":\"http:\/\/jp2doc.pl\/fr\/wp-content\/uploads\/sites\/5\/2017\/03\/Fundacja-copy-1.jpg\",\"contentUrl\":\"http:\/\/jp2doc.pl\/fr\/wp-content\/uploads\/sites\/5\/2017\/03\/Fundacja-copy-1.jpg\"},{\"@type\":\"BreadcrumbList\",\"@id\":\"https:\/\/jp2doc.pl\/fr\/98-2\/#breadcrumb\",\"itemListElement\":[{\"@type\":\"ListItem\",\"position\":1,\"name\":\"Home\",\"item\":\"https:\/\/jp2doc.pl\/fr\/\"},{\"@type\":\"ListItem\",\"position\":2,\"name\":\"La Fondation\"}]},{\"@type\":\"WebSite\",\"@id\":\"https:\/\/jp2doc.pl\/fr\/#website\",\"url\":\"https:\/\/jp2doc.pl\/fr\/\",\"name\":\"Centre de Documentation et d\u2019Etude du Pontificat de Jean-Paul II \u00e0 Rome\",\"description\":\"\",\"publisher\":{\"@id\":\"https:\/\/jp2doc.pl\/fr\/#organization\"},\"potentialAction\":[{\"@type\":\"SearchAction\",\"target\":{\"@type\":\"EntryPoint\",\"urlTemplate\":\"https:\/\/jp2doc.pl\/fr\/?s={search_term_string}\"},\"query-input\":{\"@type\":\"PropertyValueSpecification\",\"valueRequired\":true,\"valueName\":\"search_term_string\"}}],\"inLanguage\":\"fr-FR\"},{\"@type\":\"Organization\",\"@id\":\"https:\/\/jp2doc.pl\/fr\/#organization\",\"name\":\"Centre de Documentation et d\u2019Etude du Pontificat de Jean-Paul II \u00e0 Rome\",\"url\":\"https:\/\/jp2doc.pl\/fr\/\",\"logo\":{\"@type\":\"ImageObject\",\"inLanguage\":\"fr-FR\",\"@id\":\"https:\/\/jp2doc.pl\/fr\/#\/schema\/logo\/image\/\",\"url\":\"https:\/\/jp2doc.pl\/fr\/wp-content\/uploads\/sites\/5\/2017\/03\/cropped-logo.png\",\"contentUrl\":\"https:\/\/jp2doc.pl\/fr\/wp-content\/uploads\/sites\/5\/2017\/03\/cropped-logo.png\",\"width\":115,\"height\":115,\"caption\":\"Centre de Documentation et d\u2019Etude du Pontificat de Jean-Paul II \u00e0 Rome\"},\"image\":{\"@id\":\"https:\/\/jp2doc.pl\/fr\/#\/schema\/logo\/image\/\"}}]}<\/script>\n<!-- \/ Yoast SEO plugin. -->","yoast_head_json":{"title":"La Fondation - Centre de Documentation et d\u2019Etude du Pontificat de Jean-Paul II \u00e0 Rome","robots":{"index":"index","follow":"follow","max-snippet":"max-snippet:-1","max-image-preview":"max-image-preview:large","max-video-preview":"max-video-preview:-1"},"canonical":"https:\/\/jp2doc.pl\/fr\/98-2\/","og_locale":"fr_FR","og_type":"article","og_title":"La Fondation - Centre de Documentation et d\u2019Etude du Pontificat de Jean-Paul II \u00e0 Rome","og_description":"La Fondation Jean Paul II a \u00e9t\u00e9 cr\u00e9e le 16.10.1981 par le d\u00e9cret du pape. C\u2019est une organisation eccl\u00e9siale \u00e0 but non lucratif, ayant pour objectif\u00a0: soutenir et r\u00e9aliser les initiatives \u00e0 caract\u00e8re \u00e9ducatif, scientifique, culturel, religieux et caritatif, li\u00e9es avec le pontificat du Saint-P\u00e8re Jean Paul II. Ses activit\u00e9s doivent servir les int\u00e9r\u00eats de [&hellip;]","og_url":"https:\/\/jp2doc.pl\/fr\/98-2\/","og_site_name":"Centre de Documentation et d\u2019Etude du Pontificat de Jean-Paul II \u00e0 Rome","article_modified_time":"2022-05-06T09:48:03+00:00","og_image":[{"url":"http:\/\/jp2doc.pl\/fr\/wp-content\/uploads\/sites\/5\/2017\/03\/Fundacja-copy-1.jpg","type":"","width":"","height":""}],"twitter_card":"summary_large_image","twitter_misc":{"Dur\u00e9e de lecture estim\u00e9e":"2 minutes"},"schema":{"@context":"https:\/\/schema.org","@graph":[{"@type":"WebPage","@id":"https:\/\/jp2doc.pl\/fr\/98-2\/","url":"https:\/\/jp2doc.pl\/fr\/98-2\/","name":"La Fondation - Centre de Documentation et d\u2019Etude du Pontificat de Jean-Paul II \u00e0 Rome","isPartOf":{"@id":"https:\/\/jp2doc.pl\/fr\/#website"},"primaryImageOfPage":{"@id":"https:\/\/jp2doc.pl\/fr\/98-2\/#primaryimage"},"image":{"@id":"https:\/\/jp2doc.pl\/fr\/98-2\/#primaryimage"},"thumbnailUrl":"http:\/\/jp2doc.pl\/fr\/wp-content\/uploads\/sites\/5\/2017\/03\/Fundacja-copy-1.jpg","datePublished":"2017-03-24T11:02:15+00:00","dateModified":"2022-05-06T09:48:03+00:00","breadcrumb":{"@id":"https:\/\/jp2doc.pl\/fr\/98-2\/#breadcrumb"},"inLanguage":"fr-FR","potentialAction":[{"@type":"ReadAction","target":["https:\/\/jp2doc.pl\/fr\/98-2\/"]}]},{"@type":"ImageObject","inLanguage":"fr-FR","@id":"https:\/\/jp2doc.pl\/fr\/98-2\/#primaryimage","url":"http:\/\/jp2doc.pl\/fr\/wp-content\/uploads\/sites\/5\/2017\/03\/Fundacja-copy-1.jpg","contentUrl":"http:\/\/jp2doc.pl\/fr\/wp-content\/uploads\/sites\/5\/2017\/03\/Fundacja-copy-1.jpg"},{"@type":"BreadcrumbList","@id":"https:\/\/jp2doc.pl\/fr\/98-2\/#breadcrumb","itemListElement":[{"@type":"ListItem","position":1,"name":"Home","item":"https:\/\/jp2doc.pl\/fr\/"},{"@type":"ListItem","position":2,"name":"La Fondation"}]},{"@type":"WebSite","@id":"https:\/\/jp2doc.pl\/fr\/#website","url":"https:\/\/jp2doc.pl\/fr\/","name":"Centre de Documentation et d\u2019Etude du Pontificat de Jean-Paul II \u00e0 Rome","description":"","publisher":{"@id":"https:\/\/jp2doc.pl\/fr\/#organization"},"potentialAction":[{"@type":"SearchAction","target":{"@type":"EntryPoint","urlTemplate":"https:\/\/jp2doc.pl\/fr\/?s={search_term_string}"},"query-input":{"@type":"PropertyValueSpecification","valueRequired":true,"valueName":"search_term_string"}}],"inLanguage":"fr-FR"},{"@type":"Organization","@id":"https:\/\/jp2doc.pl\/fr\/#organization","name":"Centre de Documentation et d\u2019Etude du Pontificat de Jean-Paul II \u00e0 Rome","url":"https:\/\/jp2doc.pl\/fr\/","logo":{"@type":"ImageObject","inLanguage":"fr-FR","@id":"https:\/\/jp2doc.pl\/fr\/#\/schema\/logo\/image\/","url":"https:\/\/jp2doc.pl\/fr\/wp-content\/uploads\/sites\/5\/2017\/03\/cropped-logo.png","contentUrl":"https:\/\/jp2doc.pl\/fr\/wp-content\/uploads\/sites\/5\/2017\/03\/cropped-logo.png","width":115,"height":115,"caption":"Centre de Documentation et d\u2019Etude du Pontificat de Jean-Paul II \u00e0 Rome"},"image":{"@id":"https:\/\/jp2doc.pl\/fr\/#\/schema\/logo\/image\/"}}]}},"_links":{"self":[{"href":"https:\/\/jp2doc.pl\/fr\/wp-json\/wp\/v2\/pages\/98","targetHints":{"allow":["GET"]}}],"collection":[{"href":"https:\/\/jp2doc.pl\/fr\/wp-json\/wp\/v2\/pages"}],"about":[{"href":"https:\/\/jp2doc.pl\/fr\/wp-json\/wp\/v2\/types\/page"}],"author":[{"embeddable":true,"href":"https:\/\/jp2doc.pl\/fr\/wp-json\/wp\/v2\/users\/2"}],"replies":[{"embeddable":true,"href":"https:\/\/jp2doc.pl\/fr\/wp-json\/wp\/v2\/comments?post=98"}],"version-history":[{"count":4,"href":"https:\/\/jp2doc.pl\/fr\/wp-json\/wp\/v2\/pages\/98\/revisions"}],"predecessor-version":[{"id":2072,"href":"https:\/\/jp2doc.pl\/fr\/wp-json\/wp\/v2\/pages\/98\/revisions\/2072"}],"wp:attachment":[{"href":"https:\/\/jp2doc.pl\/fr\/wp-json\/wp\/v2\/media?parent=98"}],"curies":[{"name":"wp","href":"https:\/\/api.w.org\/{rel}","templated":true}]}}