{"id":117,"date":"2017-03-24T12:36:02","date_gmt":"2017-03-24T11:36:02","guid":{"rendered":"http:\/\/jp2doc.pl\/?page_id=117"},"modified":"2026-03-13T11:59:02","modified_gmt":"2026-03-13T10:59:02","slug":"osrodek","status":"publish","type":"page","link":"https:\/\/jp2doc.pl\/it\/osrodek\/","title":{"rendered":"Centro"},"content":{"rendered":"<p>Il Centro di Documentazione e Studio del Pontificato di Giovanni Paolo II \u00e8 un\u2019istituzione che appartiene alla Fondazione Vaticana di Giovanni Paolo II, istituita il 16 ottobre 1981 dal Santo Padre.<\/p>\n<p>L\u2019obiettivo dell\u2019attivit\u00e0 del Centro \u00e8 rappresentato dalla documentazione universale e dagli studi sul pontificato di papa K. Wojtyla. Le risorse archivistiche, bibliotecarie e museali costituiscono una sfida per gli studiosi contemporanei e un\u2019eredit\u00e0 che rimarr\u00e0 per le generazioni future.<\/p>\n<p>Il frutto della documentazione raccolta e degli studi intrapresi \u00e8 costituito dalla divulgazione dell\u2019opera di Giovanni Paolo II attraverso pubblicazioni, simposi, conferenze, esposizioni. \u00c8 d\u2019aiuto alla realizzazione di tale compito anche la collaborazione con istituzioni di profilo simile.<\/p>\n<p>La sede del Centro GPII si trova a Roma: la sua collocazione geografica costituisce una delle testimonianze pi\u00f9 importanti della presenza della Chiesa polacca nella vita della Chiesa Universale. Nel contempo costituisce una piattaforma di dialogo tra i popoli e le culture nello spirito del pontificato di Giovanni Paolo II. La cura di assicurare i documenti riguardanti il pontificato ha lo scopo di portare alle generazioni future il patrimonio accumulato nel periodo in cui Giovanni Paolo II esercitava la funzione di successore di San Pietro.<\/p>\n<p>La documentazione non ha solamente un valore di testimonianza storica, ma aiuta anche a conoscere in che modo il pontificato di Giovanni Paolo II rientrasse nei piani della Divina Provvidenza e nella storia umana. \u00c8 anche l\u2019espressione dell\u2019universalit\u00e0 della Chiesa, frutto dell\u2019incontro proficuo tra il messaggio del Vangelo e le varie culture del mondo.<\/p>\n<p><b>Responsabili per il lavoro del Centro di Documentazione e Studio del Pontificato sono Dott. don Miros\u0142aw Cicho\u0144 e Sig.ra Izabela G\u00f3rnicka-Smoter.<\/b><\/p>\n","protected":false},"excerpt":{"rendered":"<p>Il Centro di Documentazione e Studio del Pontificato di Giovanni Paolo II \u00e8 un\u2019istituzione che appartiene alla Fondazione Vaticana di Giovanni Paolo II, istituita il 16 ottobre 1981 dal Santo Padre. L\u2019obiettivo dell\u2019attivit\u00e0 del Centro \u00e8 rappresentato dalla documentazione universale e dagli studi sul pontificato di papa K. Wojtyla. Le risorse archivistiche, bibliotecarie e museali [&hellip;]<\/p>\n","protected":false},"author":2,"featured_media":0,"parent":0,"menu_order":0,"comment_status":"closed","ping_status":"closed","template":"","meta":{"_acf_changed":false,"_exactmetrics_skip_tracking":false,"_exactmetrics_sitenote_active":false,"_exactmetrics_sitenote_note":"","_exactmetrics_sitenote_category":0,"footnotes":""},"class_list":["post-117","page","type-page","status-publish","hentry"],"acf":[],"yoast_head":"<!-- This site is optimized with the Yoast SEO plugin v26.2 - https:\/\/yoast.com\/wordpress\/plugins\/seo\/ -->\n<title>Centro - Centro di Documentazione e Studio del Pontificato di Giovanni Paolo II a Roma<\/title>\n<meta name=\"robots\" content=\"index, follow, max-snippet:-1, max-image-preview:large, max-video-preview:-1\" \/>\n<link rel=\"canonical\" href=\"https:\/\/jp2doc.pl\/it\/osrodek\/\" \/>\n<meta property=\"og:locale\" content=\"it_IT\" \/>\n<meta property=\"og:type\" content=\"article\" \/>\n<meta property=\"og:title\" content=\"Centro - Centro di Documentazione e Studio del Pontificato di Giovanni Paolo II a Roma\" \/>\n<meta property=\"og:description\" content=\"Il Centro di Documentazione e Studio del Pontificato di Giovanni Paolo II \u00e8 un\u2019istituzione che appartiene alla Fondazione Vaticana di Giovanni Paolo II, istituita il 16 ottobre 1981 dal Santo Padre. L\u2019obiettivo dell\u2019attivit\u00e0 del Centro \u00e8 rappresentato dalla documentazione universale e dagli studi sul pontificato di papa K. Wojtyla. Le risorse archivistiche, bibliotecarie e museali [&hellip;]\" \/>\n<meta property=\"og:url\" content=\"https:\/\/jp2doc.pl\/it\/osrodek\/\" \/>\n<meta property=\"og:site_name\" content=\"Centro di Documentazione e Studio del Pontificato di Giovanni Paolo II a Roma\" \/>\n<meta property=\"article:modified_time\" content=\"2026-03-13T10:59:02+00:00\" \/>\n<meta name=\"twitter:card\" content=\"summary_large_image\" \/>\n<meta name=\"twitter:label1\" content=\"Tempo di lettura stimato\" \/>\n\t<meta name=\"twitter:data1\" content=\"2 minuti\" \/>\n<script type=\"application\/ld+json\" class=\"yoast-schema-graph\">{\"@context\":\"https:\/\/schema.org\",\"@graph\":[{\"@type\":\"WebPage\",\"@id\":\"https:\/\/jp2doc.pl\/it\/osrodek\/\",\"url\":\"https:\/\/jp2doc.pl\/it\/osrodek\/\",\"name\":\"Centro - Centro di Documentazione e Studio del Pontificato di Giovanni Paolo II a Roma\",\"isPartOf\":{\"@id\":\"https:\/\/jp2doc.pl\/it\/#website\"},\"datePublished\":\"2017-03-24T11:36:02+00:00\",\"dateModified\":\"2026-03-13T10:59:02+00:00\",\"breadcrumb\":{\"@id\":\"https:\/\/jp2doc.pl\/it\/osrodek\/#breadcrumb\"},\"inLanguage\":\"it-IT\",\"potentialAction\":[{\"@type\":\"ReadAction\",\"target\":[\"https:\/\/jp2doc.pl\/it\/osrodek\/\"]}]},{\"@type\":\"BreadcrumbList\",\"@id\":\"https:\/\/jp2doc.pl\/it\/osrodek\/#breadcrumb\",\"itemListElement\":[{\"@type\":\"ListItem\",\"position\":1,\"name\":\"Home\",\"item\":\"https:\/\/jp2doc.pl\/it\/\"},{\"@type\":\"ListItem\",\"position\":2,\"name\":\"Centro\"}]},{\"@type\":\"WebSite\",\"@id\":\"https:\/\/jp2doc.pl\/it\/#website\",\"url\":\"https:\/\/jp2doc.pl\/it\/\",\"name\":\"Centro di Documentazione e Studio del Pontificato di Giovanni Paolo II a Roma\",\"description\":\"\",\"publisher\":{\"@id\":\"https:\/\/jp2doc.pl\/it\/#organization\"},\"potentialAction\":[{\"@type\":\"SearchAction\",\"target\":{\"@type\":\"EntryPoint\",\"urlTemplate\":\"https:\/\/jp2doc.pl\/it\/?s={search_term_string}\"},\"query-input\":{\"@type\":\"PropertyValueSpecification\",\"valueRequired\":true,\"valueName\":\"search_term_string\"}}],\"inLanguage\":\"it-IT\"},{\"@type\":\"Organization\",\"@id\":\"https:\/\/jp2doc.pl\/it\/#organization\",\"name\":\"Centro di Documentazione e Studio del Pontificato di Giovanni Paolo II a Roma\",\"url\":\"https:\/\/jp2doc.pl\/it\/\",\"logo\":{\"@type\":\"ImageObject\",\"inLanguage\":\"it-IT\",\"@id\":\"https:\/\/jp2doc.pl\/it\/#\/schema\/logo\/image\/\",\"url\":\"https:\/\/jp2doc.pl\/it\/wp-content\/uploads\/sites\/3\/2017\/03\/cropped-logo.png\",\"contentUrl\":\"https:\/\/jp2doc.pl\/it\/wp-content\/uploads\/sites\/3\/2017\/03\/cropped-logo.png\",\"width\":115,\"height\":115,\"caption\":\"Centro di Documentazione e Studio del Pontificato di Giovanni Paolo II a Roma\"},\"image\":{\"@id\":\"https:\/\/jp2doc.pl\/it\/#\/schema\/logo\/image\/\"}}]}<\/script>\n<!-- \/ Yoast SEO plugin. -->","yoast_head_json":{"title":"Centro - Centro di Documentazione e Studio del Pontificato di Giovanni Paolo II a Roma","robots":{"index":"index","follow":"follow","max-snippet":"max-snippet:-1","max-image-preview":"max-image-preview:large","max-video-preview":"max-video-preview:-1"},"canonical":"https:\/\/jp2doc.pl\/it\/osrodek\/","og_locale":"it_IT","og_type":"article","og_title":"Centro - Centro di Documentazione e Studio del Pontificato di Giovanni Paolo II a Roma","og_description":"Il Centro di Documentazione e Studio del Pontificato di Giovanni Paolo II \u00e8 un\u2019istituzione che appartiene alla Fondazione Vaticana di Giovanni Paolo II, istituita il 16 ottobre 1981 dal Santo Padre. L\u2019obiettivo dell\u2019attivit\u00e0 del Centro \u00e8 rappresentato dalla documentazione universale e dagli studi sul pontificato di papa K. Wojtyla. Le risorse archivistiche, bibliotecarie e museali [&hellip;]","og_url":"https:\/\/jp2doc.pl\/it\/osrodek\/","og_site_name":"Centro di Documentazione e Studio del Pontificato di Giovanni Paolo II a Roma","article_modified_time":"2026-03-13T10:59:02+00:00","twitter_card":"summary_large_image","twitter_misc":{"Tempo di lettura stimato":"2 minuti"},"schema":{"@context":"https:\/\/schema.org","@graph":[{"@type":"WebPage","@id":"https:\/\/jp2doc.pl\/it\/osrodek\/","url":"https:\/\/jp2doc.pl\/it\/osrodek\/","name":"Centro - Centro di Documentazione e Studio del Pontificato di Giovanni Paolo II a Roma","isPartOf":{"@id":"https:\/\/jp2doc.pl\/it\/#website"},"datePublished":"2017-03-24T11:36:02+00:00","dateModified":"2026-03-13T10:59:02+00:00","breadcrumb":{"@id":"https:\/\/jp2doc.pl\/it\/osrodek\/#breadcrumb"},"inLanguage":"it-IT","potentialAction":[{"@type":"ReadAction","target":["https:\/\/jp2doc.pl\/it\/osrodek\/"]}]},{"@type":"BreadcrumbList","@id":"https:\/\/jp2doc.pl\/it\/osrodek\/#breadcrumb","itemListElement":[{"@type":"ListItem","position":1,"name":"Home","item":"https:\/\/jp2doc.pl\/it\/"},{"@type":"ListItem","position":2,"name":"Centro"}]},{"@type":"WebSite","@id":"https:\/\/jp2doc.pl\/it\/#website","url":"https:\/\/jp2doc.pl\/it\/","name":"Centro di Documentazione e Studio del Pontificato di Giovanni Paolo II a Roma","description":"","publisher":{"@id":"https:\/\/jp2doc.pl\/it\/#organization"},"potentialAction":[{"@type":"SearchAction","target":{"@type":"EntryPoint","urlTemplate":"https:\/\/jp2doc.pl\/it\/?s={search_term_string}"},"query-input":{"@type":"PropertyValueSpecification","valueRequired":true,"valueName":"search_term_string"}}],"inLanguage":"it-IT"},{"@type":"Organization","@id":"https:\/\/jp2doc.pl\/it\/#organization","name":"Centro di Documentazione e Studio del Pontificato di Giovanni Paolo II a Roma","url":"https:\/\/jp2doc.pl\/it\/","logo":{"@type":"ImageObject","inLanguage":"it-IT","@id":"https:\/\/jp2doc.pl\/it\/#\/schema\/logo\/image\/","url":"https:\/\/jp2doc.pl\/it\/wp-content\/uploads\/sites\/3\/2017\/03\/cropped-logo.png","contentUrl":"https:\/\/jp2doc.pl\/it\/wp-content\/uploads\/sites\/3\/2017\/03\/cropped-logo.png","width":115,"height":115,"caption":"Centro di Documentazione e Studio del Pontificato di Giovanni Paolo II a Roma"},"image":{"@id":"https:\/\/jp2doc.pl\/it\/#\/schema\/logo\/image\/"}}]}},"_links":{"self":[{"href":"https:\/\/jp2doc.pl\/it\/wp-json\/wp\/v2\/pages\/117","targetHints":{"allow":["GET"]}}],"collection":[{"href":"https:\/\/jp2doc.pl\/it\/wp-json\/wp\/v2\/pages"}],"about":[{"href":"https:\/\/jp2doc.pl\/it\/wp-json\/wp\/v2\/types\/page"}],"author":[{"embeddable":true,"href":"https:\/\/jp2doc.pl\/it\/wp-json\/wp\/v2\/users\/2"}],"replies":[{"embeddable":true,"href":"https:\/\/jp2doc.pl\/it\/wp-json\/wp\/v2\/comments?post=117"}],"version-history":[{"count":3,"href":"https:\/\/jp2doc.pl\/it\/wp-json\/wp\/v2\/pages\/117\/revisions"}],"predecessor-version":[{"id":3297,"href":"https:\/\/jp2doc.pl\/it\/wp-json\/wp\/v2\/pages\/117\/revisions\/3297"}],"wp:attachment":[{"href":"https:\/\/jp2doc.pl\/it\/wp-json\/wp\/v2\/media?parent=117"}],"curies":[{"name":"wp","href":"https:\/\/api.w.org\/{rel}","templated":true}]}}