{"id":156,"date":"2017-03-24T13:46:22","date_gmt":"2017-03-24T12:46:22","guid":{"rendered":"http:\/\/jp2doc.pl\/?page_id=156"},"modified":"2017-04-27T11:58:31","modified_gmt":"2017-04-27T09:58:31","slug":"krakow-2010","status":"publish","type":"page","link":"https:\/\/jp2doc.pl\/it\/sympozja\/krakow-2010\/","title":{"rendered":"Cracovia 2010"},"content":{"rendered":"<h3 style=\"text-align: center;\">La libert\u00e0 religiosa \u2013 cuore della libert\u00e0 umana<\/h3>\n<p>Il Centro Documentazione e Studio del Pontificato ha organizzato una serie di incontri dedicati alla libert\u00e0 religiosa, ispirandosi alla quinta edizione delle Giornate di Giovanni Paolo II organizzate a Cracovia. Grazie all\u2019ospitalit\u00e0 dell\u2019Universit\u00e0 jagellonica, la sessione ha avuto luogo presso l\u2019aula Collegium Novum, il pomeriggio del 4 novembre 2010. Numerosa l&#8217;affluenza di pubblico, di autorit\u00e0 ecclesiastiche e personalit\u00e0 del mondo scientifico. Il tema della sessione, tratto dalle parole di Giovanni Paolo II: \u201cLa libert\u00e0 religiosa \u2013 cuore della libert\u00e0 dell&#8217;umanit\u00e0, ha sottolineato l&#8217;importanza dell&#8217;insegnamento papale sui diritti dell\u2019uomo ed ha mostrato quanto tutto ci\u00f2 abbia costituito un&#8217;esperienza fondamentale nella vita del Pontefice. Scopo primo delle conferenze era sottolineare quanto fosse importante la libert\u00e0 di religione per la soluzione delle questioni politico-sociali.<\/p>\n<div align=\"center\"><a href=\"http:\/\/jp2doc.pl\/wp-content\/uploads\/2017\/03\/4fb6c2ba9bff9undefined.jpg\"><img loading=\"lazy\" decoding=\"async\" width=\"540\" height=\"405\" class=\"wp-image-159 size-full aligncenter\" src=\"http:\/\/jp2doc.pl\/wp-content\/uploads\/2017\/03\/4fb6c2ba9bff9undefined.jpg\" alt=\"\" \/><\/a><\/div>\n<p>Il rettore della Universit\u00e0 Jagellonica, prof. dr hab. Karol Musio\u0142, ha dato il benvenuto agli ospiti e ai partecipanti. Subito dopo ha preso la parola il card. Stanis\u0142aw Dziwisz, che desiderava sottolineare il significato e l&#8217;attualit\u00e0 del tema della sessione. Successivo oratore \u00e8 stato l\u2019arc. J\u00f3zef Kowalczyk, che, dopo brevi saluti, ha introdotto gli ascoltatori nel tema della libert\u00e0 religiosa, indicando come l\u2019insegnamento di Giovanni Paolo II ha le sue radici nella Rivelazione e nella dottrina del Concilio Vaticano II. Il prof. Libero Gerosa da Lugano invece ha spostato l\u2019attenzione sulla esperienza d\u2019identit\u00e0, che da Giovanni Paolo II era considerata come origine e guida verso la cura dei diritti dell\u2019uomo e della nazione. Il Prof Andrzej Zoll dell\u2019Universit\u00e0 Jagellonica ha parlato di diritto alla libert\u00e0 di coscienza e al proprio credo, sancite dalla Carta dei Diritti dell&#8217;Unione Europea; ha sottolineato inoltre che la verit\u00e0 della dignit\u00e0 dell\u2019uomo dovrebbe essere un valore assoluto.<br \/>\nLa prima parte della sessione \u00e8 stata riassunta da card. Jean-Louis Tauran, preside del Pontificio Consiglio per il dialogo interreligioso. L\u2019illustre ospite ha dedicato tutto il suo intervento &#8211; presentato durante la sessione introduttiva &#8211; alla tematica della libert\u00e0 religiosa, che era stato tema delle conferenze tenute da Giovanni Paolo II nell\u2019Accademia Minerario-Metallurgica a Cracovia. durante la giornata di inaugurazione.<\/p>\n<div align=\"center\"><a href=\"http:\/\/jp2doc.pl\/wp-content\/uploads\/2017\/03\/4fb6c2d1516e9undefined.jpg\"><img loading=\"lazy\" decoding=\"async\" width=\"540\" height=\"405\" class=\"aligncenter wp-image-161 size-full\" src=\"http:\/\/jp2doc.pl\/wp-content\/uploads\/2017\/03\/4fb6c2d1516e9undefined.jpg\" alt=\"\" \/><\/a><\/div>\n<p>Ha poi preso la parola il prof. Francesco D\u2019Agostino, dell\u2019Universit\u00e0 di Tor Vergata a Roma. Nel suo discorso, egli ha mostrato come il problema della mancanza di libert\u00e0 religiosa sia la causa principale dell\u2019era del post secolarismo. Il prof. Wojciech G\u00f3ralski dell\u2019Universit\u00e0 \u201cCardinale S. Wyszynski\u201d, ha toccato il tema della fede cattolica racchiusa nei patti del concordato tra la Sede Apostolica e altre nazioni, durante il pontificato di Giovanni Poalo II; Il Pontefice infatti aveva a cuore di garantire ai genitori il diritto di educare i propri figli alla fede cattolica.<br \/>\nAlla fine della sessione la Fondazione \u201cGiovanni Paolo\u201d ha presentato il programma delle borse di studio per i giovani provenienti dai paesi dell\u2019 Oriente, come segno di promozione e di sostegno per la libert\u00e0 religiosa. Elena Grigoryeva dalla Russia (titolare della borsa di studio), il dr Branislav Kluska dalla Slovacchia e Andrij Delisandru dall\u2019 Ucraina hanno raccontato come il loro titolo di studio, ottenuto presso l\u2019Universit\u00e0 Cattolica a Lublino, porti frutti sia nella crescita della loro vita privata che nella comunit\u00e0; essi hanno inoltre sottolineato che, grazie alla preparazione universitaria, cresca anche la loro vita di credenti, potendo ora entrare in campi dove durante gli anni precedenti, la fede veniva soppressa.<\/p>\n<div align=\"center\"><a href=\"http:\/\/jp2doc.pl\/wp-content\/uploads\/2017\/03\/4fb6c2e45e108undefined.jpg\"><img decoding=\"async\" class=\"aligncenter wp-image-161 size-full\" src=\"http:\/\/jp2doc.pl\/wp-content\/uploads\/2017\/03\/4fb6c2e45e108undefined.jpg\" alt=\"\" \/><\/a><\/div>\n","protected":false},"excerpt":{"rendered":"<p>La libert\u00e0 religiosa \u2013 cuore della libert\u00e0 umana Il Centro Documentazione e Studio del Pontificato ha organizzato una serie di incontri dedicati alla libert\u00e0 religiosa, ispirandosi alla quinta edizione delle Giornate di Giovanni Paolo II organizzate a Cracovia. Grazie all\u2019ospitalit\u00e0 dell\u2019Universit\u00e0 jagellonica, la sessione ha avuto luogo presso l\u2019aula Collegium Novum, il pomeriggio del 4 [&hellip;]<\/p>\n","protected":false},"author":2,"featured_media":0,"parent":78,"menu_order":0,"comment_status":"closed","ping_status":"closed","template":"","meta":{"_acf_changed":false,"_exactmetrics_skip_tracking":false,"_exactmetrics_sitenote_active":false,"_exactmetrics_sitenote_note":"","_exactmetrics_sitenote_category":0,"footnotes":""},"class_list":["post-156","page","type-page","status-publish","hentry"],"acf":[],"yoast_head":"<!-- This site is optimized with the Yoast SEO plugin v26.2 - https:\/\/yoast.com\/wordpress\/plugins\/seo\/ -->\n<title>Cracovia 2010 - Centro di Documentazione e Studio del Pontificato di Giovanni Paolo II a Roma<\/title>\n<meta name=\"robots\" content=\"index, follow, max-snippet:-1, max-image-preview:large, max-video-preview:-1\" \/>\n<link rel=\"canonical\" href=\"https:\/\/jp2doc.pl\/it\/sympozja\/krakow-2010\/\" \/>\n<meta property=\"og:locale\" content=\"it_IT\" \/>\n<meta property=\"og:type\" content=\"article\" \/>\n<meta property=\"og:title\" content=\"Cracovia 2010 - Centro di Documentazione e Studio del Pontificato di Giovanni Paolo II a Roma\" \/>\n<meta property=\"og:description\" content=\"La libert\u00e0 religiosa \u2013 cuore della libert\u00e0 umana Il Centro Documentazione e Studio del Pontificato ha organizzato una serie di incontri dedicati alla libert\u00e0 religiosa, ispirandosi alla quinta edizione delle Giornate di Giovanni Paolo II organizzate a Cracovia. Grazie all\u2019ospitalit\u00e0 dell\u2019Universit\u00e0 jagellonica, la sessione ha avuto luogo presso l\u2019aula Collegium Novum, il pomeriggio del 4 [&hellip;]\" \/>\n<meta property=\"og:url\" content=\"https:\/\/jp2doc.pl\/it\/sympozja\/krakow-2010\/\" \/>\n<meta property=\"og:site_name\" content=\"Centro di Documentazione e Studio del Pontificato di Giovanni Paolo II a Roma\" \/>\n<meta property=\"article:modified_time\" content=\"2017-04-27T09:58:31+00:00\" \/>\n<meta property=\"og:image\" content=\"http:\/\/jp2doc.pl\/wp-content\/uploads\/2017\/03\/4fb6c2ba9bff9undefined.jpg\" \/>\n<meta name=\"twitter:card\" content=\"summary_large_image\" \/>\n<meta name=\"twitter:label1\" content=\"Tempo di lettura stimato\" \/>\n\t<meta name=\"twitter:data1\" content=\"3 minuti\" \/>\n<script type=\"application\/ld+json\" class=\"yoast-schema-graph\">{\"@context\":\"https:\/\/schema.org\",\"@graph\":[{\"@type\":\"WebPage\",\"@id\":\"https:\/\/jp2doc.pl\/it\/sympozja\/krakow-2010\/\",\"url\":\"https:\/\/jp2doc.pl\/it\/sympozja\/krakow-2010\/\",\"name\":\"Cracovia 2010 - Centro di Documentazione e Studio del Pontificato di Giovanni Paolo II a Roma\",\"isPartOf\":{\"@id\":\"https:\/\/jp2doc.pl\/it\/#website\"},\"primaryImageOfPage\":{\"@id\":\"https:\/\/jp2doc.pl\/it\/sympozja\/krakow-2010\/#primaryimage\"},\"image\":{\"@id\":\"https:\/\/jp2doc.pl\/it\/sympozja\/krakow-2010\/#primaryimage\"},\"thumbnailUrl\":\"http:\/\/jp2doc.pl\/wp-content\/uploads\/2017\/03\/4fb6c2ba9bff9undefined.jpg\",\"datePublished\":\"2017-03-24T12:46:22+00:00\",\"dateModified\":\"2017-04-27T09:58:31+00:00\",\"breadcrumb\":{\"@id\":\"https:\/\/jp2doc.pl\/it\/sympozja\/krakow-2010\/#breadcrumb\"},\"inLanguage\":\"it-IT\",\"potentialAction\":[{\"@type\":\"ReadAction\",\"target\":[\"https:\/\/jp2doc.pl\/it\/sympozja\/krakow-2010\/\"]}]},{\"@type\":\"ImageObject\",\"inLanguage\":\"it-IT\",\"@id\":\"https:\/\/jp2doc.pl\/it\/sympozja\/krakow-2010\/#primaryimage\",\"url\":\"http:\/\/jp2doc.pl\/wp-content\/uploads\/2017\/03\/4fb6c2ba9bff9undefined.jpg\",\"contentUrl\":\"http:\/\/jp2doc.pl\/wp-content\/uploads\/2017\/03\/4fb6c2ba9bff9undefined.jpg\"},{\"@type\":\"BreadcrumbList\",\"@id\":\"https:\/\/jp2doc.pl\/it\/sympozja\/krakow-2010\/#breadcrumb\",\"itemListElement\":[{\"@type\":\"ListItem\",\"position\":1,\"name\":\"Home\",\"item\":\"https:\/\/jp2doc.pl\/it\/\"},{\"@type\":\"ListItem\",\"position\":2,\"name\":\"Simposi\",\"item\":\"https:\/\/jp2doc.pl\/it\/sympozja\/\"},{\"@type\":\"ListItem\",\"position\":3,\"name\":\"Cracovia 2010\"}]},{\"@type\":\"WebSite\",\"@id\":\"https:\/\/jp2doc.pl\/it\/#website\",\"url\":\"https:\/\/jp2doc.pl\/it\/\",\"name\":\"Centro di Documentazione e Studio del Pontificato di Giovanni Paolo II a Roma\",\"description\":\"\",\"publisher\":{\"@id\":\"https:\/\/jp2doc.pl\/it\/#organization\"},\"potentialAction\":[{\"@type\":\"SearchAction\",\"target\":{\"@type\":\"EntryPoint\",\"urlTemplate\":\"https:\/\/jp2doc.pl\/it\/?s={search_term_string}\"},\"query-input\":{\"@type\":\"PropertyValueSpecification\",\"valueRequired\":true,\"valueName\":\"search_term_string\"}}],\"inLanguage\":\"it-IT\"},{\"@type\":\"Organization\",\"@id\":\"https:\/\/jp2doc.pl\/it\/#organization\",\"name\":\"Centro di Documentazione e Studio del Pontificato di Giovanni Paolo II a Roma\",\"url\":\"https:\/\/jp2doc.pl\/it\/\",\"logo\":{\"@type\":\"ImageObject\",\"inLanguage\":\"it-IT\",\"@id\":\"https:\/\/jp2doc.pl\/it\/#\/schema\/logo\/image\/\",\"url\":\"https:\/\/jp2doc.pl\/it\/wp-content\/uploads\/sites\/3\/2017\/03\/cropped-logo.png\",\"contentUrl\":\"https:\/\/jp2doc.pl\/it\/wp-content\/uploads\/sites\/3\/2017\/03\/cropped-logo.png\",\"width\":115,\"height\":115,\"caption\":\"Centro di Documentazione e Studio del Pontificato di Giovanni Paolo II a Roma\"},\"image\":{\"@id\":\"https:\/\/jp2doc.pl\/it\/#\/schema\/logo\/image\/\"}}]}<\/script>\n<!-- \/ Yoast SEO plugin. -->","yoast_head_json":{"title":"Cracovia 2010 - Centro di Documentazione e Studio del Pontificato di Giovanni Paolo II a Roma","robots":{"index":"index","follow":"follow","max-snippet":"max-snippet:-1","max-image-preview":"max-image-preview:large","max-video-preview":"max-video-preview:-1"},"canonical":"https:\/\/jp2doc.pl\/it\/sympozja\/krakow-2010\/","og_locale":"it_IT","og_type":"article","og_title":"Cracovia 2010 - Centro di Documentazione e Studio del Pontificato di Giovanni Paolo II a Roma","og_description":"La libert\u00e0 religiosa \u2013 cuore della libert\u00e0 umana Il Centro Documentazione e Studio del Pontificato ha organizzato una serie di incontri dedicati alla libert\u00e0 religiosa, ispirandosi alla quinta edizione delle Giornate di Giovanni Paolo II organizzate a Cracovia. Grazie all\u2019ospitalit\u00e0 dell\u2019Universit\u00e0 jagellonica, la sessione ha avuto luogo presso l\u2019aula Collegium Novum, il pomeriggio del 4 [&hellip;]","og_url":"https:\/\/jp2doc.pl\/it\/sympozja\/krakow-2010\/","og_site_name":"Centro di Documentazione e Studio del Pontificato di Giovanni Paolo II a Roma","article_modified_time":"2017-04-27T09:58:31+00:00","og_image":[{"url":"http:\/\/jp2doc.pl\/wp-content\/uploads\/2017\/03\/4fb6c2ba9bff9undefined.jpg","type":"","width":"","height":""}],"twitter_card":"summary_large_image","twitter_misc":{"Tempo di lettura stimato":"3 minuti"},"schema":{"@context":"https:\/\/schema.org","@graph":[{"@type":"WebPage","@id":"https:\/\/jp2doc.pl\/it\/sympozja\/krakow-2010\/","url":"https:\/\/jp2doc.pl\/it\/sympozja\/krakow-2010\/","name":"Cracovia 2010 - Centro di Documentazione e Studio del Pontificato di Giovanni Paolo II a Roma","isPartOf":{"@id":"https:\/\/jp2doc.pl\/it\/#website"},"primaryImageOfPage":{"@id":"https:\/\/jp2doc.pl\/it\/sympozja\/krakow-2010\/#primaryimage"},"image":{"@id":"https:\/\/jp2doc.pl\/it\/sympozja\/krakow-2010\/#primaryimage"},"thumbnailUrl":"http:\/\/jp2doc.pl\/wp-content\/uploads\/2017\/03\/4fb6c2ba9bff9undefined.jpg","datePublished":"2017-03-24T12:46:22+00:00","dateModified":"2017-04-27T09:58:31+00:00","breadcrumb":{"@id":"https:\/\/jp2doc.pl\/it\/sympozja\/krakow-2010\/#breadcrumb"},"inLanguage":"it-IT","potentialAction":[{"@type":"ReadAction","target":["https:\/\/jp2doc.pl\/it\/sympozja\/krakow-2010\/"]}]},{"@type":"ImageObject","inLanguage":"it-IT","@id":"https:\/\/jp2doc.pl\/it\/sympozja\/krakow-2010\/#primaryimage","url":"http:\/\/jp2doc.pl\/wp-content\/uploads\/2017\/03\/4fb6c2ba9bff9undefined.jpg","contentUrl":"http:\/\/jp2doc.pl\/wp-content\/uploads\/2017\/03\/4fb6c2ba9bff9undefined.jpg"},{"@type":"BreadcrumbList","@id":"https:\/\/jp2doc.pl\/it\/sympozja\/krakow-2010\/#breadcrumb","itemListElement":[{"@type":"ListItem","position":1,"name":"Home","item":"https:\/\/jp2doc.pl\/it\/"},{"@type":"ListItem","position":2,"name":"Simposi","item":"https:\/\/jp2doc.pl\/it\/sympozja\/"},{"@type":"ListItem","position":3,"name":"Cracovia 2010"}]},{"@type":"WebSite","@id":"https:\/\/jp2doc.pl\/it\/#website","url":"https:\/\/jp2doc.pl\/it\/","name":"Centro di Documentazione e Studio del Pontificato di Giovanni Paolo II a Roma","description":"","publisher":{"@id":"https:\/\/jp2doc.pl\/it\/#organization"},"potentialAction":[{"@type":"SearchAction","target":{"@type":"EntryPoint","urlTemplate":"https:\/\/jp2doc.pl\/it\/?s={search_term_string}"},"query-input":{"@type":"PropertyValueSpecification","valueRequired":true,"valueName":"search_term_string"}}],"inLanguage":"it-IT"},{"@type":"Organization","@id":"https:\/\/jp2doc.pl\/it\/#organization","name":"Centro di Documentazione e Studio del Pontificato di Giovanni Paolo II a Roma","url":"https:\/\/jp2doc.pl\/it\/","logo":{"@type":"ImageObject","inLanguage":"it-IT","@id":"https:\/\/jp2doc.pl\/it\/#\/schema\/logo\/image\/","url":"https:\/\/jp2doc.pl\/it\/wp-content\/uploads\/sites\/3\/2017\/03\/cropped-logo.png","contentUrl":"https:\/\/jp2doc.pl\/it\/wp-content\/uploads\/sites\/3\/2017\/03\/cropped-logo.png","width":115,"height":115,"caption":"Centro di Documentazione e Studio del Pontificato di Giovanni Paolo II a Roma"},"image":{"@id":"https:\/\/jp2doc.pl\/it\/#\/schema\/logo\/image\/"}}]}},"_links":{"self":[{"href":"https:\/\/jp2doc.pl\/it\/wp-json\/wp\/v2\/pages\/156","targetHints":{"allow":["GET"]}}],"collection":[{"href":"https:\/\/jp2doc.pl\/it\/wp-json\/wp\/v2\/pages"}],"about":[{"href":"https:\/\/jp2doc.pl\/it\/wp-json\/wp\/v2\/types\/page"}],"author":[{"embeddable":true,"href":"https:\/\/jp2doc.pl\/it\/wp-json\/wp\/v2\/users\/2"}],"replies":[{"embeddable":true,"href":"https:\/\/jp2doc.pl\/it\/wp-json\/wp\/v2\/comments?post=156"}],"version-history":[{"count":4,"href":"https:\/\/jp2doc.pl\/it\/wp-json\/wp\/v2\/pages\/156\/revisions"}],"predecessor-version":[{"id":1632,"href":"https:\/\/jp2doc.pl\/it\/wp-json\/wp\/v2\/pages\/156\/revisions\/1632"}],"up":[{"embeddable":true,"href":"https:\/\/jp2doc.pl\/it\/wp-json\/wp\/v2\/pages\/78"}],"wp:attachment":[{"href":"https:\/\/jp2doc.pl\/it\/wp-json\/wp\/v2\/media?parent=156"}],"curies":[{"name":"wp","href":"https:\/\/api.w.org\/{rel}","templated":true}]}}