{"id":169,"date":"2017-03-24T14:08:17","date_gmt":"2017-03-24T13:08:17","guid":{"rendered":"http:\/\/jp2doc.pl\/?page_id=169"},"modified":"2017-04-26T13:48:34","modified_gmt":"2017-04-26T11:48:34","slug":"lugano-2012","status":"publish","type":"page","link":"https:\/\/jp2doc.pl\/it\/sympozja\/lugano-2012\/","title":{"rendered":"Lugano 2012"},"content":{"rendered":"<h3 style=\"text-align: center;\">Giovanni Paolo II legislatore della Chiesa<\/h3>\n<p>Il convegno internazionale intitolato: \u201cGiovanni Paolo II legislatore della Chiesa: fondamenti, innovazioni e aperture\u201d &#8211; svoltosi all\u2019Universit\u00e0 della Svizzera Italiana di Lugano nei giorni 22-23 marzo 2012 \u2013 fu organizzato dalla Fondazione Giovanni Paolo II (Centro di Documentazione e Studio del Pontificato di Roma) e dall\u2019Istituto di Diritto Canonico e Diritto Comparato delle Religioni appartenente alla Facolt\u00e0 di Teologia di Lugano (DiReCom). La finalit\u00e0 del convegno era quella di presentare il contributo originale e il ruolo di Giovanni Paolo II nella creazione, comprensione e realizzazione del diritto ecclesiastico.<\/p>\n<p>I numerosi partecipanti che hanno riempito l\u2019aula magna dell\u2019universit\u00e0 sono stati accolti dal prof. P. Martinoli, rettore universitario e dal Card. S. Ry\u0142ko, presidente della Fondazione Giovanni Paolo II. Il discorso inaugurale \u00e8 stato pronunciato dal prof. L. Gerosa, direttore dell\u2019Istituto DiReCom, il quale ha parlato della nuova ermeneutica del diritto canonico di Giovanni Paolo II.<\/p>\n<p><a href=\"http:\/\/jp2doc.pl\/wp-content\/uploads\/2017\/03\/1-1.jpg\"><img loading=\"lazy\" decoding=\"async\" width=\"540\" height=\"405\" class=\"aligncenter wp-image-171 size-full\" src=\"http:\/\/jp2doc.pl\/wp-content\/uploads\/2017\/03\/1-1.jpg\" alt=\"\" \/><\/a><\/p>\n<p>Il convegno, che si \u00e8 svolto in tre sessioni, ha visto avvicendarsi riflessioni sui fondamenti antropologici ed ecclesiologici dell\u2019attivit\u00e0 legislativa di Giovanni Paolo II. In particolare, \u00e8 stata sottolineata la novit\u00e0 concordataria ed evidenziata l&#8217;influenza della riforma del diritto canonico per avvicinare i cristiani all&#8217;ecumenismo<br \/>\nI moderatori della sessione sono stati nell\u2019ordine il prof. don B. Ferme (Venezia), il prof. P. Valdrini (Roma), il prof. L. Bombin (Roma) e il prof. P. de Mortanges (Friburgo).<\/p>\n<p>La prima sessione \u00e8 stata aperta dalla conferenza del prof. F. D\u2019Agostino dell\u2019Universit\u00e0 \u201cTor Vergata\u201d intitolata: \u201cLa centralit\u00e0 dell\u2019uomo nelle leggi promulgate da Giovanni Paolo II\u201d. S.E. Mons. J.I. Arieta, segretario del Pontificio Consiglio per i Testi Interpretativi, nella sua relazione ha presentato \u201cla problematica dell\u2019ecclesiologia di comunione nelle codificazioni canoniche di Giovanni Paolo II\u201d.<\/p>\n<p><a href=\"http:\/\/jp2doc.pl\/wp-content\/uploads\/2017\/03\/2-1.jpg\"><img loading=\"lazy\" decoding=\"async\" width=\"540\" height=\"405\" class=\"aligncenter wp-image-173 size-full\" src=\"http:\/\/jp2doc.pl\/wp-content\/uploads\/2017\/03\/2-1.jpg\" alt=\"\" \/><\/a><\/p>\n<p>La seconda sessione ha avuto inizio con la conferenza del prof. G. Dalla Torre, rettore dell\u2019Universit\u00e0 LUMSA di Roma e presidente del Tribunale dello Stato della Citt\u00e0 del Vaticano, il quale ha presentato un quadro generale dell\u2019attivit\u00e0 concordataria di Giovanni Paolo II. La relazione: \u201cIl concordato con la Polonia voluto da Giovanni Paolo II\u201d \u00e8 stata presentata da mons. T. Pieronek di Cracovia. La prof. O. Fumagalli Carulli dell\u2019Universit\u00e0 Sacro Cuore di Milano ha parlato della \u201cChiesa cattolica e Comunit\u00e0 Europea nell\u2019insegnamento di Giovanni Paolo II\u201d.<br \/>\nDurante la terza sessione la relazione: \u201cNovit\u00e0 e continuit\u00e0 introdotte o confermate da Giovanni Paolo II nei rapporti tra Occidente e Oriente\u201d \u00e8 stata presentata dal prof. A. Roccucci dell\u2019Universit\u00e0 \u201cRoma Tre\u201d di Roma. Mons. Cyril Vasil, segretario della Congregazione delle Chiese Orientali ha tenuto una conferenza su: \u201cSimilitudini e diversit\u00e0 tra CIC e CCEO\u201d. Il Card. K. Koch, presidente del Pontificio Consiglio per l\u2019Unit\u00e0 dei Cristiani, ha pronunciato la lectio magistralis intitolata: \u201cL\u2019attivit\u00e0 legislativa di Giovanni Paolo II e la promozione dell\u2019unit\u00e0 dei cristiani\u201d.<\/p>\n<p>Durante la conclusione del convegno sono intervenuti: mons. P. G. Grampa \u2013 vescovo ordinario di Lugano, G. Giudici \u2013 sindaco di Lugano e L. Saids \u2013 presidente del governo del Cantone Ticino. Occorre sottolineare che l\u2019organizzazione del convegno \u00e8 stata finanziata dal Fondo Nazionale Svizzero per la ricerca scientifica, da altre organizzazioni ed istituzioni locali e da privati.<\/p>\n<p><a href=\"http:\/\/jp2doc.pl\/wp-content\/uploads\/2017\/03\/3-1.jpg\"><img loading=\"lazy\" decoding=\"async\" width=\"540\" height=\"405\" class=\"aligncenter wp-image-174 size-full\" src=\"http:\/\/jp2doc.pl\/wp-content\/uploads\/2017\/03\/3-1.jpg\" alt=\"\" \/><\/a><\/p>\n","protected":false},"excerpt":{"rendered":"<p>Giovanni Paolo II legislatore della Chiesa Il convegno internazionale intitolato: \u201cGiovanni Paolo II legislatore della Chiesa: fondamenti, innovazioni e aperture\u201d &#8211; svoltosi all\u2019Universit\u00e0 della Svizzera Italiana di Lugano nei giorni 22-23 marzo 2012 \u2013 fu organizzato dalla Fondazione Giovanni Paolo II (Centro di Documentazione e Studio del Pontificato di Roma) e dall\u2019Istituto di Diritto Canonico [&hellip;]<\/p>\n","protected":false},"author":2,"featured_media":0,"parent":78,"menu_order":0,"comment_status":"closed","ping_status":"closed","template":"","meta":{"_acf_changed":false,"_exactmetrics_skip_tracking":false,"_exactmetrics_sitenote_active":false,"_exactmetrics_sitenote_note":"","_exactmetrics_sitenote_category":0,"footnotes":""},"class_list":["post-169","page","type-page","status-publish","hentry"],"acf":[],"yoast_head":"<!-- This site is optimized with the Yoast SEO plugin v26.2 - https:\/\/yoast.com\/wordpress\/plugins\/seo\/ -->\n<title>Lugano 2012 - Centro di Documentazione e Studio del Pontificato di Giovanni Paolo II a Roma<\/title>\n<meta name=\"robots\" content=\"index, follow, max-snippet:-1, max-image-preview:large, max-video-preview:-1\" \/>\n<link rel=\"canonical\" href=\"https:\/\/jp2doc.pl\/it\/sympozja\/lugano-2012\/\" \/>\n<meta property=\"og:locale\" content=\"it_IT\" \/>\n<meta property=\"og:type\" content=\"article\" \/>\n<meta property=\"og:title\" content=\"Lugano 2012 - Centro di Documentazione e Studio del Pontificato di Giovanni Paolo II a Roma\" \/>\n<meta property=\"og:description\" content=\"Giovanni Paolo II legislatore della Chiesa Il convegno internazionale intitolato: \u201cGiovanni Paolo II legislatore della Chiesa: fondamenti, innovazioni e aperture\u201d &#8211; svoltosi all\u2019Universit\u00e0 della Svizzera Italiana di Lugano nei giorni 22-23 marzo 2012 \u2013 fu organizzato dalla Fondazione Giovanni Paolo II (Centro di Documentazione e Studio del Pontificato di Roma) e dall\u2019Istituto di Diritto Canonico [&hellip;]\" \/>\n<meta property=\"og:url\" content=\"https:\/\/jp2doc.pl\/it\/sympozja\/lugano-2012\/\" \/>\n<meta property=\"og:site_name\" content=\"Centro di Documentazione e Studio del Pontificato di Giovanni Paolo II a Roma\" \/>\n<meta property=\"article:modified_time\" content=\"2017-04-26T11:48:34+00:00\" \/>\n<meta property=\"og:image\" content=\"http:\/\/jp2doc.pl\/wp-content\/uploads\/2017\/03\/1-1.jpg\" \/>\n<meta name=\"twitter:card\" content=\"summary_large_image\" \/>\n<meta name=\"twitter:label1\" content=\"Tempo di lettura stimato\" \/>\n\t<meta name=\"twitter:data1\" content=\"3 minuti\" \/>\n<script type=\"application\/ld+json\" class=\"yoast-schema-graph\">{\"@context\":\"https:\/\/schema.org\",\"@graph\":[{\"@type\":\"WebPage\",\"@id\":\"https:\/\/jp2doc.pl\/it\/sympozja\/lugano-2012\/\",\"url\":\"https:\/\/jp2doc.pl\/it\/sympozja\/lugano-2012\/\",\"name\":\"Lugano 2012 - Centro di Documentazione e Studio del Pontificato di Giovanni Paolo II a Roma\",\"isPartOf\":{\"@id\":\"https:\/\/jp2doc.pl\/it\/#website\"},\"primaryImageOfPage\":{\"@id\":\"https:\/\/jp2doc.pl\/it\/sympozja\/lugano-2012\/#primaryimage\"},\"image\":{\"@id\":\"https:\/\/jp2doc.pl\/it\/sympozja\/lugano-2012\/#primaryimage\"},\"thumbnailUrl\":\"http:\/\/jp2doc.pl\/wp-content\/uploads\/2017\/03\/1-1.jpg\",\"datePublished\":\"2017-03-24T13:08:17+00:00\",\"dateModified\":\"2017-04-26T11:48:34+00:00\",\"breadcrumb\":{\"@id\":\"https:\/\/jp2doc.pl\/it\/sympozja\/lugano-2012\/#breadcrumb\"},\"inLanguage\":\"it-IT\",\"potentialAction\":[{\"@type\":\"ReadAction\",\"target\":[\"https:\/\/jp2doc.pl\/it\/sympozja\/lugano-2012\/\"]}]},{\"@type\":\"ImageObject\",\"inLanguage\":\"it-IT\",\"@id\":\"https:\/\/jp2doc.pl\/it\/sympozja\/lugano-2012\/#primaryimage\",\"url\":\"http:\/\/jp2doc.pl\/wp-content\/uploads\/2017\/03\/1-1.jpg\",\"contentUrl\":\"http:\/\/jp2doc.pl\/wp-content\/uploads\/2017\/03\/1-1.jpg\"},{\"@type\":\"BreadcrumbList\",\"@id\":\"https:\/\/jp2doc.pl\/it\/sympozja\/lugano-2012\/#breadcrumb\",\"itemListElement\":[{\"@type\":\"ListItem\",\"position\":1,\"name\":\"Home\",\"item\":\"https:\/\/jp2doc.pl\/it\/\"},{\"@type\":\"ListItem\",\"position\":2,\"name\":\"Simposi\",\"item\":\"https:\/\/jp2doc.pl\/it\/sympozja\/\"},{\"@type\":\"ListItem\",\"position\":3,\"name\":\"Lugano 2012\"}]},{\"@type\":\"WebSite\",\"@id\":\"https:\/\/jp2doc.pl\/it\/#website\",\"url\":\"https:\/\/jp2doc.pl\/it\/\",\"name\":\"Centro di Documentazione e Studio del Pontificato di Giovanni Paolo II a Roma\",\"description\":\"\",\"publisher\":{\"@id\":\"https:\/\/jp2doc.pl\/it\/#organization\"},\"potentialAction\":[{\"@type\":\"SearchAction\",\"target\":{\"@type\":\"EntryPoint\",\"urlTemplate\":\"https:\/\/jp2doc.pl\/it\/?s={search_term_string}\"},\"query-input\":{\"@type\":\"PropertyValueSpecification\",\"valueRequired\":true,\"valueName\":\"search_term_string\"}}],\"inLanguage\":\"it-IT\"},{\"@type\":\"Organization\",\"@id\":\"https:\/\/jp2doc.pl\/it\/#organization\",\"name\":\"Centro di Documentazione e Studio del Pontificato di Giovanni Paolo II a Roma\",\"url\":\"https:\/\/jp2doc.pl\/it\/\",\"logo\":{\"@type\":\"ImageObject\",\"inLanguage\":\"it-IT\",\"@id\":\"https:\/\/jp2doc.pl\/it\/#\/schema\/logo\/image\/\",\"url\":\"https:\/\/jp2doc.pl\/it\/wp-content\/uploads\/sites\/3\/2017\/03\/cropped-logo.png\",\"contentUrl\":\"https:\/\/jp2doc.pl\/it\/wp-content\/uploads\/sites\/3\/2017\/03\/cropped-logo.png\",\"width\":115,\"height\":115,\"caption\":\"Centro di Documentazione e Studio del Pontificato di Giovanni Paolo II a Roma\"},\"image\":{\"@id\":\"https:\/\/jp2doc.pl\/it\/#\/schema\/logo\/image\/\"}}]}<\/script>\n<!-- \/ Yoast SEO plugin. -->","yoast_head_json":{"title":"Lugano 2012 - Centro di Documentazione e Studio del Pontificato di Giovanni Paolo II a Roma","robots":{"index":"index","follow":"follow","max-snippet":"max-snippet:-1","max-image-preview":"max-image-preview:large","max-video-preview":"max-video-preview:-1"},"canonical":"https:\/\/jp2doc.pl\/it\/sympozja\/lugano-2012\/","og_locale":"it_IT","og_type":"article","og_title":"Lugano 2012 - Centro di Documentazione e Studio del Pontificato di Giovanni Paolo II a Roma","og_description":"Giovanni Paolo II legislatore della Chiesa Il convegno internazionale intitolato: \u201cGiovanni Paolo II legislatore della Chiesa: fondamenti, innovazioni e aperture\u201d &#8211; svoltosi all\u2019Universit\u00e0 della Svizzera Italiana di Lugano nei giorni 22-23 marzo 2012 \u2013 fu organizzato dalla Fondazione Giovanni Paolo II (Centro di Documentazione e Studio del Pontificato di Roma) e dall\u2019Istituto di Diritto Canonico [&hellip;]","og_url":"https:\/\/jp2doc.pl\/it\/sympozja\/lugano-2012\/","og_site_name":"Centro di Documentazione e Studio del Pontificato di Giovanni Paolo II a Roma","article_modified_time":"2017-04-26T11:48:34+00:00","og_image":[{"url":"http:\/\/jp2doc.pl\/wp-content\/uploads\/2017\/03\/1-1.jpg","type":"","width":"","height":""}],"twitter_card":"summary_large_image","twitter_misc":{"Tempo di lettura stimato":"3 minuti"},"schema":{"@context":"https:\/\/schema.org","@graph":[{"@type":"WebPage","@id":"https:\/\/jp2doc.pl\/it\/sympozja\/lugano-2012\/","url":"https:\/\/jp2doc.pl\/it\/sympozja\/lugano-2012\/","name":"Lugano 2012 - Centro di Documentazione e Studio del Pontificato di Giovanni Paolo II a Roma","isPartOf":{"@id":"https:\/\/jp2doc.pl\/it\/#website"},"primaryImageOfPage":{"@id":"https:\/\/jp2doc.pl\/it\/sympozja\/lugano-2012\/#primaryimage"},"image":{"@id":"https:\/\/jp2doc.pl\/it\/sympozja\/lugano-2012\/#primaryimage"},"thumbnailUrl":"http:\/\/jp2doc.pl\/wp-content\/uploads\/2017\/03\/1-1.jpg","datePublished":"2017-03-24T13:08:17+00:00","dateModified":"2017-04-26T11:48:34+00:00","breadcrumb":{"@id":"https:\/\/jp2doc.pl\/it\/sympozja\/lugano-2012\/#breadcrumb"},"inLanguage":"it-IT","potentialAction":[{"@type":"ReadAction","target":["https:\/\/jp2doc.pl\/it\/sympozja\/lugano-2012\/"]}]},{"@type":"ImageObject","inLanguage":"it-IT","@id":"https:\/\/jp2doc.pl\/it\/sympozja\/lugano-2012\/#primaryimage","url":"http:\/\/jp2doc.pl\/wp-content\/uploads\/2017\/03\/1-1.jpg","contentUrl":"http:\/\/jp2doc.pl\/wp-content\/uploads\/2017\/03\/1-1.jpg"},{"@type":"BreadcrumbList","@id":"https:\/\/jp2doc.pl\/it\/sympozja\/lugano-2012\/#breadcrumb","itemListElement":[{"@type":"ListItem","position":1,"name":"Home","item":"https:\/\/jp2doc.pl\/it\/"},{"@type":"ListItem","position":2,"name":"Simposi","item":"https:\/\/jp2doc.pl\/it\/sympozja\/"},{"@type":"ListItem","position":3,"name":"Lugano 2012"}]},{"@type":"WebSite","@id":"https:\/\/jp2doc.pl\/it\/#website","url":"https:\/\/jp2doc.pl\/it\/","name":"Centro di Documentazione e Studio del Pontificato di Giovanni Paolo II a Roma","description":"","publisher":{"@id":"https:\/\/jp2doc.pl\/it\/#organization"},"potentialAction":[{"@type":"SearchAction","target":{"@type":"EntryPoint","urlTemplate":"https:\/\/jp2doc.pl\/it\/?s={search_term_string}"},"query-input":{"@type":"PropertyValueSpecification","valueRequired":true,"valueName":"search_term_string"}}],"inLanguage":"it-IT"},{"@type":"Organization","@id":"https:\/\/jp2doc.pl\/it\/#organization","name":"Centro di Documentazione e Studio del Pontificato di Giovanni Paolo II a Roma","url":"https:\/\/jp2doc.pl\/it\/","logo":{"@type":"ImageObject","inLanguage":"it-IT","@id":"https:\/\/jp2doc.pl\/it\/#\/schema\/logo\/image\/","url":"https:\/\/jp2doc.pl\/it\/wp-content\/uploads\/sites\/3\/2017\/03\/cropped-logo.png","contentUrl":"https:\/\/jp2doc.pl\/it\/wp-content\/uploads\/sites\/3\/2017\/03\/cropped-logo.png","width":115,"height":115,"caption":"Centro di Documentazione e Studio del Pontificato di Giovanni Paolo II a Roma"},"image":{"@id":"https:\/\/jp2doc.pl\/it\/#\/schema\/logo\/image\/"}}]}},"_links":{"self":[{"href":"https:\/\/jp2doc.pl\/it\/wp-json\/wp\/v2\/pages\/169","targetHints":{"allow":["GET"]}}],"collection":[{"href":"https:\/\/jp2doc.pl\/it\/wp-json\/wp\/v2\/pages"}],"about":[{"href":"https:\/\/jp2doc.pl\/it\/wp-json\/wp\/v2\/types\/page"}],"author":[{"embeddable":true,"href":"https:\/\/jp2doc.pl\/it\/wp-json\/wp\/v2\/users\/2"}],"replies":[{"embeddable":true,"href":"https:\/\/jp2doc.pl\/it\/wp-json\/wp\/v2\/comments?post=169"}],"version-history":[{"count":3,"href":"https:\/\/jp2doc.pl\/it\/wp-json\/wp\/v2\/pages\/169\/revisions"}],"predecessor-version":[{"id":1626,"href":"https:\/\/jp2doc.pl\/it\/wp-json\/wp\/v2\/pages\/169\/revisions\/1626"}],"up":[{"embeddable":true,"href":"https:\/\/jp2doc.pl\/it\/wp-json\/wp\/v2\/pages\/78"}],"wp:attachment":[{"href":"https:\/\/jp2doc.pl\/it\/wp-json\/wp\/v2\/media?parent=169"}],"curies":[{"name":"wp","href":"https:\/\/api.w.org\/{rel}","templated":true}]}}