{"id":177,"date":"2017-03-24T14:13:42","date_gmt":"2017-03-24T13:13:42","guid":{"rendered":"http:\/\/jp2doc.pl\/?page_id=177"},"modified":"2017-04-26T13:50:32","modified_gmt":"2017-04-26T11:50:32","slug":"ludzmierz-2012","status":"publish","type":"page","link":"https:\/\/jp2doc.pl\/it\/sympozja\/ludzmierz-2012\/","title":{"rendered":"Lud\u017amierz 2012"},"content":{"rendered":"<h3 style=\"text-align: center;\">Maria nella fede della Chiesa<\/h3>\n<p>Nei giorni 23-24 ottobre 2012 a Lud\u017amierz e Nowy Targ si \u00e8 svolto il simposio accademico in occasione del prossimo 50\u00b0 anniversario dell\u2019incoronazione della statua della Madonna di Lud\u017amierz (15 agosto 1963). Il simposio intitolato \u201cMaria nella fede della Chiesa e nella vita del popolo\u201d \u00e8 stato organizzato dal santuario della Regina del Podhale di Lud\u017amierz e dalla Scuola superiore statale professionale del Podhale di Nowy Targ (PPWSZ) con la collaborazione dell\u2019Universit\u00e0 Pontificia Giovanni Paolo II di Cracovia (UPJPII) e del Centro di Documentazione e Studio del Pontificato Giovanni Paolo II di Roma.<\/p>\n<p><a href=\"http:\/\/jp2doc.pl\/wp-content\/uploads\/2017\/03\/50adfe80c571aundefined.jpg\"><img loading=\"lazy\" decoding=\"async\" width=\"450\" height=\"300\" class=\"aligncenter wp-image-178 size-full\" src=\"http:\/\/jp2doc.pl\/wp-content\/uploads\/2017\/03\/50adfe80c571aundefined.jpg\" alt=\"\" \/><\/a><\/p>\n<p>L\u2019apertura solenne si \u00e8 tenuta nella casa dell\u2019Associazione degli abitanti del Podhale a Lud\u017amierz. Il primo giorno sono state presentate nove relazioni: l\u2019arcivescovo W. Depo, metropolita di Cz\u0119stochowa, ha parlato del significato religioso e storico dell\u2019incoronazione solenne, mentre il professor padre Z. Kijas OFMConv. del Vaticano ha parlato della sua dimensione morale ed esistenziale. Il dottor, padre G. Bartosik OFMConv. dell\u2019Universit\u00e0 \u201cCardinale Stefan Wyszy\u0144ski\u201d di Varsavia, ha fatto notare il contesto del Concilio Vaticano II, il dottor don A. Dobrzy\u0144ski di Roma ha sottolineato il messaggio sociale contenuto nelle prediche pronunciate durante l\u2019incoronazione dal Primate del Millennio Stefan Wyszy\u0144ski e dal vescovo K. Wojty\u0142a. Il dottor don Kazimierz Pek dell\u2019Universit\u00e0 Cattolica di Lublino ha sottolineato il legame tra l\u2019incoronazione della statua miracolosa e l\u2019Atto millenario di affidamento della Polonia alla Madre di Dio, evidenziando l&#8217;attualit\u00e0 della teologia dell\u2019affidamento a Maria sviluppata dal beato Giovanni Paolo II. Il dottor Franciszek Mr\u00f3z (PPWSZ) ha parlato del ruolo del santuario della Regina del Podhale nella rete dei centri di pellegrinaggio in Polonia e nel mondo. La dottoressa suor Urszula \u015aciurka di Zakopane ha sottolineato il ruolo del culto della Regina del Podhale nella vita religiosa delle famiglie. Il professor don J. Machniak (UPJPII) ha fatto notare le varie forme di devozione mariana delle quali \u00e8 piena la vita del santuario. Il tema della metafora sacrale nell\u2019architettura sull\u2019esempio del santuario di Lud\u017amierz \u00e8 stato presentato dalla dottoressa A. Fudali e dalla dottoressa A. Bentkowska-Mitana, che insegnano architettura all\u2019universit\u00e0 di Nowy Targ.<\/p>\n<p><a href=\"http:\/\/jp2doc.pl\/wp-content\/uploads\/2017\/03\/50adfe9e13a32undefined.jpg\"><img loading=\"lazy\" decoding=\"async\" width=\"450\" height=\"300\" class=\"aligncenter wp-image-179 size-full\" src=\"http:\/\/jp2doc.pl\/wp-content\/uploads\/2017\/03\/50adfe9e13a32undefined.jpg\" alt=\"\" \/><\/a><\/p>\n<p>Il secondo giorno, il simposio si \u00e8 tenuto nell\u2019aula della Scuola superiore statale professionale del Podhale a Nowy Targ. Anche qui sono state presentate nove relazioni. Il dottor P. Sadowski (PPWSZ) ha ricordato la storia del santuario e del paesino di Lud\u017amierz. Il maggiore A. Surmacz e il capitano J. Jastrz\u0119bski di Rzesz\u00f3w hanno presentato il tema del culto della Madonna di Lud\u017amierz tra i soldati della 21a Brigata dei Tiratori del Podhale (Alpini). Il prof. Karol Olejnik dell\u2019Universit\u00e0 \u201cAdam Mickiewicz\u201d di Pozna\u0144 ha parlato della tradizione polacca di collocare gli emblemi mariani sugli stendardi, sulle gorgiere e sull\u2019armamento militare. La dottoressa S. Trebunia-Staszel dell\u2019Universit\u00e0 Jagellonica di Cracovia ha evidenziato il ruolo della venerazione dei montanari per la Madonna di Lud\u017amierz sull\u2019esempio della storia dell\u2019Associazione degli abitanti del Podhale. La dottoressa Anna Mlekodaj (PPWSZ) ha parlato delle rappresentazioni della Regina del Podhale presenti nella poesia religiosa mentre la dottoressa U. Janicka-Krzywda dell\u2019Universit\u00e0 Jagellonica di Cracovia ha intrapreso tale argomento facendo riferimento alle leggende del Podhale. Il dottor padre T. Pra\u015bkiewicz dell\u2019Universit\u00e0 Cattolica di Lublino ha proposto una relazione sul culto della Madonna di Lud\u017amierz negli Stati Uniti e in Canada tra gli emigrati polacchi. Il professor don A. Baczy\u0144ski (UPJPII), intraprendendo il tema del culto della Madonna di Lud\u017amierz nella cultura mediatica ha fatto notare che, nella realizzazione dei film riguardanti il Santuario, si d\u00e0 particolare risalto alle testimonianza di fede, radicate nella tradizione e nella quotidianit\u00e0 della gente del luogo, e ai valori naturali di Lud\u017amierz e dei suoi dintorni. Monsignor G. Ry\u015b di Cracovia ha parlato del dialogo tra la fede e la cultura, sottolineando che deve avere il suo inizio in ogni uomo e che il santuario della Regina del Podhale svolge un ruolo importante nella nuova evangelizzazione.<\/p>\n<p><a href=\"http:\/\/jp2doc.pl\/wp-content\/uploads\/2017\/03\/50adfeb99c5dbundefined.jpg\"><img loading=\"lazy\" decoding=\"async\" width=\"450\" height=\"300\" class=\"aligncenter wp-image-180 size-full\" src=\"http:\/\/jp2doc.pl\/wp-content\/uploads\/2017\/03\/50adfeb99c5dbundefined.jpg\" alt=\"\" \/><\/a><\/p>\n<p>Il simposio era suddiviso in sei sessioni dirette, nell\u2019ordine, dal professor S. Hodorowicz (PPWSZ), dal dottor don S. Drzy\u017cd\u017cyk (UPJPII), da monsignor J. Szkodo\u0144 (Cracovia), dalla dottoressa A. Mlekodaj (PPWSZ), dal dottor M. Fry\u017alewicz (sindaco di Nowy Targ) e da don M. Wanat (Nowy Targ). Dopo ciascuna delle sessioni i partecipanti hanno rivolto ai relatori delle domande e hanno condiviso le proprie riflessioni. Ha vigilato sull\u2019andamento efficiente del simposio il prelato don T. Juchas, rettore del santuario della Regina del Podhale. Al termine ha sottolineato che il simposio ha rappresentato una nuova forma di riflessione sulla religiosit\u00e0 del Podhale, un tentativo per riepilogare i cinquant\u2019anni che sono passati dalla memorabile incoronazione infine uno sguardo al futuro nella prospettiva della nuova evangelizzazione.<br \/>\nIn conclusione egli ha rivolto un caloroso ringraziamento ai partecipanti e a tutti coloro che, con lui, avevano contribuito alla realizzazione del simposio e tutte le persone che hanno contribuito a prepararlo e che vi hanno partecipato.<\/p>\n","protected":false},"excerpt":{"rendered":"<p>Maria nella fede della Chiesa Nei giorni 23-24 ottobre 2012 a Lud\u017amierz e Nowy Targ si \u00e8 svolto il simposio accademico in occasione del prossimo 50\u00b0 anniversario dell\u2019incoronazione della statua della Madonna di Lud\u017amierz (15 agosto 1963). Il simposio intitolato \u201cMaria nella fede della Chiesa e nella vita del popolo\u201d \u00e8 stato organizzato dal santuario [&hellip;]<\/p>\n","protected":false},"author":2,"featured_media":0,"parent":78,"menu_order":0,"comment_status":"closed","ping_status":"closed","template":"","meta":{"_acf_changed":false,"_exactmetrics_skip_tracking":false,"_exactmetrics_sitenote_active":false,"_exactmetrics_sitenote_note":"","_exactmetrics_sitenote_category":0,"footnotes":""},"class_list":["post-177","page","type-page","status-publish","hentry"],"acf":[],"yoast_head":"<!-- This site is optimized with the Yoast SEO plugin v26.2 - https:\/\/yoast.com\/wordpress\/plugins\/seo\/ -->\n<title>Lud\u017amierz 2012 - Centro di Documentazione e Studio del Pontificato di Giovanni Paolo II a Roma<\/title>\n<meta name=\"robots\" content=\"index, follow, max-snippet:-1, max-image-preview:large, max-video-preview:-1\" \/>\n<link rel=\"canonical\" href=\"https:\/\/jp2doc.pl\/it\/sympozja\/ludzmierz-2012\/\" \/>\n<meta property=\"og:locale\" content=\"it_IT\" \/>\n<meta property=\"og:type\" content=\"article\" \/>\n<meta property=\"og:title\" content=\"Lud\u017amierz 2012 - Centro di Documentazione e Studio del Pontificato di Giovanni Paolo II a Roma\" \/>\n<meta property=\"og:description\" content=\"Maria nella fede della Chiesa Nei giorni 23-24 ottobre 2012 a Lud\u017amierz e Nowy Targ si \u00e8 svolto il simposio accademico in occasione del prossimo 50\u00b0 anniversario dell\u2019incoronazione della statua della Madonna di Lud\u017amierz (15 agosto 1963). Il simposio intitolato \u201cMaria nella fede della Chiesa e nella vita del popolo\u201d \u00e8 stato organizzato dal santuario [&hellip;]\" \/>\n<meta property=\"og:url\" content=\"https:\/\/jp2doc.pl\/it\/sympozja\/ludzmierz-2012\/\" \/>\n<meta property=\"og:site_name\" content=\"Centro di Documentazione e Studio del Pontificato di Giovanni Paolo II a Roma\" \/>\n<meta property=\"article:modified_time\" content=\"2017-04-26T11:50:32+00:00\" \/>\n<meta property=\"og:image\" content=\"http:\/\/jp2doc.pl\/wp-content\/uploads\/2017\/03\/50adfe80c571aundefined.jpg\" \/>\n<meta name=\"twitter:card\" content=\"summary_large_image\" \/>\n<meta name=\"twitter:label1\" content=\"Tempo di lettura stimato\" \/>\n\t<meta name=\"twitter:data1\" content=\"4 minuti\" \/>\n<script type=\"application\/ld+json\" class=\"yoast-schema-graph\">{\"@context\":\"https:\/\/schema.org\",\"@graph\":[{\"@type\":\"WebPage\",\"@id\":\"https:\/\/jp2doc.pl\/it\/sympozja\/ludzmierz-2012\/\",\"url\":\"https:\/\/jp2doc.pl\/it\/sympozja\/ludzmierz-2012\/\",\"name\":\"Lud\u017amierz 2012 - Centro di Documentazione e Studio del Pontificato di Giovanni Paolo II a Roma\",\"isPartOf\":{\"@id\":\"https:\/\/jp2doc.pl\/it\/#website\"},\"primaryImageOfPage\":{\"@id\":\"https:\/\/jp2doc.pl\/it\/sympozja\/ludzmierz-2012\/#primaryimage\"},\"image\":{\"@id\":\"https:\/\/jp2doc.pl\/it\/sympozja\/ludzmierz-2012\/#primaryimage\"},\"thumbnailUrl\":\"http:\/\/jp2doc.pl\/wp-content\/uploads\/2017\/03\/50adfe80c571aundefined.jpg\",\"datePublished\":\"2017-03-24T13:13:42+00:00\",\"dateModified\":\"2017-04-26T11:50:32+00:00\",\"breadcrumb\":{\"@id\":\"https:\/\/jp2doc.pl\/it\/sympozja\/ludzmierz-2012\/#breadcrumb\"},\"inLanguage\":\"it-IT\",\"potentialAction\":[{\"@type\":\"ReadAction\",\"target\":[\"https:\/\/jp2doc.pl\/it\/sympozja\/ludzmierz-2012\/\"]}]},{\"@type\":\"ImageObject\",\"inLanguage\":\"it-IT\",\"@id\":\"https:\/\/jp2doc.pl\/it\/sympozja\/ludzmierz-2012\/#primaryimage\",\"url\":\"http:\/\/jp2doc.pl\/wp-content\/uploads\/2017\/03\/50adfe80c571aundefined.jpg\",\"contentUrl\":\"http:\/\/jp2doc.pl\/wp-content\/uploads\/2017\/03\/50adfe80c571aundefined.jpg\"},{\"@type\":\"BreadcrumbList\",\"@id\":\"https:\/\/jp2doc.pl\/it\/sympozja\/ludzmierz-2012\/#breadcrumb\",\"itemListElement\":[{\"@type\":\"ListItem\",\"position\":1,\"name\":\"Home\",\"item\":\"https:\/\/jp2doc.pl\/it\/\"},{\"@type\":\"ListItem\",\"position\":2,\"name\":\"Simposi\",\"item\":\"https:\/\/jp2doc.pl\/it\/sympozja\/\"},{\"@type\":\"ListItem\",\"position\":3,\"name\":\"Lud\u017amierz 2012\"}]},{\"@type\":\"WebSite\",\"@id\":\"https:\/\/jp2doc.pl\/it\/#website\",\"url\":\"https:\/\/jp2doc.pl\/it\/\",\"name\":\"Centro di Documentazione e Studio del Pontificato di Giovanni Paolo II a Roma\",\"description\":\"\",\"publisher\":{\"@id\":\"https:\/\/jp2doc.pl\/it\/#organization\"},\"potentialAction\":[{\"@type\":\"SearchAction\",\"target\":{\"@type\":\"EntryPoint\",\"urlTemplate\":\"https:\/\/jp2doc.pl\/it\/?s={search_term_string}\"},\"query-input\":{\"@type\":\"PropertyValueSpecification\",\"valueRequired\":true,\"valueName\":\"search_term_string\"}}],\"inLanguage\":\"it-IT\"},{\"@type\":\"Organization\",\"@id\":\"https:\/\/jp2doc.pl\/it\/#organization\",\"name\":\"Centro di Documentazione e Studio del Pontificato di Giovanni Paolo II a Roma\",\"url\":\"https:\/\/jp2doc.pl\/it\/\",\"logo\":{\"@type\":\"ImageObject\",\"inLanguage\":\"it-IT\",\"@id\":\"https:\/\/jp2doc.pl\/it\/#\/schema\/logo\/image\/\",\"url\":\"https:\/\/jp2doc.pl\/it\/wp-content\/uploads\/sites\/3\/2017\/03\/cropped-logo.png\",\"contentUrl\":\"https:\/\/jp2doc.pl\/it\/wp-content\/uploads\/sites\/3\/2017\/03\/cropped-logo.png\",\"width\":115,\"height\":115,\"caption\":\"Centro di Documentazione e Studio del Pontificato di Giovanni Paolo II a Roma\"},\"image\":{\"@id\":\"https:\/\/jp2doc.pl\/it\/#\/schema\/logo\/image\/\"}}]}<\/script>\n<!-- \/ Yoast SEO plugin. -->","yoast_head_json":{"title":"Lud\u017amierz 2012 - Centro di Documentazione e Studio del Pontificato di Giovanni Paolo II a Roma","robots":{"index":"index","follow":"follow","max-snippet":"max-snippet:-1","max-image-preview":"max-image-preview:large","max-video-preview":"max-video-preview:-1"},"canonical":"https:\/\/jp2doc.pl\/it\/sympozja\/ludzmierz-2012\/","og_locale":"it_IT","og_type":"article","og_title":"Lud\u017amierz 2012 - Centro di Documentazione e Studio del Pontificato di Giovanni Paolo II a Roma","og_description":"Maria nella fede della Chiesa Nei giorni 23-24 ottobre 2012 a Lud\u017amierz e Nowy Targ si \u00e8 svolto il simposio accademico in occasione del prossimo 50\u00b0 anniversario dell\u2019incoronazione della statua della Madonna di Lud\u017amierz (15 agosto 1963). Il simposio intitolato \u201cMaria nella fede della Chiesa e nella vita del popolo\u201d \u00e8 stato organizzato dal santuario [&hellip;]","og_url":"https:\/\/jp2doc.pl\/it\/sympozja\/ludzmierz-2012\/","og_site_name":"Centro di Documentazione e Studio del Pontificato di Giovanni Paolo II a Roma","article_modified_time":"2017-04-26T11:50:32+00:00","og_image":[{"url":"http:\/\/jp2doc.pl\/wp-content\/uploads\/2017\/03\/50adfe80c571aundefined.jpg","type":"","width":"","height":""}],"twitter_card":"summary_large_image","twitter_misc":{"Tempo di lettura stimato":"4 minuti"},"schema":{"@context":"https:\/\/schema.org","@graph":[{"@type":"WebPage","@id":"https:\/\/jp2doc.pl\/it\/sympozja\/ludzmierz-2012\/","url":"https:\/\/jp2doc.pl\/it\/sympozja\/ludzmierz-2012\/","name":"Lud\u017amierz 2012 - Centro di Documentazione e Studio del Pontificato di Giovanni Paolo II a Roma","isPartOf":{"@id":"https:\/\/jp2doc.pl\/it\/#website"},"primaryImageOfPage":{"@id":"https:\/\/jp2doc.pl\/it\/sympozja\/ludzmierz-2012\/#primaryimage"},"image":{"@id":"https:\/\/jp2doc.pl\/it\/sympozja\/ludzmierz-2012\/#primaryimage"},"thumbnailUrl":"http:\/\/jp2doc.pl\/wp-content\/uploads\/2017\/03\/50adfe80c571aundefined.jpg","datePublished":"2017-03-24T13:13:42+00:00","dateModified":"2017-04-26T11:50:32+00:00","breadcrumb":{"@id":"https:\/\/jp2doc.pl\/it\/sympozja\/ludzmierz-2012\/#breadcrumb"},"inLanguage":"it-IT","potentialAction":[{"@type":"ReadAction","target":["https:\/\/jp2doc.pl\/it\/sympozja\/ludzmierz-2012\/"]}]},{"@type":"ImageObject","inLanguage":"it-IT","@id":"https:\/\/jp2doc.pl\/it\/sympozja\/ludzmierz-2012\/#primaryimage","url":"http:\/\/jp2doc.pl\/wp-content\/uploads\/2017\/03\/50adfe80c571aundefined.jpg","contentUrl":"http:\/\/jp2doc.pl\/wp-content\/uploads\/2017\/03\/50adfe80c571aundefined.jpg"},{"@type":"BreadcrumbList","@id":"https:\/\/jp2doc.pl\/it\/sympozja\/ludzmierz-2012\/#breadcrumb","itemListElement":[{"@type":"ListItem","position":1,"name":"Home","item":"https:\/\/jp2doc.pl\/it\/"},{"@type":"ListItem","position":2,"name":"Simposi","item":"https:\/\/jp2doc.pl\/it\/sympozja\/"},{"@type":"ListItem","position":3,"name":"Lud\u017amierz 2012"}]},{"@type":"WebSite","@id":"https:\/\/jp2doc.pl\/it\/#website","url":"https:\/\/jp2doc.pl\/it\/","name":"Centro di Documentazione e Studio del Pontificato di Giovanni Paolo II a Roma","description":"","publisher":{"@id":"https:\/\/jp2doc.pl\/it\/#organization"},"potentialAction":[{"@type":"SearchAction","target":{"@type":"EntryPoint","urlTemplate":"https:\/\/jp2doc.pl\/it\/?s={search_term_string}"},"query-input":{"@type":"PropertyValueSpecification","valueRequired":true,"valueName":"search_term_string"}}],"inLanguage":"it-IT"},{"@type":"Organization","@id":"https:\/\/jp2doc.pl\/it\/#organization","name":"Centro di Documentazione e Studio del Pontificato di Giovanni Paolo II a Roma","url":"https:\/\/jp2doc.pl\/it\/","logo":{"@type":"ImageObject","inLanguage":"it-IT","@id":"https:\/\/jp2doc.pl\/it\/#\/schema\/logo\/image\/","url":"https:\/\/jp2doc.pl\/it\/wp-content\/uploads\/sites\/3\/2017\/03\/cropped-logo.png","contentUrl":"https:\/\/jp2doc.pl\/it\/wp-content\/uploads\/sites\/3\/2017\/03\/cropped-logo.png","width":115,"height":115,"caption":"Centro di Documentazione e Studio del Pontificato di Giovanni Paolo II a Roma"},"image":{"@id":"https:\/\/jp2doc.pl\/it\/#\/schema\/logo\/image\/"}}]}},"_links":{"self":[{"href":"https:\/\/jp2doc.pl\/it\/wp-json\/wp\/v2\/pages\/177","targetHints":{"allow":["GET"]}}],"collection":[{"href":"https:\/\/jp2doc.pl\/it\/wp-json\/wp\/v2\/pages"}],"about":[{"href":"https:\/\/jp2doc.pl\/it\/wp-json\/wp\/v2\/types\/page"}],"author":[{"embeddable":true,"href":"https:\/\/jp2doc.pl\/it\/wp-json\/wp\/v2\/users\/2"}],"replies":[{"embeddable":true,"href":"https:\/\/jp2doc.pl\/it\/wp-json\/wp\/v2\/comments?post=177"}],"version-history":[{"count":3,"href":"https:\/\/jp2doc.pl\/it\/wp-json\/wp\/v2\/pages\/177\/revisions"}],"predecessor-version":[{"id":1628,"href":"https:\/\/jp2doc.pl\/it\/wp-json\/wp\/v2\/pages\/177\/revisions\/1628"}],"up":[{"embeddable":true,"href":"https:\/\/jp2doc.pl\/it\/wp-json\/wp\/v2\/pages\/78"}],"wp:attachment":[{"href":"https:\/\/jp2doc.pl\/it\/wp-json\/wp\/v2\/media?parent=177"}],"curies":[{"name":"wp","href":"https:\/\/api.w.org\/{rel}","templated":true}]}}