{"id":234,"date":"2017-03-27T10:39:21","date_gmt":"2017-03-27T08:39:21","guid":{"rendered":"http:\/\/jp2doc.pl\/?page_id=234"},"modified":"2021-12-17T15:57:43","modified_gmt":"2021-12-17T14:57:43","slug":"biblioteka","status":"publish","type":"page","link":"https:\/\/jp2doc.pl\/it\/biblioteka\/","title":{"rendered":"Biblioteca"},"content":{"rendered":"<p><b>Le risorse bibliotecarie contengono voci in varie lingue, molto spesso di valore unico. La Biblioteca \u00e8 suddivisa nelle sezioni seguenti:<\/b><\/p>\n<div class=\"row\">\n<div class=\"col-md-10\">\n<ul>\n<li><b>Il Lectorium<\/b>, che comprende dizionari, enciclopedie, studi storici, letterari e filosofici di carattere generico, come pure pubblicazioni della Santa Sede contenenti i documenti del Magistero della Chiesa.<\/li>\n<\/ul>\n<\/div>\n<div class=\"col-md-10\">\n<ul>\n<li><b>La Collezione Papale<\/b>, che comprende le opere filosofiche, teologiche e letterarie di Karol Wojtyla scritte prima del 1978 ed i libri che documentano il magistero e l\u2019opera di Giovanni Paolo II, nonch\u00e9 altre pubblicazioni che si rifanno alla storia del Pontificato. \u00c8 la sezione pi\u00f9 ampia della biblioteca.<\/li>\n<\/ul>\n<\/div>\n<\/div>\n<img decoding=\"async\" class=\"alignnone wp-image-240 size-full\" src=\"http:\/\/jp2doc.pl\/wp-content\/uploads\/2017\/03\/Lektorium1.jpg\" alt=\"\" \/><\/p>\n<p style=\"text-align: left;\"><div class=\"row\">\n<div class=\"col-md-10\">\n<ul>\n<li style=\"text-align: left;\"><b>Le Dissertazioni Scientifiche<\/b> riguardano il magistero di Giovanni Paolo II e provengono da numerosi e svariati ambienti accademici del mondo.<\/li>\n<\/ul>\n<p style=\"text-align: left;\"><\/div>\n<div class=\"col-md-10\">\n<ul>\n<li style=\"text-align: left;\"><b>I Libri Dedicati<\/b> costituiscono una raccolta di molte migliaia di volumi, inerenti varie tematiche, che furono donati o dedicati a Giovanni Paolo II.<\/li>\n<\/ul>\n<p style=\"text-align: left;\"><\/div>\n<\/div>\n<p style=\"text-align: left;\"><div class=\"row\">\n<div class=\"col-md-10\">\n<ul>\n<li style=\"text-align: left;\"><b>I Periodici<\/b>, comprendono una serie di articoli collezionati dal Centro, provenienti da riviste specializzate e pubblicazioni accademiche da tutto il mondo. Vi sono inoltre gli Articoli che comprendono una serie di estratti provenienti dalla stampa polacca, dalla stampa italiana e da quella mondiale.<\/li>\n<\/ul>\n<p style=\"text-align: left;\"><\/div>\n<div class=\"col-md-10\">\n<p style=\"text-align: left;\"><\/div>\n<\/div>\n<p>Con il programma elettronico ProCite \u00e8 possibile consultare periodici e gli articoli. E&#8217; inoltre possibile consultare il materiale contenuto nella Biblioteca presso la annessa sala di lettura.<\/p>\n<p>Sul posto sono disponibili fotocopiatrice e scanner.<\/p>\n","protected":false},"excerpt":{"rendered":"<p>Le risorse bibliotecarie contengono voci in varie lingue, molto spesso di valore unico. La Biblioteca \u00e8 suddivisa nelle sezioni seguenti: Con il programma elettronico ProCite \u00e8 possibile consultare periodici e gli articoli. E&#8217; inoltre possibile consultare il materiale contenuto nella Biblioteca presso la annessa sala di lettura. Sul posto sono disponibili fotocopiatrice e scanner.<\/p>\n","protected":false},"author":2,"featured_media":0,"parent":0,"menu_order":0,"comment_status":"closed","ping_status":"closed","template":"","meta":{"_acf_changed":false,"_exactmetrics_skip_tracking":false,"_exactmetrics_sitenote_active":false,"_exactmetrics_sitenote_note":"","_exactmetrics_sitenote_category":0,"footnotes":""},"class_list":["post-234","page","type-page","status-publish","hentry"],"acf":[],"yoast_head":"<!-- This site is optimized with the Yoast SEO plugin v26.2 - https:\/\/yoast.com\/wordpress\/plugins\/seo\/ -->\n<title>Biblioteca - Centro di Documentazione e Studio del Pontificato di Giovanni Paolo II a Roma<\/title>\n<meta name=\"robots\" content=\"index, follow, max-snippet:-1, max-image-preview:large, max-video-preview:-1\" \/>\n<link rel=\"canonical\" href=\"https:\/\/jp2doc.pl\/it\/biblioteka\/\" \/>\n<meta property=\"og:locale\" content=\"it_IT\" \/>\n<meta property=\"og:type\" content=\"article\" \/>\n<meta property=\"og:title\" content=\"Biblioteca - Centro di Documentazione e Studio del Pontificato di Giovanni Paolo II a Roma\" \/>\n<meta property=\"og:description\" content=\"Le risorse bibliotecarie contengono voci in varie lingue, molto spesso di valore unico. La Biblioteca \u00e8 suddivisa nelle sezioni seguenti: Con il programma elettronico ProCite \u00e8 possibile consultare periodici e gli articoli. E&#8217; inoltre possibile consultare il materiale contenuto nella Biblioteca presso la annessa sala di lettura. Sul posto sono disponibili fotocopiatrice e scanner.\" \/>\n<meta property=\"og:url\" content=\"https:\/\/jp2doc.pl\/it\/biblioteka\/\" \/>\n<meta property=\"og:site_name\" content=\"Centro di Documentazione e Studio del Pontificato di Giovanni Paolo II a Roma\" \/>\n<meta property=\"article:modified_time\" content=\"2021-12-17T14:57:43+00:00\" \/>\n<meta property=\"og:image\" content=\"http:\/\/jp2doc.pl\/wp-content\/uploads\/2017\/03\/Lektorium1.jpg\" \/>\n<meta name=\"twitter:card\" content=\"summary_large_image\" \/>\n<meta name=\"twitter:label1\" content=\"Tempo di lettura stimato\" \/>\n\t<meta name=\"twitter:data1\" content=\"2 minuti\" \/>\n<script type=\"application\/ld+json\" class=\"yoast-schema-graph\">{\"@context\":\"https:\/\/schema.org\",\"@graph\":[{\"@type\":\"WebPage\",\"@id\":\"https:\/\/jp2doc.pl\/it\/biblioteka\/\",\"url\":\"https:\/\/jp2doc.pl\/it\/biblioteka\/\",\"name\":\"Biblioteca - Centro di Documentazione e Studio del Pontificato di Giovanni Paolo II a Roma\",\"isPartOf\":{\"@id\":\"https:\/\/jp2doc.pl\/it\/#website\"},\"primaryImageOfPage\":{\"@id\":\"https:\/\/jp2doc.pl\/it\/biblioteka\/#primaryimage\"},\"image\":{\"@id\":\"https:\/\/jp2doc.pl\/it\/biblioteka\/#primaryimage\"},\"thumbnailUrl\":\"http:\/\/jp2doc.pl\/wp-content\/uploads\/2017\/03\/Lektorium1.jpg\",\"datePublished\":\"2017-03-27T08:39:21+00:00\",\"dateModified\":\"2021-12-17T14:57:43+00:00\",\"breadcrumb\":{\"@id\":\"https:\/\/jp2doc.pl\/it\/biblioteka\/#breadcrumb\"},\"inLanguage\":\"it-IT\",\"potentialAction\":[{\"@type\":\"ReadAction\",\"target\":[\"https:\/\/jp2doc.pl\/it\/biblioteka\/\"]}]},{\"@type\":\"ImageObject\",\"inLanguage\":\"it-IT\",\"@id\":\"https:\/\/jp2doc.pl\/it\/biblioteka\/#primaryimage\",\"url\":\"http:\/\/jp2doc.pl\/wp-content\/uploads\/2017\/03\/Lektorium1.jpg\",\"contentUrl\":\"http:\/\/jp2doc.pl\/wp-content\/uploads\/2017\/03\/Lektorium1.jpg\"},{\"@type\":\"BreadcrumbList\",\"@id\":\"https:\/\/jp2doc.pl\/it\/biblioteka\/#breadcrumb\",\"itemListElement\":[{\"@type\":\"ListItem\",\"position\":1,\"name\":\"Home\",\"item\":\"https:\/\/jp2doc.pl\/it\/\"},{\"@type\":\"ListItem\",\"position\":2,\"name\":\"Biblioteca\"}]},{\"@type\":\"WebSite\",\"@id\":\"https:\/\/jp2doc.pl\/it\/#website\",\"url\":\"https:\/\/jp2doc.pl\/it\/\",\"name\":\"Centro di Documentazione e Studio del Pontificato di Giovanni Paolo II a Roma\",\"description\":\"\",\"publisher\":{\"@id\":\"https:\/\/jp2doc.pl\/it\/#organization\"},\"potentialAction\":[{\"@type\":\"SearchAction\",\"target\":{\"@type\":\"EntryPoint\",\"urlTemplate\":\"https:\/\/jp2doc.pl\/it\/?s={search_term_string}\"},\"query-input\":{\"@type\":\"PropertyValueSpecification\",\"valueRequired\":true,\"valueName\":\"search_term_string\"}}],\"inLanguage\":\"it-IT\"},{\"@type\":\"Organization\",\"@id\":\"https:\/\/jp2doc.pl\/it\/#organization\",\"name\":\"Centro di Documentazione e Studio del Pontificato di Giovanni Paolo II a Roma\",\"url\":\"https:\/\/jp2doc.pl\/it\/\",\"logo\":{\"@type\":\"ImageObject\",\"inLanguage\":\"it-IT\",\"@id\":\"https:\/\/jp2doc.pl\/it\/#\/schema\/logo\/image\/\",\"url\":\"https:\/\/jp2doc.pl\/it\/wp-content\/uploads\/sites\/3\/2017\/03\/cropped-logo.png\",\"contentUrl\":\"https:\/\/jp2doc.pl\/it\/wp-content\/uploads\/sites\/3\/2017\/03\/cropped-logo.png\",\"width\":115,\"height\":115,\"caption\":\"Centro di Documentazione e Studio del Pontificato di Giovanni Paolo II a Roma\"},\"image\":{\"@id\":\"https:\/\/jp2doc.pl\/it\/#\/schema\/logo\/image\/\"}}]}<\/script>\n<!-- \/ Yoast SEO plugin. -->","yoast_head_json":{"title":"Biblioteca - Centro di Documentazione e Studio del Pontificato di Giovanni Paolo II a Roma","robots":{"index":"index","follow":"follow","max-snippet":"max-snippet:-1","max-image-preview":"max-image-preview:large","max-video-preview":"max-video-preview:-1"},"canonical":"https:\/\/jp2doc.pl\/it\/biblioteka\/","og_locale":"it_IT","og_type":"article","og_title":"Biblioteca - Centro di Documentazione e Studio del Pontificato di Giovanni Paolo II a Roma","og_description":"Le risorse bibliotecarie contengono voci in varie lingue, molto spesso di valore unico. La Biblioteca \u00e8 suddivisa nelle sezioni seguenti: Con il programma elettronico ProCite \u00e8 possibile consultare periodici e gli articoli. E&#8217; inoltre possibile consultare il materiale contenuto nella Biblioteca presso la annessa sala di lettura. Sul posto sono disponibili fotocopiatrice e scanner.","og_url":"https:\/\/jp2doc.pl\/it\/biblioteka\/","og_site_name":"Centro di Documentazione e Studio del Pontificato di Giovanni Paolo II a Roma","article_modified_time":"2021-12-17T14:57:43+00:00","og_image":[{"url":"http:\/\/jp2doc.pl\/wp-content\/uploads\/2017\/03\/Lektorium1.jpg","type":"","width":"","height":""}],"twitter_card":"summary_large_image","twitter_misc":{"Tempo di lettura stimato":"2 minuti"},"schema":{"@context":"https:\/\/schema.org","@graph":[{"@type":"WebPage","@id":"https:\/\/jp2doc.pl\/it\/biblioteka\/","url":"https:\/\/jp2doc.pl\/it\/biblioteka\/","name":"Biblioteca - Centro di Documentazione e Studio del Pontificato di Giovanni Paolo II a Roma","isPartOf":{"@id":"https:\/\/jp2doc.pl\/it\/#website"},"primaryImageOfPage":{"@id":"https:\/\/jp2doc.pl\/it\/biblioteka\/#primaryimage"},"image":{"@id":"https:\/\/jp2doc.pl\/it\/biblioteka\/#primaryimage"},"thumbnailUrl":"http:\/\/jp2doc.pl\/wp-content\/uploads\/2017\/03\/Lektorium1.jpg","datePublished":"2017-03-27T08:39:21+00:00","dateModified":"2021-12-17T14:57:43+00:00","breadcrumb":{"@id":"https:\/\/jp2doc.pl\/it\/biblioteka\/#breadcrumb"},"inLanguage":"it-IT","potentialAction":[{"@type":"ReadAction","target":["https:\/\/jp2doc.pl\/it\/biblioteka\/"]}]},{"@type":"ImageObject","inLanguage":"it-IT","@id":"https:\/\/jp2doc.pl\/it\/biblioteka\/#primaryimage","url":"http:\/\/jp2doc.pl\/wp-content\/uploads\/2017\/03\/Lektorium1.jpg","contentUrl":"http:\/\/jp2doc.pl\/wp-content\/uploads\/2017\/03\/Lektorium1.jpg"},{"@type":"BreadcrumbList","@id":"https:\/\/jp2doc.pl\/it\/biblioteka\/#breadcrumb","itemListElement":[{"@type":"ListItem","position":1,"name":"Home","item":"https:\/\/jp2doc.pl\/it\/"},{"@type":"ListItem","position":2,"name":"Biblioteca"}]},{"@type":"WebSite","@id":"https:\/\/jp2doc.pl\/it\/#website","url":"https:\/\/jp2doc.pl\/it\/","name":"Centro di Documentazione e Studio del Pontificato di Giovanni Paolo II a Roma","description":"","publisher":{"@id":"https:\/\/jp2doc.pl\/it\/#organization"},"potentialAction":[{"@type":"SearchAction","target":{"@type":"EntryPoint","urlTemplate":"https:\/\/jp2doc.pl\/it\/?s={search_term_string}"},"query-input":{"@type":"PropertyValueSpecification","valueRequired":true,"valueName":"search_term_string"}}],"inLanguage":"it-IT"},{"@type":"Organization","@id":"https:\/\/jp2doc.pl\/it\/#organization","name":"Centro di Documentazione e Studio del Pontificato di Giovanni Paolo II a Roma","url":"https:\/\/jp2doc.pl\/it\/","logo":{"@type":"ImageObject","inLanguage":"it-IT","@id":"https:\/\/jp2doc.pl\/it\/#\/schema\/logo\/image\/","url":"https:\/\/jp2doc.pl\/it\/wp-content\/uploads\/sites\/3\/2017\/03\/cropped-logo.png","contentUrl":"https:\/\/jp2doc.pl\/it\/wp-content\/uploads\/sites\/3\/2017\/03\/cropped-logo.png","width":115,"height":115,"caption":"Centro di Documentazione e Studio del Pontificato di Giovanni Paolo II a Roma"},"image":{"@id":"https:\/\/jp2doc.pl\/it\/#\/schema\/logo\/image\/"}}]}},"_links":{"self":[{"href":"https:\/\/jp2doc.pl\/it\/wp-json\/wp\/v2\/pages\/234","targetHints":{"allow":["GET"]}}],"collection":[{"href":"https:\/\/jp2doc.pl\/it\/wp-json\/wp\/v2\/pages"}],"about":[{"href":"https:\/\/jp2doc.pl\/it\/wp-json\/wp\/v2\/types\/page"}],"author":[{"embeddable":true,"href":"https:\/\/jp2doc.pl\/it\/wp-json\/wp\/v2\/users\/2"}],"replies":[{"embeddable":true,"href":"https:\/\/jp2doc.pl\/it\/wp-json\/wp\/v2\/comments?post=234"}],"version-history":[{"count":4,"href":"https:\/\/jp2doc.pl\/it\/wp-json\/wp\/v2\/pages\/234\/revisions"}],"predecessor-version":[{"id":2737,"href":"https:\/\/jp2doc.pl\/it\/wp-json\/wp\/v2\/pages\/234\/revisions\/2737"}],"wp:attachment":[{"href":"https:\/\/jp2doc.pl\/it\/wp-json\/wp\/v2\/media?parent=234"}],"curies":[{"name":"wp","href":"https:\/\/api.w.org\/{rel}","templated":true}]}}