{"id":93,"date":"2017-03-24T11:52:17","date_gmt":"2017-03-24T10:52:17","guid":{"rendered":"http:\/\/jp2doc.pl\/?page_id=93"},"modified":"2017-04-26T13:46:27","modified_gmt":"2017-04-26T11:46:27","slug":"rzym-2008","status":"publish","type":"page","link":"https:\/\/jp2doc.pl\/it\/sympozja\/rzym-2008\/","title":{"rendered":"Roma 2008"},"content":{"rendered":"<h3 style=\"text-align: center;\">Cristo \u2013 La Chiesa \u2013 L\u2019Uomo. Il Concilio Vaticano II nel pontificato di Giovanni Paolo II<\/h3>\n<p>Il convegno \u00e8 stato organizzato per iniziativa della Fondazione di Giovanni Paolo II \u2013 Centro di Documentazione e Studio del Pontificato, insieme alla Pontificia Facolt\u00e0 della Teologia di San Bonaventura \u201cSeraficum\u201d a Roma, nei giorni 28 \u2013 30. X. 2008. Le conferenze hanno avuto luogo presso le aule della Facolt\u00e0. Scopo del Convegno era mostrare come Giovanni Paolo II avesse realizzato l\u2019eredit\u00e0 del Concilio Vaticano II.<\/p>\n<p><a href=\"http:\/\/jp2doc.pl\/wp-content\/uploads\/2017\/03\/4fbeabf4529b0undefined.jpg\"><img loading=\"lazy\" decoding=\"async\" width=\"560\" height=\"420\" class=\"aligncenter wp-image-94\" src=\"http:\/\/jp2doc.pl\/wp-content\/uploads\/2017\/03\/4fbeabf4529b0undefined.jpg\" alt=\"\" \/><\/a><br \/>\nIl Santo Padre  infatti aveva sempre visto il Concilio come  \u201cun evento provvidenziale\u201d che si era  concentrato sul mistero di Cristo e della Chiesa, ma  che, contemporaneamente,  si era aperto al mondo e all\u2019uomo. Il Convegno fu accompagnato dalla mostra che lo stesso Karol Wojty\u0142a aveva presentato durante Il Concilio Vaticano II.<\/p>\n<p>All\u2019apertura del convegno, il padre generale del Convento dei Padri Francescani Conventuali, M. Tasca, a nome del Papa Benedetto XVI ha letto una lettera indirizzata ai partecipanti.<br \/>\nDurante la parte introduttiva sono intervenuti il card. T. Bertone, card. S. Dziwisz e i rappresentanti del sindaco di Roma. Nelle cinque sessioni sono stati presentati venti discorsi con carattere di conferenze e di rapporti, che hanno originato i settori di discussione. I moderatori delle discussioni sono stati i cardinali: W.J. Levada, C. Ruini, S. Ry\u0142ko, e l\u2019ambasciatrice H. Suchocka. Diverse parti del convegno sono state dedicate a singoli temi: importanza del Concilio Vaticano II;  Ges\u00f9 Cristo che rivela pienamente la verit\u00e0 sulla dignit\u00e0 del uomo; Chiesa, che, come Popolo di Dio, cammina verso l\u2019eternit\u00e0 sulle strade della storia, ed infine all\u2019uomo che, nella sua coscienza e nelle sfide della vita, sente la voce di Dio. Tra gli oratori del convegno erano presenti anche i collaboratori di Giovanni Paolo II: card. P. Poupard, arc. P. Marini, arc. A. Amato, v. T. Pieronek, padre A. Szostek. Erano presenti anche famosi esperti del pensiero di Giovanni Paolo II: card. C. Caffarra, arc. I. Sanna, onorevole R. Buttiglione e prof. G. Weigel. L\u2019invito \u00e8 stato accettato anche dalle personalit\u00e0 delle varie comunit\u00e0 scientifiche di Roma (o. M. Aug\u00e9, o. G. Miranda, o. G. Iammarrone, M. Borghesi, o. W. Giertych, L. Tortorella), e delle altre citt\u00e0 italiane (M. Cangiotti, A. Lo Presti, I. Siviglia). Erano presenti anche M. Waldstein dell\u2019 USA e il postulatore per la causa di beatificazione di Giovanni Paolo II, Monsignor. S. Oder.<br \/>\nI relatori erano rappresentanti della Santa Sede, della Polonia, dell&#8217;Italia, della Spagna, dell&#8217;America, della Francia e dell&#8217;Austria. Erano inoltre presenti inviati dalle citt\u00e0 citt\u00e0 polacche che maggiormente legate alla figura di Karol Wojty\u0142a : Cracovia, Lublino e Roma.<\/p>\n<p><a href=\"http:\/\/jp2doc.pl\/wp-content\/uploads\/2017\/03\/4fbeac0048e59undefined.jpg\"><img loading=\"lazy\" decoding=\"async\" width=\"560\" height=\"412\" class=\"aligncenter wp-image-149 size-full\" src=\"http:\/\/jp2doc.pl\/wp-content\/uploads\/2017\/03\/4fbeac0048e59undefined.jpg\" alt=\"\" \/><\/a><\/p>\n<p>Tutti i partecipanti del convegno si sono radunati nell&#8217;aula \u00abSeraphicum\u00bb. C\u2019erano tra loro  vescovi e  sacerdoti provenienti da vari ambienti universitari ed ecclesiastici  e da nove nazionalit\u00e0. Tra loro anche i membri e gli amici della Fondazione di Giovanni Paolo II. Per tutti, gli organizzatori hanno assicurato non solo le conferenze, ma anche un piccolo rinfresco, occasione preziosa per scambiare opinioni e fare conoscenze. Il convegno si \u00e8 concluso con il pranzo, presso La Casa Polacca. Grazie all\u2019ufficio stampa ed ai giornalisti accreditati presso il convegno, la notizia dell\u2019evento ha potuto raggiungere  moltissime  persone.<\/p>\n<p>Numerosi i frutti derivati da questo convegno, uno fra tutti la pubblicazione del libro che comprende il testo di tutte le conferenze e intitolato: Cristo-Chiesa-Uomo. Il Vaticano Secondo nel pontificato di Giovanni Paolo II, red. Z. Kijas, A. Dobrzy\u0144ski, LEV, Citt\u00e0 del Vaticano 2010; Chirst-Church-Mankind. The Spirit of Vatican II according to Pope John Paul II, Paulist Press, Mahwah 2012.<\/p>\n<p><a href=\"http:\/\/jp2doc.pl\/wp-content\/uploads\/2017\/03\/4fbeac14b6b38undefined.jpg\"><img loading=\"lazy\" decoding=\"async\" width=\"560\" height=\"420\" class=\"aligncenter wp-image-150 size-full\" src=\"http:\/\/jp2doc.pl\/wp-content\/uploads\/2017\/03\/4fbeac14b6b38undefined.jpg\" alt=\"\" \/><\/a><\/p>\n","protected":false},"excerpt":{"rendered":"<p>Cristo \u2013 La Chiesa \u2013 L\u2019Uomo. Il Concilio Vaticano II nel pontificato di Giovanni Paolo II Il convegno \u00e8 stato organizzato per iniziativa della Fondazione di Giovanni Paolo II \u2013 Centro di Documentazione e Studio del Pontificato, insieme alla Pontificia Facolt\u00e0 della Teologia di San Bonaventura \u201cSeraficum\u201d a Roma, nei giorni 28 \u2013 30. X. [&hellip;]<\/p>\n","protected":false},"author":2,"featured_media":0,"parent":78,"menu_order":0,"comment_status":"closed","ping_status":"closed","template":"","meta":{"_acf_changed":false,"_exactmetrics_skip_tracking":false,"_exactmetrics_sitenote_active":false,"_exactmetrics_sitenote_note":"","_exactmetrics_sitenote_category":0,"footnotes":""},"class_list":["post-93","page","type-page","status-publish","hentry"],"acf":[],"yoast_head":"<!-- This site is optimized with the Yoast SEO plugin v26.2 - https:\/\/yoast.com\/wordpress\/plugins\/seo\/ -->\n<title>Roma 2008 - Centro di Documentazione e Studio del Pontificato di Giovanni Paolo II a Roma<\/title>\n<meta name=\"robots\" content=\"index, follow, max-snippet:-1, max-image-preview:large, max-video-preview:-1\" \/>\n<link rel=\"canonical\" href=\"https:\/\/jp2doc.pl\/it\/sympozja\/rzym-2008\/\" \/>\n<meta property=\"og:locale\" content=\"it_IT\" \/>\n<meta property=\"og:type\" content=\"article\" \/>\n<meta property=\"og:title\" content=\"Roma 2008 - Centro di Documentazione e Studio del Pontificato di Giovanni Paolo II a Roma\" \/>\n<meta property=\"og:description\" content=\"Cristo \u2013 La Chiesa \u2013 L\u2019Uomo. Il Concilio Vaticano II nel pontificato di Giovanni Paolo II Il convegno \u00e8 stato organizzato per iniziativa della Fondazione di Giovanni Paolo II \u2013 Centro di Documentazione e Studio del Pontificato, insieme alla Pontificia Facolt\u00e0 della Teologia di San Bonaventura \u201cSeraficum\u201d a Roma, nei giorni 28 \u2013 30. X. [&hellip;]\" \/>\n<meta property=\"og:url\" content=\"https:\/\/jp2doc.pl\/it\/sympozja\/rzym-2008\/\" \/>\n<meta property=\"og:site_name\" content=\"Centro di Documentazione e Studio del Pontificato di Giovanni Paolo II a Roma\" \/>\n<meta property=\"article:modified_time\" content=\"2017-04-26T11:46:27+00:00\" \/>\n<meta property=\"og:image\" content=\"http:\/\/jp2doc.pl\/wp-content\/uploads\/2017\/03\/4fbeabf4529b0undefined.jpg\" \/>\n<meta name=\"twitter:card\" content=\"summary_large_image\" \/>\n<meta name=\"twitter:label1\" content=\"Tempo di lettura stimato\" \/>\n\t<meta name=\"twitter:data1\" content=\"3 minuti\" \/>\n<script type=\"application\/ld+json\" class=\"yoast-schema-graph\">{\"@context\":\"https:\/\/schema.org\",\"@graph\":[{\"@type\":\"WebPage\",\"@id\":\"https:\/\/jp2doc.pl\/it\/sympozja\/rzym-2008\/\",\"url\":\"https:\/\/jp2doc.pl\/it\/sympozja\/rzym-2008\/\",\"name\":\"Roma 2008 - Centro di Documentazione e Studio del Pontificato di Giovanni Paolo II a Roma\",\"isPartOf\":{\"@id\":\"https:\/\/jp2doc.pl\/it\/#website\"},\"primaryImageOfPage\":{\"@id\":\"https:\/\/jp2doc.pl\/it\/sympozja\/rzym-2008\/#primaryimage\"},\"image\":{\"@id\":\"https:\/\/jp2doc.pl\/it\/sympozja\/rzym-2008\/#primaryimage\"},\"thumbnailUrl\":\"http:\/\/jp2doc.pl\/wp-content\/uploads\/2017\/03\/4fbeabf4529b0undefined.jpg\",\"datePublished\":\"2017-03-24T10:52:17+00:00\",\"dateModified\":\"2017-04-26T11:46:27+00:00\",\"breadcrumb\":{\"@id\":\"https:\/\/jp2doc.pl\/it\/sympozja\/rzym-2008\/#breadcrumb\"},\"inLanguage\":\"it-IT\",\"potentialAction\":[{\"@type\":\"ReadAction\",\"target\":[\"https:\/\/jp2doc.pl\/it\/sympozja\/rzym-2008\/\"]}]},{\"@type\":\"ImageObject\",\"inLanguage\":\"it-IT\",\"@id\":\"https:\/\/jp2doc.pl\/it\/sympozja\/rzym-2008\/#primaryimage\",\"url\":\"http:\/\/jp2doc.pl\/wp-content\/uploads\/2017\/03\/4fbeabf4529b0undefined.jpg\",\"contentUrl\":\"http:\/\/jp2doc.pl\/wp-content\/uploads\/2017\/03\/4fbeabf4529b0undefined.jpg\"},{\"@type\":\"BreadcrumbList\",\"@id\":\"https:\/\/jp2doc.pl\/it\/sympozja\/rzym-2008\/#breadcrumb\",\"itemListElement\":[{\"@type\":\"ListItem\",\"position\":1,\"name\":\"Home\",\"item\":\"https:\/\/jp2doc.pl\/it\/\"},{\"@type\":\"ListItem\",\"position\":2,\"name\":\"Simposi\",\"item\":\"https:\/\/jp2doc.pl\/it\/sympozja\/\"},{\"@type\":\"ListItem\",\"position\":3,\"name\":\"Roma 2008\"}]},{\"@type\":\"WebSite\",\"@id\":\"https:\/\/jp2doc.pl\/it\/#website\",\"url\":\"https:\/\/jp2doc.pl\/it\/\",\"name\":\"Centro di Documentazione e Studio del Pontificato di Giovanni Paolo II a Roma\",\"description\":\"\",\"publisher\":{\"@id\":\"https:\/\/jp2doc.pl\/it\/#organization\"},\"potentialAction\":[{\"@type\":\"SearchAction\",\"target\":{\"@type\":\"EntryPoint\",\"urlTemplate\":\"https:\/\/jp2doc.pl\/it\/?s={search_term_string}\"},\"query-input\":{\"@type\":\"PropertyValueSpecification\",\"valueRequired\":true,\"valueName\":\"search_term_string\"}}],\"inLanguage\":\"it-IT\"},{\"@type\":\"Organization\",\"@id\":\"https:\/\/jp2doc.pl\/it\/#organization\",\"name\":\"Centro di Documentazione e Studio del Pontificato di Giovanni Paolo II a Roma\",\"url\":\"https:\/\/jp2doc.pl\/it\/\",\"logo\":{\"@type\":\"ImageObject\",\"inLanguage\":\"it-IT\",\"@id\":\"https:\/\/jp2doc.pl\/it\/#\/schema\/logo\/image\/\",\"url\":\"https:\/\/jp2doc.pl\/it\/wp-content\/uploads\/sites\/3\/2017\/03\/cropped-logo.png\",\"contentUrl\":\"https:\/\/jp2doc.pl\/it\/wp-content\/uploads\/sites\/3\/2017\/03\/cropped-logo.png\",\"width\":115,\"height\":115,\"caption\":\"Centro di Documentazione e Studio del Pontificato di Giovanni Paolo II a Roma\"},\"image\":{\"@id\":\"https:\/\/jp2doc.pl\/it\/#\/schema\/logo\/image\/\"}}]}<\/script>\n<!-- \/ Yoast SEO plugin. -->","yoast_head_json":{"title":"Roma 2008 - Centro di Documentazione e Studio del Pontificato di Giovanni Paolo II a Roma","robots":{"index":"index","follow":"follow","max-snippet":"max-snippet:-1","max-image-preview":"max-image-preview:large","max-video-preview":"max-video-preview:-1"},"canonical":"https:\/\/jp2doc.pl\/it\/sympozja\/rzym-2008\/","og_locale":"it_IT","og_type":"article","og_title":"Roma 2008 - Centro di Documentazione e Studio del Pontificato di Giovanni Paolo II a Roma","og_description":"Cristo \u2013 La Chiesa \u2013 L\u2019Uomo. Il Concilio Vaticano II nel pontificato di Giovanni Paolo II Il convegno \u00e8 stato organizzato per iniziativa della Fondazione di Giovanni Paolo II \u2013 Centro di Documentazione e Studio del Pontificato, insieme alla Pontificia Facolt\u00e0 della Teologia di San Bonaventura \u201cSeraficum\u201d a Roma, nei giorni 28 \u2013 30. X. [&hellip;]","og_url":"https:\/\/jp2doc.pl\/it\/sympozja\/rzym-2008\/","og_site_name":"Centro di Documentazione e Studio del Pontificato di Giovanni Paolo II a Roma","article_modified_time":"2017-04-26T11:46:27+00:00","og_image":[{"url":"http:\/\/jp2doc.pl\/wp-content\/uploads\/2017\/03\/4fbeabf4529b0undefined.jpg","type":"","width":"","height":""}],"twitter_card":"summary_large_image","twitter_misc":{"Tempo di lettura stimato":"3 minuti"},"schema":{"@context":"https:\/\/schema.org","@graph":[{"@type":"WebPage","@id":"https:\/\/jp2doc.pl\/it\/sympozja\/rzym-2008\/","url":"https:\/\/jp2doc.pl\/it\/sympozja\/rzym-2008\/","name":"Roma 2008 - Centro di Documentazione e Studio del Pontificato di Giovanni Paolo II a Roma","isPartOf":{"@id":"https:\/\/jp2doc.pl\/it\/#website"},"primaryImageOfPage":{"@id":"https:\/\/jp2doc.pl\/it\/sympozja\/rzym-2008\/#primaryimage"},"image":{"@id":"https:\/\/jp2doc.pl\/it\/sympozja\/rzym-2008\/#primaryimage"},"thumbnailUrl":"http:\/\/jp2doc.pl\/wp-content\/uploads\/2017\/03\/4fbeabf4529b0undefined.jpg","datePublished":"2017-03-24T10:52:17+00:00","dateModified":"2017-04-26T11:46:27+00:00","breadcrumb":{"@id":"https:\/\/jp2doc.pl\/it\/sympozja\/rzym-2008\/#breadcrumb"},"inLanguage":"it-IT","potentialAction":[{"@type":"ReadAction","target":["https:\/\/jp2doc.pl\/it\/sympozja\/rzym-2008\/"]}]},{"@type":"ImageObject","inLanguage":"it-IT","@id":"https:\/\/jp2doc.pl\/it\/sympozja\/rzym-2008\/#primaryimage","url":"http:\/\/jp2doc.pl\/wp-content\/uploads\/2017\/03\/4fbeabf4529b0undefined.jpg","contentUrl":"http:\/\/jp2doc.pl\/wp-content\/uploads\/2017\/03\/4fbeabf4529b0undefined.jpg"},{"@type":"BreadcrumbList","@id":"https:\/\/jp2doc.pl\/it\/sympozja\/rzym-2008\/#breadcrumb","itemListElement":[{"@type":"ListItem","position":1,"name":"Home","item":"https:\/\/jp2doc.pl\/it\/"},{"@type":"ListItem","position":2,"name":"Simposi","item":"https:\/\/jp2doc.pl\/it\/sympozja\/"},{"@type":"ListItem","position":3,"name":"Roma 2008"}]},{"@type":"WebSite","@id":"https:\/\/jp2doc.pl\/it\/#website","url":"https:\/\/jp2doc.pl\/it\/","name":"Centro di Documentazione e Studio del Pontificato di Giovanni Paolo II a Roma","description":"","publisher":{"@id":"https:\/\/jp2doc.pl\/it\/#organization"},"potentialAction":[{"@type":"SearchAction","target":{"@type":"EntryPoint","urlTemplate":"https:\/\/jp2doc.pl\/it\/?s={search_term_string}"},"query-input":{"@type":"PropertyValueSpecification","valueRequired":true,"valueName":"search_term_string"}}],"inLanguage":"it-IT"},{"@type":"Organization","@id":"https:\/\/jp2doc.pl\/it\/#organization","name":"Centro di Documentazione e Studio del Pontificato di Giovanni Paolo II a Roma","url":"https:\/\/jp2doc.pl\/it\/","logo":{"@type":"ImageObject","inLanguage":"it-IT","@id":"https:\/\/jp2doc.pl\/it\/#\/schema\/logo\/image\/","url":"https:\/\/jp2doc.pl\/it\/wp-content\/uploads\/sites\/3\/2017\/03\/cropped-logo.png","contentUrl":"https:\/\/jp2doc.pl\/it\/wp-content\/uploads\/sites\/3\/2017\/03\/cropped-logo.png","width":115,"height":115,"caption":"Centro di Documentazione e Studio del Pontificato di Giovanni Paolo II a Roma"},"image":{"@id":"https:\/\/jp2doc.pl\/it\/#\/schema\/logo\/image\/"}}]}},"_links":{"self":[{"href":"https:\/\/jp2doc.pl\/it\/wp-json\/wp\/v2\/pages\/93","targetHints":{"allow":["GET"]}}],"collection":[{"href":"https:\/\/jp2doc.pl\/it\/wp-json\/wp\/v2\/pages"}],"about":[{"href":"https:\/\/jp2doc.pl\/it\/wp-json\/wp\/v2\/types\/page"}],"author":[{"embeddable":true,"href":"https:\/\/jp2doc.pl\/it\/wp-json\/wp\/v2\/users\/2"}],"replies":[{"embeddable":true,"href":"https:\/\/jp2doc.pl\/it\/wp-json\/wp\/v2\/comments?post=93"}],"version-history":[{"count":3,"href":"https:\/\/jp2doc.pl\/it\/wp-json\/wp\/v2\/pages\/93\/revisions"}],"predecessor-version":[{"id":1625,"href":"https:\/\/jp2doc.pl\/it\/wp-json\/wp\/v2\/pages\/93\/revisions\/1625"}],"up":[{"embeddable":true,"href":"https:\/\/jp2doc.pl\/it\/wp-json\/wp\/v2\/pages\/78"}],"wp:attachment":[{"href":"https:\/\/jp2doc.pl\/it\/wp-json\/wp\/v2\/media?parent=93"}],"curies":[{"name":"wp","href":"https:\/\/api.w.org\/{rel}","templated":true}]}}